{"id":22488,"date":"2025-10-20T17:04:07","date_gmt":"2025-10-20T09:04:07","guid":{"rendered":"https:\/\/yebodaglass.com\/?post_type=product&#038;p=22488"},"modified":"2025-11-04T11:56:48","modified_gmt":"2025-11-04T03:56:48","slug":"round-glass-pudding-bottles-bulk-custom-yogurt-jars","status":"publish","type":"product","link":"https:\/\/yebodaglass.com\/fr\/round-glass-pudding-bottles-bulk-custom-yogurt-jars\/","title":{"rendered":"Bouteille ronde en verre pour pudding \u2013 Pots de yaourt de 50 \u00e0 200 ml avec couvercles m\u00e9talliques"},"content":{"rendered":"<p>Vous en avez assez des emballages laitiers qui fuient ou alt\u00e8rent la fra\u00eecheur\u00a0? Nous fabriquons des bouteilles de lait en verre avec couvercles, parfaites pour conserver vos desserts et cr\u00e8mes desserts. Fini les desserts d\u00e9tremp\u00e9s\u00a0! Ces bouteilles de lait en verre transforment un emballage gourmand en gage de confiance. Pour les commandes en gros, nous proposons des bouteilles en verre personnalis\u00e9es, parfaitement assorties \u00e0 l&#039;image de votre marque.<\/p>\n<h2>Caract\u00e9ristiques du produit<\/h2>\n<p><strong>Design \u00e9l\u00e9gant et fonctionnel<\/strong><\/p>\n<p>La conception \u00e0 large ouverture et \u00e0 filetage de cette bouteille \u00e9lanc\u00e9e facilite le service et le remplissage, et met visuellement en valeur les diff\u00e9rentes couches et couleurs du dessert sans effort suppl\u00e9mentaire, pour un r\u00e9sultat simple et charmant.<\/p>\n<p><strong>Mat\u00e9riau de qualit\u00e9 alimentaire sup\u00e9rieure<\/strong><\/p>\n<p>D&#039;une grande clart\u00e9 et transparence, ce verre est un produit de qualit\u00e9 alimentaire, sans plomb, r\u00e9sistant \u00e0 la chaleur et inodore, ce qui le rend id\u00e9al pour les desserts froids et cuits \u00e0 la vapeur.<\/p>\n<p><strong>Fonctionnalit\u00e9s pratiques et r\u00e9utilisabilit\u00e9<\/strong><\/p>\n<p>Ce produit est \u00e9tanche et pr\u00e9serve la fra\u00eecheur du dessert. Sa large ouverture facilite le nettoyage et la r\u00e9utilisation du contenant\u00a0; un m\u00eame emballage convient donc aussi bien \u00e0 un usage domestique que professionnel.<\/p>\n<p><strong>Options de personnalisation polyvalentes<\/strong><\/p>\n<p>Les besoins en mati\u00e8re de marque et d&#039;application peuvent \u00eatre satisfaits gr\u00e2ce \u00e0 la personnalisation de la capacit\u00e9, de l&#039;impression du logo, de l&#039;\u00e9tiquetage et du style du couvercle (m\u00e9tal, plastique ou inviolable).<\/p>\n<h2>Sp\u00e9cifications cl\u00e9s<\/h2>\n<table style=\"border-collapse: collapse; width: 80%; margin-right: auto; margin-left: auto;\" border=\"0\" width=\"360\" cellspacing=\"0\" cellpadding=\"0\">\n<tbody>\n<tr style=\"height: 13.50pt;\">\n<td style=\"height: 13.5pt; width: 54pt; text-align: center;\" width=\"72\" height=\"18\">Mod\u00e8le<\/td>\n<td style=\"width: 54pt; text-align: center;\" width=\"72\">Capacit\u00e9 (ml)<\/td>\n<td style=\"width: 54pt; text-align: center;\" width=\"72\">Taille (cm)<\/td>\n<td style=\"width: 54pt; text-align: center;\" width=\"72\">Type de cou<\/td>\n<td style=\"width: 54pt; text-align: center;\" width=\"72\">Forme<\/td>\n<\/tr>\n<tr style=\"height: 13.50pt;\">\n<td style=\"height: 13.5pt; text-align: center;\" align=\"right\" height=\"18\">64005021<\/td>\n<td style=\"text-align: center;\" align=\"right\">50<\/td>\n<td style=\"text-align: center;\">4.8&#215;5.8<\/td>\n<td class=\"et2\" style=\"text-align: center;\" rowspan=\"5\">Filet\u00e9<\/td>\n<td class=\"et2\" style=\"text-align: center;\" rowspan=\"5\">Rond<\/td>\n<\/tr>\n<tr style=\"height: 13.50pt;\">\n<td style=\"height: 13.5pt; text-align: center;\" align=\"right\" height=\"18\">64007522<\/td>\n<td style=\"text-align: center;\" align=\"right\">75<\/td>\n<td style=\"text-align: center;\">5.1&#215;7.1<\/td>\n<\/tr>\n<tr style=\"height: 13.50pt;\">\n<td style=\"height: 13.5pt; text-align: center;\" align=\"right\" height=\"18\">64010023<\/td>\n<td style=\"text-align: center;\" align=\"right\">100<\/td>\n<td style=\"text-align: center;\">5.5&#215;7.3<\/td>\n<\/tr>\n<tr style=\"height: 13.50pt;\">\n<td style=\"height: 13.5pt; text-align: center;\" align=\"right\" height=\"18\">64015024<\/td>\n<td style=\"text-align: center;\" align=\"right\">150<\/td>\n<td style=\"text-align: center;\">6.5&#215;7.8<\/td>\n<\/tr>\n<tr style=\"height: 13.50pt;\">\n<td style=\"height: 13.5pt; text-align: center;\" align=\"right\" height=\"18\">64020025<\/td>\n<td style=\"text-align: center;\" align=\"right\">200<\/td>\n<td style=\"text-align: center;\">7.0&#215;9.0<\/td>\n<\/tr>\n<\/tbody>\n<\/table>\n<h2>Cas de r\u00e9ussite<\/h2>\n<p>Nous avons \u00e9t\u00e9 contact\u00e9s par une marque japonaise de desserts haut de gamme pour la cr\u00e9ation de pots \u00e0 pudding en verre de 75 ml, personnalis\u00e9s. Le verre, d&#039;une clart\u00e9 cristalline et de qualit\u00e9 alimentaire, est le support id\u00e9al pour mettre en valeur la texture velout\u00e9e et la belle couleur naturelle du pudding. Les pots, \u00e0 la forme arrondie et raffin\u00e9e et \u00e0 la base \u00e9paisse, d\u00e9gagent une impression de qualit\u00e9 et de robustesse. Un couvercle en aluminium dor\u00e9 et un joint en silicone herm\u00e9tique assurent une fermeture \u00e9tanche. Un logo s\u00e9rigraphi\u00e9 et une \u00e9tiquette d\u00e9polie viennent parfaire l&#039;esth\u00e9tique de la marque.<\/p>\n<p>\u00c0 la fin du premier mois, les ventes avaient augment\u00e9 de 55 % suite au lancement, les clients louant les bocaux tant pour leur aspect visuel que pour leur praticit\u00e9 en mati\u00e8re de rangement.<\/p>\n<h2>Votre guide de personnalisation<\/h2>\n<ol>\n<li><strong>Bouchons de bouteille personnalis\u00e9s\u00a0:<\/strong> Choisissez diff\u00e9rents mat\u00e9riaux et couleurs, comme le m\u00e9tal, le plastique et les bouchons antivol. Pour une meilleure visibilit\u00e9, apposez le logo ou une image imprim\u00e9e de votre marque.<\/li>\n<li><strong>Produits personnalis\u00e9s\u00a0:<\/strong> De nombreux traitements de surface sont disponibles, tels que le d\u00e9polissage, la s\u00e9rigraphie, le marquage \u00e0 chaud et l&#039;\u00e9tiquetage, qui permettent de rendre la bouteille plus d\u00e9corative et de mieux mettre en valeur la marque.<\/li>\n<\/ol>","protected":false},"excerpt":{"rendered":"<p>Bouteilles rondes en verre pour pudding et lait, avec couvercle, id\u00e9ales pour les desserts, les yaourts ou les confitures. Durables, r\u00e9utilisables et personnalisables pour les marques d&#039;emballage alimentaire.<\/p>","protected":false},"featured_media":22492,"template":"","meta":[],"product_brand":[],"product_cat":[124,122,130],"product_tag":[],"class_list":{"0":"post-22488","1":"product","2":"type-product","3":"status-publish","4":"has-post-thumbnail","6":"product_cat-custom-glass-jars","7":"product_cat-custom-glass-packaging","8":"product_cat-glass-yogurt-jars","10":"first","11":"instock","12":"shipping-taxable","13":"product-type-simple"},"jetpack_sharing_enabled":true,"_links":{"self":[{"href":"https:\/\/yebodaglass.com\/fr\/wp-json\/wp\/v2\/product\/22488","targetHints":{"allow":["GET"]}}],"collection":[{"href":"https:\/\/yebodaglass.com\/fr\/wp-json\/wp\/v2\/product"}],"about":[{"href":"https:\/\/yebodaglass.com\/fr\/wp-json\/wp\/v2\/types\/product"}],"version-history":[{"count":5,"href":"https:\/\/yebodaglass.com\/fr\/wp-json\/wp\/v2\/product\/22488\/revisions"}],"predecessor-version":[{"id":22507,"href":"https:\/\/yebodaglass.com\/fr\/wp-json\/wp\/v2\/product\/22488\/revisions\/22507"}],"wp:featuredmedia":[{"embeddable":true,"href":"https:\/\/yebodaglass.com\/fr\/wp-json\/wp\/v2\/media\/22492"}],"wp:attachment":[{"href":"https:\/\/yebodaglass.com\/fr\/wp-json\/wp\/v2\/media?parent=22488"}],"wp:term":[{"taxonomy":"product_brand","embeddable":true,"href":"https:\/\/yebodaglass.com\/fr\/wp-json\/wp\/v2\/product_brand?post=22488"},{"taxonomy":"product_cat","embeddable":true,"href":"https:\/\/yebodaglass.com\/fr\/wp-json\/wp\/v2\/product_cat?post=22488"},{"taxonomy":"product_tag","embeddable":true,"href":"https:\/\/yebodaglass.com\/fr\/wp-json\/wp\/v2\/product_tag?post=22488"}],"curies":[{"name":"wp","href":"https:\/\/api.w.org\/{rel}","templated":true}]}}