{"id":22482,"date":"2025-10-20T15:55:45","date_gmt":"2025-10-20T07:55:45","guid":{"rendered":"https:\/\/yebodaglass.com\/?post_type=product&#038;p=22482"},"modified":"2025-11-11T13:52:06","modified_gmt":"2025-11-11T05:52:06","slug":"wholesale-square-glass-milk-bottles-custom-beverage-container","status":"publish","type":"product","link":"https:\/\/yebodaglass.com\/fr\/wholesale-square-glass-milk-bottles-custom-beverage-container\/","title":{"rendered":"Bouteilles de lait carr\u00e9es en verre avec bouchons en plastique, 300-500 ml, en gros"},"content":{"rendered":"<p>Vous en avez assez de produits laitiers bouteilles que les d\u00e9chets de l&#039;espace sur les tablettes? Nous avons artisanat carr\u00e9 bouteilles de lait en verre avec d&#039;\u00e9conomie de l&#039;espace de la g\u00e9om\u00e9trie non plus maladroit coins. Ces bouteille en verre de lait de stockage de pi\u00e8ces de tour d&#039;embouteillage de boissons en smart d\u00e9tail gagne. Les commandes en vrac obtenir des custom bouteilles en verre pour correspondre \u00e0 votre marque douce ambiance.<\/p>\n<h2>Caract\u00e9ristiques du produit<\/h2>\n<p><strong>Conception<\/strong><\/p>\n<p>La place conteneur accompagn\u00e9 par un goulot filet\u00e9 est minimaliste et stable de la conception de la solution, car il peut \u00eatre facilement empil\u00e9s et transport\u00e9s. Le goulot filet\u00e9 permet diff\u00e9rents types de bouchons \u00e0 \u00eatre utilis\u00e9.<\/p>\n<ul>\n<li><strong>Mat\u00e9riel: <\/strong>Elle est faite de haute-transparent, en verre \u00e9pais, et est r\u00e9sistant \u00e0 la chaleur, inodore, sans plomb et non toxique, il est donc sans danger m\u00eame pour les boissons comme le lait et le jus.<\/li>\n<li><strong>Fonctionnalit\u00e9s :\u00a0<\/strong>Il est r\u00e9utilisable, \u00e0 l&#039;\u00e9preuve des fuites, et les frais de maintien de conteneur. Le large cou peut \u00eatre facilement nettoy\u00e9, il peut donc \u00eatre utilis\u00e9 \u00e0 la fois \u00e0 la maison et dans un cadre commercial.<\/li>\n<li><strong>Prosp\u011bch:\u00a0<\/strong>Votre marque peut b\u00e9n\u00e9ficier des options d&#039;emballage en ayant la capacit\u00e9, l&#039;impression de logo, la couleur de la pac, et de mat\u00e9riaux (aluminium, plastique, ou inviolable) personnalisable.<\/li>\n<\/ul>\n<h2>Sp\u00e9cifications cl\u00e9s<\/h2>\n<table style=\"border-collapse: collapse; width: 80%; margin-left: auto; margin-right: auto;\" border=\"0\" width=\"288\" cellspacing=\"0\" cellpadding=\"0\">\n<tbody>\n<tr style=\"height: 13.50pt;\">\n<td style=\"height: 13.5pt; width: 54pt; text-align: center;\" width=\"72\" height=\"18\">Mod\u00e8le<\/td>\n<td style=\"width: 54pt; text-align: center;\" width=\"72\">Capacit\u00e9 (ml)<\/td>\n<td style=\"width: 54pt; text-align: center;\" width=\"72\">Taille (cm)<\/td>\n<td style=\"width: 54pt; text-align: center;\" width=\"72\">Forme<\/td>\n<\/tr>\n<tr style=\"height: 13.50pt;\">\n<td style=\"height: 13.5pt; text-align: center;\" align=\"right\" height=\"18\">64030019<\/td>\n<td style=\"text-align: center;\" align=\"right\">300<\/td>\n<td style=\"text-align: center;\">7.6&#215;12.3<\/td>\n<td class=\"et2\" style=\"text-align: center;\" rowspan=\"2\">Carr\u00e9<\/td>\n<\/tr>\n<tr style=\"height: 13.50pt;\">\n<td style=\"height: 13.5pt; text-align: center;\" align=\"right\" height=\"18\">64050020<\/td>\n<td style=\"text-align: center;\" align=\"right\">500<\/td>\n<td style=\"text-align: center;\">8.6&#215;13.6<\/td>\n<\/tr>\n<\/tbody>\n<\/table>\n<h2>Cas de r\u00e9ussite<\/h2>\n<p>Un en Nouvelle-Z\u00e9lande lait biologique producteurs voulaient une solution d&#039;emballage qui permettrait d&#039;\u00e9conomiser de l&#039;espace pour leur ronde des bouteilles de lait, qui ont un aspect traditionnel, mais a pris beaucoup de place sur les \u00e9tag\u00e8res des magasins et lors de l&#039;exp\u00e9dition. Ils voulaient un personnalis\u00e9 carr\u00e9 en verre bouteille de lait qui ne porteraient pas atteinte \u00e0 leur image de marque. Le r\u00e9sultat \u00e9tait simple, design \u00e9l\u00e9gant qui peut \u00eatre empil\u00e9 et a \u00e9t\u00e9 aussi compact. Le design carr\u00e9 n&#039;a pas seulement permis \u00e0 l&#039;entreprise d&#039;augmenter la dur\u00e9e de l&#039;espace de 25%, mais ils ont aussi opt\u00e9 pour de l&#039;argent m\u00e9tal bouchon \u00e0 vis avec une qualit\u00e9 alimentaire silicone pour garder le lait frais de la ferme au magasin. Chaque bouteille a le logo de la soci\u00e9t\u00e9 imprim\u00e9 sur le c\u00f4t\u00e9. En seulement deux semaines, le volume des commandes de gros a \u00e9t\u00e9 doubl\u00e9!<\/p>\n<h2>Votre guide de personnalisation<\/h2>\n<ol>\n<li><strong>Personnalis\u00e9 Bouchons De Bouteille:<\/strong>Vous pouvez choisir de l&#039;aluminium, inviolable, ou des bouchons en plastique dans une vari\u00e9t\u00e9 de couleurs (comme l&#039;argent, le blanc et l&#039;or) et le logo des options d&#039;impression pour am\u00e9liorer la reconnaissance de la marque.<\/li>\n<li><strong>Personnalis\u00e9 Finitions De Surface:<\/strong>Nous soutenons une vari\u00e9t\u00e9 d&#039;options d\u00e9coratives, y compris s\u00e9rigraphie, marquage \u00e0 chaud, gla\u00e7age, et de l&#039;\u00e9tiquetage, de cr\u00e9er des effets visuels uniques et d&#039;am\u00e9liorer votre produit de la prime d&#039;appel et de la reconnaissance.<\/li>\n<\/ol>","protected":false},"excerpt":{"rendered":"<p>Durable carr\u00e9 bouteilles de lait en verre pour l&#039;emballage et le stockage, id\u00e9al pour les produits laitiers et les boissons. R\u00e9utilisable, personnalisable, et parfait pour les \u00e9co-marques.<\/p>","protected":false},"featured_media":22484,"template":"","meta":[],"product_brand":[],"product_cat":[123,122,131],"product_tag":[],"class_list":{"0":"post-22482","1":"product","2":"type-product","3":"status-publish","4":"has-post-thumbnail","6":"product_cat-custom-glass-bottles","7":"product_cat-custom-glass-packaging","8":"product_cat-glass-milk-bottles","10":"first","11":"instock","12":"shipping-taxable","13":"product-type-simple"},"jetpack_sharing_enabled":true,"_links":{"self":[{"href":"https:\/\/yebodaglass.com\/fr\/wp-json\/wp\/v2\/product\/22482","targetHints":{"allow":["GET"]}}],"collection":[{"href":"https:\/\/yebodaglass.com\/fr\/wp-json\/wp\/v2\/product"}],"about":[{"href":"https:\/\/yebodaglass.com\/fr\/wp-json\/wp\/v2\/types\/product"}],"version-history":[{"count":3,"href":"https:\/\/yebodaglass.com\/fr\/wp-json\/wp\/v2\/product\/22482\/revisions"}],"predecessor-version":[{"id":23591,"href":"https:\/\/yebodaglass.com\/fr\/wp-json\/wp\/v2\/product\/22482\/revisions\/23591"}],"wp:featuredmedia":[{"embeddable":true,"href":"https:\/\/yebodaglass.com\/fr\/wp-json\/wp\/v2\/media\/22484"}],"wp:attachment":[{"href":"https:\/\/yebodaglass.com\/fr\/wp-json\/wp\/v2\/media?parent=22482"}],"wp:term":[{"taxonomy":"product_brand","embeddable":true,"href":"https:\/\/yebodaglass.com\/fr\/wp-json\/wp\/v2\/product_brand?post=22482"},{"taxonomy":"product_cat","embeddable":true,"href":"https:\/\/yebodaglass.com\/fr\/wp-json\/wp\/v2\/product_cat?post=22482"},{"taxonomy":"product_tag","embeddable":true,"href":"https:\/\/yebodaglass.com\/fr\/wp-json\/wp\/v2\/product_tag?post=22482"}],"curies":[{"name":"wp","href":"https:\/\/api.w.org\/{rel}","templated":true}]}}