{"id":22431,"date":"2025-10-16T17:32:53","date_gmt":"2025-10-16T09:32:53","guid":{"rendered":"https:\/\/yebodaglass.com\/?post_type=product&#038;p=22431"},"modified":"2026-04-10T14:44:12","modified_gmt":"2026-04-10T06:44:12","slug":"glass-milk-bottles-with-lids-dairy-glass-bottle-supplier","status":"publish","type":"product","link":"https:\/\/yebodaglass.com\/fr\/glass-milk-bottles-with-lids-dairy-glass-bottle-supplier\/","title":{"rendered":"Bouteilles de lait en verre en gros avec bouchons inviolables 100-930 ml"},"content":{"rendered":"<p>Vous en avez assez des bouteilles de lait qui fuient ou dont le lait a un go\u00fbt rance\u00a0? Nous fabriquons des bouteilles de lait en verre avec un syst\u00e8me de fermeture antivol\u00a0: fini le gaspillage\u00a0! Ces bouteilles en verre pour produits laitiers transforment l\u2019embouteillage de vos boissons en un moment de confiance. Pour toute commande en gros, nous proposons des bouteilles en verre personnalis\u00e9es, parfaitement adapt\u00e9es \u00e0 l\u2019image de votre marque.<\/p>\n<h2>Caract\u00e9ristiques du produit<\/h2>\n<ol>\n<li><strong>Conception du col inviolable\u00a0:\u00a0<\/strong>Garantit la fra\u00eecheur et la s\u00e9curit\u00e9 du produit d\u00e8s son ouverture gr\u00e2ce \u00e0 un opercule \u00e0 usage unique herm\u00e9tique.<\/li>\n<li><strong>Solide et recyclable :\u00a0<\/strong>Fabriqu\u00e9 en verre \u00e9pais de haute qualit\u00e9 pour une longue dur\u00e9e de vie et une manipulation facile.<\/li>\n<li><strong>Grande vari\u00e9t\u00e9 d&#039;utilisations :\u00a0<\/strong>Parfait pour le lait, les smoothies, le caf\u00e9, les jus, l&#039;eau et autres boissons.<\/li>\n<li><strong>Avantages marketing\u00a0:\u00a0<\/strong>Facilite l&#039;utilisation de couvercles personnalis\u00e9s, l&#039;impression de logos de marque et l&#039;\u00e9tiquetage pour accro\u00eetre la notori\u00e9t\u00e9 de la marque.<\/li>\n<\/ol>\n<h2>Sp\u00e9cifications cl\u00e9s<\/h2>\n<table style=\"border-collapse: collapse; width: 80%; margin-left: auto; margin-right: auto;\" border=\"0\" width=\"288\" cellspacing=\"0\" cellpadding=\"0\">\n<tbody>\n<tr style=\"height: 13.50pt;\">\n<td style=\"height: 13.5pt; width: 54pt; text-align: center;\" width=\"72\" height=\"18\">Mod\u00e8le<\/td>\n<td style=\"width: 54pt; text-align: center;\" width=\"72\">Capacit\u00e9 (ml)<\/td>\n<td style=\"width: 54pt; text-align: center;\" width=\"72\">Taille (cm)<\/td>\n<td style=\"width: 54pt; text-align: center;\" width=\"72\">Type de cou<\/td>\n<\/tr>\n<tr style=\"height: 13.50pt;\">\n<td style=\"height: 13.5pt; text-align: center;\" align=\"right\" height=\"18\">64010012<\/td>\n<td style=\"text-align: center;\" align=\"right\">100<\/td>\n<td style=\"text-align: center;\">4.5&#215;4.5&#215;10.5<\/td>\n<td class=\"et2\" style=\"text-align: center;\" rowspan=\"7\">Couvercle \u00e0 vis en plastique inviolable<\/td>\n<\/tr>\n<tr style=\"height: 13.50pt;\">\n<td style=\"height: 13.5pt; text-align: center;\" align=\"right\" height=\"18\">64024013<\/td>\n<td style=\"text-align: center;\" align=\"right\">240<\/td>\n<td style=\"text-align: center;\">5,4 x 5 x 14,4<\/td>\n<\/tr>\n<tr style=\"height: 13.50pt;\">\n<td style=\"height: 13.5pt; text-align: center;\" align=\"right\" height=\"18\">64030014<\/td>\n<td style=\"text-align: center;\" align=\"right\">300<\/td>\n<td style=\"text-align: center;\">5.9&#215;5.9&#215;15.9<\/td>\n<\/tr>\n<tr style=\"height: 13.50pt;\">\n<td style=\"height: 13.5pt; text-align: center;\" align=\"right\" height=\"18\">64036015<\/td>\n<td style=\"text-align: center;\" align=\"right\">360<\/td>\n<td style=\"text-align: center;\">6.1&#215;5.7&#215;16.6<\/td>\n<\/tr>\n<tr style=\"height: 13.50pt;\">\n<td style=\"height: 13.5pt; text-align: center;\" align=\"right\" height=\"18\">64040016<\/td>\n<td style=\"text-align: center;\" align=\"right\">400<\/td>\n<td style=\"text-align: center;\">6.5&#215;6.2&#215;17.1<\/td>\n<\/tr>\n<tr style=\"height: 13.50pt;\">\n<td style=\"height: 13.5pt; text-align: center;\" align=\"right\" height=\"18\">64050017<\/td>\n<td style=\"text-align: center;\" align=\"right\">500<\/td>\n<td style=\"text-align: center;\">6.8&#215;6.8&#215;18.6<\/td>\n<\/tr>\n<tr style=\"height: 13.50pt;\">\n<td style=\"height: 13.5pt; text-align: center;\" align=\"right\" height=\"18\">64093018<\/td>\n<td style=\"text-align: center;\" align=\"right\">930<\/td>\n<td style=\"text-align: center;\">8.3&#215;8.3&#215;21.9<\/td>\n<\/tr>\n<\/tbody>\n<\/table>\n<h2>Cas de r\u00e9ussite<\/h2>\n<p>Une marque laiti\u00e8re australienne en pleine expansion nous a contact\u00e9s pour le lancement de sa nouvelle gamme de lait \u00e0 la fraise. Son objectif principal \u00e9tait de cr\u00e9er un emballage en verre haut de gamme et \u00e9tanche, pr\u00e9servant la fra\u00eecheur du produit et le rendant visuellement attrayant en rayon. Elle a opt\u00e9 pour une bouteille de lait en verre de 500 ml, personnalis\u00e9e avec des autocollants affichant son logo et les caract\u00e9ristiques du produit, ce qui a permis de mettre en valeur sa couleur rose naturelle. La bouteille est dot\u00e9e d&#039;un filetage inviolable et d&#039;un goulot de pr\u00e9cision assurant une fermeture herm\u00e9tique, tandis que le bouchon est positionn\u00e9 de mani\u00e8re \u00e0 garantir sa s\u00e9curit\u00e9.<\/p>\n<p>Au cours du premier trimestre, le nombre de plaintes pour fuites a diminu\u00e9 de 95 % et le volume des commandes en gros a augment\u00e9 de 50 %.<\/p>\n<h2>Votre guide de personnalisation<\/h2>\n<ul>\n<li><strong>Bracelets saisonniers \u00e0 la fraise : <\/strong>Ajoutez des bandes roses aux bouteilles en verre de lait \u00e0 la fraise (par exemple\u00a0: \u00ab\u00a0Fraise d\u2019\u00e9t\u00e9\u00a0\u00bb). Dites aux clients\u00a0: \u00ab\u00a0Du lait frais, du plaisir frais.\u00a0\u00bb<\/li>\n<li><strong>Ensembles \u00ab format familial \u00bb : <\/strong>Cr\u00e9ez un \u00ab pack quart et demi-gallon \u00bb avec deux bouteilles de lait de 500 ml + une de 930 ml \u2014 parfait pour les besoins en pinte et en quart.<\/li>\n<\/ul>\n<p>&nbsp;<\/p>","protected":false},"excerpt":{"rendered":"<p>Bouteilles en verre r\u00e9sistant avec bouchon inviolable pour le conditionnement de produits laitiers, jus, th\u00e9, caf\u00e9 et autres boissons. Personnalisation et commandes en gros possibles.<\/p>","protected":false},"featured_media":22437,"template":"","meta":[],"product_brand":[],"product_cat":[131,123,122],"product_tag":[],"class_list":{"0":"post-22431","1":"product","2":"type-product","3":"status-publish","4":"has-post-thumbnail","6":"product_cat-glass-milk-bottles","7":"product_cat-custom-glass-bottles","8":"product_cat-custom-glass-packaging","10":"first","11":"instock","12":"shipping-taxable","13":"product-type-simple"},"jetpack_sharing_enabled":true,"_links":{"self":[{"href":"https:\/\/yebodaglass.com\/fr\/wp-json\/wp\/v2\/product\/22431","targetHints":{"allow":["GET"]}}],"collection":[{"href":"https:\/\/yebodaglass.com\/fr\/wp-json\/wp\/v2\/product"}],"about":[{"href":"https:\/\/yebodaglass.com\/fr\/wp-json\/wp\/v2\/types\/product"}],"version-history":[{"count":5,"href":"https:\/\/yebodaglass.com\/fr\/wp-json\/wp\/v2\/product\/22431\/revisions"}],"predecessor-version":[{"id":25737,"href":"https:\/\/yebodaglass.com\/fr\/wp-json\/wp\/v2\/product\/22431\/revisions\/25737"}],"wp:featuredmedia":[{"embeddable":true,"href":"https:\/\/yebodaglass.com\/fr\/wp-json\/wp\/v2\/media\/22437"}],"wp:attachment":[{"href":"https:\/\/yebodaglass.com\/fr\/wp-json\/wp\/v2\/media?parent=22431"}],"wp:term":[{"taxonomy":"product_brand","embeddable":true,"href":"https:\/\/yebodaglass.com\/fr\/wp-json\/wp\/v2\/product_brand?post=22431"},{"taxonomy":"product_cat","embeddable":true,"href":"https:\/\/yebodaglass.com\/fr\/wp-json\/wp\/v2\/product_cat?post=22431"},{"taxonomy":"product_tag","embeddable":true,"href":"https:\/\/yebodaglass.com\/fr\/wp-json\/wp\/v2\/product_tag?post=22431"}],"curies":[{"name":"wp","href":"https:\/\/api.w.org\/{rel}","templated":true}]}}