{"id":22423,"date":"2025-10-16T16:12:47","date_gmt":"2025-10-16T08:12:47","guid":{"rendered":"https:\/\/yebodaglass.com\/?post_type=product&#038;p=22423"},"modified":"2026-04-10T18:34:30","modified_gmt":"2026-04-10T10:34:30","slug":"310oz-glass-milk-bottles-wholesale-twist-off-ct-finish-storage-bottles","status":"publish","type":"product","link":"https:\/\/yebodaglass.com\/fr\/310oz-glass-milk-bottles-wholesale-twist-off-ct-finish-storage-bottles\/","title":{"rendered":"Bouteilles de lait en verre de 310 oz en gros | Bouteilles de conservation \u00e0 bouchon \u00e0 vis et \u00e0 finition CT"},"content":{"rendered":"<p>Nos bouteilles de lait en verre de 310 ml, disponibles en gros, allient esth\u00e9tique et robustesse. Fabriqu\u00e9es en verre pur, elles sont faciles \u00e0 prendre en main et du plus bel effet sur une \u00e9tag\u00e8re. Leur transparence permet de v\u00e9rifier la fra\u00eecheur du lait ou du jus, ce qui les rend id\u00e9ales pour les entreprises souhaitant commercialiser des boissons de qualit\u00e9.<\/p>\n<h2>Sp\u00e9cifications cl\u00e9s<\/h2>\n<table style=\"border-collapse: collapse; width: 80%; margin-left: auto; margin-right: auto;\" border=\"0\" width=\"288\" cellspacing=\"0\" cellpadding=\"0\">\n<tbody>\n<tr style=\"height: 13.50pt;\">\n<td style=\"height: 13.5pt; width: 54pt; text-align: center;\" width=\"72\" height=\"18\">Mod\u00e8le<\/td>\n<td style=\"width: 54pt; text-align: center;\" width=\"72\">Capacit\u00e9<\/td>\n<td style=\"width: 54pt; text-align: center;\" width=\"72\">Taille<\/td>\n<td style=\"width: 54pt; text-align: center;\" width=\"72\">Type de cou<\/td>\n<\/tr>\n<tr style=\"height: 13.50pt;\">\n<td style=\"height: 13.5pt; text-align: center;\" align=\"right\" height=\"18\">64031010<\/td>\n<td class=\"et2\" style=\"text-align: center;\" rowspan=\"2\">310 ml<\/td>\n<td style=\"text-align: center;\">6,1*6,1*15,2 mm<\/td>\n<td style=\"text-align: center;\">Couvercle \u00e0 d\u00e9visser<\/td>\n<\/tr>\n<tr style=\"height: 13.50pt;\">\n<td style=\"height: 13.5pt; text-align: center;\" align=\"right\" height=\"18\">64031011<\/td>\n<td style=\"text-align: center;\">6,1*6,1*15,4 mm<\/td>\n<td style=\"text-align: center;\">Fil continu haut<\/td>\n<\/tr>\n<\/tbody>\n<\/table>\n<h2>Ces bouteilles peuvent \u00eatre utilis\u00e9es de diff\u00e9rentes mani\u00e8res. Nous proposons deux types de bouchons\u00a0:<\/h2>\n<ol>\n<li><strong>Le dessus \u00e0 d\u00e9visser<\/strong>C&#039;est id\u00e9al pour remplir les bouteilles de lait en verre. La fermeture rapide est un atout pour les machines qui bouchent les bouteilles. Ce type de bouchon est souvent utilis\u00e9 pour les boissons car il pr\u00e9serve leur fra\u00eecheur.<\/li>\n<li><strong>Le haut \u00e0 fil continu<\/strong>Ce bouchon est id\u00e9al pour une utilisation multiple. Compatible avec diff\u00e9rents types de bouchons, il s&#039;ouvre et se ferme facilement. Ce type de bouchon est fr\u00e9quemment utilis\u00e9 pour les boissons et convient parfaitement \u00e0 un usage domestique.<\/li>\n<\/ol>\n<h2>\u00c9tude de cas<\/h2>\n<p>Nous avons collabor\u00e9 avec une entreprise productrice de cr\u00e8me biologique pour embellir ses bouteilles de produits laitiers. Nous avons utilis\u00e9 un proc\u00e9d\u00e9 pour apposer leur logo sur la bouteille, et le r\u00e9sultat est excellent. Le logo est\u00a0:<\/p>\n<ol>\n<li>Tr\u00e8s difficile \u00e0 rayer. La bouteille passe au lave-vaisselle.<\/li>\n<li>C&#039;est agr\u00e9able au toucher. On dirait que \u00e7a fait partie int\u00e9grante de la bouteille, et pas juste un autocollant.<\/li>\n<li>Il peut \u00eatre utilis\u00e9 plusieurs fois, ce qui est avantageux pour les entreprises qui souhaitent \u00e9conomiser sur leurs emballages.<\/li>\n<\/ol>\n<p>Nous pouvons \u00e9galement fabriquer en gros des bouteilles de lait en verre comme celle-ci pour votre entreprise. Vous pouvez choisir le type de bouchon. Nous pouvons apposer votre logo sur la bouteille gr\u00e2ce \u00e0 notre proc\u00e9d\u00e9.<\/p>","protected":false},"excerpt":{"rendered":"<p>High-quality 310ml glass milk storage bottles for wholesale. Available in Twist-off and Continuous Thread finishes. Custom decal branding for beverage brands.<\/p>","protected":false},"featured_media":22426,"template":"","meta":[],"product_brand":[],"product_cat":[131,123,122],"product_tag":[],"class_list":{"0":"post-22423","1":"product","2":"type-product","3":"status-publish","4":"has-post-thumbnail","6":"product_cat-glass-milk-bottles","7":"product_cat-custom-glass-bottles","8":"product_cat-custom-glass-packaging","10":"first","11":"instock","12":"shipping-taxable","13":"product-type-simple"},"jetpack_sharing_enabled":true,"_links":{"self":[{"href":"https:\/\/yebodaglass.com\/fr\/wp-json\/wp\/v2\/product\/22423","targetHints":{"allow":["GET"]}}],"collection":[{"href":"https:\/\/yebodaglass.com\/fr\/wp-json\/wp\/v2\/product"}],"about":[{"href":"https:\/\/yebodaglass.com\/fr\/wp-json\/wp\/v2\/types\/product"}],"version-history":[{"count":5,"href":"https:\/\/yebodaglass.com\/fr\/wp-json\/wp\/v2\/product\/22423\/revisions"}],"predecessor-version":[{"id":25751,"href":"https:\/\/yebodaglass.com\/fr\/wp-json\/wp\/v2\/product\/22423\/revisions\/25751"}],"wp:featuredmedia":[{"embeddable":true,"href":"https:\/\/yebodaglass.com\/fr\/wp-json\/wp\/v2\/media\/22426"}],"wp:attachment":[{"href":"https:\/\/yebodaglass.com\/fr\/wp-json\/wp\/v2\/media?parent=22423"}],"wp:term":[{"taxonomy":"product_brand","embeddable":true,"href":"https:\/\/yebodaglass.com\/fr\/wp-json\/wp\/v2\/product_brand?post=22423"},{"taxonomy":"product_cat","embeddable":true,"href":"https:\/\/yebodaglass.com\/fr\/wp-json\/wp\/v2\/product_cat?post=22423"},{"taxonomy":"product_tag","embeddable":true,"href":"https:\/\/yebodaglass.com\/fr\/wp-json\/wp\/v2\/product_tag?post=22423"}],"curies":[{"name":"wp","href":"https:\/\/api.w.org\/{rel}","templated":true}]}}