{"id":22414,"date":"2025-10-16T17:52:23","date_gmt":"2025-10-16T09:52:23","guid":{"rendered":"https:\/\/yebodaglass.com\/?post_type=product&#038;p=22414"},"modified":"2026-04-13T09:49:20","modified_gmt":"2026-04-13T01:49:20","slug":"glass-milk-bottle-with-crimp-neck-for-dairy-drinks-bulk","status":"publish","type":"product","link":"https:\/\/yebodaglass.com\/fr\/glass-milk-bottle-with-crimp-neck-for-dairy-drinks-bulk\/","title":{"rendered":"Bouteille de lait en verre de 200 \u00e0 1000 ml avec col serti pour boissons lact\u00e9es (vente en gros)"},"content":{"rendered":"<p>La bouteille de lait en verre arbore un design classique qui lui conf\u00e8re une apparence claire et pure, id\u00e9ale pour les produits laitiers, les jus de fruits et toutes autres boissons. Disponible en plusieurs formats, elle est munie d&#039;un bouchon de s\u00e9curit\u00e9 qui prot\u00e8ge le produit lors de sa pr\u00e9sentation en magasin et permet aux clients de l&#039;emporter chez eux et de la personnaliser.<\/p>\n<h2>Caract\u00e9ristiques du produit<\/h2>\n<ul>\n<li><strong>Scellement robuste par sertissage : <\/strong>Le goulot serti emp\u00eache l&#039;air de p\u00e9n\u00e9trer, ce qui permet \u00e0 votre bouteille de lait en verre de conserver le lait frais plus longtemps.<\/li>\n<li><strong>Clart\u00e9 cristalline : <\/strong>La grande transparence du verre t\u00e9moigne clairement de la fra\u00eecheur du lait\u00a0; votre bouteille de lait en verre instaure instantan\u00e9ment la confiance en votre marque.<\/li>\n<li><strong>Durable et r\u00e9utilisable : <\/strong>L&#039;\u00e9paisse paroi r\u00e9siste aux chocs des chariots de supermarch\u00e9\u00a0; les clients peuvent la r\u00e9utiliser pour leurs smoothies et autres boissons.<\/li>\n<li><strong>Tailles flexibles : <\/strong>Disponible en formats de 200 ml \u00e0 1000 ml, vous pouvez r\u00e9pondre \u00e0 vos besoins en pintes, quarts ou gallons.<\/li>\n<\/ul>\n<h2>Sp\u00e9cifications cl\u00e9s<\/h2>\n<table style=\"border-collapse: collapse; width: 80%; margin-left: auto; margin-right: auto;\" border=\"0\" width=\"288\" cellspacing=\"0\" cellpadding=\"0\">\n<tbody>\n<tr style=\"height: 13.50pt;\">\n<td style=\"height: 13.5pt; width: 54pt; text-align: center;\" width=\"72\" height=\"18\">Mod\u00e8le<\/td>\n<td style=\"width: 54pt; text-align: center;\" width=\"72\">Capacit\u00e9 (ml)<\/td>\n<td style=\"width: 54pt; text-align: center;\" width=\"72\">Taille (cm)<\/td>\n<td style=\"width: 54pt; text-align: center;\" width=\"72\">Type de cou<\/td>\n<\/tr>\n<tr style=\"height: 13.50pt;\">\n<td style=\"height: 13.5pt; text-align: center;\" align=\"right\" height=\"18\">64020006<\/td>\n<td style=\"text-align: center;\" align=\"right\">200<\/td>\n<td style=\"text-align: center;\">6.0&#215;12.0<\/td>\n<td class=\"et2\" style=\"text-align: center;\" rowspan=\"4\">Col serti<\/td>\n<\/tr>\n<tr style=\"height: 13.50pt;\">\n<td style=\"height: 13.5pt; text-align: center;\" align=\"right\" height=\"18\">62025007<\/td>\n<td style=\"text-align: center;\" align=\"right\">250<\/td>\n<td style=\"text-align: center;\">5.9&#215;14.05<\/td>\n<\/tr>\n<tr style=\"height: 13.50pt;\">\n<td style=\"height: 13.5pt; text-align: center;\" align=\"right\" height=\"18\">62050008<\/td>\n<td style=\"text-align: center;\" align=\"right\">500<\/td>\n<td style=\"text-align: center;\">7.32&#215;20.8<\/td>\n<\/tr>\n<tr style=\"height: 13.50pt;\">\n<td style=\"height: 13.5pt; text-align: center;\" align=\"right\" height=\"18\">64100009<\/td>\n<td style=\"text-align: center;\" align=\"right\">1000<\/td>\n<td style=\"text-align: center;\">8.5&#215;25.7<\/td>\n<\/tr>\n<\/tbody>\n<\/table>\n<h2>Cas de r\u00e9ussite<\/h2>\n<p>Une ferme biologique n\u00e9o-z\u00e9landaise s&#039;est associ\u00e9e \u00e0 nous pour moderniser l&#039;emballage de sa gamme de lait biologique haut de gamme. Elle a opt\u00e9 pour des bouteilles en verre \u00e0 col serti, garantissant une fermeture optimale et une production plus rapide sur la ligne de remplissage. Chaque bouteille, en verre \u00e9pais et tr\u00e8s transparent, offre une sensation de robustesse et une limpidit\u00e9 cristalline qui met en valeur la douceur naturelle du lait.<\/p>\n<p>En parfaite harmonie avec le design, le logo de la marque et l&#039;embl\u00e8me de la ferme sont imprim\u00e9s en relief sur le bouchon de la bouteille, cr\u00e9ant ainsi une impression authentique et artisanale qui s\u00e9duira les consommateurs soucieux de l&#039;environnement.<\/p>\n<p>Le nouvel emballage a rapidement rencontr\u00e9 un vif succ\u00e8s aupr\u00e8s des consommateurs locaux, et tout le stock a \u00e9t\u00e9 vendu en seulement 48 heures.<\/p>\n<h2>Votre guide de personnalisation<\/h2>\n<ol>\n<li><strong>Choix du couvercle\u00a0:<\/strong> Choisissez des couvercles en m\u00e9tal \u00e0 d\u00e9visser, en li\u00e8ge ou en bambou, selon le style de votre marque.<\/li>\n<li><strong>Modification de la couleur\u00a0:<\/strong> Quatre couleurs diff\u00e9rentes sont disponibles : transparent, d\u00e9poli, ambr\u00e9 et teint\u00e9.<\/li>\n<li><strong>Image de marque\u00a0:<\/strong> Apposez le logo de votre marque par s\u00e9rigraphie, autocollant ou gaufrage.<\/li>\n<\/ol>","protected":false},"excerpt":{"rendered":"<p>Bouteilles \u00e0 lait en verre transparent r\u00e9sistant, id\u00e9ales pour le lait, les jus et le caf\u00e9. Parfaites pour les caf\u00e9s, les laiteries et un usage domestique. Logos et couvercles personnalis\u00e9s disponibles.<\/p>","protected":false},"featured_media":22419,"template":"","meta":[],"product_brand":[],"product_cat":[123,122,131],"product_tag":[],"class_list":{"0":"post-22414","1":"product","2":"type-product","3":"status-publish","4":"has-post-thumbnail","6":"product_cat-custom-glass-bottles","7":"product_cat-custom-glass-packaging","8":"product_cat-glass-milk-bottles","10":"first","11":"instock","12":"shipping-taxable","13":"product-type-simple"},"jetpack_sharing_enabled":true,"_links":{"self":[{"href":"https:\/\/yebodaglass.com\/fr\/wp-json\/wp\/v2\/product\/22414","targetHints":{"allow":["GET"]}}],"collection":[{"href":"https:\/\/yebodaglass.com\/fr\/wp-json\/wp\/v2\/product"}],"about":[{"href":"https:\/\/yebodaglass.com\/fr\/wp-json\/wp\/v2\/types\/product"}],"version-history":[{"count":5,"href":"https:\/\/yebodaglass.com\/fr\/wp-json\/wp\/v2\/product\/22414\/revisions"}],"predecessor-version":[{"id":25756,"href":"https:\/\/yebodaglass.com\/fr\/wp-json\/wp\/v2\/product\/22414\/revisions\/25756"}],"wp:featuredmedia":[{"embeddable":true,"href":"https:\/\/yebodaglass.com\/fr\/wp-json\/wp\/v2\/media\/22419"}],"wp:attachment":[{"href":"https:\/\/yebodaglass.com\/fr\/wp-json\/wp\/v2\/media?parent=22414"}],"wp:term":[{"taxonomy":"product_brand","embeddable":true,"href":"https:\/\/yebodaglass.com\/fr\/wp-json\/wp\/v2\/product_brand?post=22414"},{"taxonomy":"product_cat","embeddable":true,"href":"https:\/\/yebodaglass.com\/fr\/wp-json\/wp\/v2\/product_cat?post=22414"},{"taxonomy":"product_tag","embeddable":true,"href":"https:\/\/yebodaglass.com\/fr\/wp-json\/wp\/v2\/product_tag?post=22414"}],"curies":[{"name":"wp","href":"https:\/\/api.w.org\/{rel}","templated":true}]}}