{"id":22391,"date":"2025-10-16T10:42:19","date_gmt":"2025-10-16T02:42:19","guid":{"rendered":"https:\/\/yebodaglass.com\/?post_type=product&#038;p=22391"},"modified":"2025-11-04T11:58:15","modified_gmt":"2025-11-04T03:58:15","slug":"glass-milk-bottles-for-milk-juice-smoothies","status":"publish","type":"product","link":"https:\/\/yebodaglass.com\/fr\/glass-milk-bottles-for-milk-juice-smoothies\/","title":{"rendered":"Bouteilles de lait en verre transparent de 200 \u00e0 1\u00a0000 ml pour lait, jus et smoothies"},"content":{"rendered":"<p>Vous en avez assez des bouteilles de lait qui fuient ou se fendent\u00a0? Nous fabriquons des bouteilles en verre opale \u00e0 parois \u00e9paisses\u00a0: fini les briques de lait d\u00e9tremp\u00e9es\u00a0! Ces bouteilles en verre transforment le stockage des boissons en un moment privil\u00e9gi\u00e9. Pour les commandes en gros, nous proposons des bouteilles en verre personnalis\u00e9es, fid\u00e8les \u00e0 l\u2019engagement de fra\u00eecheur de votre marque.<\/p>\n<h2>Caract\u00e9ristiques du produit<\/h2>\n<p><strong>Sa conception \u00e9tanche permet un nettoyage facile et sans d\u00e9g\u00e2ts.<\/strong><\/p>\n<p>Le col filet\u00e9 assure une \u00e9tanch\u00e9it\u00e9 efficace \u00e0 l&#039;air, \u00e9liminant ainsi les plaintes relatives aux odeurs.<\/p>\n<p><strong>Verre \u00e9pais pour z\u00e9ro d\u00e9chet<\/strong><\/p>\n<p>Gr\u00e2ce \u00e0 ses parois \u00e9paisses, il r\u00e9siste m\u00eame aux chocs des chariots de supermarch\u00e9. Les clients peuvent le r\u00e9utiliser comme bocal \u00e0 smoothie, ce qui permet de r\u00e9duire les co\u00fbts de remplacement.<\/p>\n<p><strong>Diff\u00e9rentes tailles disponibles<\/strong><\/p>\n<p>Nous proposons des petits formats de 200 ml \u00e0 310 ml, parfaits pour une portion individuelle de lait, et des grands formats de 500 ml \u00e0 1000 ml, parfaits pour les portions familiales.<\/p>\n<p><strong>Votre marque va bien au-del\u00e0 d&#039;une bouteille.<\/strong><\/p>\n<p>Apposez votre logo sur votre bouteille de lait en verre, et les clients vous rep\u00e9reront instantan\u00e9ment en rayon.<\/p>\n<h2>Sp\u00e9cifications cl\u00e9s<\/h2>\n<table style=\"border-collapse: collapse; width: 80%; margin-left: auto; margin-right: auto;\" border=\"0\" width=\"360\" cellspacing=\"0\" cellpadding=\"0\">\n<tbody>\n<tr style=\"height: 13.50pt;\">\n<td style=\"height: 13.5pt; width: 54pt; text-align: center;\" width=\"72\" height=\"18\">Mod\u00e8le<\/td>\n<td style=\"width: 54pt; text-align: center;\" width=\"72\">Capacit\u00e9 (ml)<\/td>\n<td style=\"width: 54pt; text-align: center;\" width=\"72\">Taille (cm)<\/td>\n<td style=\"width: 54pt; text-align: center;\" width=\"72\">Options de couleur<\/td>\n<td style=\"width: 54pt; text-align: center;\" width=\"72\">Type de cou<\/td>\n<\/tr>\n<tr style=\"height: 13.50pt;\">\n<td style=\"height: 13.5pt; text-align: center;\" align=\"right\" height=\"18\">64020001<\/td>\n<td style=\"text-align: center;\" align=\"right\">200<\/td>\n<td style=\"text-align: center;\">5.8&#215;12.0<\/td>\n<td class=\"et2\" style=\"text-align: center;\" rowspan=\"5\">Effacer (Personnalis\u00e9)<\/td>\n<td class=\"et2\" style=\"text-align: center;\" rowspan=\"5\">Filet\u00e9<\/td>\n<\/tr>\n<tr style=\"height: 13.50pt;\">\n<td style=\"height: 13.5pt; text-align: center;\" align=\"right\" height=\"18\">64025002<\/td>\n<td style=\"text-align: center;\" align=\"right\">250<\/td>\n<td style=\"text-align: center;\">5.9&#215;13.7<\/td>\n<\/tr>\n<tr style=\"height: 13.50pt;\">\n<td style=\"height: 13.5pt; text-align: center;\" align=\"right\" height=\"18\">64031003<\/td>\n<td style=\"text-align: center;\" align=\"right\">310<\/td>\n<td style=\"text-align: center;\">6.4&#215;15.3<\/td>\n<\/tr>\n<tr style=\"height: 13.50pt;\">\n<td style=\"height: 13.5pt; text-align: center;\" align=\"right\" height=\"18\">64050004<\/td>\n<td style=\"text-align: center;\" align=\"right\">500<\/td>\n<td style=\"text-align: center;\">7.5&#215;20.85<\/td>\n<\/tr>\n<tr style=\"height: 13.50pt;\">\n<td style=\"height: 13.5pt; text-align: center;\" align=\"right\" height=\"18\">64100005<\/td>\n<td style=\"text-align: center;\" align=\"right\">1000<\/td>\n<td style=\"text-align: center;\">8.5&#215;26.0<\/td>\n<\/tr>\n<\/tbody>\n<\/table>\n<h2>Cas de r\u00e9ussite<\/h2>\n<p>Une ferme biologique nous a confi\u00e9 la refonte de l&#039;image de sa nouvelle gamme de lait biologique haut de gamme. Elle a pass\u00e9 une commande sp\u00e9ciale de bouteilles en verre sodocalcique extra-\u00e9pais et haute d\u00e9finition, permettant d&#039;admirer pleinement la couleur naturelle du lait. Chaque bouteille est orn\u00e9e du logo de la ferme et d&#039;un goulot lisse facilitant le versement. Pour parfaire l&#039;esth\u00e9tique, la marque a \u00e9galement opt\u00e9 pour un bouchon m\u00e9tallique argent\u00e9 \u00e0 visser et un joint en silicone inviolable, garantissant la fra\u00eecheur du lait et \u00e9vitant les fuites pendant le transport.<\/p>\n<p>Cet emballage unique a permis de doubler les ventes dans les 30 jours suivant son lancement, ce qui a incit\u00e9 la ferme \u00e0 continuer d&#039;utiliser nos bouteilles de lait en verre personnalis\u00e9es pour toute sa gamme de produits biologiques et \u00e0 se diversifier \u00e9galement dans d&#039;autres cat\u00e9gories de boissons laiti\u00e8res.<\/p>\n<h2>Votre guide de personnalisation<\/h2>\n<ol>\n<li><strong>Conception de la bouteille\u00a0:<\/strong> Vous avez le choix entre des motifs en relief ou peints pour une apparence et une texture plus luxueuses.<\/li>\n<li><strong>Capuchon:<\/strong> Choisissez le mat\u00e9riau du bouchon de votre produit (plastique, bois, m\u00e9tal, etc.) et personnalisez \u00e9galement sa couleur.<\/li>\n<li><strong>Impression de logo :<\/strong> Faites ressortir votre logo en l&#039;imprimant soit sur le bouchon, soit sur la bouteille.<\/li>\n<\/ol>","protected":false},"excerpt":{"rendered":"<p>Bouteilles \u00e0 lait en verre transparent r\u00e9sistant, au design classique, parfaites pour servir du lait, du jus ou des smoothies. Id\u00e9ales pour la maison ou un caf\u00e9.<\/p>","protected":false},"featured_media":22410,"template":"","meta":[],"product_brand":[],"product_cat":[123,122,131],"product_tag":[],"class_list":{"0":"post-22391","1":"product","2":"type-product","3":"status-publish","4":"has-post-thumbnail","6":"product_cat-custom-glass-bottles","7":"product_cat-custom-glass-packaging","8":"product_cat-glass-milk-bottles","10":"first","11":"instock","12":"shipping-taxable","13":"product-type-simple"},"jetpack_sharing_enabled":true,"_links":{"self":[{"href":"https:\/\/yebodaglass.com\/fr\/wp-json\/wp\/v2\/product\/22391","targetHints":{"allow":["GET"]}}],"collection":[{"href":"https:\/\/yebodaglass.com\/fr\/wp-json\/wp\/v2\/product"}],"about":[{"href":"https:\/\/yebodaglass.com\/fr\/wp-json\/wp\/v2\/types\/product"}],"version-history":[{"count":3,"href":"https:\/\/yebodaglass.com\/fr\/wp-json\/wp\/v2\/product\/22391\/revisions"}],"predecessor-version":[{"id":22441,"href":"https:\/\/yebodaglass.com\/fr\/wp-json\/wp\/v2\/product\/22391\/revisions\/22441"}],"wp:featuredmedia":[{"embeddable":true,"href":"https:\/\/yebodaglass.com\/fr\/wp-json\/wp\/v2\/media\/22410"}],"wp:attachment":[{"href":"https:\/\/yebodaglass.com\/fr\/wp-json\/wp\/v2\/media?parent=22391"}],"wp:term":[{"taxonomy":"product_brand","embeddable":true,"href":"https:\/\/yebodaglass.com\/fr\/wp-json\/wp\/v2\/product_brand?post=22391"},{"taxonomy":"product_cat","embeddable":true,"href":"https:\/\/yebodaglass.com\/fr\/wp-json\/wp\/v2\/product_cat?post=22391"},{"taxonomy":"product_tag","embeddable":true,"href":"https:\/\/yebodaglass.com\/fr\/wp-json\/wp\/v2\/product_tag?post=22391"}],"curies":[{"name":"wp","href":"https:\/\/api.w.org\/{rel}","templated":true}]}}