{"id":22346,"date":"2025-10-13T17:04:42","date_gmt":"2025-10-13T09:04:42","guid":{"rendered":"https:\/\/yebodaglass.com\/?post_type=product&#038;p=22346"},"modified":"2025-11-28T15:41:38","modified_gmt":"2025-11-28T07:41:38","slug":"wholesale-dual-function-2-in-1-oil-dispenser-with-handle","status":"publish","type":"product","link":"https:\/\/yebodaglass.com\/fr\/wholesale-dual-function-2-in-1-oil-dispenser-with-handle\/","title":{"rendered":"Distributeur d&#039;huile double fonction 2 en 1 de 530 ml avec poign\u00e9e, en gros"},"content":{"rendered":"<p>Dot\u00e9 d&#039;une poign\u00e9e ergonomique et d&#039;un corps en verre transparent laissant appara\u00eetre l&#039;huile dor\u00e9e, ce distributeur d&#039;huile 2 en 1 est id\u00e9al pour vaporiser et verser l&#039;huile. Il offre une combinaison parfaite de fonctions, pour une cuisine encore plus \u00e9l\u00e9gante.<\/p>\n<h2>Caract\u00e9ristiques du produit<\/h2>\n<ul>\n<li><strong>Vaporiser ou verser :<\/strong> Un seul flacon d&#039;huile deux-en-un, deux fonctions, fini le d\u00e9sordre.<\/li>\n<li><strong>Chaque goutte est visible :<\/strong> La bouteille en verre transparent permet de visualiser clairement le niveau et la qualit\u00e9 de l&#039;huile.<\/li>\n<li><strong>Facile \u00e0 utiliser :<\/strong> Le bouton orange et les autres \u00e9l\u00e9ments de commande, associ\u00e9s \u00e0 un m\u00e9canisme \u00e0 bouton-poussoir, assurent une utilisation facile et un contr\u00f4le pr\u00e9cis de l&#039;huile.<\/li>\n<li><strong>Conception de la poign\u00e9e ergonomique\u00a0:<\/strong> La poign\u00e9e ergonomique offre une prise en main confortable. La buse se bascule rapidement pour une pulv\u00e9risation fluide.<\/li>\n<\/ul>\n<h2>Sp\u00e9cifications cl\u00e9s<\/h2>\n<table style=\"border-collapse: collapse; margin-left: auto; margin-right: auto; width: 510.02pt;\" border=\"0\" width=\"680\" cellspacing=\"0\" cellpadding=\"0\">\n<tbody>\n<tr style=\"height: 13.50pt;\">\n<td style=\"height: 13.50pt; width: 99.75pt;\" width=\"133\" height=\"18\">Fonctionnalit\u00e9<\/td>\n<td style=\"width: 410.25pt;\" width=\"547\">Sp\u00e9cification<\/td>\n<\/tr>\n<tr style=\"height: 13.50pt;\">\n<td style=\"height: 13.50pt;\" height=\"18\">Capacit\u00e9<\/td>\n<td>530 ml<\/td>\n<\/tr>\n<tr style=\"height: 13.50pt;\">\n<td style=\"height: 13.50pt;\" height=\"18\">Dimensions<\/td>\n<td>7,2 \u00d7 21,0 cm (diam\u00e8tre \u00d7 hauteur)<\/td>\n<\/tr>\n<tr style=\"height: 13.50pt;\">\n<td style=\"height: 13.50pt;\" height=\"18\">Mat\u00e9riel<\/td>\n<td>Corps et poign\u00e9e en verre transparent<\/td>\n<\/tr>\n<tr style=\"height: 13.50pt;\">\n<td style=\"height: 13.50pt;\" height=\"18\">Forme<\/td>\n<td>Cylindrique avec poign\u00e9e int\u00e9gr\u00e9e<\/td>\n<\/tr>\n<tr style=\"height: 13.50pt;\">\n<td style=\"height: 13.50pt;\" height=\"18\">Options de couvercle<\/td>\n<td>Bec verseur distributeur d&#039;huile double mode 2 en 1 (pulv\u00e9risation\/versement)<\/td>\n<\/tr>\n<tr style=\"height: 13.50pt;\">\n<td style=\"height: 13.50pt;\" height=\"18\">Id\u00e9al pour<\/td>\n<td>Huile d&#039;olive, vinaigre, sprays de cuisson, sauces<\/td>\n<\/tr>\n<tr style=\"height: 13.50pt;\">\n<td style=\"height: 13.50pt;\" height=\"18\">Utilisation id\u00e9ale<\/td>\n<td>Flacon vaporisateur d&#039;huile d&#039;olive, huiliers et vinaigrettes, rangements de cuisine<\/td>\n<\/tr>\n<\/tbody>\n<\/table>\n<h2>Cas r\u00e9el<\/h2>\n<p>Un restaurant polonais, qui utilisait auparavant des flacons d&#039;huile s\u00e9par\u00e9s pour la pulv\u00e9risation et le service, a opt\u00e9 pour notre distributeur d&#039;huile deux-en-un en gros, passant une premi\u00e8re commande de 600 unit\u00e9s. Les r\u00e9sultats sont \u00e9loquents. Premi\u00e8rement, les clients ont constat\u00e9 une r\u00e9duction de 30 % de l&#039;encombrement sur le comptoir gr\u00e2ce au remplacement de deux flacons par un seul. Deuxi\u00e8mement, la fonction de pulv\u00e9risation a permis de r\u00e9duire la consommation d&#039;huile d&#039;olive de 22 %. Troisi\u00e8mement, la poign\u00e9e a facilit\u00e9 l&#039;utilisation par le personnel, r\u00e9duit les d\u00e9versements de 40 % et consid\u00e9rablement am\u00e9lior\u00e9 le temps de nettoyage. Neuf mois plus tard, le restaurant a pass\u00e9 une nouvelle commande de 150\u00a0000 flacons.<\/p>\n<h2>Conseil de personnalisation<\/h2>\n<ul>\n<li><strong>Couleur de la poign\u00e9e :<\/strong> Personnalisez la couleur de la poign\u00e9e pour cr\u00e9er une identit\u00e9 visuelle unique pour votre marque.<\/li>\n<li><strong>Boutons d\u00e9coratifs :<\/strong> Choisissez la couleur du bouton de pulv\u00e9risation et des autres \u00e9l\u00e9ments d\u00e9coratifs pour qu&#039;ils correspondent \u00e0 votre image de marque.<\/li>\n<li><strong>S\u00e9rigraphie :<\/strong> Apposez votre logo directement sur le corps en verre pour une finition haut de gamme et permanente.<\/li>\n<li><strong>Teintes pour verre color\u00e9\u00a0:<\/strong> Teinter le verre transparent d&#039;un vert doux ou d&#039;un ambre pour prot\u00e9ger les huiles d&#039;olive des rayons UV tout en respectant les couleurs de la marque.<\/li>\n<\/ul>\n<p>Pr\u00eat \u00e0 moderniser l&#039;emballage de vos bouteilles d&#039;huile\u00a0? Contactez-nous pour conna\u00eetre nos prix de gros sur ce distributeur d&#039;huile d&#039;olive innovant et commencez d\u00e8s aujourd&#039;hui \u00e0 vous approvisionner en emballages en verre plus intelligents.<\/p>","protected":false},"excerpt":{"rendered":"<p>Distributeur d&#039;huile 2 en 1 \u00e0 double usage avec poign\u00e9e et bouchon \u00e0 clipser. Design en verre transparent, pratique et \u00e9l\u00e9gant. Commandes en gros, personnalisation et livraison rapide disponibles.<\/p>","protected":false},"featured_media":22350,"template":"","meta":[],"product_brand":[],"product_cat":[122,123,126],"product_tag":[],"class_list":{"0":"post-22346","1":"product","2":"type-product","3":"status-publish","4":"has-post-thumbnail","6":"product_cat-custom-glass-packaging","7":"product_cat-custom-glass-bottles","8":"product_cat-olive-oil-bottles","10":"first","11":"instock","12":"shipping-taxable","13":"product-type-simple"},"jetpack_sharing_enabled":true,"_links":{"self":[{"href":"https:\/\/yebodaglass.com\/fr\/wp-json\/wp\/v2\/product\/22346","targetHints":{"allow":["GET"]}}],"collection":[{"href":"https:\/\/yebodaglass.com\/fr\/wp-json\/wp\/v2\/product"}],"about":[{"href":"https:\/\/yebodaglass.com\/fr\/wp-json\/wp\/v2\/types\/product"}],"version-history":[{"count":5,"href":"https:\/\/yebodaglass.com\/fr\/wp-json\/wp\/v2\/product\/22346\/revisions"}],"predecessor-version":[{"id":24180,"href":"https:\/\/yebodaglass.com\/fr\/wp-json\/wp\/v2\/product\/22346\/revisions\/24180"}],"wp:featuredmedia":[{"embeddable":true,"href":"https:\/\/yebodaglass.com\/fr\/wp-json\/wp\/v2\/media\/22350"}],"wp:attachment":[{"href":"https:\/\/yebodaglass.com\/fr\/wp-json\/wp\/v2\/media?parent=22346"}],"wp:term":[{"taxonomy":"product_brand","embeddable":true,"href":"https:\/\/yebodaglass.com\/fr\/wp-json\/wp\/v2\/product_brand?post=22346"},{"taxonomy":"product_cat","embeddable":true,"href":"https:\/\/yebodaglass.com\/fr\/wp-json\/wp\/v2\/product_cat?post=22346"},{"taxonomy":"product_tag","embeddable":true,"href":"https:\/\/yebodaglass.com\/fr\/wp-json\/wp\/v2\/product_tag?post=22346"}],"curies":[{"name":"wp","href":"https:\/\/api.w.org\/{rel}","templated":true}]}}