{"id":22336,"date":"2025-10-13T15:53:39","date_gmt":"2025-10-13T07:53:39","guid":{"rendered":"https:\/\/yebodaglass.com\/?post_type=product&#038;p=22336"},"modified":"2026-03-24T11:54:50","modified_gmt":"2026-03-24T03:54:50","slug":"bulk-clear-cooking-oil-bottle-for-kitchen-with-pouring-lid","status":"publish","type":"product","link":"https:\/\/yebodaglass.com\/fr\/bulk-clear-cooking-oil-bottle-for-kitchen-with-pouring-lid\/","title":{"rendered":"Bouteille d&#039;huile de cuisson transparente en vrac de 200 ml pour la cuisine avec couvercle verseur"},"content":{"rendered":"<p>Cette bouteille d&#039;huile de cuisine, avec sa forme originale en sablier et son \u00e9l\u00e9gante forme conique, est facile \u00e0 prendre en main et \u00e0 utiliser. Fabriqu\u00e9e en verre transparent, elle est dot\u00e9e d&#039;un bec verseur en acier inoxydable qui s&#039;ouvre par simple pression sur un bouton et se referme automatiquement pour \u00e9viter les gouttes.<\/p>\n<h2>Caract\u00e9ristiques du produit<\/h2>\n<ul>\n<li><strong>Versement sans gouttes \u00e0 chaque fois\u00a0:<\/strong> Le bouchon de pr\u00e9cision r\u00e9gule le d\u00e9bit, \u00e9liminant ainsi compl\u00e8tement les probl\u00e8mes de bouteilles collantes et de gaspillage d&#039;huile.<\/li>\n<li><strong>Mat\u00e9riau en verre transparent :<\/strong>La bouteille d&#039;huile ou de vinaigre vide est facilement visible \u00e0 travers son corps en verre, ce qui permet de ne pas interrompre l&#039;approvisionnement pendant la cuisson.<\/li>\n<li><strong>Design fin :<\/strong> Gr\u00e2ce \u00e0 sa forme fine, il est tr\u00e8s facile \u00e0 placer dans la cuisine et vous disposez ainsi de plus d&#039;espace de rangement.<\/li>\n<\/ul>\n<h2>Sp\u00e9cifications cl\u00e9s<\/h2>\n<table style=\"border-collapse: collapse; margin-left: auto; margin-right: auto; width: 614.27pt;\" border=\"0\" width=\"819\" cellspacing=\"0\" cellpadding=\"0\">\n<tbody>\n<tr style=\"height: 13.50pt;\">\n<td style=\"height: 13.50pt; width: 99.75pt;\" width=\"133\" height=\"18\">Fonctionnalit\u00e9<\/td>\n<td style=\"width: 514.50pt;\" width=\"686\">Sp\u00e9cification<\/td>\n<\/tr>\n<tr style=\"height: 13.50pt;\">\n<td style=\"height: 13.50pt;\" height=\"18\">Capacit\u00e9<\/td>\n<td>200 ml<\/td>\n<\/tr>\n<tr style=\"height: 13.50pt;\">\n<td style=\"height: 13.50pt;\" height=\"18\">Dimensions<\/td>\n<td>6,5 \u00d7 19,0 cm (diam\u00e8tre \u00d7 hauteur)<\/td>\n<\/tr>\n<tr style=\"height: 13.50pt;\">\n<td style=\"height: 13.50pt;\" height=\"18\">Forme<\/td>\n<td>Verre rond conique<\/td>\n<\/tr>\n<tr style=\"height: 13.50pt;\">\n<td style=\"height: 13.50pt;\" height=\"18\">Options de couvercle<\/td>\n<td>Bec verseur rabattable noir et argent, bouchon solide<\/td>\n<\/tr>\n<tr style=\"height: 13.50pt;\">\n<td style=\"height: 13.50pt;\" height=\"18\">Id\u00e9al pour<\/td>\n<td>Huile d&#039;olive, vinaigre, huiles de cuisson, marinades<\/td>\n<\/tr>\n<tr style=\"height: 13.50pt;\">\n<td style=\"height: 13.50pt;\" height=\"18\">Utilisation id\u00e9ale<\/td>\n<td>Bouteilles d&#039;huile de cuisson pour la cuisine, bouteilles d&#039;huile et de vinaigre, emballages en verre en gros<\/td>\n<\/tr>\n<\/tbody>\n<\/table>\n<h2>Histoire \u00e0 succ\u00e8s<\/h2>\n<p>L&#039;une des enseignes europ\u00e9ennes de produits alimentaires haut de gamme a choisi notre flacon distributeur d&#039;huile et l&#039;a fait r\u00e9aliser sur mesure avec un fini sabl\u00e9 et un bec verseur cuivr\u00e9. Ce flacon d&#039;huile traditionnel est devenu leur embl\u00e8me. Son design \u00e9l\u00e9gant et son syst\u00e8me anti-goutte leur ont permis d&#039;augmenter leurs ventes d&#039;huile aromatis\u00e9e de 40 % par rapport au produit original, et l&#039;\u00e9tanch\u00e9it\u00e9 am\u00e9lior\u00e9e a r\u00e9duit les pertes et le gaspillage en magasin de 25 %. Forts de ce succ\u00e8s, ils ont command\u00e9 650\u00a0000 flacons suppl\u00e9mentaires de leur nouveau vinaigre artisanal et des coffrets cadeaux pour les f\u00eates.<\/p>\n<h2>Id\u00e9es de personnalisation des flacons d&#039;huile distributeur<\/h2>\n<ul>\n<li><strong>S\u00e9rigraphie :<\/strong> Vous pouvez faire imprimer votre logo ou votre motif directement sur la bouteille en verre pour une identification facile de votre marque et \u00e0 des fins de visibilit\u00e9 permanente.<\/li>\n<li><strong>Teinte de couleur :<\/strong> Choisissez un emballage en verre ambr\u00e9 ou vert simple, tr\u00e8s en vogue actuellement, car il prot\u00e8ge non seulement des rayons UV, mais rend \u00e9galement le produit plus attrayant visuellement.<\/li>\n<li><strong>Couleur du couvercle :<\/strong> La couleur du couvercle \u00e0 vis peut \u00eatre de votre choix\u00a0: noir, or ou argent, c\u2019est vous qui d\u00e9cidez, en fonction des autres couleurs de votre palette de couleurs.<\/li>\n<li><strong>\u00c9tiquetage par transfert thermique :<\/strong> Faites int\u00e9grer vos images en couleur et haute r\u00e9solution sur l&#039;un des types d&#039;\u00e9tiquettes les plus durables et r\u00e9sistantes \u00e0 l&#039;humidit\u00e9 en cuisine : les \u00e9tiquettes \u00e0 transfert thermique.<\/li>\n<\/ul>","protected":false},"excerpt":{"rendered":"<p>Bouteille d&#039;huile de cuisson en verre transparent pour la cuisine. Design allong\u00e9 et \u00e9l\u00e9gant avec bec verseur noir et argent. Id\u00e9ale pour la promotion de produits de cuisine, les restaurants ou les commandes en gros.<\/p>","protected":false},"featured_media":22341,"template":"","meta":[],"product_brand":[],"product_cat":[126,123,122],"product_tag":[],"class_list":{"0":"post-22336","1":"product","2":"type-product","3":"status-publish","4":"has-post-thumbnail","6":"product_cat-olive-oil-bottles","7":"product_cat-custom-glass-bottles","8":"product_cat-custom-glass-packaging","10":"first","11":"instock","12":"shipping-taxable","13":"product-type-simple"},"jetpack_sharing_enabled":true,"_links":{"self":[{"href":"https:\/\/yebodaglass.com\/fr\/wp-json\/wp\/v2\/product\/22336","targetHints":{"allow":["GET"]}}],"collection":[{"href":"https:\/\/yebodaglass.com\/fr\/wp-json\/wp\/v2\/product"}],"about":[{"href":"https:\/\/yebodaglass.com\/fr\/wp-json\/wp\/v2\/types\/product"}],"version-history":[{"count":5,"href":"https:\/\/yebodaglass.com\/fr\/wp-json\/wp\/v2\/product\/22336\/revisions"}],"predecessor-version":[{"id":25580,"href":"https:\/\/yebodaglass.com\/fr\/wp-json\/wp\/v2\/product\/22336\/revisions\/25580"}],"wp:featuredmedia":[{"embeddable":true,"href":"https:\/\/yebodaglass.com\/fr\/wp-json\/wp\/v2\/media\/22341"}],"wp:attachment":[{"href":"https:\/\/yebodaglass.com\/fr\/wp-json\/wp\/v2\/media?parent=22336"}],"wp:term":[{"taxonomy":"product_brand","embeddable":true,"href":"https:\/\/yebodaglass.com\/fr\/wp-json\/wp\/v2\/product_brand?post=22336"},{"taxonomy":"product_cat","embeddable":true,"href":"https:\/\/yebodaglass.com\/fr\/wp-json\/wp\/v2\/product_cat?post=22336"},{"taxonomy":"product_tag","embeddable":true,"href":"https:\/\/yebodaglass.com\/fr\/wp-json\/wp\/v2\/product_tag?post=22336"}],"curies":[{"name":"wp","href":"https:\/\/api.w.org\/{rel}","templated":true}]}}