{"id":22320,"date":"2025-10-13T11:40:39","date_gmt":"2025-10-13T03:40:39","guid":{"rendered":"https:\/\/yebodaglass.com\/?post_type=product&#038;p=22320"},"modified":"2026-03-26T14:43:27","modified_gmt":"2026-03-26T06:43:27","slug":"wholesale-olive-oil-mister-bottles-glass-oil-spray-bottles","status":"publish","type":"product","link":"https:\/\/yebodaglass.com\/fr\/produit\/wholesale-olive-oil-mister-bottles-glass-oil-spray-bottles\/","title":{"rendered":"Olive Oil Mister Bottles \u2013 200ml 300ml Glass Oil Spray Bottles with Trigger"},"content":{"rendered":"<p>This series of olive oil mister bottles features a modern, ergonomic design combining a clear glass bottle with a durable trigger spray head. The bottle is of high quality, food grade glass and the glass is smooth on the surface with a threaded neck that allows secure and leak proof connection of the sprayer. The spray head comes in various finishes including matte white and shiny black with a comfortable grip and touchy trigger that gives the hand worthy of functional reliability and a consistent look. Our clear bodies make it easy to monitor the level of liquid in it, and the whole body is stable and simple to manipulate.<\/p>\n<h2>Sp\u00e9cifications cl\u00e9s<\/h2>\n<table style=\"border-collapse: collapse; margin-left: auto; margin-right: auto; width: 614.27pt;\" border=\"0\" width=\"819\" cellspacing=\"0\" cellpadding=\"0\">\n<tbody>\n<tr style=\"height: 13.50pt;\">\n<td style=\"height: 13.50pt; width: 99.75pt;\" width=\"133\" height=\"18\">Fonctionnalit\u00e9<\/td>\n<td style=\"width: 514.50pt;\" width=\"686\">Sp\u00e9cification<\/td>\n<\/tr>\n<tr style=\"height: 13.50pt;\">\n<td style=\"height: 13.50pt;\" height=\"18\">Dimensions<\/td>\n<td>6\u00d720,5 cm (200 ml) ou 6\u00d722,5 cm (300 ml)<\/td>\n<\/tr>\n<tr style=\"height: 13.50pt;\">\n<td style=\"height: 13.50pt;\" height=\"18\">Forme<\/td>\n<td>cylindre de verre rond et droit<\/td>\n<\/tr>\n<tr style=\"height: 13.50pt;\">\n<td style=\"height: 13.50pt;\" height=\"18\">Options de couvercle<\/td>\n<td>Flacon vaporisateur \u00e0 huile d&#039;olive noir ou blanc avec pompe et bouchon solide<\/td>\n<\/tr>\n<tr style=\"height: 13.50pt;\">\n<td style=\"height: 13.50pt;\" height=\"18\">Id\u00e9al pour<\/td>\n<td>Huile d&#039;olive, vinaigre, sprays de cuisson, marinades, vinaigrettes<\/td>\n<\/tr>\n<tr style=\"height: 13.50pt;\">\n<td style=\"height: 13.50pt;\" height=\"18\">Utilisation id\u00e9ale<\/td>\n<td>Flacon pulv\u00e9risateur d&#039;huile en verre, flacons d&#039;huile, rangement de cuisine, embouteillage en gros<\/td>\n<\/tr>\n<\/tbody>\n<\/table>\n<h2>Application<\/h2>\n<p>These glass oil spray bottles are widely used for dispensing olive oil, vinegar, soy sauce, and other liquid seasonings in kitchens, restaurants, and food processing environments. They can be used in controlled oil use when cooking, grilling, baking, and making salads, making sure to use a lot less oil and be able to control portions. In B2B, the product best fits kitchenware brands, own brand programs, and bulk supply to the hotel and retail clientele. The threaded glass bottle can also be customized by printing logos, coating them in colors and incorporating packaging options.<\/p>\n<h2>Succ\u00e8s garanti\u00a0: Gamme d\u2019huiles de cuisson d\u2019une marque d\u2019aliments sains<\/h2>\n<p>Une marque australienne de produits di\u00e9t\u00e9tiques a choisi notre flacon pulv\u00e9risateur d&#039;huile d&#039;olive de 250 ml, \u00e9quip\u00e9 d&#039;un embout noir et d&#039;un logo \u00ab\u00a0Z\u00e9ro D\u00e9chet\u00a0\u00bb s\u00e9rigraphi\u00e9 personnalis\u00e9. Ce flacon permet de r\u00e9duire de moiti\u00e9 sa consommation d&#039;huile par repas. Sa conception en verre r\u00e9sistant garantit un taux de casse inf\u00e9rieur \u00e0 1\u00a0% en magasin. Fort de ce succ\u00e8s, la marque a pass\u00e9 une commande suppl\u00e9mentaire de 200\u00a0000 flacons pour sa nouvelle gamme d&#039;assaisonnements en spray.<\/p>\n<h2>Suggestions de personnalisation<\/h2>\n<ul>\n<li>Logos de marque grav\u00e9s\u00a0: Cr\u00e9ez un logo discret et pr\u00e9cis grav\u00e9 sur le verre transparent \u2013 \u200b\u200bid\u00e9al pour les clients B2B qui souhaitent apposer leur nom sur un produit tel qu\u2019un flacon vaporisateur d\u2019huile d\u2019olive.<\/li>\n<li>Marques de mesure d\u00e9polies\u00a0: Gravez de minuscules lignes (par exemple, 50\u00a0ml, 100\u00a0ml, 150\u00a0ml) sur le verre afin que les utilisateurs puissent facilement v\u00e9rifier la quantit\u00e9 d\u2019huile qu\u2019ils ont utilis\u00e9e.<\/li>\n<li>Couleur de la t\u00eate de pulv\u00e9risation\u00a0: Changer la couleur de la pompe de pulv\u00e9risation que vous pr\u00e9f\u00e9rez (par exemple, noir, blanc ou argent) est un moyen tr\u00e8s simple mais efficace d\u2019obtenir un produit visuellement attrayant sur le march\u00e9.<\/li>\n<\/ul>\n<p>Am\u00e9liorez la pr\u00e9sentation de vos huiles et vinaigres gr\u00e2ce \u00e0 nos flacons distributeurs d&#039;huile d&#039;olive haut de gamme. B\u00e9n\u00e9ficiez de prix de gros comp\u00e9titifs en nous contactant, le fabricant d&#039;origine, et trouvez d\u00e8s aujourd&#039;hui l&#039;emballage en verre id\u00e9al.<\/p>","protected":false},"excerpt":{"rendered":"<p>Olive oil mister bottles with threaded top design. Durable glass oil spray bottles for cooking, kitchens, and wholesale customization.<\/p>","protected":false},"featured_media":25634,"template":"","meta":[],"product_brand":[],"product_cat":[126,123,122],"product_tag":[],"class_list":{"0":"post-22320","1":"product","2":"type-product","3":"status-publish","4":"has-post-thumbnail","6":"product_cat-olive-oil-bottles","7":"product_cat-custom-glass-bottles","8":"product_cat-custom-glass-packaging","10":"first","11":"instock","12":"shipping-taxable","13":"product-type-simple"},"jetpack_sharing_enabled":true,"_links":{"self":[{"href":"https:\/\/yebodaglass.com\/fr\/wp-json\/wp\/v2\/product\/22320","targetHints":{"allow":["GET"]}}],"collection":[{"href":"https:\/\/yebodaglass.com\/fr\/wp-json\/wp\/v2\/product"}],"about":[{"href":"https:\/\/yebodaglass.com\/fr\/wp-json\/wp\/v2\/types\/product"}],"version-history":[{"count":5,"href":"https:\/\/yebodaglass.com\/fr\/wp-json\/wp\/v2\/product\/22320\/revisions"}],"predecessor-version":[{"id":25609,"href":"https:\/\/yebodaglass.com\/fr\/wp-json\/wp\/v2\/product\/22320\/revisions\/25609"}],"wp:featuredmedia":[{"embeddable":true,"href":"https:\/\/yebodaglass.com\/fr\/wp-json\/wp\/v2\/media\/25634"}],"wp:attachment":[{"href":"https:\/\/yebodaglass.com\/fr\/wp-json\/wp\/v2\/media?parent=22320"}],"wp:term":[{"taxonomy":"product_brand","embeddable":true,"href":"https:\/\/yebodaglass.com\/fr\/wp-json\/wp\/v2\/product_brand?post=22320"},{"taxonomy":"product_cat","embeddable":true,"href":"https:\/\/yebodaglass.com\/fr\/wp-json\/wp\/v2\/product_cat?post=22320"},{"taxonomy":"product_tag","embeddable":true,"href":"https:\/\/yebodaglass.com\/fr\/wp-json\/wp\/v2\/product_tag?post=22320"}],"curies":[{"name":"wp","href":"https:\/\/api.w.org\/{rel}","templated":true}]}}