{"id":22277,"date":"2025-10-11T16:41:58","date_gmt":"2025-10-11T08:41:58","guid":{"rendered":"https:\/\/yebodaglass.com\/?post_type=product&#038;p=22277"},"modified":"2025-10-11T17:35:40","modified_gmt":"2025-10-11T09:35:40","slug":"wholesale-glass-olive-oil-spray-bottle-with-metal-press-pump","status":"publish","type":"product","link":"https:\/\/yebodaglass.com\/fr\/wholesale-glass-olive-oil-spray-bottle-with-metal-press-pump\/","title":{"rendered":"Flacon pulv\u00e9risateur d&#039;huile d&#039;olive en verre de 100 ml avec pompe \u00e0 pression en m\u00e9tal"},"content":{"rendered":"<p>Ce flacon pulv\u00e9risateur d&#039;huile d&#039;olive en verre de 100 ml pr\u00e9sente une forme cylindrique \u00e9l\u00e9gante, un corps en verre transparent et un m\u00e9canisme de pulv\u00e9risation \u00e0 pression en m\u00e9tal argent\u00e9. Il allie \u00e0 la perfection esth\u00e9tique moderne et praticit\u00e9 en cuisine.<\/p>\n<h2>Caract\u00e9ristiques du produit<\/h2>\n<ul>\n<li><strong>Design cylindrique mince :<\/strong> Son corps cylindrique et \u00e9lanc\u00e9 est non seulement facile \u00e0 prendre en main, mais il est aussi id\u00e9al pour gagner de la place dans votre cuisine car il peut \u00eatre rang\u00e9 n&#039;importe o\u00f9.<\/li>\n<li><strong>M\u00e9canisme de pulv\u00e9risation m\u00e9tallique\u00a0:<\/strong> Le m\u00e9canisme de pulv\u00e9risation sup\u00e9rieur en m\u00e9tal argent\u00e9 contribue non seulement \u00e0 l&#039;esth\u00e9tique, mais constitue \u00e9galement la principale raison d&#039;une r\u00e9partition uniforme du jet.<\/li>\n<li><strong>Verre transparent :<\/strong> Le verre transparent permet de voir parfaitement la quantit\u00e9 d&#039;huile restante dans la bouteille.<\/li>\n<\/ul>\n<h2>Sp\u00e9cifications cl\u00e9s<\/h2>\n<table style=\"border-collapse: collapse; margin-left: auto; margin-right: auto; width: 510.77pt;\" border=\"0\" width=\"681\" cellspacing=\"0\" cellpadding=\"0\">\n<tbody>\n<tr style=\"height: 13.50pt;\">\n<td style=\"height: 13.50pt; width: 99.75pt;\" width=\"133\" height=\"18\">Fonctionnalit\u00e9<\/td>\n<td style=\"width: 411.00pt;\" width=\"548\">Sp\u00e9cification<\/td>\n<\/tr>\n<tr style=\"height: 13.50pt;\">\n<td style=\"height: 13.50pt;\" height=\"18\">Capacit\u00e9<\/td>\n<td>100 ml<\/td>\n<\/tr>\n<tr style=\"height: 13.50pt;\">\n<td style=\"height: 13.50pt;\" height=\"18\">Dimensions<\/td>\n<td>4,0 \u00d7 18,5 cm (diam\u00e8tre \u00d7 hauteur)<\/td>\n<\/tr>\n<tr style=\"height: 13.50pt;\">\n<td style=\"height: 13.50pt;\" height=\"18\">Mat\u00e9riel<\/td>\n<td>Corps en verre transparent, pompe en acier inoxydable<\/td>\n<\/tr>\n<tr style=\"height: 13.50pt;\">\n<td style=\"height: 13.50pt;\" height=\"18\">Forme<\/td>\n<td>Cylindre droit<\/td>\n<\/tr>\n<tr style=\"height: 13.50pt;\">\n<td style=\"height: 13.50pt;\" height=\"18\">Options de couvercle<\/td>\n<td>Flacon pulv\u00e9risateur \u00e0 brume fine pour huile d&#039;olive, bouchon solide<\/td>\n<\/tr>\n<tr style=\"height: 13.50pt;\">\n<td style=\"height: 13.50pt;\" height=\"18\">Id\u00e9al pour<\/td>\n<td>Huile, vinaigre, sprays de cuisson<\/td>\n<\/tr>\n<tr style=\"height: 13.50pt;\">\n<td style=\"height: 13.50pt;\" height=\"18\">Utilisation id\u00e9ale<\/td>\n<td>Vaporisateur d&#039;huile d&#039;olive, huiliers et vinaigrettes, rangements de cuisine<\/td>\n<\/tr>\n<\/tbody>\n<\/table>\n<h2>\u00c9tude de cas : Am\u00e9lioration de l&#039;efficacit\u00e9 et de la notori\u00e9t\u00e9 de la marque<\/h2>\n<p>Une cha\u00eene r\u00e9gionale de magasins d&#039;huile d&#039;olive a r\u00e9solu deux probl\u00e8mes de mani\u00e8re simple et efficace\u00a0: le gaspillage et la casse des flacons pulv\u00e9risateurs en plastique. Pour cela, elle a opt\u00e9 pour nos flacons pulv\u00e9risateurs. L&#039;embout de ce nouveau flacon r\u00e9duit la consommation d&#039;huile de 30\u00a0%, minimisant ainsi consid\u00e9rablement les d\u00e9chets. De plus, il r\u00e9sout le probl\u00e8me de la casse. Ce changement facilite non seulement le travail en cuisine, mais son design \u00e9l\u00e9gant a \u00e9galement suscit\u00e9 des commentaires tr\u00e8s positifs de la part des clients, qui appr\u00e9cient l&#039;image haut de gamme que d\u00e9gage la marque. La cha\u00eene de magasins d&#039;huile de cuisson commande d\u00e9sormais ces flacons pulv\u00e9risateurs en verre quatre fois par an et les recommande m\u00eame \u00e0 son fournisseur d&#039;huile d&#039;olive. Ce petit changement a eu un impact consid\u00e9rable sur sa rentabilit\u00e9\u00a0!<\/p>\n<h2>Suggestions de personnalisation<\/h2>\n<ul>\n<li>Logos de marque grav\u00e9s\u00a0: Cr\u00e9ez un logo ou un motif de marque subtilement grav\u00e9 sur le verre transparent \u2013 \u200b\u200bid\u00e9al pour les clients grossistes souhaitant que leur marque soit plus visible sur les ustensiles de cuisine.<\/li>\n<li>Finition verre mat\u00a0: Le verre est recouvert d\u2019une finition mate afin qu\u2019il soit moins sujet aux traces de doigts et que la bouteille conserve sa propret\u00e9 m\u00eame en cas d\u2019utilisation fr\u00e9quente dans une cuisine tr\u00e8s fr\u00e9quent\u00e9e.<\/li>\n<li>Marquages \u200b\u200bde mesure grav\u00e9s\u00a0: Placez de petites lignes grav\u00e9es, par exemple 50\u00a0ml, 100\u00a0ml, sur le verre pour indiquer aux utilisateurs qu\u2019ils peuvent suivre la consommation d\u2019huile et le processus de remplissage.<\/li>\n<\/ul>","protected":false},"excerpt":{"rendered":"<p>Flacon vaporisateur d&#039;huile d&#039;olive en verre transparent avec pompe argent\u00e9e. Design moderne, livraison rapide, \u00e9chantillons gratuits et services personnalis\u00e9s disponibles.<\/p>","protected":false},"featured_media":22279,"template":"","meta":[],"product_brand":[],"product_cat":[122,123,126],"product_tag":[],"class_list":{"0":"post-22277","1":"product","2":"type-product","3":"status-publish","4":"has-post-thumbnail","6":"product_cat-custom-glass-packaging","7":"product_cat-custom-glass-bottles","8":"product_cat-olive-oil-bottles","10":"first","11":"instock","12":"shipping-taxable","13":"product-type-simple"},"jetpack_sharing_enabled":true,"_links":{"self":[{"href":"https:\/\/yebodaglass.com\/fr\/wp-json\/wp\/v2\/product\/22277","targetHints":{"allow":["GET"]}}],"collection":[{"href":"https:\/\/yebodaglass.com\/fr\/wp-json\/wp\/v2\/product"}],"about":[{"href":"https:\/\/yebodaglass.com\/fr\/wp-json\/wp\/v2\/types\/product"}],"version-history":[{"count":4,"href":"https:\/\/yebodaglass.com\/fr\/wp-json\/wp\/v2\/product\/22277\/revisions"}],"predecessor-version":[{"id":22286,"href":"https:\/\/yebodaglass.com\/fr\/wp-json\/wp\/v2\/product\/22277\/revisions\/22286"}],"wp:featuredmedia":[{"embeddable":true,"href":"https:\/\/yebodaglass.com\/fr\/wp-json\/wp\/v2\/media\/22279"}],"wp:attachment":[{"href":"https:\/\/yebodaglass.com\/fr\/wp-json\/wp\/v2\/media?parent=22277"}],"wp:term":[{"taxonomy":"product_brand","embeddable":true,"href":"https:\/\/yebodaglass.com\/fr\/wp-json\/wp\/v2\/product_brand?post=22277"},{"taxonomy":"product_cat","embeddable":true,"href":"https:\/\/yebodaglass.com\/fr\/wp-json\/wp\/v2\/product_cat?post=22277"},{"taxonomy":"product_tag","embeddable":true,"href":"https:\/\/yebodaglass.com\/fr\/wp-json\/wp\/v2\/product_tag?post=22277"}],"curies":[{"name":"wp","href":"https:\/\/api.w.org\/{rel}","templated":true}]}}