{"id":22245,"date":"2025-10-15T09:36:05","date_gmt":"2025-10-15T01:36:05","guid":{"rendered":"https:\/\/yebodaglass.com\/?post_type=product&#038;p=22245"},"modified":"2026-03-19T18:12:33","modified_gmt":"2026-03-19T10:12:33","slug":"clear-mason-glass-jars-with-handles-bulk","status":"publish","type":"product","link":"https:\/\/yebodaglass.com\/fr\/produit\/clear-mason-glass-jars-with-handles-bulk\/","title":{"rendered":"Bocaux Mason en verre transparent avec poign\u00e9es, de 40 ml \u00e0 600 ml, en gros"},"content":{"rendered":"<p>Ces bocaux en verre Mason avec poign\u00e9es sont compos\u00e9s d&#039;un corps cylindrique transparent et d&#039;une poign\u00e9e lat\u00e9rale arrondie et lisse, offrant une prise en main facile m\u00eame lorsque le bocal est plein. Le goulot est filet\u00e9 et peut \u00eatre personnalis\u00e9 avec une vis en m\u00e9tal dor\u00e9 ou argent\u00e9.<\/p>\n<h2>Caract\u00e9ristiques du produit<\/h2>\n<ul>\n<li><strong>Conception de la poign\u00e9e lat\u00e9rale\u00a0:<\/strong> Le bocal est dot\u00e9 d&#039;une poign\u00e9e en verre transparent con\u00e7ue de mani\u00e8re \u00e0 offrir une prise en main confortable et r\u00e9sistante \u00e0 la chaleur, ce qui facilite sa manipulation et son transport, et augmente ainsi son utilit\u00e9.<\/li>\n<li><strong>Plusieurs tailles disponibles :<\/strong> Il existe en diff\u00e9rentes tailles, notamment mini, petite, moyenne et grande, selon les besoins sp\u00e9cifiques, comme les petites portions, les boissons individuelles et les repas pour toute la famille.<\/li>\n<li><strong>Verre haute transparence\u00a0:<\/strong> La grande clart\u00e9 du verre haute transparence de qualit\u00e9 alimentaire allie esth\u00e9tique et praticit\u00e9 gr\u00e2ce \u00e0 la possibilit\u00e9 de voir clairement son contenu.<\/li>\n<\/ul>\n<h2>Sp\u00e9cifications cl\u00e9s<\/h2>\n<table style=\"border-collapse: collapse; width: 80%; margin-left: auto; margin-right: auto;\" border=\"0\" width=\"288\" cellspacing=\"0\" cellpadding=\"0\">\n<tbody>\n<tr style=\"height: 13.50pt;\">\n<td style=\"height: 13.5pt; width: 54pt; text-align: center;\" width=\"72\" height=\"18\">Mod\u00e8le<\/td>\n<td style=\"width: 54pt; text-align: center;\" width=\"72\">Capacit\u00e9 (ml)<\/td>\n<td style=\"width: 54pt; text-align: center;\" width=\"72\">Taille (cm)<\/td>\n<td style=\"width: 54pt; text-align: center;\" width=\"72\">Options de couleur<\/td>\n<\/tr>\n<tr style=\"height: 13.50pt;\">\n<td style=\"height: 13.5pt; text-align: center;\" align=\"right\" height=\"18\">63004054<\/td>\n<td style=\"text-align: center;\" align=\"right\">40<\/td>\n<td style=\"text-align: center;\">4.9&#215;3.6&#215;6.1<\/td>\n<td class=\"et2\" style=\"text-align: center;\" rowspan=\"7\">Effacer (Personnalis\u00e9)<\/td>\n<\/tr>\n<tr style=\"height: 13.50pt;\">\n<td style=\"height: 13.5pt; text-align: center;\" align=\"right\" height=\"18\">63013055<\/td>\n<td style=\"text-align: center;\" align=\"right\">130<\/td>\n<td style=\"text-align: center;\">7.4&#215;5.4&#215;8.4<\/td>\n<\/tr>\n<tr style=\"height: 13.50pt;\">\n<td style=\"height: 13.5pt; text-align: center;\" align=\"right\" height=\"18\">63020056<\/td>\n<td style=\"text-align: center;\" align=\"right\">200<\/td>\n<td style=\"text-align: center;\">8,4 \u00d7 6,0 \u00d7 10,3<\/td>\n<\/tr>\n<tr style=\"height: 13.50pt;\">\n<td style=\"height: 13.5pt; text-align: center;\" align=\"right\" height=\"18\">63030057<\/td>\n<td style=\"text-align: center;\" align=\"right\">300<\/td>\n<td style=\"text-align: center;\">\u2014<\/td>\n<\/tr>\n<tr style=\"height: 13.50pt;\">\n<td style=\"height: 13.5pt; text-align: center;\" align=\"right\" height=\"18\">63040058<\/td>\n<td style=\"text-align: center;\" align=\"right\">400<\/td>\n<td style=\"text-align: center;\">\u2014<\/td>\n<\/tr>\n<tr style=\"height: 13.50pt;\">\n<td style=\"height: 13.5pt; text-align: center;\" align=\"right\" height=\"18\">63048059<\/td>\n<td style=\"text-align: center;\" align=\"right\">480<\/td>\n<td style=\"text-align: center;\">10.7&#215;7.8&#215;13.2<\/td>\n<\/tr>\n<tr style=\"height: 13.50pt;\">\n<td style=\"height: 13.5pt; text-align: center;\" align=\"right\" height=\"18\">63060060<\/td>\n<td style=\"text-align: center;\" align=\"right\">600<\/td>\n<td style=\"text-align: center;\">12.4&#215;8.8&#215;14.5<\/td>\n<\/tr>\n<\/tbody>\n<\/table>\n<h2>Histoire \u00e0 succ\u00e8s<\/h2>\n<p>Une cha\u00eene de bars \u00e0 jus du sud de la Californie a choisi nos bocaux Mason de 473 ml (16 oz) avec poign\u00e9e et les a personnalis\u00e9s au laser. Ces bocaux ont connu un succ\u00e8s fulgurant\u00a0: ils ont permis aux employ\u00e9s de conserver les recettes \u00e0 la m\u00eame hauteur, ce qui leur a permis d\u2019\u00e9conomiser 10\u00a0% sur le co\u00fbt des ingr\u00e9dients, et les poign\u00e9es ont facilit\u00e9 leur manipulation, r\u00e9duisant ainsi les pertes de 25\u00a0%. Fort de ce succ\u00e8s, la cha\u00eene a command\u00e9 250\u00a0000 bocaux pour ses produits de vente au d\u00e9tail et ses nouveaux abonnements.<\/p>\n<h2>Bocaux en verre Mason avec poign\u00e9e personnalisable<\/h2>\n<ul>\n<li>Mat\u00e9riau et style des poign\u00e9es\u00a0: les poign\u00e9es peuvent \u00eatre en verre de la m\u00eame couleur que le pot, en \u00e9mail color\u00e9, ou recouvertes d\u2019un mat\u00e9riau comme le jute ou le cuir.<\/li>\n<li>Fonctions des couvercles\u00a0: les couvercles pour boissons se d\u00e9clinent en diff\u00e9rents styles, notamment les couvercles \u00e0 paille \u00e0 clapet, les couvercles avec des trous dans les pailles ou les doublures pour gobelets shaker, y compris pour les salades.<\/li>\n<li>Personnalisation des formats\u00a0: Des formats personnalis\u00e9s peuvent \u00eatre fournis pour r\u00e9pondre aux besoins sp\u00e9cifiques du march\u00e9 (par exemple, des pots \u00e0 caf\u00e9 de 12 onces, des pots \u00e0 limonade de 32 onces).<\/li>\n<\/ul>","protected":false},"excerpt":{"rendered":"<p>Bocal Mason \u00e9l\u00e9gant avec anse, en verre transparent et couvercle en m\u00e9tal. Id\u00e9al pour les boissons, les desserts et la conservation. \u00c9chantillons gratuits.<\/p>","protected":false},"featured_media":25529,"template":"","meta":[],"product_brand":[],"product_cat":[124,122,125],"product_tag":[],"class_list":{"0":"post-22245","1":"product","2":"type-product","3":"status-publish","4":"has-post-thumbnail","6":"product_cat-custom-glass-jars","7":"product_cat-custom-glass-packaging","8":"product_cat-mason-glass-jars","10":"first","11":"instock","12":"shipping-taxable","13":"product-type-simple"},"jetpack_sharing_enabled":true,"_links":{"self":[{"href":"https:\/\/yebodaglass.com\/fr\/wp-json\/wp\/v2\/product\/22245","targetHints":{"allow":["GET"]}}],"collection":[{"href":"https:\/\/yebodaglass.com\/fr\/wp-json\/wp\/v2\/product"}],"about":[{"href":"https:\/\/yebodaglass.com\/fr\/wp-json\/wp\/v2\/types\/product"}],"version-history":[{"count":5,"href":"https:\/\/yebodaglass.com\/fr\/wp-json\/wp\/v2\/product\/22245\/revisions"}],"predecessor-version":[{"id":25532,"href":"https:\/\/yebodaglass.com\/fr\/wp-json\/wp\/v2\/product\/22245\/revisions\/25532"}],"wp:featuredmedia":[{"embeddable":true,"href":"https:\/\/yebodaglass.com\/fr\/wp-json\/wp\/v2\/media\/25529"}],"wp:attachment":[{"href":"https:\/\/yebodaglass.com\/fr\/wp-json\/wp\/v2\/media?parent=22245"}],"wp:term":[{"taxonomy":"product_brand","embeddable":true,"href":"https:\/\/yebodaglass.com\/fr\/wp-json\/wp\/v2\/product_brand?post=22245"},{"taxonomy":"product_cat","embeddable":true,"href":"https:\/\/yebodaglass.com\/fr\/wp-json\/wp\/v2\/product_cat?post=22245"},{"taxonomy":"product_tag","embeddable":true,"href":"https:\/\/yebodaglass.com\/fr\/wp-json\/wp\/v2\/product_tag?post=22245"}],"curies":[{"name":"wp","href":"https:\/\/api.w.org\/{rel}","templated":true}]}}