{"id":22238,"date":"2025-10-11T13:14:08","date_gmt":"2025-10-11T05:14:08","guid":{"rendered":"https:\/\/yebodaglass.com\/?post_type=product&#038;p=22238"},"modified":"2026-03-26T14:45:20","modified_gmt":"2026-03-26T06:45:20","slug":"rectangular-amber-glass-olive-oil-bottles-for-cooking-bulk","status":"publish","type":"product","link":"https:\/\/yebodaglass.com\/fr\/produit\/rectangular-amber-glass-olive-oil-bottles-for-cooking-bulk\/","title":{"rendered":"Bouteilles d&#039;huile d&#039;olive rectangulaires en verre ambr\u00e9 de 250 ml, 500 ml et 750 ml pour la cuisine en vrac"},"content":{"rendered":"<p>Ce sont des bouteilles d&#039;huile d&#039;olive en verre ambr\u00e9, de forme \u00e9lanc\u00e9e et rectangulaire, qui prot\u00e8gent efficacement l&#039;huile d&#039;olive de qualit\u00e9 de la d\u00e9gradation par la lumi\u00e8re. Elles existent en diff\u00e9rentes tailles et sont munies d&#039;un bouchon \u00e0 vis noir, s\u00fbr et fiable.<\/p>\n<h2>Caract\u00e9ristiques du produit<\/h2>\n<ul>\n<li><strong>Bouteille ambr\u00e9e opaque pour le corps :<\/strong> Le verre ambr\u00e9 est extr\u00eamement transparent et cette transparence \u00e9limine efficacement les rayons UV, ce qui augmente la dur\u00e9e de conservation de l&#039;huile.<\/li>\n<li><strong>Forme de bouteille carr\u00e9e arrondie :<\/strong> La forme carr\u00e9e arrondie des bouteilles est facile \u00e0 tenir ; elle n&#039;est pas glissante, ce qui facilite leur empilage.<\/li>\n<li><strong>Bouchon \u00e0 vis d&#039;\u00e9tanch\u00e9it\u00e9 noir\u00a0:<\/strong> Le bouchon \u00e0 vis noir offre une tr\u00e8s bonne \u00e9tanch\u00e9it\u00e9, \u00e9vitant ainsi les fuites d&#039;huile et l&#039;\u00e9vaporation.<\/li>\n<\/ul>\n<h2>Sp\u00e9cifications cl\u00e9s<\/h2>\n<table style=\"border-collapse: collapse; margin-left: auto; margin-right: auto; width: 642.77pt;\" border=\"0\" width=\"857\" cellspacing=\"0\" cellpadding=\"0\">\n<tbody>\n<tr style=\"height: 13.50pt;\">\n<td style=\"height: 13.50pt; width: 99.75pt;\" width=\"133\" height=\"18\">Fonctionnalit\u00e9<\/td>\n<td style=\"width: 543.00pt;\" width=\"724\">Sp\u00e9cification<\/td>\n<\/tr>\n<tr style=\"height: 13.50pt;\">\n<td style=\"height: 13.50pt;\" height=\"18\">Dimensions<\/td>\n<td>4,7\u00d74,7\u00d721cm (250ml), 5,8\u00d75,8\u00d726,4cm (500ml), 6,5\u00d76,5\u00d730,2cm (750ml)<\/td>\n<\/tr>\n<tr style=\"height: 13.50pt;\">\n<td style=\"height: 13.50pt;\" height=\"18\">Tour de cou<\/td>\n<td>Filetage 19 mm x 30 mm<\/td>\n<\/tr>\n<tr style=\"height: 13.50pt;\">\n<td style=\"height: 13.50pt;\" height=\"18\">Mat\u00e9riel<\/td>\n<td>Verre ambr\u00e9 anti-UV<\/td>\n<\/tr>\n<tr style=\"height: 13.50pt;\">\n<td style=\"height: 13.50pt;\" height=\"18\">Forme<\/td>\n<td>Rectangulaire (verre carr\u00e9)<\/td>\n<\/tr>\n<tr style=\"height: 13.50pt;\">\n<td style=\"height: 13.50pt;\" height=\"18\">Id\u00e9al pour<\/td>\n<td>Huile d&#039;olive, vinaigre, huiles de cuisson, marinades<\/td>\n<\/tr>\n<tr style=\"height: 13.50pt;\">\n<td style=\"height: 13.50pt;\" height=\"18\">Utilisation id\u00e9ale<\/td>\n<td>Bouteilles \u00e0 huile pour la cuisson, huiliers-vinaigriers, mise en bouteille en gros, rangement pour la cuisine<\/td>\n<\/tr>\n<\/tbody>\n<\/table>\n<h2>\u00c9tude de cas : Une marque de luxe d&#039;un importateur italien d&#039;huile d&#039;olive<\/h2>\n<p>Nos bouteilles d&#039;huile d&#039;olive en verre ambr\u00e9 de 500 ml ont \u00e9t\u00e9 s\u00e9lectionn\u00e9es par un importateur italien d&#039;huile d&#039;olive de la c\u00f4te ouest am\u00e9ricaine. Le design des \u00e9tiquettes s\u00e9rigraphi\u00e9es au style vintage et des joints anti-gouttes a \u00e9t\u00e9 personnalis\u00e9. La protection UV, essentielle, a permis de prolonger la dur\u00e9e de conservation optimale de l&#039;huile d&#039;olive de six mois et d&#039;augmenter les ventes de 65 %. L&#039;importateur, tr\u00e8s satisfait, a command\u00e9 500\u00a0000 bouteilles suppl\u00e9mentaires de sa nouvelle gamme d&#039;huile d&#039;olive aromatis\u00e9e \u00e0 la truffe et au piment.<\/p>\n<h2>Recommandations de personnalisation<\/h2>\n<ul>\n<li><strong>Logos grav\u00e9s\u00a0:<\/strong> Le meilleur moyen de valoriser votre marque est de faire graver votre logo sur le verre carr\u00e9. C&#039;est la solution id\u00e9ale pour les clients grossistes souhaitant accro\u00eetre leur notori\u00e9t\u00e9.<\/li>\n<li><strong>Teintes pour verre color\u00e9\u00a0:<\/strong> Si vous souhaitez des bouteilles d&#039;huile ambr\u00e9es originales pour la cuisine, la solution est de transformer la couleur verte actuelle en une nuance de vert plus fonc\u00e9e ou plus claire, adapt\u00e9e aux couleurs de votre marque.<\/li>\n<li><strong>Mentions de remise de dipl\u00f4mes\u00a0:<\/strong> Pour faciliter le dosage pr\u00e9cis du liquide, on peut par exemple graver les graduations sur le verre d&#039;huile de cuisson, ce qui le rendra id\u00e9al pour la cuisine.<\/li>\n<li><strong>Finition mate :<\/strong> La surface du verre est recouverte d&#039;un rev\u00eatement mat r\u00e9sistant aux empreintes digitales, et la bouteille conserve son aspect doux et \u00e9l\u00e9gant\u00a0; cette caract\u00e9ristique est particuli\u00e8rement int\u00e9ressante pour le march\u00e9 haut de gamme de l&#039;huile d&#039;olive.<\/li>\n<\/ul>","protected":false},"excerpt":{"rendered":"<p>Bouteilles d&#039;huile d&#039;olive rectangulaires en verre ambr\u00e9 de qualit\u00e9 sup\u00e9rieure, avec bouchons noirs. Bouteilles d&#039;huile r\u00e9sistantes et \u00e9l\u00e9gantes pour la cuisine. Vente directe d&#039;usine, livraison rapide.<\/p>","protected":false},"featured_media":25637,"template":"","meta":[],"product_brand":[],"product_cat":[126,123,122],"product_tag":[],"class_list":{"0":"post-22238","1":"product","2":"type-product","3":"status-publish","4":"has-post-thumbnail","6":"product_cat-olive-oil-bottles","7":"product_cat-custom-glass-bottles","8":"product_cat-custom-glass-packaging","10":"first","11":"instock","12":"shipping-taxable","13":"product-type-simple"},"jetpack_sharing_enabled":true,"_links":{"self":[{"href":"https:\/\/yebodaglass.com\/fr\/wp-json\/wp\/v2\/product\/22238","targetHints":{"allow":["GET"]}}],"collection":[{"href":"https:\/\/yebodaglass.com\/fr\/wp-json\/wp\/v2\/product"}],"about":[{"href":"https:\/\/yebodaglass.com\/fr\/wp-json\/wp\/v2\/types\/product"}],"version-history":[{"count":5,"href":"https:\/\/yebodaglass.com\/fr\/wp-json\/wp\/v2\/product\/22238\/revisions"}],"predecessor-version":[{"id":25573,"href":"https:\/\/yebodaglass.com\/fr\/wp-json\/wp\/v2\/product\/22238\/revisions\/25573"}],"wp:featuredmedia":[{"embeddable":true,"href":"https:\/\/yebodaglass.com\/fr\/wp-json\/wp\/v2\/media\/25637"}],"wp:attachment":[{"href":"https:\/\/yebodaglass.com\/fr\/wp-json\/wp\/v2\/media?parent=22238"}],"wp:term":[{"taxonomy":"product_brand","embeddable":true,"href":"https:\/\/yebodaglass.com\/fr\/wp-json\/wp\/v2\/product_brand?post=22238"},{"taxonomy":"product_cat","embeddable":true,"href":"https:\/\/yebodaglass.com\/fr\/wp-json\/wp\/v2\/product_cat?post=22238"},{"taxonomy":"product_tag","embeddable":true,"href":"https:\/\/yebodaglass.com\/fr\/wp-json\/wp\/v2\/product_tag?post=22238"}],"curies":[{"name":"wp","href":"https:\/\/api.w.org\/{rel}","templated":true}]}}