{"id":22237,"date":"2025-10-11T13:14:04","date_gmt":"2025-10-11T05:14:04","guid":{"rendered":"https:\/\/yebodaglass.com\/?post_type=product&#038;p=22237"},"modified":"2025-10-11T16:34:58","modified_gmt":"2025-10-11T08:34:58","slug":"bulk-stainless-steel-oil-glass-container-with-glass-base","status":"publish","type":"product","link":"https:\/\/yebodaglass.com\/fr\/bulk-stainless-steel-oil-glass-container-with-glass-base\/","title":{"rendered":"R\u00e9cipient en verre pour huile en vrac en acier inoxydable avec base en verre \u2013 200 ml, 300 ml, 500 ml"},"content":{"rendered":"<p>Ces flacons \u00e0 huile en verre transparent avec des finitions argent\u00e9es sont munis d&#039;un bec verseur et sont disponibles en diff\u00e9rentes tailles.<\/p>\n<h2>Caract\u00e9ristiques du produit<\/h2>\n<ul>\n<li><strong>Design contemporain et minimaliste :<\/strong> L&#039;alliance du verre et du m\u00e9tal, d&#039;une grande simplicit\u00e9, s&#039;harmonise avec tous les styles de cuisine, faisant ainsi de cet objet un parfait m\u00e9lange d&#039;esth\u00e9tique et de fonctionnalit\u00e9.<\/li>\n<li><strong>Bec verseur d\u00e9di\u00e9\u00a0:<\/strong> Ils sont disponibles avec diff\u00e9rents styles de becs verseurs en m\u00e9tal, qui permettent non seulement de contr\u00f4ler pr\u00e9cis\u00e9ment le d\u00e9bit, mais aussi de r\u00e9duire les d\u00e9versements et d&#039;optimiser au maximum la facilit\u00e9 d&#039;utilisation.<\/li>\n<li><strong>Combinaison verre-m\u00e9tal :<\/strong> La partie inf\u00e9rieure du flacon est en verre transparent afin que le niveau d&#039;huile restant soit facilement visible, tandis que la partie sup\u00e9rieure est en m\u00e9tal, ce qui lui conf\u00e8re une impression de qualit\u00e9 et de durabilit\u00e9.<\/li>\n<\/ul>\n<h2>Sp\u00e9cifications cl\u00e9s<\/h2>\n<table style=\"border-collapse: collapse; margin-left: auto; margin-right: auto; width: 642.77pt;\" border=\"0\" width=\"857\" cellspacing=\"0\" cellpadding=\"0\">\n<tbody>\n<tr style=\"height: 13.50pt;\">\n<td style=\"height: 13.50pt; width: 99.75pt;\" width=\"133\" height=\"18\">Fonctionnalit\u00e9<\/td>\n<td style=\"width: 543.00pt;\" width=\"724\">Sp\u00e9cification<\/td>\n<\/tr>\n<tr style=\"height: 13.50pt;\">\n<td style=\"height: 13.50pt;\" height=\"18\">Dimensions<\/td>\n<td>3,0\u00d76,5\u00d715,0 cm (200 ml), 3,0\u00d76,5\u00d721,0 cm (300 ml), 3,0\u00d77,4\u00d724,7 cm (500 ml)<\/td>\n<\/tr>\n<tr style=\"height: 13.50pt;\">\n<td style=\"height: 13.50pt;\" height=\"18\">Mat\u00e9riel<\/td>\n<td>Corps en verre transparent, bec verseur en acier inoxydable<\/td>\n<\/tr>\n<tr style=\"height: 13.50pt;\">\n<td style=\"height: 13.50pt;\" height=\"18\">Options de couvercle<\/td>\n<td>Bec verseur rabattable en acier inoxydable, bouchon solide<\/td>\n<\/tr>\n<tr style=\"height: 13.50pt;\">\n<td style=\"height: 13.50pt;\" height=\"18\">Id\u00e9al pour<\/td>\n<td>Huile d&#039;olive, vinaigre, vinaigrettes, coffrets d&#039;huile et de vinaigre<\/td>\n<\/tr>\n<tr style=\"height: 13.50pt;\">\n<td style=\"height: 13.50pt;\" height=\"18\">Utilisation id\u00e9ale<\/td>\n<td>Bouteille d&#039;huile en acier inoxydable, rangement de cuisine, bouteille en verre pour huile en gros<\/td>\n<\/tr>\n<\/tbody>\n<\/table>\n<h2>R\u00e9ussite : Un choix transformateur pour le secteur de la restauration<\/h2>\n<p>Cette entreprise de restauration de taille moyenne \u00e9tait d\u00e9\u00e7ue par l&#039;utilisation persistante de bouteilles d&#039;huile fragiles et sujettes aux fuites. Depuis qu&#039;elle utilise nos bouteilles d&#039;huile en verre en gros, tout a chang\u00e9. Tout d&#039;abord, la robustesse des bouteilles en acier inoxydable a permis de r\u00e9duire de 40 % le nombre de casses. Ensuite, le bec verseur pr\u00e9cis facilite le dosage de l&#039;huile ou du vinaigre, ce qui repr\u00e9sente un gain de temps consid\u00e9rable lors du nettoyage. Enfin, les clients sont conquis par le design moderne des bouteilles, et les commandes r\u00e9currentes ont augment\u00e9 de 25 %. Certains souhaitent m\u00eame en acheter pour leur domicile ! Actuellement, notre \u00e9quipe de restauration passe une commande group\u00e9e chaque trimestre.<\/p>\n<h2>Id\u00e9es de personnalisation<\/h2>\n<p>Envie de donner un style unique \u00e0 votre flacon d&#039;huile en verre\u00a0? Essayez ces transformations\u00a0!<\/p>\n<ul>\n<li>Teintes de verre color\u00e9es\u00a0: Teinter le verre transparent en vert ou en bleu clair (au lieu de le laisser transparent) pour correspondre aux couleurs de la marque des bouteilles d\u2019huile d\u2019olive.<\/li>\n<li>Logos d\u00e9polis\u00a0: Cr\u00e9ez une zone d\u00e9polie sur le verre pour les logos de vos clients\u00a0; cela donne un aspect haut de gamme et ne se d\u00e9colle pas comme les autocollants.<\/li>\n<li>Lignes de remplissage grav\u00e9es au laser \u2013 Marqueurs de ml grav\u00e9s directement dans le verre. Facilite la mise en bouteille et offre un contr\u00f4le pr\u00e9cis.<\/li>\n<\/ul>\n<p>Envie de renouveler votre gamme de flacons d&#039;huile\u00a0? Contactez-nous d\u00e8s aujourd&#039;hui pour discuter de vos commandes en gros ou de vos besoins de personnalisation\u00a0\u2014 nous sommes l\u00e0 pour vous accompagner vers le succ\u00e8s\u00a0!<\/p>","protected":false},"excerpt":{"rendered":"<p>R\u00e9cipient \u00e0 huile moderne en verre avec couvercle et bec verseur en acier inoxydable. Durable, personnalisable et id\u00e9al pour la personnalisation de votre cuisine. Remises sur les commandes en gros.<\/p>","protected":false},"featured_media":22262,"template":"","meta":[],"product_brand":[],"product_cat":[122,123,126],"product_tag":[],"class_list":{"0":"post-22237","1":"product","2":"type-product","3":"status-publish","4":"has-post-thumbnail","6":"product_cat-custom-glass-packaging","7":"product_cat-custom-glass-bottles","8":"product_cat-olive-oil-bottles","10":"first","11":"instock","12":"shipping-taxable","13":"product-type-simple"},"jetpack_sharing_enabled":true,"_links":{"self":[{"href":"https:\/\/yebodaglass.com\/fr\/wp-json\/wp\/v2\/product\/22237","targetHints":{"allow":["GET"]}}],"collection":[{"href":"https:\/\/yebodaglass.com\/fr\/wp-json\/wp\/v2\/product"}],"about":[{"href":"https:\/\/yebodaglass.com\/fr\/wp-json\/wp\/v2\/types\/product"}],"version-history":[{"count":5,"href":"https:\/\/yebodaglass.com\/fr\/wp-json\/wp\/v2\/product\/22237\/revisions"}],"predecessor-version":[{"id":22270,"href":"https:\/\/yebodaglass.com\/fr\/wp-json\/wp\/v2\/product\/22237\/revisions\/22270"}],"wp:featuredmedia":[{"embeddable":true,"href":"https:\/\/yebodaglass.com\/fr\/wp-json\/wp\/v2\/media\/22262"}],"wp:attachment":[{"href":"https:\/\/yebodaglass.com\/fr\/wp-json\/wp\/v2\/media?parent=22237"}],"wp:term":[{"taxonomy":"product_brand","embeddable":true,"href":"https:\/\/yebodaglass.com\/fr\/wp-json\/wp\/v2\/product_brand?post=22237"},{"taxonomy":"product_cat","embeddable":true,"href":"https:\/\/yebodaglass.com\/fr\/wp-json\/wp\/v2\/product_cat?post=22237"},{"taxonomy":"product_tag","embeddable":true,"href":"https:\/\/yebodaglass.com\/fr\/wp-json\/wp\/v2\/product_tag?post=22237"}],"curies":[{"name":"wp","href":"https:\/\/api.w.org\/{rel}","templated":true}]}}