{"id":22236,"date":"2025-10-11T17:47:19","date_gmt":"2025-10-11T09:47:19","guid":{"rendered":"https:\/\/yebodaglass.com\/?post_type=product&#038;p=22236"},"modified":"2026-03-19T15:32:24","modified_gmt":"2026-03-19T07:32:24","slug":"cylindrical-clear-small-glass-mason-jars-bulk","status":"publish","type":"product","link":"https:\/\/yebodaglass.com\/fr\/produit\/cylindrical-clear-small-glass-mason-jars-bulk\/","title":{"rendered":"Bocaux Mason cylindriques en verre transparent de 100 ml \u00e0 480 ml (vente en gros)"},"content":{"rendered":"<p>Ce sont de petits bocaux en verre transparent, lisses et \u00e0 parois droites. Leur large ouverture et leur filetage r\u00e9gulier facilitent le remplissage et la fermeture. Ils peuvent \u00eatre utilis\u00e9s avec des couvercles \u00e0 vis en m\u00e9tal argent\u00e9, dor\u00e9 ou noir.<\/p>\n<h2>Caract\u00e9ristiques du produit<\/h2>\n<ul>\n<li><strong>Conception filet\u00e9e \u00e0 large ouverture\u00a0:<\/strong> Gr\u00e2ce \u00e0 sa large ouverture, il est facile \u00e0 remplir, \u00e0 vider et \u00e0 nettoyer, et peut \u00eatre utilis\u00e9 avec des ustensiles comme des cuill\u00e8res \u00e0 miel.<\/li>\n<li><strong>Bouchons m\u00e9talliques multicolores\u00a0:<\/strong> Les diff\u00e9rents produits se distinguent facilement gr\u00e2ce \u00e0 la vari\u00e9t\u00e9 des finitions des capuchons m\u00e9talliques (argent, or, noir), ce qui leur conf\u00e8re une image haut de gamme.<\/li>\n<li><strong>Verre d&#039;affichage d&#039;une puret\u00e9 cristalline\u00a0:<\/strong> Le verre est si transparent qu&#039;on peut voir son contenu, comme du miel dor\u00e9 et des \u00e9pices color\u00e9es, et s&#039;\u00e9merveiller de leur beaut\u00e9.<\/li>\n<\/ul>\n<h2><strong data-spm-anchor-id=\"5176.28103460.0.i18.29ab2e31DydezZ\">Sp\u00e9cifications cl\u00e9s <\/strong><\/h2>\n<table style=\"border-collapse: collapse; width: 80%; margin-left: auto; margin-right: auto;\" border=\"0\" width=\"288\" cellspacing=\"0\" cellpadding=\"0\">\n<tbody>\n<tr style=\"height: 13.50pt;\">\n<td style=\"height: 13.5pt; width: 54pt; text-align: center;\" width=\"72\" height=\"18\">Mod\u00e8le<\/td>\n<td style=\"width: 54pt; text-align: center;\" width=\"72\">Capacit\u00e9 (ml)<\/td>\n<td style=\"width: 54pt; text-align: center;\" width=\"72\">Taille (cm)<\/td>\n<td style=\"width: 54pt; text-align: center;\" width=\"72\">Options de couleur<\/td>\n<\/tr>\n<tr style=\"height: 13.50pt;\">\n<td style=\"height: 13.5pt; text-align: center;\" align=\"right\" height=\"18\">63010050<\/td>\n<td style=\"text-align: center;\" align=\"right\">100<\/td>\n<td style=\"text-align: center;\">7.4&#215;4.2<\/td>\n<td class=\"et2\" style=\"text-align: center;\" rowspan=\"4\">Effacer (Personnalis\u00e9)<\/td>\n<\/tr>\n<tr style=\"height: 13.50pt;\">\n<td style=\"height: 13.5pt; text-align: center;\" align=\"right\" height=\"18\">63028051<\/td>\n<td style=\"text-align: center;\" align=\"right\">280<\/td>\n<td style=\"text-align: center;\">7.4&#215;9.5<\/td>\n<\/tr>\n<tr style=\"height: 13.50pt;\">\n<td style=\"height: 13.5pt; text-align: center;\" align=\"right\" height=\"18\">63035052<\/td>\n<td style=\"text-align: center;\" align=\"right\">350<\/td>\n<td style=\"text-align: center;\">7.4&#215;12.0<\/td>\n<\/tr>\n<tr style=\"height: 13.50pt;\">\n<td style=\"height: 13.5pt; text-align: center;\" align=\"right\" height=\"18\">63048053<\/td>\n<td style=\"text-align: center;\" align=\"right\">480<\/td>\n<td style=\"text-align: center;\">7.4&#215;15.0<\/td>\n<\/tr>\n<\/tbody>\n<\/table>\n<h2>T\u00e9moignage de r\u00e9ussite\u00a0: Expansion d\u2019une gamme de cadeaux pour une ferme apicole du Vermont<\/h2>\n<p>Notre petit pot \u00e0 miel Mason a \u00e9t\u00e9 choisi par une exploitation apicole familiale du Vermont, et son verre ambr\u00e9 a \u00e9t\u00e9 personnalis\u00e9. Ces pots sur mesure ont connu un succ\u00e8s retentissant\u00a0: le verre ambr\u00e9 offrait une protection UV suffisante pour am\u00e9liorer de 30\u00a0% la perception de la qualit\u00e9 du produit par les consommateurs, et le verre lui-m\u00eame, d&#039;une clart\u00e9 cristalline, a permis d&#039;augmenter de moiti\u00e9 les ventes de ses produits cadeaux haut de gamme. Fort de ce succ\u00e8s, l&#039;apiculteur a pass\u00e9 une nouvelle commande de 550\u00a0000 pots pour conditionner son miel de saison et le vendre aux boutiques de Nouvelle-Angleterre.<\/p>\n<h2>Personnalisation de petits bocaux Mason en verre<\/h2>\n<ul>\n<li>Couleurs du verre\u00a0: Ils sont disponibles en bocaux en verre clair (transparent traditionnel), en bocaux en verre ambr\u00e9 et en bocaux en verre bleu (adapt\u00e9s aux produits sensibles \u00e0 la lumi\u00e8re).<\/li>\n<li>Options de mat\u00e9riaux pour le couvercle\u00a0: Le couvercle peut \u00eatre en cuivre, en or rose ou mat.<\/li>\n<li>Personnalisation des dimensions\u00a0: Les bocaux peuvent \u00eatre personnalis\u00e9s en trois ou quatre tailles afin de constituer des coffrets cadeaux complets ou des ensembles de rangement.<\/li>\n<\/ul>","protected":false},"excerpt":{"rendered":"<p>Petits bocaux Mason en verre transparent \u00e0 large ouverture pour un remplissage facile. Id\u00e9aux pour le miel, ils conviennent parfaitement \u00e0 la conservation en cuisine et \u00e0 la vente au d\u00e9tail. Vente directe d&#039;usine.<\/p>","protected":false},"featured_media":25525,"template":"","meta":[],"product_brand":[],"product_cat":[122,124,125],"product_tag":[],"class_list":{"0":"post-22236","1":"product","2":"type-product","3":"status-publish","4":"has-post-thumbnail","6":"product_cat-custom-glass-packaging","7":"product_cat-custom-glass-jars","8":"product_cat-mason-glass-jars","10":"first","11":"instock","12":"shipping-taxable","13":"product-type-simple"},"jetpack_sharing_enabled":true,"_links":{"self":[{"href":"https:\/\/yebodaglass.com\/fr\/wp-json\/wp\/v2\/product\/22236","targetHints":{"allow":["GET"]}}],"collection":[{"href":"https:\/\/yebodaglass.com\/fr\/wp-json\/wp\/v2\/product"}],"about":[{"href":"https:\/\/yebodaglass.com\/fr\/wp-json\/wp\/v2\/types\/product"}],"version-history":[{"count":5,"href":"https:\/\/yebodaglass.com\/fr\/wp-json\/wp\/v2\/product\/22236\/revisions"}],"predecessor-version":[{"id":25526,"href":"https:\/\/yebodaglass.com\/fr\/wp-json\/wp\/v2\/product\/22236\/revisions\/25526"}],"wp:featuredmedia":[{"embeddable":true,"href":"https:\/\/yebodaglass.com\/fr\/wp-json\/wp\/v2\/media\/25525"}],"wp:attachment":[{"href":"https:\/\/yebodaglass.com\/fr\/wp-json\/wp\/v2\/media?parent=22236"}],"wp:term":[{"taxonomy":"product_brand","embeddable":true,"href":"https:\/\/yebodaglass.com\/fr\/wp-json\/wp\/v2\/product_brand?post=22236"},{"taxonomy":"product_cat","embeddable":true,"href":"https:\/\/yebodaglass.com\/fr\/wp-json\/wp\/v2\/product_cat?post=22236"},{"taxonomy":"product_tag","embeddable":true,"href":"https:\/\/yebodaglass.com\/fr\/wp-json\/wp\/v2\/product_tag?post=22236"}],"curies":[{"name":"wp","href":"https:\/\/api.w.org\/{rel}","templated":true}]}}