{"id":22178,"date":"2025-10-10T17:32:34","date_gmt":"2025-10-10T09:32:34","guid":{"rendered":"https:\/\/yebodaglass.com\/?post_type=product&#038;p=22178"},"modified":"2026-03-19T14:42:13","modified_gmt":"2026-03-19T06:42:13","slug":"clear-wide-mouth-mason-jar-with-lid-bulk","status":"publish","type":"product","link":"https:\/\/yebodaglass.com\/fr\/produit\/clear-wide-mouth-mason-jar-with-lid-bulk\/","title":{"rendered":"Bocal Mason transparent \u00e0 large ouverture avec couvercle, 220 ml \u2013 480 ml (vente en gros)"},"content":{"rendered":"<p>Ce bocal Mason \u00e0 large ouverture, dot\u00e9 d&#039;un couvercle et d&#039;un \u00e9l\u00e9gant corps en verre transparent aux parois plates, se d\u00e9cline avec de superbes couvercles en m\u00e9tal rouge, noir, cuivre et or. Le contenu reste parfaitement visible \u00e0 travers le verre transparent.<\/p>\n<h2>Caract\u00e9ristiques du produit<\/h2>\n<ul>\n<li><strong>Bocal en verre classique \u00e0 parois droites\u00a0:<\/strong> Il s&#039;agit d&#039;une forme cylindrique simple, durable et robuste, facile \u00e0 nettoyer et qui permet de voir clairement le produit \u00e0 l&#039;int\u00e9rieur.<\/li>\n<li><strong>Couvercles m\u00e9talliques color\u00e9s interchangeables\u00a0:<\/strong> Les bouchons \u00e0 vis sont vendus en rouge, noir, cuivre ou or pour assurer une fermeture herm\u00e9tique et une personnalisation unique.<\/li>\n<li><strong>Verre d&#039;affichage transparent comme du cristal :<\/strong> C\u2019est le verre \u00e0 haute transparence qui rend ces bocaux id\u00e9aux pour la vente au d\u00e9tail, car la qualit\u00e9 et la couleur du produit sont parfaitement visibles \u00e0 travers le verre.<\/li>\n<\/ul>\n<h2><strong data-spm-anchor-id=\"5176.28103460.0.i28.29ab2e31SnOOuR\">Sp\u00e9cifications cl\u00e9s<\/strong><\/h2>\n<table style=\"border-collapse: collapse; width: 80%; margin-left: auto; margin-right: auto;\" border=\"0\" width=\"360\" cellspacing=\"0\" cellpadding=\"0\">\n<tbody>\n<tr style=\"height: 13.50pt;\">\n<td style=\"height: 13.5pt; width: 54pt; text-align: center;\" width=\"72\" height=\"18\">Mod\u00e8le<\/td>\n<td style=\"width: 54pt; text-align: center;\" width=\"72\">Capacit\u00e9 (ml)<\/td>\n<td style=\"width: 54pt; text-align: center;\" width=\"72\">Taille (cm)<\/td>\n<td style=\"width: 54pt; text-align: center;\" width=\"72\">Options de couleur<\/td>\n<td style=\"width: 54pt; text-align: center;\" width=\"72\">Forme<\/td>\n<\/tr>\n<tr style=\"height: 13.50pt;\">\n<td style=\"height: 13.5pt; text-align: center;\" align=\"right\" height=\"18\">63022046<\/td>\n<td style=\"text-align: center;\" align=\"right\">220<\/td>\n<td style=\"text-align: center;\">9.3&#215;5.2<\/td>\n<td class=\"et2\" style=\"text-align: center;\" rowspan=\"4\">Effacer (Personnalis\u00e9)<\/td>\n<td class=\"et2\" style=\"text-align: center;\" rowspan=\"4\">Bouteille ronde courte et trapue<\/td>\n<\/tr>\n<tr style=\"height: 13.50pt;\">\n<td style=\"height: 13.5pt; text-align: center;\" align=\"right\" height=\"18\">63028047<\/td>\n<td style=\"text-align: center;\" align=\"right\">280<\/td>\n<td style=\"text-align: center;\">9.3&#215;6.6<\/td>\n<\/tr>\n<tr style=\"height: 13.50pt;\">\n<td style=\"height: 13.5pt; text-align: center;\" align=\"right\" height=\"18\">63037048<\/td>\n<td style=\"text-align: center;\" align=\"right\">370<\/td>\n<td style=\"text-align: center;\">9.3&#215;8.0<\/td>\n<\/tr>\n<tr style=\"height: 13.50pt;\">\n<td style=\"height: 13.5pt; text-align: center;\" align=\"right\" height=\"18\">63048049<\/td>\n<td style=\"text-align: center;\" align=\"right\">480<\/td>\n<td style=\"text-align: center;\">9.3&#215;9.6<\/td>\n<\/tr>\n<\/tbody>\n<\/table>\n<h2>Cas de r\u00e9ussite<\/h2>\n<p>Nos bocaux Mason en verre de 240 ml avec couvercle ont \u00e9t\u00e9 choisis par une entreprise texane de sauces piquantes, qui a ensuite con\u00e7u un emballage au design r\u00e9tro, avec un couvercle noir mat. Ce packaging haut de gamme a rencontr\u00e9 un succ\u00e8s fulgurant\u00a0: gr\u00e2ce \u00e0 son aspect attrayant et \u00e0 sa pr\u00e9sentation soign\u00e9e en rayon, l\u2019entreprise est d\u00e9sormais pr\u00e9sente dans 500 nouvelles \u00e9piceries fines, et le design distinctif du bocal a g\u00e9n\u00e9r\u00e9 300\u00a0% de contenu suppl\u00e9mentaire sur les r\u00e9seaux sociaux. Fort de ce succ\u00e8s, elle a pass\u00e9 une nouvelle commande de 200\u00a0000 bocaux de sa nouvelle gamme de cornichons \u00e9pic\u00e9s et de m\u00e9langes pour boissons.<\/p>\n<h2>Recommandations de personnalisation pour les bocaux Mason en verre avec couvercles<\/h2>\n<ul>\n<li>Impression directe sur verre\u00a0: Imprimez des graphismes, des logos ou des informations nutritionnelles en couleur et de fa\u00e7on permanente directement sur le verre pour lui donner un aspect haut de gamme sans \u00e9tiquette.<\/li>\n<li>Graduations en relief\u00a0: Des graduations en relief (tasses, onces, millilitres) sont obtenues et ajout\u00e9es sur le c\u00f4t\u00e9 du bocal, afin qu\u2019elles puissent \u00eatre facilement r\u00e9utilis\u00e9es en cuisine.<\/li>\n<li>Accessoires sp\u00e9ciaux pour couvercles\u00a0: Fournissez des couvercles qui peuvent transformer le bocal en shaker, en bec verseur, en couvercle pour boire ou en valve de fermentation.<\/li>\n<\/ul>","protected":false},"excerpt":{"rendered":"<p>Bocal Mason \u00e0 large ouverture de qualit\u00e9 sup\u00e9rieure avec couvercle \u00e0 fermeture herm\u00e9tique. Bocaux en verre avec couvercle, parfaits pour le stockage en vrac et le conditionnement au d\u00e9tail. En stock.<\/p>","protected":false},"featured_media":25520,"template":"","meta":[],"product_brand":[],"product_cat":[122,124,125],"product_tag":[],"class_list":{"0":"post-22178","1":"product","2":"type-product","3":"status-publish","4":"has-post-thumbnail","6":"product_cat-custom-glass-packaging","7":"product_cat-custom-glass-jars","8":"product_cat-mason-glass-jars","10":"first","11":"instock","12":"shipping-taxable","13":"product-type-simple"},"jetpack_sharing_enabled":true,"_links":{"self":[{"href":"https:\/\/yebodaglass.com\/fr\/wp-json\/wp\/v2\/product\/22178","targetHints":{"allow":["GET"]}}],"collection":[{"href":"https:\/\/yebodaglass.com\/fr\/wp-json\/wp\/v2\/product"}],"about":[{"href":"https:\/\/yebodaglass.com\/fr\/wp-json\/wp\/v2\/types\/product"}],"version-history":[{"count":5,"href":"https:\/\/yebodaglass.com\/fr\/wp-json\/wp\/v2\/product\/22178\/revisions"}],"predecessor-version":[{"id":25523,"href":"https:\/\/yebodaglass.com\/fr\/wp-json\/wp\/v2\/product\/22178\/revisions\/25523"}],"wp:featuredmedia":[{"embeddable":true,"href":"https:\/\/yebodaglass.com\/fr\/wp-json\/wp\/v2\/media\/25520"}],"wp:attachment":[{"href":"https:\/\/yebodaglass.com\/fr\/wp-json\/wp\/v2\/media?parent=22178"}],"wp:term":[{"taxonomy":"product_brand","embeddable":true,"href":"https:\/\/yebodaglass.com\/fr\/wp-json\/wp\/v2\/product_brand?post=22178"},{"taxonomy":"product_cat","embeddable":true,"href":"https:\/\/yebodaglass.com\/fr\/wp-json\/wp\/v2\/product_cat?post=22178"},{"taxonomy":"product_tag","embeddable":true,"href":"https:\/\/yebodaglass.com\/fr\/wp-json\/wp\/v2\/product_tag?post=22178"}],"curies":[{"name":"wp","href":"https:\/\/api.w.org\/{rel}","templated":true}]}}