{"id":22150,"date":"2025-10-10T17:26:27","date_gmt":"2025-10-10T09:26:27","guid":{"rendered":"https:\/\/yebodaglass.com\/?post_type=product&#038;p=22150"},"modified":"2026-03-20T15:31:19","modified_gmt":"2026-03-20T07:31:19","slug":"cylindrical-mason-glass-jars-with-lids-bulk","status":"publish","type":"product","link":"https:\/\/yebodaglass.com\/fr\/produit\/cylindrical-mason-glass-jars-with-lids-bulk\/","title":{"rendered":"Bocaux cylindriques en verre Mason de 70 ml \u00e0 380 ml avec couvercles (vente en gros)"},"content":{"rendered":"<p>Ce sont des bocaux en verre Mason, cylindriques et en verre transparent, avec un couvercle en m\u00e9tal argent\u00e9 poli. Personnalisables, ces bocaux Mason permettent d&#039;\u00e9tiqueter facilement leur contenu et d&#039;en montrer le contenu.<\/p>\n<h2>Caract\u00e9ristiques du produit<\/h2>\n<ul>\n<li><strong>Forme cylindrique simple :<\/strong> Les corps cylindriques \u00e0 fond plat sont droits ou larges pour assurer la stabilit\u00e9 et faciliter l&#039;empilage, tout en pr\u00e9sentant un aspect tr\u00e8s minimaliste.<\/li>\n<li><strong>Couvercle en m\u00e9tal argent\u00e9 mat :<\/strong> Les couvercles plats en m\u00e9tal argent\u00e9 mat assurent une \u00e9tanch\u00e9it\u00e9 parfaite et pr\u00e9sentent un aspect \u00e9l\u00e9gant et contemporain.<\/li>\n<li><strong>Verre clair \u00e0 haute transparence\u00a0:<\/strong> Le type de verre transparent id\u00e9al permet de voir facilement ce qui se trouve \u00e0 l&#039;int\u00e9rieur et de suivre les stocks.<\/li>\n<\/ul>\n<h2>Sp\u00e9cifications cl\u00e9s<\/h2>\n<table style=\"border-collapse: collapse; width: 80%; margin-left: auto; margin-right: auto;\" border=\"0\" width=\"360\" cellspacing=\"0\" cellpadding=\"0\">\n<tbody>\n<tr style=\"height: 13.50pt;\">\n<td style=\"height: 13.5pt; width: 54pt; text-align: center;\" width=\"72\" height=\"18\">Mod\u00e8le<\/td>\n<td style=\"width: 54pt; text-align: center;\" width=\"72\">Capacit\u00e9 (ml)<\/td>\n<td style=\"width: 54pt; text-align: center;\" width=\"72\">Forme<\/td>\n<td style=\"width: 54pt; text-align: center;\" width=\"72\">Taille (cm)<\/td>\n<td style=\"width: 54pt; text-align: center;\" width=\"72\">Options de couleur<\/td>\n<\/tr>\n<tr style=\"height: 13.50pt;\">\n<td style=\"height: 13.5pt; text-align: center;\" align=\"right\" height=\"18\">63007040<\/td>\n<td style=\"text-align: center;\" align=\"right\">70<\/td>\n<td class=\"et2\" style=\"text-align: center;\" rowspan=\"6\">Bouteille ronde droite<\/td>\n<td style=\"text-align: center;\">6.1&#215;4.5<\/td>\n<td class=\"et2\" style=\"text-align: center;\" rowspan=\"6\">Effacer (Personnalis\u00e9)<\/td>\n<\/tr>\n<tr style=\"height: 13.50pt;\">\n<td style=\"height: 13.5pt; text-align: center;\" align=\"right\" height=\"18\">63015041<\/td>\n<td style=\"text-align: center;\" align=\"right\">150<\/td>\n<td style=\"text-align: center;\">6.1&#215;8.1<\/td>\n<\/tr>\n<tr style=\"height: 13.50pt;\">\n<td style=\"height: 13.5pt; text-align: center;\" align=\"right\" height=\"18\">63020042<\/td>\n<td style=\"text-align: center;\" align=\"right\">200<\/td>\n<td style=\"text-align: center;\">6.1&#215;10.0<\/td>\n<\/tr>\n<tr style=\"height: 13.50pt;\">\n<td style=\"height: 13.5pt; text-align: center;\" align=\"right\" height=\"18\">63024043<\/td>\n<td style=\"text-align: center;\" align=\"right\">240<\/td>\n<td style=\"text-align: center;\">6.1&#215;12.1<\/td>\n<\/tr>\n<tr style=\"height: 13.50pt;\">\n<td style=\"height: 13.5pt; text-align: center;\" align=\"right\" height=\"18\">63028044<\/td>\n<td style=\"text-align: center;\" align=\"right\">280<\/td>\n<td style=\"text-align: center;\">6.1&#215;13.7<\/td>\n<\/tr>\n<tr style=\"height: 13.50pt;\">\n<td style=\"height: 13.5pt; text-align: center;\" align=\"right\" height=\"18\">63038045<\/td>\n<td style=\"text-align: center;\" align=\"right\">380<\/td>\n<td style=\"text-align: center;\">6.1&#215;17.3<\/td>\n<\/tr>\n<\/tbody>\n<\/table>\n<h2>Cas de r\u00e9ussite\u00a0: Une commande personnalis\u00e9e aupr\u00e8s d\u2019une cha\u00eene nationale de d\u00e9taillants de produits di\u00e9t\u00e9tiques<\/h2>\n<p>L&#039;une des principales cha\u00eenes de magasins de produits di\u00e9t\u00e9tiques a choisi nos bocaux Mason personnalis\u00e9s, avec graduations grav\u00e9es au laser et couvercles m\u00e9talliques. Les r\u00e9sultats de ce syst\u00e8me de personnalisation ont \u00e9t\u00e9 significatifs\u00a0: le nombre de graduations dans la zone en verre transparent a diminu\u00e9 de 20\u00a0%, r\u00e9duisant ainsi les risques de confusion et de d\u00e9versement dans le rayon vrac. L&#039;empilement et l&#039;uniformit\u00e9 des bocaux ont permis d&#039;optimiser leur rangement en rayon de 15\u00a0%. Fort de ces r\u00e9sultats, le magasin a pass\u00e9 une nouvelle commande de 300\u00a0000 bocaux pour ses rayons vrac uniformes dans les supermarch\u00e9s du pays.<\/p>\n<h2>Recommandations de personnalisation pour les bocaux en verre Mason avec couvercles<\/h2>\n<ul>\n<li>Gravure\/impression personnalis\u00e9e sur verre\u00a0: faites graver votre logo, motif ou design sur le verre \u00e0 l\u2019aide de lasers pour cr\u00e9er une marque haut de gamme permanente sur vos bocaux Mason personnalis\u00e9s.<\/li>\n<li>Mat\u00e9riaux et finitions des couvercles\u00a0: Finitions et mat\u00e9riaux\u00a0: Diff\u00e9rentes finitions et mat\u00e9riaux sont disponibles pour les couvercles plats, notamment le bambou, le plastique noir mat, le cuivre ou le m\u00e9tal or rose.<\/li>\n<li>Design carr\u00e9\/hexagonal Les bocaux Mason carr\u00e9s ou hexagonaux sont con\u00e7us dans des formes carr\u00e9es ou hexagonales modernes et peu encombrantes, avec couvercles, et peuvent \u00eatre plac\u00e9s de mani\u00e8re optimale sur les \u00e9tag\u00e8res.<\/li>\n<\/ul>","protected":false},"excerpt":{"rendered":"<p>Bocaux Mason haut de gamme personnalis\u00e9s avec couvercles. Large ouverture, id\u00e9aux pour le stockage alimentaire en gros de miel, sauces et \u00e9pices. Tailles sur mesure. Emballage pr\u00eat \u00e0 l&#039;emploi.<\/p>","protected":false},"featured_media":25542,"template":"","meta":[],"product_brand":[],"product_cat":[125,124,122],"product_tag":[],"class_list":{"0":"post-22150","1":"product","2":"type-product","3":"status-publish","4":"has-post-thumbnail","6":"product_cat-mason-glass-jars","7":"product_cat-custom-glass-jars","8":"product_cat-custom-glass-packaging","10":"first","11":"instock","12":"shipping-taxable","13":"product-type-simple"},"jetpack_sharing_enabled":true,"_links":{"self":[{"href":"https:\/\/yebodaglass.com\/fr\/wp-json\/wp\/v2\/product\/22150","targetHints":{"allow":["GET"]}}],"collection":[{"href":"https:\/\/yebodaglass.com\/fr\/wp-json\/wp\/v2\/product"}],"about":[{"href":"https:\/\/yebodaglass.com\/fr\/wp-json\/wp\/v2\/types\/product"}],"version-history":[{"count":5,"href":"https:\/\/yebodaglass.com\/fr\/wp-json\/wp\/v2\/product\/22150\/revisions"}],"predecessor-version":[{"id":25543,"href":"https:\/\/yebodaglass.com\/fr\/wp-json\/wp\/v2\/product\/22150\/revisions\/25543"}],"wp:featuredmedia":[{"embeddable":true,"href":"https:\/\/yebodaglass.com\/fr\/wp-json\/wp\/v2\/media\/25542"}],"wp:attachment":[{"href":"https:\/\/yebodaglass.com\/fr\/wp-json\/wp\/v2\/media?parent=22150"}],"wp:term":[{"taxonomy":"product_brand","embeddable":true,"href":"https:\/\/yebodaglass.com\/fr\/wp-json\/wp\/v2\/product_brand?post=22150"},{"taxonomy":"product_cat","embeddable":true,"href":"https:\/\/yebodaglass.com\/fr\/wp-json\/wp\/v2\/product_cat?post=22150"},{"taxonomy":"product_tag","embeddable":true,"href":"https:\/\/yebodaglass.com\/fr\/wp-json\/wp\/v2\/product_tag?post=22150"}],"curies":[{"name":"wp","href":"https:\/\/api.w.org\/{rel}","templated":true}]}}