{"id":22112,"date":"2025-10-10T17:24:25","date_gmt":"2025-10-10T09:24:25","guid":{"rendered":"https:\/\/yebodaglass.com\/?post_type=product&#038;p=22112"},"modified":"2026-03-20T13:59:59","modified_gmt":"2026-03-20T05:59:59","slug":"clear-glass-mason-jars-with-diamond-pattern-bulk","status":"publish","type":"product","link":"https:\/\/yebodaglass.com\/fr\/produit\/clear-glass-mason-jars-with-diamond-pattern-bulk\/","title":{"rendered":"Bocaux Mason en verre transparent de 120 ml \u00e0 620 ml avec motif losanges (vente en gros)"},"content":{"rendered":"<p>Ces bocaux en verre Mason sont un m\u00e9lange de verre raffin\u00e9 \u00e0 motif losange et de verre clair lisse, avec des couvercles \u00e0 vis traditionnels en m\u00e9tal argent\u00e9. Ils existent en diff\u00e9rentes tailles et sont \u00e0 la fois d\u00e9coratifs et pratiques.<\/p>\n<h2>Caract\u00e9ristiques du produit<\/h2>\n<ul>\n<li><strong>Texture matelass\u00e9e en losanges :<\/strong> Le verre pr\u00e9sente un motif en losanges en relief qui lui conf\u00e8re un attrait visuel certain, tout en am\u00e9liorant la prise en main et en cr\u00e9ant une magnifique r\u00e9fraction de la lumi\u00e8re.<\/li>\n<li><strong>Design classique \u00e0 large ouverture\u00a0:<\/strong> Cette conception facilite \u00e9galement le remplissage, le pr\u00e9l\u00e8vement et le nettoyage du bocal, rendant ainsi le c\u0153ur du bocal tr\u00e8s utile.<\/li>\n<li><strong>Capacit\u00e9s diverses :<\/strong> Il existe en diff\u00e9rentes tailles, de la mini \u00e0 la grande, pour r\u00e9pondre aux diff\u00e9rents besoins, du petit portionnement et du stockage quotidien \u00e0 l&#039;organisation de grande capacit\u00e9.<\/li>\n<\/ul>\n<h2><strong data-spm-anchor-id=\"5176.28103460.0.i9.29ab2e316PlIRp\">Sp\u00e9cifications cl\u00e9s<\/strong><\/h2>\n<table style=\"border-collapse: collapse; width: 80%; margin-left: auto; margin-right: auto;\" border=\"0\" width=\"288\" cellspacing=\"0\" cellpadding=\"0\">\n<tbody>\n<tr style=\"height: 13.50pt;\">\n<td style=\"height: 13.5pt; width: 54pt; text-align: center;\" width=\"72\" height=\"18\">Mod\u00e8le<\/td>\n<td style=\"width: 54pt; text-align: center;\" width=\"72\">Capacit\u00e9 (ml)<\/td>\n<td style=\"width: 54pt; text-align: center;\" width=\"72\">Taille (cm)<\/td>\n<td style=\"width: 54pt; text-align: center;\" width=\"72\">Style<\/td>\n<\/tr>\n<tr style=\"height: 13.50pt;\">\n<td style=\"height: 13.5pt; text-align: center;\" align=\"right\" height=\"18\">63012026<\/td>\n<td style=\"text-align: center;\" align=\"right\">120<\/td>\n<td style=\"text-align: center;\">6.4&#215;5.5&#215;6.9<\/td>\n<td class=\"et2\" style=\"text-align: center;\" rowspan=\"7\">Transparent, personnalis\u00e9 (avec motif diamant)<\/td>\n<\/tr>\n<tr style=\"height: 13.50pt;\">\n<td style=\"height: 13.50pt; text-align: center;\" align=\"right\" height=\"18\">63020027<\/td>\n<td style=\"text-align: center;\" align=\"right\">200<\/td>\n<td style=\"text-align: center;\">6.5&#215;8.7&#215;6.9<\/td>\n<\/tr>\n<tr style=\"height: 13.50pt;\">\n<td style=\"height: 13.50pt; text-align: center;\" align=\"right\" height=\"18\">63027028<\/td>\n<td style=\"text-align: center;\" align=\"right\">270<\/td>\n<td style=\"text-align: center;\">7.5&#215;8.4&#215;8.5<\/td>\n<\/tr>\n<tr style=\"height: 13.50pt;\">\n<td style=\"height: 13.50pt; text-align: center;\" align=\"right\" height=\"18\">63050029<\/td>\n<td style=\"text-align: center;\" align=\"right\">430<\/td>\n<td style=\"text-align: center;\">7.3&#215;11.7&#215;8.5<\/td>\n<\/tr>\n<tr style=\"height: 13.50pt;\">\n<td style=\"height: 13.50pt; text-align: center;\" align=\"right\" height=\"18\">63025030<\/td>\n<td style=\"text-align: center;\" align=\"right\">250<\/td>\n<td style=\"text-align: center;\">6.3&#215;10.5&#215;6.9<\/td>\n<\/tr>\n<tr style=\"height: 13.50pt;\">\n<td style=\"height: 13.50pt; text-align: center;\" align=\"right\" height=\"18\">63035031<\/td>\n<td style=\"text-align: center;\" align=\"right\">350<\/td>\n<td style=\"text-align: center;\">6.6&#215;13.3&#215;6.9<\/td>\n<\/tr>\n<tr style=\"height: 13.50pt;\">\n<td style=\"height: 13.50pt; text-align: center;\" align=\"right\" height=\"18\">63062032<\/td>\n<td style=\"text-align: center;\" align=\"right\">620<\/td>\n<td style=\"text-align: center;\">7.7&#215;16.2&#215;8.5<\/td>\n<\/tr>\n<\/tbody>\n<\/table>\n<h2>Succ\u00e8s d&#039;une entreprise de paniers cadeaux du Midwest\u00a0: produit phare<\/h2>\n<p>Nos bocaux Mason en verre \u00e0 motif losanges ont \u00e9t\u00e9 s\u00e9lectionn\u00e9s par une entreprise de paniers cadeaux du Midwest et confectionn\u00e9s dans une teinte ambr\u00e9e claire. La texture du verre conf\u00e8re au produit un aspect artisanal et justifie une augmentation de prix de 40 %. La robustesse et le poids du verre garantissent un taux de casse inf\u00e9rieur \u00e0 0,3 % lors du transport. Le coffret cadeau a rencontr\u00e9 un tel succ\u00e8s que l&#039;entreprise a command\u00e9 850\u00a0000 bocaux suppl\u00e9mentaires pour confectionner \u00e0 nouveau ses coffrets cadeaux pour les deux saisons des f\u00eates suivantes.<\/p>\n<h2>Options de personnalisation pour les bocaux Mason en verre<\/h2>\n<ul>\n<li>Variantes de motifs\u00a0: les motifs en relief se d\u00e9clinent en diff\u00e9rentes variantes, comme les motifs en nid d\u2019abeille, matelass\u00e9s ou ondul\u00e9s.<\/li>\n<li>Finitions du couvercle\u00a0: D\u2019autres finitions sont disponibles pour le couvercle, comme le cuivre, l\u2019or, le noir ou le mat.<\/li>\n<li>S\u00e9rigraphie : Faites imprimer des lignes d&#039;\u00e9chelle, des bordures d\u00e9coratives ou des illustrations rustiques sur le verre.<\/li>\n<\/ul>","protected":false},"excerpt":{"rendered":"<p>Bocaux Mason en verre transparent orn\u00e9s de motifs classiques en relief et dot\u00e9s de couvercles robustes. Bocaux Mason pratiques pour la conservation et l&#039;emballage des aliments. Vente directe d&#039;usine.<\/p>","protected":false},"featured_media":25534,"template":"","meta":[],"product_brand":[],"product_cat":[125,124,122],"product_tag":[],"class_list":{"0":"post-22112","1":"product","2":"type-product","3":"status-publish","4":"has-post-thumbnail","6":"product_cat-mason-glass-jars","7":"product_cat-custom-glass-jars","8":"product_cat-custom-glass-packaging","10":"first","11":"instock","12":"shipping-taxable","13":"product-type-simple"},"jetpack_sharing_enabled":true,"_links":{"self":[{"href":"https:\/\/yebodaglass.com\/fr\/wp-json\/wp\/v2\/product\/22112","targetHints":{"allow":["GET"]}}],"collection":[{"href":"https:\/\/yebodaglass.com\/fr\/wp-json\/wp\/v2\/product"}],"about":[{"href":"https:\/\/yebodaglass.com\/fr\/wp-json\/wp\/v2\/types\/product"}],"version-history":[{"count":5,"href":"https:\/\/yebodaglass.com\/fr\/wp-json\/wp\/v2\/product\/22112\/revisions"}],"predecessor-version":[{"id":25536,"href":"https:\/\/yebodaglass.com\/fr\/wp-json\/wp\/v2\/product\/22112\/revisions\/25536"}],"wp:featuredmedia":[{"embeddable":true,"href":"https:\/\/yebodaglass.com\/fr\/wp-json\/wp\/v2\/media\/25534"}],"wp:attachment":[{"href":"https:\/\/yebodaglass.com\/fr\/wp-json\/wp\/v2\/media?parent=22112"}],"wp:term":[{"taxonomy":"product_brand","embeddable":true,"href":"https:\/\/yebodaglass.com\/fr\/wp-json\/wp\/v2\/product_brand?post=22112"},{"taxonomy":"product_cat","embeddable":true,"href":"https:\/\/yebodaglass.com\/fr\/wp-json\/wp\/v2\/product_cat?post=22112"},{"taxonomy":"product_tag","embeddable":true,"href":"https:\/\/yebodaglass.com\/fr\/wp-json\/wp\/v2\/product_tag?post=22112"}],"curies":[{"name":"wp","href":"https:\/\/api.w.org\/{rel}","templated":true}]}}