{"id":22104,"date":"2025-10-10T15:01:45","date_gmt":"2025-10-10T07:01:45","guid":{"rendered":"https:\/\/yebodaglass.com\/?post_type=product&#038;p=22104"},"modified":"2026-03-26T15:44:18","modified_gmt":"2026-03-26T07:44:18","slug":"wholesale-green-oil-olive-bottles-with-cylindrical-shape","status":"publish","type":"product","link":"https:\/\/yebodaglass.com\/fr\/wholesale-green-oil-olive-bottles-with-cylindrical-shape\/","title":{"rendered":"Bouteilles d&#039;huile d&#039;olive verte en gros de forme cylindrique \u2013 250 ml, 500 ml, 750 ml"},"content":{"rendered":"<p>Cette bouteille d&#039;huile d&#039;olive pr\u00e9sente une forme cylindrique droite et \u00e9lanc\u00e9e. Son corps est en verre vert olive fonc\u00e9, offrant une excellente protection contre la lumi\u00e8re. Le goulot est filet\u00e9 et muni d&#039;un bouchon \u00e0 vis, disponible en dor\u00e9 ou en noir.<\/p>\n<h2>Caract\u00e9ristiques du produit<\/h2>\n<ul>\n<li><strong>Unit\u00e9 de protection UV :<\/strong> Le verre vert des bouteilles d&#039;huile prot\u00e8ge l&#039;huile d&#039;olive qu&#039;elles contiennent, car il emp\u00eache la d\u00e9coloration et le rancissement dus aux rayons du soleil, permettant ainsi \u00e0 l&#039;huile de se conserver plus longtemps.<\/li>\n<li><strong>Forme cylindrique mince :<\/strong> Non seulement sa forme cylindrique et mince permet de gagner de la place, mais elle est aussi tr\u00e8s facile \u00e0 manipuler et, par cons\u00e9quent, il est plus facile de contr\u00f4ler le d\u00e9bit du liquide lors du versement.<\/li>\n<li><strong>Plusieurs tailles :<\/strong> Nous proposons des bouteilles de diff\u00e9rentes tailles pour r\u00e9pondre \u00e0 vos besoins quotidiens, que ce soit pour de petits ou de grands volumes.<\/li>\n<\/ul>\n<h2>Sp\u00e9cifications cl\u00e9s<\/h2>\n<table style=\"border-collapse: collapse; margin-left: auto; margin-right: auto; width: 448.52pt;\" border=\"0\" width=\"598\" cellspacing=\"0\" cellpadding=\"0\">\n<tbody>\n<tr style=\"height: 13.50pt;\">\n<td style=\"height: 13.50pt; width: 92.25pt;\" width=\"123\" height=\"18\">Fonctionnalit\u00e9<\/td>\n<td style=\"width: 356.25pt;\" width=\"475\">Sp\u00e9cification<\/td>\n<\/tr>\n<tr style=\"height: 13.50pt;\">\n<td style=\"height: 13.50pt;\" height=\"18\">Dimensions<\/td>\n<td>5,0\u00d723,2cm (250ml), 6,1\u00d728cm (500ml), 6,9\u00d730,9cm (750ml)<\/td>\n<\/tr>\n<tr style=\"height: 13.50pt;\">\n<td style=\"height: 13.50pt;\" height=\"18\">Tour de cou<\/td>\n<td>Filetage 19x30 mm<\/td>\n<\/tr>\n<tr style=\"height: 13.50pt;\">\n<td style=\"height: 13.50pt;\" height=\"18\">Mat\u00e9riel<\/td>\n<td>Verre vert anti-UV<\/td>\n<\/tr>\n<tr style=\"height: 13.50pt;\">\n<td style=\"height: 13.50pt;\" height=\"18\">Forme<\/td>\n<td>Grand cylindre (verre rond)<\/td>\n<\/tr>\n<tr style=\"height: 13.50pt;\">\n<td style=\"height: 13.50pt;\" height=\"18\">Id\u00e9al pour<\/td>\n<td>Huile d&#039;olive, huile de cuisson, vinaigrettes<\/td>\n<\/tr>\n<\/tbody>\n<\/table>\n<h2>Cas de r\u00e9ussite<\/h2>\n<p>Un producteur d&#039;huile d&#039;olive familial espagnol a choisi notre bouteille d&#039;huile verte de 750 ml, dot\u00e9e d&#039;un bouchon dor\u00e9 grav\u00e9 au laser de la date de r\u00e9colte et du num\u00e9ro de lot. Le corps en verre r\u00e9sistant aux UV, associ\u00e9 \u00e0 la pr\u00e9cision du num\u00e9ro de lot, leur a permis de r\u00e9duire de 42 % leurs pertes li\u00e9es aux stocks p\u00e9rim\u00e9s. De plus, la qualit\u00e9 de l&#039;emballage leur a permis d&#039;augmenter leurs revenus \u00e0 l&#039;exportation de 20 %. Le producteur a command\u00e9 200\u00a0000 bouteilles de sa nouvelle gamme d&#039;huile d&#039;olive de r\u00e9colte pr\u00e9coce, un succ\u00e8s qui a engendr\u00e9 de nouvelles commandes.<\/p>\n<h2>Conseils pour personnaliser les bouteilles d&#039;huile d&#039;olive en verre<\/h2>\n<ul>\n<li>Bouteille givr\u00e9e \u2013 Sablage de toute la surface pour un fini doux et mat. La couleur verte est conserv\u00e9e, mais la bouteille arbore un aspect textur\u00e9 et tendance.<\/li>\n<li>Base textur\u00e9e \u2013 Appliquez des anneaux concentriques ou un motif en forme de soleil sur le fond de la bouteille pour cr\u00e9er un motif riche et textur\u00e9, tout en lui conf\u00e9rant un aspect unique.<\/li>\n<li>\u00c9paule biseaut\u00e9e \u2013 Elle forme une courbe douce du col jusqu&#039;au corps du contenant. Ce d\u00e9tail simple ajoute une touche d&#039;\u00e9l\u00e9gance tout en laissant parfaitement passer la lumi\u00e8re.<\/li>\n<li>Gravure laser \u2013 Profitez de la pr\u00e9cision d&#039;un laser et gravez directement le logo de votre marque ou toute autre image sur le verre.<\/li>\n<\/ul>","protected":false},"excerpt":{"rendered":"<p>Bouteilles d&#039;huile d&#039;olive en verre vert fonc\u00e9 avec bouchon \u00e0 vis, pr\u00e9servant la qualit\u00e9 de l&#039;huile. Id\u00e9ales pour l&#039;huile d&#039;olive, l&#039;huile de cuisson et les huiles gastronomiques. Vente directe d&#039;usine.<\/p>","protected":false},"featured_media":25642,"template":"","meta":[],"product_brand":[],"product_cat":[126,123,122],"product_tag":[],"class_list":{"0":"post-22104","1":"product","2":"type-product","3":"status-publish","4":"has-post-thumbnail","6":"product_cat-olive-oil-bottles","7":"product_cat-custom-glass-bottles","8":"product_cat-custom-glass-packaging","10":"first","11":"instock","12":"shipping-taxable","13":"product-type-simple"},"jetpack_sharing_enabled":true,"_links":{"self":[{"href":"https:\/\/yebodaglass.com\/fr\/wp-json\/wp\/v2\/product\/22104","targetHints":{"allow":["GET"]}}],"collection":[{"href":"https:\/\/yebodaglass.com\/fr\/wp-json\/wp\/v2\/product"}],"about":[{"href":"https:\/\/yebodaglass.com\/fr\/wp-json\/wp\/v2\/types\/product"}],"version-history":[{"count":5,"href":"https:\/\/yebodaglass.com\/fr\/wp-json\/wp\/v2\/product\/22104\/revisions"}],"predecessor-version":[{"id":25556,"href":"https:\/\/yebodaglass.com\/fr\/wp-json\/wp\/v2\/product\/22104\/revisions\/25556"}],"wp:featuredmedia":[{"embeddable":true,"href":"https:\/\/yebodaglass.com\/fr\/wp-json\/wp\/v2\/media\/25642"}],"wp:attachment":[{"href":"https:\/\/yebodaglass.com\/fr\/wp-json\/wp\/v2\/media?parent=22104"}],"wp:term":[{"taxonomy":"product_brand","embeddable":true,"href":"https:\/\/yebodaglass.com\/fr\/wp-json\/wp\/v2\/product_brand?post=22104"},{"taxonomy":"product_cat","embeddable":true,"href":"https:\/\/yebodaglass.com\/fr\/wp-json\/wp\/v2\/product_cat?post=22104"},{"taxonomy":"product_tag","embeddable":true,"href":"https:\/\/yebodaglass.com\/fr\/wp-json\/wp\/v2\/product_tag?post=22104"}],"curies":[{"name":"wp","href":"https:\/\/api.w.org\/{rel}","templated":true}]}}