{"id":22032,"date":"2025-10-09T11:57:30","date_gmt":"2025-10-09T03:57:30","guid":{"rendered":"https:\/\/yebodaglass.com\/?post_type=product&#038;p=22032"},"modified":"2026-03-26T14:47:01","modified_gmt":"2026-03-26T06:47:01","slug":"wholesale-clear-olive-oil-dispenser-bottles-with-square-base-150ml-250ml-500ml","status":"publish","type":"product","link":"https:\/\/yebodaglass.com\/fr\/wholesale-clear-olive-oil-dispenser-bottles-with-square-base-150ml-250ml-500ml\/","title":{"rendered":"Bouteilles distributrices d&#039;huile d&#039;olive transparentes \u00e0 base carr\u00e9e (150 ml, 250 ml, 500 ml)"},"content":{"rendered":"<p>It is a functional as well as a modern glass framed set of oil dispensers bottles in a transparent square shape. Constructed of glass of extreme clarity, the bottle is designed with clean straight lines and the profile of bare squares with minimalist appearance, rich in a premium and professional look that will suit retail and hospitality venues.<\/p>\n<h2>Caract\u00e9ristiques du produit<\/h2>\n<ul>\n<li><strong>Disponible en plusieurs capacit\u00e9s :<\/strong> Des mod\u00e8les de grande, moyenne et petite taille pour s&#039;adapter aux besoins de nombreuses situations, que ce soit pour cuisiner en famille \u00e0 la maison, dans un restaurant ou en d\u00e9placement.<\/li>\n<li><strong>Bec verseur auto-obturant\u00a0:<\/strong> Il s&#039;agit du mod\u00e8le \u00e9quip\u00e9 d&#039;une valve \u00e0 ressort qui permet de verser de mani\u00e8re contr\u00f4l\u00e9e lorsqu&#039;il est inclin\u00e9 et qui se ferme automatiquement pour \u00e9viter les gouttes et les fuites.<\/li>\n<li><strong>Forme de bouteille carr\u00e9e arrondie :<\/strong> Bottles of this shape have another advantage, the square shape makes the bottle a comfortable and non-slip grip and also they can be stacked and save the space in the kitchen store.<\/li>\n<\/ul>\n<h2 style=\"text-align: left;\">Sp\u00e9cifications cl\u00e9s<\/h2>\n<table class=\"aligncenter\" style=\"border-collapse: collapse; width: 429.77pt;\" border=\"0\" width=\"573\" cellspacing=\"0\" cellpadding=\"0\">\n<tbody>\n<tr style=\"height: 13.50pt;\">\n<td style=\"height: 13.50pt; width: 69.75pt;\" width=\"93\" height=\"18\">Fonctionnalit\u00e9<\/td>\n<td style=\"width: 360.00pt;\" width=\"480\">Sp\u00e9cification<\/td>\n<\/tr>\n<tr style=\"height: 13.50pt;\">\n<td style=\"height: 13.50pt;\" height=\"18\">Dimensions<\/td>\n<td>4,8\u00d74,8\u00d715,8 cm (150 ml), 4,7\u00d74,7\u00d721 cm (250 ml), 5,8\u00d75,8\u00d726,1 cm (500 ml)<\/td>\n<\/tr>\n<tr style=\"height: 13.50pt;\">\n<td style=\"height: 13.50pt;\" height=\"18\">Tour de cou<\/td>\n<td>17\u00d729mm<\/td>\n<\/tr>\n<tr style=\"height: 13.50pt;\">\n<td style=\"height: 13.50pt;\" height=\"18\">Mat\u00e9riel<\/td>\n<td>Lead-free Soda-lime Transparent Glass<\/td>\n<\/tr>\n<tr style=\"height: 13.50pt;\">\n<td style=\"height: 13.50pt;\" height=\"18\">Forme<\/td>\n<td>Square base<\/td>\n<\/tr>\n<tr style=\"height: 13.50pt;\">\n<td style=\"height: 13.50pt;\" height=\"18\">Id\u00e9al pour<\/td>\n<td>Huile d&#039;olive, vinaigre, vinaigrettes, huiles gourmandes<\/td>\n<\/tr>\n<tr style=\"height: 13.50pt;\">\n<td style=\"height: 13.50pt;\" height=\"18\">Utilisation id\u00e9ale<\/td>\n<td>Emballages en gros, mise en bouteille artisanale, ensembles de cuisine pour la vente au d\u00e9tail<\/td>\n<\/tr>\n<\/tbody>\n<\/table>\n<h2>Histoire \u00e0 succ\u00e8s<\/h2>\n<p>Notre distributeur d&#039;huile d&#039;olive de 500 ml, avec ses graduations s\u00e9rigraphi\u00e9es et son bec verseur en acier inoxydable, a \u00e9t\u00e9 s\u00e9lectionn\u00e9 et personnalis\u00e9 par une entreprise de fournitures de restauration du Midwest. Le bec verseur automatique permet de r\u00e9duire de 15 % le gaspillage d&#039;huile en cuisine. Sa conception transparente permet de contr\u00f4ler rapidement le niveau d&#039;huile, r\u00e9duisant ainsi le temps de r\u00e9approvisionnement de 15 %. Fort de ces excellentes performances, l&#039;entreprise a command\u00e9 75\u00a0000 bouteilles suppl\u00e9mentaires de sa nouvelle gamme d&#039;huiles haut de gamme \u00e0 usage personnel, distribu\u00e9e aux restaurants de renom.<\/p>\n<h2>Conseils de personnalisation pour votre distributeur d&#039;huile<\/h2>\n<ul>\n<li>Finition verre d\u00e9poli \u2013 Une gravure mate offre un toucher doux et luxueux et masque les petites traces de doigts.<\/li>\n<li>Option verre teint\u00e9 \u2013 Essayez le verre ambr\u00e9 ou brun pour prot\u00e9ger les huiles sensibles \u00e0 la lumi\u00e8re.<\/li>\n<li>Couleur personnalis\u00e9e du distributeur \u2013 Remplacez l&#039;or par du noir, de l&#039;argent ou du cuivre bross\u00e9 pour une meilleure coh\u00e9rence avec votre marque.<\/li>\n<li>Logo grav\u00e9 au laser \u2013 Marquez de fa\u00e7on permanente votre logo ou vos lignes de volume directement sur la bouteille en verre.<\/li>\n<\/ul>\n<p>Ces petites modifications pr\u00e9servent le savoir-faire et la fonction de base, tout en rendant vos flacons distributeurs d&#039;huile d&#039;olive ind\u00e9niablement uniques.<\/p>","protected":false},"excerpt":{"rendered":"<p>Bouteilles distributrices d&#039;huile d&#039;olive en verre transparent \u00e0 base carr\u00e9e. Design \u00e9l\u00e9gant, id\u00e9al pour les commandes en gros et la personnalisation. \u00c9chantillons gratuits et livraison rapide disponibles.<\/p>","protected":false},"featured_media":25639,"template":"","meta":[],"product_brand":[],"product_cat":[126,123,122],"product_tag":[],"class_list":{"0":"post-22032","1":"product","2":"type-product","3":"status-publish","4":"has-post-thumbnail","6":"product_cat-olive-oil-bottles","7":"product_cat-custom-glass-bottles","8":"product_cat-custom-glass-packaging","10":"first","11":"instock","12":"shipping-taxable","13":"product-type-simple"},"jetpack_sharing_enabled":true,"_links":{"self":[{"href":"https:\/\/yebodaglass.com\/fr\/wp-json\/wp\/v2\/product\/22032","targetHints":{"allow":["GET"]}}],"collection":[{"href":"https:\/\/yebodaglass.com\/fr\/wp-json\/wp\/v2\/product"}],"about":[{"href":"https:\/\/yebodaglass.com\/fr\/wp-json\/wp\/v2\/types\/product"}],"version-history":[{"count":5,"href":"https:\/\/yebodaglass.com\/fr\/wp-json\/wp\/v2\/product\/22032\/revisions"}],"predecessor-version":[{"id":25614,"href":"https:\/\/yebodaglass.com\/fr\/wp-json\/wp\/v2\/product\/22032\/revisions\/25614"}],"wp:featuredmedia":[{"embeddable":true,"href":"https:\/\/yebodaglass.com\/fr\/wp-json\/wp\/v2\/media\/25639"}],"wp:attachment":[{"href":"https:\/\/yebodaglass.com\/fr\/wp-json\/wp\/v2\/media?parent=22032"}],"wp:term":[{"taxonomy":"product_brand","embeddable":true,"href":"https:\/\/yebodaglass.com\/fr\/wp-json\/wp\/v2\/product_brand?post=22032"},{"taxonomy":"product_cat","embeddable":true,"href":"https:\/\/yebodaglass.com\/fr\/wp-json\/wp\/v2\/product_cat?post=22032"},{"taxonomy":"product_tag","embeddable":true,"href":"https:\/\/yebodaglass.com\/fr\/wp-json\/wp\/v2\/product_tag?post=22032"}],"curies":[{"name":"wp","href":"https:\/\/api.w.org\/{rel}","templated":true}]}}