{"id":22031,"date":"2025-10-09T11:57:24","date_gmt":"2025-10-09T03:57:24","guid":{"rendered":"https:\/\/yebodaglass.com\/?post_type=product&#038;p=22031"},"modified":"2025-10-09T14:54:29","modified_gmt":"2025-10-09T06:54:29","slug":"wholesale-unique-olive-oil-dispensers-with-glass-handle-100ml-250ml-500ml","status":"publish","type":"product","link":"https:\/\/yebodaglass.com\/fr\/wholesale-unique-olive-oil-dispensers-with-glass-handle-100ml-250ml-500ml\/","title":{"rendered":"Distributeurs d&#039;huile d&#039;olive uniques en gros avec poign\u00e9e en verre \u2013 100 ml, 250 ml, 500 ml"},"content":{"rendered":"<div data-elementor-type=\"product-post\" data-elementor-id=\"22031\" class=\"elementor elementor-22031\" data-elementor-settings=\"{&quot;ha_cmc_init_switcher&quot;:&quot;no&quot;}\" data-elementor-post-type=\"product\">\n\t\t\t\t<div class=\"elementor-element elementor-element-7cc6e53 e-flex e-con-boxed e-con e-parent\" data-id=\"7cc6e53\" data-element_type=\"container\" data-e-type=\"container\" data-settings=\"{&quot;_ha_eqh_enable&quot;:false}\">\n\t\t\t\t\t<div class=\"e-con-inner\">\n\t\t\t\t<div class=\"elementor-element elementor-element-b9ffd68 elementor-widget elementor-widget-text-editor\" data-id=\"b9ffd68\" data-element_type=\"widget\" data-e-type=\"widget\" data-widget_type=\"text-editor.default\">\n\t\t\t\t<div class=\"elementor-widget-container\">\n\t\t\t\t\t\t\t\t\t<p>Ces huiliers en verre pr\u00e9sentent un corps incurv\u00e9 unique et des poign\u00e9es en verre faciles \u00e0 saisir. Fabriqu\u00e9s en verre transparent, ils allient style et fonctionnalit\u00e9, et constituent ainsi le compl\u00e9ment id\u00e9al de votre cuisine.<\/p><h2>Caract\u00e9ristiques du produit<\/h2><ul><li><strong>Avec poign\u00e9e :<\/strong> Une petite poign\u00e9e en verre permet de verser et de lib\u00e9rer facilement l&#039;huile \u00e0 chaque fois, \u00e9vitant ainsi \u00e0 l&#039;utilisateur les tracas li\u00e9s \u00e0 la divulgation de l&#039;huile.<\/li><li><strong>Anti-goutte :<\/strong> Gr\u00e2ce \u00e0 leur bouchon \u00e0 vis de pr\u00e9cision, ces flacons d&#039;huiles essentielles garantissent un \u00e9coulement fluide et r\u00e9gulier. Ils sont parfaits pour une utilisation simplifi\u00e9e des pots \u00e0 \u00e9pices ou de la table.<\/li><li><strong>Verre transparent :<\/strong> C&#039;est le verre transparent qui vous donne un aper\u00e7u de l&#039;huile restante dans la bouteille, le remplissage se fait donc sans aucun probl\u00e8me.<\/li><\/ul>\t\t\t\t\t\t\t\t<\/div>\n\t\t\t\t<\/div>\n\t\t\t\t<div class=\"elementor-element elementor-element-920ae84 elementor-widget elementor-widget-text-editor\" data-id=\"920ae84\" data-element_type=\"widget\" data-e-type=\"widget\" data-widget_type=\"text-editor.default\">\n\t\t\t\t<div class=\"elementor-widget-container\">\n\t\t\t\t\t\t\t\t\t<h2 style=\"text-align: center;\">Sp\u00e9cifications cl\u00e9s\u00a0:<\/h2><table class=\"aligncenter\" style=\"border-collapse: collapse; width: 470.27pt;\" border=\"0\" width=\"627\" cellspacing=\"0\" cellpadding=\"0\"><tbody><tr style=\"height: 13.50pt;\"><td style=\"height: 13.50pt; width: 86.25pt;\" width=\"115\" height=\"18\">Fonctionnalit\u00e9<\/td><td style=\"width: 384.00pt;\" width=\"512\">Sp\u00e9cification<\/td><\/tr><tr style=\"height: 13.50pt;\"><td style=\"height: 13.50pt;\" height=\"18\">Dimensions<\/td><td>5,4 \u00d7 13,9 cm (100 ml), 7,1 \u00d7 17,3 cm (250 ml), 8,8 \u00d7 21,9 cm (500 ml)<\/td><\/tr><tr style=\"height: 13.50pt;\"><td style=\"height: 13.50pt;\" height=\"18\">Mat\u00e9riel<\/td><td>Verre transparent haute clart\u00e9<\/td><\/tr><tr style=\"height: 13.50pt;\"><td style=\"height: 13.50pt;\" height=\"18\">Forme<\/td><td>Rond conique avec poign\u00e9e int\u00e9gr\u00e9e<\/td><\/tr><tr style=\"height: 13.50pt;\"><td style=\"height: 13.50pt;\" height=\"18\">Type de couvercle<\/td><td>Couvercle \u00e0 vis solide<\/td><\/tr><tr style=\"height: 13.50pt;\"><td style=\"height: 13.50pt;\" height=\"18\">Id\u00e9al pour<\/td><td>Huile d&#039;olive, vinaigre, vinaigrettes, huiles gourmandes<\/td><\/tr><\/tbody><\/table><h2>Histoire vraie<\/h2><p>Un producteur de petites quantit\u00e9s d&#039;huile d&#039;olive press\u00e9e \u00e0 froid, principalement vendue sur les march\u00e9s de producteurs, poss\u00e9dait une huile d&#039;olive de haute qualit\u00e9, mais son emballage ressemblait \u00e0 une simple bouteille en verre. Il a opt\u00e9 pour ce distributeur d&#039;huile d&#039;olive unique. M\u00eame huile d&#039;olive, bouteille diff\u00e9rente. Apr\u00e8s quelques mois, les clients ont commenc\u00e9 \u00e0 le citer comme \u00ab\u00a0celui avec la poign\u00e9e\u00a0\u00bb. Plus \u00e9l\u00e9gant, plus confortable \u00e0 utiliser et ne laissant aucun risque de d\u00e9bordement, il a \u00e9t\u00e9 appr\u00e9ci\u00e9.<\/p><h2>Distributeurs d&#039;huile en verre personnalis\u00e9s<\/h2><ul><li>Poign\u00e9e givr\u00e9e \u2013 La partie de la poign\u00e9e est la seule \u00e0 \u00eatre sabl\u00e9e pour offrir une prise douce et antid\u00e9rapante qui contraste joliment avec la bouteille transparente.<\/li><li>Marquage grav\u00e9 \u2013 Un petit rep\u00e8re est ajout\u00e9 pr\u00e8s du goulot de la bouteille pour indiquer le niveau de remplissage id\u00e9al. Ce marquage conf\u00e8re un aspect professionnel et raffin\u00e9.<\/li><li>Embossage inf\u00e9rieur \u2013 Votre logo ou l&#039;histoire de votre marque est grav\u00e9 en relief sur le dessous de la bouteille. Les ic\u00f4nes deviennent visibles lorsque la bouteille est presque vide, affichant ainsi votre marque \u00e0 la vue de vos clients.<\/li><\/ul>\t\t\t\t\t\t\t\t<\/div>\n\t\t\t\t<\/div>\n\t\t\t\t\t<\/div>\n\t\t\t\t<\/div>\n\t\t\t\t<\/div>","protected":false},"excerpt":{"rendered":"<p>Distributeurs d&#039;huile d&#039;olive en verre au design unique, dot\u00e9s d&#039;une poign\u00e9e discr\u00e8te et d&#039;une finition haut de gamme, parfaits pour les marques d&#039;articles de cuisine. Personnalisables, avec \u00e9chantillons gratuits et remises sur les commandes en gros.<\/p>","protected":false},"featured_media":22060,"template":"","meta":[],"product_brand":[],"product_cat":[122,123,126],"product_tag":[],"class_list":{"0":"post-22031","1":"product","2":"type-product","3":"status-publish","4":"has-post-thumbnail","6":"product_cat-custom-glass-packaging","7":"product_cat-custom-glass-bottles","8":"product_cat-olive-oil-bottles","10":"first","11":"instock","12":"shipping-taxable","13":"product-type-simple"},"jetpack_sharing_enabled":true,"_links":{"self":[{"href":"https:\/\/yebodaglass.com\/fr\/wp-json\/wp\/v2\/product\/22031","targetHints":{"allow":["GET"]}}],"collection":[{"href":"https:\/\/yebodaglass.com\/fr\/wp-json\/wp\/v2\/product"}],"about":[{"href":"https:\/\/yebodaglass.com\/fr\/wp-json\/wp\/v2\/types\/product"}],"version-history":[{"count":5,"href":"https:\/\/yebodaglass.com\/fr\/wp-json\/wp\/v2\/product\/22031\/revisions"}],"predecessor-version":[{"id":22078,"href":"https:\/\/yebodaglass.com\/fr\/wp-json\/wp\/v2\/product\/22031\/revisions\/22078"}],"wp:featuredmedia":[{"embeddable":true,"href":"https:\/\/yebodaglass.com\/fr\/wp-json\/wp\/v2\/media\/22060"}],"wp:attachment":[{"href":"https:\/\/yebodaglass.com\/fr\/wp-json\/wp\/v2\/media?parent=22031"}],"wp:term":[{"taxonomy":"product_brand","embeddable":true,"href":"https:\/\/yebodaglass.com\/fr\/wp-json\/wp\/v2\/product_brand?post=22031"},{"taxonomy":"product_cat","embeddable":true,"href":"https:\/\/yebodaglass.com\/fr\/wp-json\/wp\/v2\/product_cat?post=22031"},{"taxonomy":"product_tag","embeddable":true,"href":"https:\/\/yebodaglass.com\/fr\/wp-json\/wp\/v2\/product_tag?post=22031"}],"curies":[{"name":"wp","href":"https:\/\/api.w.org\/{rel}","templated":true}]}}