{"id":22010,"date":"2025-10-10T09:07:57","date_gmt":"2025-10-10T01:07:57","guid":{"rendered":"https:\/\/yebodaglass.com\/?post_type=product&#038;p=22010"},"modified":"2026-03-18T17:48:37","modified_gmt":"2026-03-18T09:48:37","slug":"wide-mouth-mason-jars-and-lids-canning-jars","status":"publish","type":"product","link":"https:\/\/yebodaglass.com\/fr\/produit\/wide-mouth-mason-jars-and-lids-canning-jars\/","title":{"rendered":"Bocaux Mason \u00e0 large ouverture et couvercles \u2013 Bocaux de conserve de 200 ml \u00e0 730 ml"},"content":{"rendered":"<p>Ces bocaux Mason \u00e0 large ouverture et leurs couvercles pr\u00e9sentent un design cylindrique classique en verre, avec un corps lisse et transparent et une large ouverture facilitant le remplissage et le nettoyage. Chaque bocal est muni d&#039;un couvercle en aluminium robuste assurant une fermeture herm\u00e9tique, que ce soit pour des produits secs ou liquides. Fabriqu\u00e9s selon une technique de soufflage m\u00e9canique, ces bocaux sont parfaitement adapt\u00e9s au stockage, \u00e0 l&#039;emballage et \u00e0 la pr\u00e9sentation. Id\u00e9aux pour les cornichons, les sauces, les sirops, les en-cas, le th\u00e9, les c\u00e9r\u00e9ales, et m\u00eame pour la fabrication de bougies ou \u00e0 des fins d\u00e9coratives, ces bocaux \u00e0 large ouverture r\u00e9pondent aux exigences alimentaires et de pr\u00e9sentation en magasin.<\/p>\n<h2>Sp\u00e9cifications cl\u00e9s<\/h2>\n<table style=\"border-collapse: collapse; width: 80%; margin-left: auto; margin-right: auto;\" border=\"0\" width=\"794\" cellspacing=\"0\" cellpadding=\"0\">\n<tbody>\n<tr style=\"height: 13.50pt;\">\n<td style=\"height: 13.50pt; width: 122.25pt;\" width=\"163\" height=\"18\">Nom du produit<\/td>\n<td style=\"width: 473.25pt;\" width=\"631\">Bocal Mason \u00e0 large ouverture<\/td>\n<\/tr>\n<tr style=\"height: 13.50pt;\">\n<td style=\"height: 13.50pt;\" height=\"18\">Mat\u00e9riel<\/td>\n<td>Verre sodocalcique sans BPA + couvercle en aluminium<\/td>\n<\/tr>\n<tr style=\"height: 13.50pt;\">\n<td style=\"height: 13.50pt;\" height=\"18\">Options de capacit\u00e9<\/td>\n<td>200 ml, 230 ml, 280 ml, 350 ml, 380 ml, 470 ml, 620 ml, 730 ml (diff\u00e9rentes contenances en onces disponibles)<\/td>\n<\/tr>\n<tr style=\"height: 13.50pt;\">\n<td style=\"height: 13.50pt;\" height=\"18\">Forme<\/td>\n<td>Bouche ronde et large<\/td>\n<\/tr>\n<tr style=\"height: 13.50pt;\">\n<td style=\"height: 13.50pt;\" height=\"18\">Types de couvercles<\/td>\n<td>Couvercles \u00e0 charni\u00e8re, standard, avec trou pour paille, \u00e0 ouverture en deux parties<\/td>\n<\/tr>\n<tr style=\"height: 13.50pt;\">\n<td style=\"height: 13.50pt;\" height=\"18\">Couleur<\/td>\n<td>Verre transparent + couvercles argent\u00e9s, dor\u00e9s ou noirs<\/td>\n<\/tr>\n<tr style=\"height: 13.50pt;\">\n<td style=\"height: 13.50pt;\" height=\"18\">Processus<\/td>\n<td>Machine souffl\u00e9e<\/td>\n<\/tr>\n<tr style=\"height: 13.50pt;\">\n<td style=\"height: 13.50pt;\" height=\"18\">Application<\/td>\n<td>conservation des aliments, bocaux de conserve, emballage, usage d\u00e9coratif<\/td>\n<\/tr>\n<tr style=\"height: 13.50pt;\">\n<td style=\"height: 13.50pt;\" height=\"18\">Capacit\u00e9 d&#039;approvisionnement<\/td>\n<td>fournisseur en gros, en vrac, directement de l&#039;usine<\/td>\n<\/tr>\n<tr style=\"height: 13.50pt;\">\n<td style=\"height: 13.50pt;\" height=\"18\">Options personnalis\u00e9es<\/td>\n<td>Logo, taille, couleur, accessoires, finition de surface<\/td>\n<\/tr>\n<tr style=\"height: 13.50pt;\">\n<td style=\"height: 13.50pt;\" height=\"18\">Livraison<\/td>\n<td>Stock stable + d\u00e9lais de livraison flexibles<\/td>\n<\/tr>\n<\/tbody>\n<\/table>\n<h2>Caract\u00e9ristiques principales<\/h2>\n<ol>\n<li><strong>Pratique \u00e0 large ouverture<\/strong>Le bocal Mason \u00e0 large ouverture est facile \u00e0 remplir, \u00e0 nettoyer et permet d&#039;acc\u00e9der aussi bien aux solides qu&#039;aux liquides.<\/li>\n<li><strong>Syst\u00e8me de couvercle rabattable s\u00e9curis\u00e9<\/strong>Le couvercle en aluminium robuste garantit une \u00e9tanch\u00e9it\u00e9 parfaite et peut donc \u00eatre utilis\u00e9 pour la mise en conserve, le transport et le stockage de longue dur\u00e9e.<\/li>\n<li><strong>Solution d&#039;emballage flexible<\/strong>Un bocal en verre standard et classique, utilisable aussi bien pour les marques alimentaires que pour les emballages de vente au d\u00e9tail, ou pour des projets polyvalents.<\/li>\n<\/ol>\n<h2>\u00c9tude de cas r\u00e9ussie<\/h2>\n<p>Un propri\u00e9taire de marque alimentaire allemand sp\u00e9cialis\u00e9 dans les condiments biologiques s&#039;est procur\u00e9 ces bocaux \u00e0 large ouverture directement aupr\u00e8s de notre usine.<\/p>\n<ul>\n<li>Type d&#039;activit\u00e9 : Marque de produits alimentaires biologiques (vente au d\u00e9tail et en ligne)<\/li>\n<li>Volume de la commande : La premi\u00e8re commande group\u00e9e est de 50 000 pi\u00e8ces (350 ml et 470 ml).<\/li>\n<li>Exigences suppl\u00e9mentaires\u00a0: Couvercle dor\u00e9, logo en relief, surface compatible avec les \u00e9tiquettes personnalis\u00e9es.<\/li>\n<li>Application : Emballage de sauce cornichons haut de gamme.<\/li>\n<li>R\u00e9sultat : Le produit concern\u00e9 a enregistr\u00e9 une augmentation de 30 % de son attrait en rayon et une hausse de 22 % de ses ventes en 6 mois.<\/li>\n<li>R\u00e9approvisionnement\u00a0: Identique, mais avec une livraison en gros trimestrielle et une fr\u00e9quence augment\u00e9e \u00e0 3 autres tailles.<\/li>\n<\/ul>\n<h2>Recommandations de personnalisation pour les acheteurs B2B<\/h2>\n<ol>\n<li><strong>Optimisation de la marque et du packaging de vente au d\u00e9tail<\/strong>Incorporez l&#039;impression s\u00e9rigraphique ou le gaufrage afin de faire du bocal Mason un emballage de marque de qualit\u00e9 commerciale.<\/li>\n<li><strong>S\u00e9lection de couvercles fonctionnels<\/strong>Choisissez parmi une vari\u00e9t\u00e9 de couvercles de bocaux (couvercle standard, avec trou pour paille, couvercle fendu) en fonction de leur utilisation, comme les boissons, les produits secs ou les contenants pour bougies.<\/li>\n<li><strong>Strat\u00e9gie de gamme de produits multi-tailles<\/strong>Fusionner plusieurs formats d&#039;onces pour former une seule gamme de produits, comme appliqu\u00e9 aux sirops et aux c\u00e9r\u00e9ales, aux collations et aux aliments sp\u00e9cialis\u00e9s, afin d&#039;accro\u00eetre le potentiel de ventes crois\u00e9es.<\/li>\n<\/ol>\n<p>Si vous recherchez un fournisseur fiable de bocaux \u00e0 large ouverture en grande quantit\u00e9, ce produit offre flexibilit\u00e9, constance et un support de personnalisation performant directement aupr\u00e8s d&#039;un fabricant professionnel.<\/p>","protected":false},"excerpt":{"rendered":"<p>Vente en gros de bocaux Mason \u00e0 large ouverture et de couvercles pour la mise en conserve, le stockage, l&#039;emballage et la personnalisation de produits alimentaires. Approvisionnement direct d&#039;usine avec options de vente en gros.<\/p>","protected":false},"featured_media":25507,"template":"","meta":[],"product_brand":[],"product_cat":[125,124,122],"product_tag":[],"class_list":{"0":"post-22010","1":"product","2":"type-product","3":"status-publish","4":"has-post-thumbnail","6":"product_cat-mason-glass-jars","7":"product_cat-custom-glass-jars","8":"product_cat-custom-glass-packaging","10":"first","11":"instock","12":"shipping-taxable","13":"product-type-simple"},"jetpack_sharing_enabled":true,"_links":{"self":[{"href":"https:\/\/yebodaglass.com\/fr\/wp-json\/wp\/v2\/product\/22010","targetHints":{"allow":["GET"]}}],"collection":[{"href":"https:\/\/yebodaglass.com\/fr\/wp-json\/wp\/v2\/product"}],"about":[{"href":"https:\/\/yebodaglass.com\/fr\/wp-json\/wp\/v2\/types\/product"}],"version-history":[{"count":5,"href":"https:\/\/yebodaglass.com\/fr\/wp-json\/wp\/v2\/product\/22010\/revisions"}],"predecessor-version":[{"id":25510,"href":"https:\/\/yebodaglass.com\/fr\/wp-json\/wp\/v2\/product\/22010\/revisions\/25510"}],"wp:featuredmedia":[{"embeddable":true,"href":"https:\/\/yebodaglass.com\/fr\/wp-json\/wp\/v2\/media\/25507"}],"wp:attachment":[{"href":"https:\/\/yebodaglass.com\/fr\/wp-json\/wp\/v2\/media?parent=22010"}],"wp:term":[{"taxonomy":"product_brand","embeddable":true,"href":"https:\/\/yebodaglass.com\/fr\/wp-json\/wp\/v2\/product_brand?post=22010"},{"taxonomy":"product_cat","embeddable":true,"href":"https:\/\/yebodaglass.com\/fr\/wp-json\/wp\/v2\/product_cat?post=22010"},{"taxonomy":"product_tag","embeddable":true,"href":"https:\/\/yebodaglass.com\/fr\/wp-json\/wp\/v2\/product_tag?post=22010"}],"curies":[{"name":"wp","href":"https:\/\/api.w.org\/{rel}","templated":true}]}}