{"id":22002,"date":"2025-10-09T17:33:25","date_gmt":"2025-10-09T09:33:25","guid":{"rendered":"https:\/\/yebodaglass.com\/?post_type=product&#038;p=22002"},"modified":"2026-03-19T13:42:18","modified_gmt":"2026-03-19T05:42:18","slug":"empty-clear-mason-jar-with-lid-wholesale","status":"publish","type":"product","link":"https:\/\/yebodaglass.com\/fr\/produit\/empty-clear-mason-jar-with-lid-wholesale\/","title":{"rendered":"Bocal Mason transparent vide avec couvercle, 70 ml \u00e0 280 ml, vente en gros"},"content":{"rendered":"<p>Ce bocal Mason avec son couvercle pr\u00e9sente une forme cylindrique classique, est fabriqu\u00e9 en verre transparent et poss\u00e8de une large ouverture facile \u00e0 nettoyer. Son couvercle filet\u00e9 permet un empilage ais\u00e9. Disponible en diff\u00e9rentes tailles avec des couvercles \u00e0 vis en m\u00e9tal color\u00e9, il se d\u00e9cline en noir, or, argent et rouge.<\/p>\n<h2>Caract\u00e9ristiques du produit<\/h2>\n<ul>\n<li><strong>Design cylindrique classique :<\/strong> Le cylindre en verre est un cylindre simple \u00e0 large ouverture, facile \u00e0 nettoyer, \u00e0 remplir et \u00e0 utiliser.<\/li>\n<li><strong>Bouchons de couleur interchangeables\u00a0:<\/strong> Elles sont dot\u00e9es de capuchons \u00e0 vis en m\u00e9tal noir, dor\u00e9, argent\u00e9 ou rouge, assurant une \u00e9tanch\u00e9it\u00e9 parfaite tout en conservant une apparence \u00e9l\u00e9gante.<\/li>\n<li><strong>Tailles diverses :<\/strong> De petite \u00e0 moyenne grande capacit\u00e9, pour r\u00e9pondre \u00e0 tous les besoins, du stockage des \u00e9pices \u00e0 celui de plusieurs grands emballages alimentaires.<\/li>\n<\/ul>\n<h2><strong data-spm-anchor-id=\"5176.28103460.0.i15.29ab2e31JfkVXT\">Sp\u00e9cifications cl\u00e9s <\/strong><\/h2>\n<table style=\"border-collapse: collapse; width: 80%; margin-left: auto; margin-right: auto;\" border=\"0\" width=\"288\" cellspacing=\"0\" cellpadding=\"0\">\n<tbody>\n<tr style=\"height: 13.50pt;\">\n<td style=\"height: 13.5pt; width: 54pt; text-align: center;\" width=\"72\" height=\"18\">Produit<\/td>\n<td style=\"width: 54pt; text-align: center;\" width=\"72\">Capacit\u00e9 (ml)<\/td>\n<td style=\"width: 54pt; text-align: center;\" width=\"72\">Taille (cm)<\/td>\n<td style=\"width: 54pt; text-align: center;\" width=\"72\">Options de couleur<\/td>\n<\/tr>\n<tr style=\"height: 13.50pt;\">\n<td style=\"height: 13.5pt; text-align: center;\" align=\"right\" height=\"18\">63007014<\/td>\n<td style=\"text-align: center;\" align=\"right\">70<\/td>\n<td style=\"text-align: center;\">4.7&#215;4.5&#215;6.7<\/td>\n<td class=\"et2\" rowspan=\"6\">Effacer (Personnalis\u00e9)<\/td>\n<\/tr>\n<tr style=\"height: 13.50pt;\">\n<td style=\"height: 13.5pt; text-align: center;\" align=\"right\" height=\"18\">63007015<\/td>\n<td style=\"text-align: center;\" align=\"right\">70<\/td>\n<td style=\"text-align: center;\">6.5&#215;4.5&#215;6.7<\/td>\n<\/tr>\n<tr style=\"height: 13.50pt;\">\n<td style=\"height: 13.5pt; text-align: center;\" align=\"right\" height=\"18\">63012016<\/td>\n<td style=\"text-align: center;\" align=\"right\">120<\/td>\n<td style=\"text-align: center;\">5.4&#215;6.15&#215;6.6<\/td>\n<\/tr>\n<tr style=\"height: 13.50pt;\">\n<td style=\"height: 13.5pt; text-align: center;\" align=\"right\" height=\"18\">63012517<\/td>\n<td style=\"text-align: center;\" align=\"right\">125<\/td>\n<td style=\"text-align: center;\">6.3&#215;5.6&#215;6.9<\/td>\n<\/tr>\n<tr style=\"height: 13.50pt;\">\n<td style=\"height: 13.5pt; text-align: center;\" align=\"right\" height=\"18\">63020018<\/td>\n<td style=\"text-align: center;\" align=\"right\">200<\/td>\n<td style=\"text-align: center;\">6.0&#215;8.6&#215;6.9<\/td>\n<\/tr>\n<tr style=\"height: 13.50pt;\">\n<td style=\"height: 13.5pt; text-align: center;\" align=\"right\" height=\"18\">63028019<\/td>\n<td style=\"text-align: center;\" align=\"right\">280<\/td>\n<td style=\"text-align: center;\">7.5&#215;8.4&#215;8.5<\/td>\n<\/tr>\n<\/tbody>\n<\/table>\n<h2>Histoire \u00e0 succ\u00e8s<\/h2>\n<p>L&#039;une des grandes entreprises canadiennes de produits alimentaires artisanaux a choisi notre bocal Mason avec couvercle et l&#039;a personnalis\u00e9 avec un motif floral rustique s\u00e9rigraphi\u00e9. Ces bocaux personnalis\u00e9s ont rencontr\u00e9 un vif succ\u00e8s sur le march\u00e9\u00a0: leur aspect haut de gamme a permis d&#039;augmenter le prix de d\u00e9tail de ses confitures d&#039;un quart, et leur identit\u00e9 visuelle tr\u00e8s reconnaissable a accru la notori\u00e9t\u00e9 de la marque en points de vente d&#039;un tiers, selon l&#039;entreprise. Fort de ce succ\u00e8s, elle a \u00e9galement command\u00e9 250\u00a0000 bocaux suppl\u00e9mentaires pour sa nouvelle gamme de sirops et a sign\u00e9 un contrat avec une cha\u00eene de supermarch\u00e9s nationale.<\/p>\n<h2>Suggestions de personnalisation des bocaux Mason<\/h2>\n<ul>\n<li>Finitions et couleurs des anneaux pour bouteilles\u00a0: Offre une plus grande vari\u00e9t\u00e9 de couleurs et de motifs personnalis\u00e9s pour les anneaux pour bouteilles en spirale, avec des finitions mates ou brillantes.<\/li>\n<li>Personnalisation des capsules : Des impressions, logos ou motifs personnalis\u00e9s sont imprim\u00e9s sur des capsules m\u00e9talliques plates.<\/li>\n<li>Graduations en relief\u00a0: Gravez de fines graduations en relief (tasses, millilitres, onces) sur le c\u00f4t\u00e9 du bocal, et celui-ci sera plus utile que jamais.<\/li>\n<li>Formats personnalis\u00e9s\u00a0: Certains produits existent en formats personnalis\u00e9s (par exemple, des bouteilles hautes et \u00e9troites pour conserver le miel).<\/li>\n<\/ul>","protected":false},"excerpt":{"rendered":"<p>Bocal Mason de diff\u00e9rentes tailles avec couvercle, fabriqu\u00e9 en verre de haute qualit\u00e9. Id\u00e9al pour la mise en conserve, le stockage et l&#039;emballage. Vente directe d&#039;usine. Livraison rapide.<\/p>","protected":false},"featured_media":25516,"template":"","meta":[],"product_brand":[],"product_cat":[122,124,125],"product_tag":[],"class_list":{"0":"post-22002","1":"product","2":"type-product","3":"status-publish","4":"has-post-thumbnail","6":"product_cat-custom-glass-packaging","7":"product_cat-custom-glass-jars","8":"product_cat-mason-glass-jars","10":"first","11":"instock","12":"shipping-taxable","13":"product-type-simple"},"jetpack_sharing_enabled":true,"_links":{"self":[{"href":"https:\/\/yebodaglass.com\/fr\/wp-json\/wp\/v2\/product\/22002","targetHints":{"allow":["GET"]}}],"collection":[{"href":"https:\/\/yebodaglass.com\/fr\/wp-json\/wp\/v2\/product"}],"about":[{"href":"https:\/\/yebodaglass.com\/fr\/wp-json\/wp\/v2\/types\/product"}],"version-history":[{"count":5,"href":"https:\/\/yebodaglass.com\/fr\/wp-json\/wp\/v2\/product\/22002\/revisions"}],"predecessor-version":[{"id":25518,"href":"https:\/\/yebodaglass.com\/fr\/wp-json\/wp\/v2\/product\/22002\/revisions\/25518"}],"wp:featuredmedia":[{"embeddable":true,"href":"https:\/\/yebodaglass.com\/fr\/wp-json\/wp\/v2\/media\/25516"}],"wp:attachment":[{"href":"https:\/\/yebodaglass.com\/fr\/wp-json\/wp\/v2\/media?parent=22002"}],"wp:term":[{"taxonomy":"product_brand","embeddable":true,"href":"https:\/\/yebodaglass.com\/fr\/wp-json\/wp\/v2\/product_brand?post=22002"},{"taxonomy":"product_cat","embeddable":true,"href":"https:\/\/yebodaglass.com\/fr\/wp-json\/wp\/v2\/product_cat?post=22002"},{"taxonomy":"product_tag","embeddable":true,"href":"https:\/\/yebodaglass.com\/fr\/wp-json\/wp\/v2\/product_tag?post=22002"}],"curies":[{"name":"wp","href":"https:\/\/api.w.org\/{rel}","templated":true}]}}