{"id":21951,"date":"2025-10-08T18:01:24","date_gmt":"2025-10-08T10:01:24","guid":{"rendered":"https:\/\/yebodaglass.com\/?post_type=product&#038;p=21951"},"modified":"2026-03-20T15:03:01","modified_gmt":"2026-03-20T07:03:01","slug":"empty-glass-mason-jar-storage-containers-bulk","status":"publish","type":"product","link":"https:\/\/yebodaglass.com\/fr\/produit\/empty-glass-mason-jar-storage-containers-bulk\/","title":{"rendered":"Bocaux Mason en verre vides de 150 ml \u00e0 1100 ml, en vrac"},"content":{"rendered":"<p>Ces bocaux en verre, de forme arrondie et l\u00e9g\u00e8rement bomb\u00e9e au centre, s&#039;affinent vers le col et la base. Ils sont munis d&#039;un goulot filet\u00e9 et d&#039;un couvercle \u00e0 vis en m\u00e9tal dor\u00e9.<\/p>\n<h2>Caract\u00e9ristiques du produit<\/h2>\n<ul>\n<li><strong>Verre transparent :<\/strong> Le verre est d&#039;une transparence cristalline, ce qui permet de voir facilement son contenu et rend le produit plus attrayant pour les industries agroalimentaires et artisanales.<\/li>\n<li><strong>Casquette dor\u00e9e uniforme :<\/strong> Le bouchon \u00e0 vis dor\u00e9 correspondant est en m\u00e9tal et assure une fixation \u00e9tanche, apportant une touche harmonieuse et haut de gamme aux deux mod\u00e8les.<\/li>\n<li><strong>Plusieurs tailles :<\/strong> Il est disponible en diff\u00e9rentes tailles, de la mini \u00e0 la tr\u00e8s grande, selon la capacit\u00e9 de stockage d&#039;\u00e9chantillons ou de grande capacit\u00e9.<\/li>\n<\/ul>\n<h2><strong data-spm-anchor-id=\"5176.28103460.0.i8.29ab2e31Xe3rbZ\">Sp\u00e9cifications cl\u00e9s<\/strong><\/h2>\n<table style=\"border-collapse: collapse; width: 80%; margin-left: auto; margin-right: auto;\" border=\"0\" width=\"363\" cellspacing=\"0\" cellpadding=\"0\">\n<tbody>\n<tr style=\"height: 13.50pt;\">\n<td class=\"et2\" style=\"height: 13.5pt; width: 56.25pt; text-align: center;\" width=\"75\" height=\"18\">Produit<\/td>\n<td class=\"et2\" style=\"width: 54pt; text-align: center;\" width=\"72\">Capacit\u00e9 (ml)<\/td>\n<td class=\"et2\" style=\"width: 54pt; text-align: center;\" width=\"72\">Taille (cm)<\/td>\n<td class=\"et2\" style=\"width: 54pt; text-align: center;\" width=\"72\">Options de couleur<\/td>\n<\/tr>\n<tr style=\"height: 13.50pt;\">\n<td class=\"et2\" style=\"height: 13.5pt; text-align: center;\" height=\"18\">63015008<\/td>\n<td class=\"et2\" style=\"text-align: center;\">150<\/td>\n<td class=\"et2\" style=\"text-align: center;\">6.1&#215;6.1&#215;8.2<\/td>\n<td class=\"et2\" style=\"text-align: center;\" rowspan=\"6\">Transparent ou personnalis\u00e9 (texture sculpt\u00e9e)<\/td>\n<\/tr>\n<tr style=\"height: 13.50pt;\">\n<td class=\"et2\" style=\"height: 13.5pt; text-align: center;\" height=\"18\">63030009<\/td>\n<td class=\"et2\" style=\"text-align: center;\">300<\/td>\n<td class=\"et2\" style=\"text-align: center;\">8.1&#215;8.1&#215;8.9<\/td>\n<\/tr>\n<tr style=\"height: 13.50pt;\">\n<td class=\"et2\" style=\"height: 13.5pt; text-align: center;\" height=\"18\">63038010<\/td>\n<td class=\"et2\" style=\"text-align: center;\">380<\/td>\n<td class=\"et2\" style=\"text-align: center;\">9,0\u00d79,0\u00d79,6<\/td>\n<\/tr>\n<tr style=\"height: 13.50pt;\">\n<td class=\"et2\" style=\"height: 13.5pt; text-align: center;\" height=\"18\">63050011<\/td>\n<td class=\"et2\" style=\"text-align: center;\">500<\/td>\n<td class=\"et2\" style=\"text-align: center;\">8.2&#215;8.2&#215;13.0<\/td>\n<\/tr>\n<tr style=\"height: 13.50pt;\">\n<td class=\"et2\" style=\"height: 13.5pt; text-align: center;\" height=\"18\">63103012<\/td>\n<td class=\"et2\" style=\"text-align: center;\">1030<\/td>\n<td class=\"et2\" style=\"text-align: center;\">9.9&#215;9.9&#215;16.7<\/td>\n<\/tr>\n<tr style=\"height: 13.50pt;\">\n<td class=\"et2\" style=\"height: 13.5pt; text-align: center;\" height=\"18\">63110013<\/td>\n<td class=\"et2\" style=\"text-align: center;\">1100<\/td>\n<td class=\"et2\" style=\"text-align: center;\">9.7&#215;9.7&#215;17.5<\/td>\n<\/tr>\n<\/tbody>\n<\/table>\n<h2>Histoire \u00e0 succ\u00e8s<\/h2>\n<p>Un producteur de miel de l&#039;Utah a choisi notre bocal en verre Mason, qu&#039;il a personnalis\u00e9 avec une teinte ambr\u00e9e claire et un motif alv\u00e9ol\u00e9 s\u00e9rigraphi\u00e9. L&#039;aspect traditionnel du bocal a renforc\u00e9 l&#039;image de marque patrimoniale de l&#039;entreprise, ce qui a entra\u00een\u00e9 une augmentation de 60 % des ventes en ligne. Par ailleurs, le motif alv\u00e9ol\u00e9 s\u00e9rigraphi\u00e9 a tripl\u00e9 la visibilit\u00e9 de l&#039;entreprise sur les r\u00e9seaux sociaux. Fort de ce succ\u00e8s, le producteur a pass\u00e9 une nouvelle commande de 720\u00a0000 pots de miel aupr\u00e8s d&#039;une cha\u00eene nationale de magasins bio.<\/p>\n<h2>Personnalisation des bocaux Mason<\/h2>\n<ul>\n<li>Gaufrage\u00a0: Des motifs textur\u00e9s (par exemple, des \u00e9pis de bl\u00e9, des abeilles) peuvent \u00eatre ajout\u00e9s sur les \u00e9paules des pots.<\/li>\n<li>Graduations de volume en relief\u00a0: Augmentez le nombre de graduations discr\u00e8tes en relief (onces, tasses, millilitres) sur le c\u00f4t\u00e9 du bocal ou de la bouteille pour le rendre plus polyvalent.<\/li>\n<li>Conception de bocaux carr\u00e9s\u00a0: Concevez des bocaux Mason carr\u00e9s qui permettent de gagner de la place, d\u2019optimiser le placement sur les \u00e9tag\u00e8res et dans les conteneurs d\u2019exp\u00e9dition.<\/li>\n<\/ul>","protected":false},"excerpt":{"rendered":"<p>Bocaux de conservation en verre de qualit\u00e9 sup\u00e9rieure, avec corps en verre r\u00e9sistant et couvercles en m\u00e9tal. Id\u00e9aux pour conserver les aliments, les boissons et emballer. Livraison rapide disponible.<\/p>","protected":false},"featured_media":25538,"template":"","meta":[],"product_brand":[],"product_cat":[125,124,122],"product_tag":[],"class_list":{"0":"post-21951","1":"product","2":"type-product","3":"status-publish","4":"has-post-thumbnail","6":"product_cat-mason-glass-jars","7":"product_cat-custom-glass-jars","8":"product_cat-custom-glass-packaging","10":"first","11":"instock","12":"shipping-taxable","13":"product-type-simple"},"jetpack_sharing_enabled":true,"_links":{"self":[{"href":"https:\/\/yebodaglass.com\/fr\/wp-json\/wp\/v2\/product\/21951","targetHints":{"allow":["GET"]}}],"collection":[{"href":"https:\/\/yebodaglass.com\/fr\/wp-json\/wp\/v2\/product"}],"about":[{"href":"https:\/\/yebodaglass.com\/fr\/wp-json\/wp\/v2\/types\/product"}],"version-history":[{"count":5,"href":"https:\/\/yebodaglass.com\/fr\/wp-json\/wp\/v2\/product\/21951\/revisions"}],"predecessor-version":[{"id":25540,"href":"https:\/\/yebodaglass.com\/fr\/wp-json\/wp\/v2\/product\/21951\/revisions\/25540"}],"wp:featuredmedia":[{"embeddable":true,"href":"https:\/\/yebodaglass.com\/fr\/wp-json\/wp\/v2\/media\/25538"}],"wp:attachment":[{"href":"https:\/\/yebodaglass.com\/fr\/wp-json\/wp\/v2\/media?parent=21951"}],"wp:term":[{"taxonomy":"product_brand","embeddable":true,"href":"https:\/\/yebodaglass.com\/fr\/wp-json\/wp\/v2\/product_brand?post=21951"},{"taxonomy":"product_cat","embeddable":true,"href":"https:\/\/yebodaglass.com\/fr\/wp-json\/wp\/v2\/product_cat?post=21951"},{"taxonomy":"product_tag","embeddable":true,"href":"https:\/\/yebodaglass.com\/fr\/wp-json\/wp\/v2\/product_tag?post=21951"}],"curies":[{"name":"wp","href":"https:\/\/api.w.org\/{rel}","templated":true}]}}