{"id":21914,"date":"2025-10-08T18:02:42","date_gmt":"2025-10-08T10:02:42","guid":{"rendered":"https:\/\/yebodaglass.com\/?post_type=product&#038;p=21914"},"modified":"2026-03-20T16:27:24","modified_gmt":"2026-03-20T08:27:24","slug":"clear-mason-glass-jars-with-lids-bulk","status":"publish","type":"product","link":"https:\/\/yebodaglass.com\/fr\/produit\/clear-mason-glass-jars-with-lids-bulk\/","title":{"rendered":"Bocaux Mason en verre transparent de 150 ml \u00e0 1000 ml avec couvercles (vente en gros)"},"content":{"rendered":"<p>Ces bocaux en verre Mason pr\u00e9sentent un design original de forme carr\u00e9e arrondie. Fabriqu\u00e9s en verre cristallin, ils sont surmont\u00e9s d&#039;un \u00e9l\u00e9gant couvercle \u00e0 vis en acier argent\u00e9. Leur large ouverture est munie d&#039;un bouchon \u00e0 vis standard et d&#039;un joint m\u00e9tallique argent\u00e9 mat.<\/p>\n<h2>Caract\u00e9ristiques du produit<\/h2>\n<ul>\n<li><strong>Forme vintage classique :<\/strong> Sa forme cylindrique droite \u00e0 angles droits est identique \u00e0 celle du mod\u00e8le classique Mason et offre un m\u00e9lange de beaut\u00e9 vintage, de facilit\u00e9 de prise en main, d&#039;utilisation et de reconnaissance.<\/li>\n<li><strong>Conception multi-capacit\u00e9 :<\/strong> Disponible en formats mini, standard et haut pour r\u00e9pondre aux diff\u00e9rents besoins de petites portions, de stockage quotidien et de stockage de grande capacit\u00e9.<\/li>\n<li><strong>Plusieurs variantes de couvercles m\u00e9talliques\u00a0:<\/strong> Il poss\u00e8de un couvercle plat ou un couvercle ventil\u00e9, tous deux en argent, ce qui lui conf\u00e8re \u00e0 la fois une excellente \u00e9tanch\u00e9it\u00e9 et une grande flexibilit\u00e9 pour r\u00e9pondre \u00e0 de nombreux besoins de conservation et d&#039;utilisation.<\/li>\n<\/ul>\n<h2><strong data-spm-anchor-id=\"5176.28103460.0.i14.29ab2e31M0MCxV\">Sp\u00e9cifications cl\u00e9s<\/strong><\/h2>\n<table style=\"border-collapse: collapse; width: 80%; margin-left: auto; margin-right: auto;\" border=\"0\" width=\"360\" cellspacing=\"0\" cellpadding=\"0\">\n<tbody>\n<tr style=\"height: 13.50pt;\">\n<td style=\"height: 13.5pt; width: 54pt; text-align: center;\" width=\"72\" height=\"18\">Produit<\/td>\n<td style=\"width: 54pt; text-align: center;\" width=\"72\">Capacit\u00e9 (ml)<\/td>\n<td style=\"width: 54pt; text-align: center;\" width=\"72\">Taille (cm)<\/td>\n<td style=\"width: 54pt; text-align: center;\" width=\"72\">Options de couleur<\/td>\n<\/tr>\n<tr style=\"height: 13.50pt;\">\n<td style=\"height: 13.5pt; text-align: center;\" align=\"right\" height=\"18\">63015001<\/td>\n<td style=\"text-align: center;\" align=\"right\">150<\/td>\n<td style=\"text-align: center;\">7.8&#215;7.8&#215;5.1<\/td>\n<td class=\"et2\" style=\"text-align: center;\" rowspan=\"7\">Effacer (Personnalis\u00e9)<\/td>\n<\/tr>\n<tr style=\"height: 13.50pt;\">\n<td style=\"height: 13.5pt; text-align: center;\" align=\"right\" height=\"18\">63025002<\/td>\n<td style=\"text-align: center;\" align=\"right\">250<\/td>\n<td style=\"text-align: center;\">7.8&#215;7.8&#215;8.0<\/td>\n<\/tr>\n<tr style=\"height: 13.50pt;\">\n<td style=\"height: 13.5pt; text-align: center;\" align=\"right\" height=\"18\">63038003<\/td>\n<td style=\"text-align: center;\" align=\"right\">380<\/td>\n<td style=\"text-align: center;\">7.5&#215;7.5&#215;12.0<\/td>\n<\/tr>\n<tr style=\"height: 13.50pt;\">\n<td style=\"height: 13.5pt; text-align: center;\" align=\"right\" height=\"18\">63050004<\/td>\n<td style=\"text-align: center;\" align=\"right\">500<\/td>\n<td style=\"text-align: center;\">8.2&#215;8.2&#215;12.7<\/td>\n<\/tr>\n<tr style=\"height: 13.50pt;\">\n<td style=\"height: 13.5pt; text-align: center;\" align=\"right\" height=\"18\">63075005<\/td>\n<td style=\"text-align: center;\" align=\"right\">750<\/td>\n<td style=\"text-align: center;\">8.6&#215;8.6&#215;16.3<\/td>\n<\/tr>\n<tr style=\"height: 13.50pt;\">\n<td style=\"height: 13.5pt; text-align: center;\" align=\"right\" height=\"18\">63085006<\/td>\n<td style=\"text-align: center;\" align=\"right\">850<\/td>\n<td style=\"text-align: center;\">\u2014<\/td>\n<\/tr>\n<tr style=\"height: 13.50pt;\">\n<td style=\"height: 13.5pt; text-align: center;\" align=\"right\" height=\"18\">63100007<\/td>\n<td style=\"text-align: center;\" align=\"right\">1000<\/td>\n<td style=\"text-align: center;\">9.7&#215;9.7&#215;17.5<\/td>\n<\/tr>\n<\/tbody>\n<\/table>\n<h2>Histoire \u00e0 succ\u00e8s<\/h2>\n<p>Un torr\u00e9facteur de Portland a choisi nos bocaux Mason de diff\u00e9rentes tailles et les a personnalis\u00e9s avec des motifs de grains de caf\u00e9. La transparence des bocaux permettait une pr\u00e9sentation parfaite des grains de caf\u00e9, ce qui a entra\u00een\u00e9 une augmentation des ventes de 35 % et une hausse de 62 % des achats r\u00e9p\u00e9t\u00e9s. Le torr\u00e9facteur a \u00e9t\u00e9 tellement satisfait de l&#039;emballage qu&#039;il a pass\u00e9 une nouvelle commande de 250\u00a0000 bocaux en verre pour sa nouvelle gamme d&#039;\u00e9pices aromatis\u00e9es et de th\u00e9s \u00e0 d\u00e9guster sur place.<\/p>\n<h2>Alternatives de personnalisation pour les bocaux en verre Mason<\/h2>\n<ul>\n<li>Conception de bocaux carr\u00e9s\u00a0: Concevez des bocaux en verre Mason carr\u00e9s peu encombrants pour optimiser la pr\u00e9sentation des produits en rayon dans les commerces et les garde-manger.<\/li>\n<li>Gaufrage\u00a0: Gaufrer ou estamper des initiales ou des motifs d\u00e9coratifs sur les \u00e9paules du pot.<\/li>\n<li>Mat\u00e9riau du couvercle\u00a0: Les couvercles en m\u00e9tal peuvent \u00eatre utilis\u00e9s \u00e0 la place des couvercles en plastique, en li\u00e8ge ou en bambou.<\/li>\n<\/ul>","protected":false},"excerpt":{"rendered":"<p>Bocaux Mason en verre \u00e0 large ouverture et couvercles r\u00e9sistants. Id\u00e9aux pour emballer et ranger. Remises pour les grossistes et vente directe d&#039;usine.<\/p>","protected":false},"featured_media":25546,"template":"","meta":[],"product_brand":[],"product_cat":[125,124,122],"product_tag":[],"class_list":{"0":"post-21914","1":"product","2":"type-product","3":"status-publish","4":"has-post-thumbnail","6":"product_cat-mason-glass-jars","7":"product_cat-custom-glass-jars","8":"product_cat-custom-glass-packaging","10":"first","11":"instock","12":"shipping-taxable","13":"product-type-simple"},"jetpack_sharing_enabled":true,"_links":{"self":[{"href":"https:\/\/yebodaglass.com\/fr\/wp-json\/wp\/v2\/product\/21914","targetHints":{"allow":["GET"]}}],"collection":[{"href":"https:\/\/yebodaglass.com\/fr\/wp-json\/wp\/v2\/product"}],"about":[{"href":"https:\/\/yebodaglass.com\/fr\/wp-json\/wp\/v2\/types\/product"}],"version-history":[{"count":5,"href":"https:\/\/yebodaglass.com\/fr\/wp-json\/wp\/v2\/product\/21914\/revisions"}],"predecessor-version":[{"id":25545,"href":"https:\/\/yebodaglass.com\/fr\/wp-json\/wp\/v2\/product\/21914\/revisions\/25545"}],"wp:featuredmedia":[{"embeddable":true,"href":"https:\/\/yebodaglass.com\/fr\/wp-json\/wp\/v2\/media\/25546"}],"wp:attachment":[{"href":"https:\/\/yebodaglass.com\/fr\/wp-json\/wp\/v2\/media?parent=21914"}],"wp:term":[{"taxonomy":"product_brand","embeddable":true,"href":"https:\/\/yebodaglass.com\/fr\/wp-json\/wp\/v2\/product_brand?post=21914"},{"taxonomy":"product_cat","embeddable":true,"href":"https:\/\/yebodaglass.com\/fr\/wp-json\/wp\/v2\/product_cat?post=21914"},{"taxonomy":"product_tag","embeddable":true,"href":"https:\/\/yebodaglass.com\/fr\/wp-json\/wp\/v2\/product_tag?post=21914"}],"curies":[{"name":"wp","href":"https:\/\/api.w.org\/{rel}","templated":true}]}}