{"id":21833,"date":"2025-09-29T11:46:29","date_gmt":"2025-09-29T03:46:29","guid":{"rendered":"https:\/\/yebodaglass.com\/?post_type=product&#038;p=21833"},"modified":"2025-10-09T18:01:44","modified_gmt":"2025-10-09T10:01:44","slug":"custom-olive-oil-bottles-high-quality-glass-oil-bottles-for-wholesale","status":"publish","type":"product","link":"https:\/\/yebodaglass.com\/fr\/custom-olive-oil-bottles-high-quality-glass-oil-bottles-for-wholesale\/","title":{"rendered":"Bouteilles d'huile d'olive carr\u00e9es en verre transparent, personnalis\u00e9es, de 60 \u00e0 1000 ml, avec bouchon \u00e0 vis."},"content":{"rendered":"<div data-elementor-type=\"product-post\" data-elementor-id=\"21833\" class=\"elementor elementor-21833\" data-elementor-settings=\"{&quot;ha_cmc_init_switcher&quot;:&quot;no&quot;}\" data-elementor-post-type=\"product\">\n\t\t\t\t<div class=\"elementor-element elementor-element-7cc6e53 e-flex e-con-boxed e-con e-parent\" data-id=\"7cc6e53\" data-element_type=\"container\" data-e-type=\"container\" data-settings=\"{&quot;_ha_eqh_enable&quot;:false}\">\n\t\t\t\t\t<div class=\"e-con-inner\">\n\t\t\t\t<div class=\"elementor-element elementor-element-b9ffd68 elementor-widget elementor-widget-text-editor\" data-id=\"b9ffd68\" data-element_type=\"widget\" data-e-type=\"widget\" data-widget_type=\"text-editor.default\">\n\t\t\t\t<div class=\"elementor-widget-container\">\n\t\t\t\t\t\t\t\t\t<p>En tant que fabricant et fournisseur majeur d&#039;emballages en verre haut de gamme, nous comprenons le besoin de bouteilles d&#039;huile d&#039;olive personnalis\u00e9es de haute qualit\u00e9 pour valoriser votre marque. Polyvalentes pour les commandes en gros et en gros, nos formations sont con\u00e7ues pour pr\u00e9senter des bouteilles d&#039;huile d&#039;olive en verre transparent et d\u00e9montrer la puret\u00e9 de votre huile. Que vous ayez besoin d&#039;une bouteille standard ou d&#039;une solution enti\u00e8rement personnalis\u00e9e, nos bouteilles en verre sont disponibles dans de nombreuses tailles pour s&#039;adapter \u00e0 chaque utilisation.<\/p><h2>Caract\u00e9ristiques du produit<\/h2><ul><li><strong>Design carr\u00e9 moderne<\/strong>:La taille contemporaine de la classe am\u00e9liore l&#039;attrait des rayons et \u00e9conomise de l&#039;espace, ce qui la rend id\u00e9ale pour la vente au d\u00e9tail.<\/li><li><strong>Verre transparent de qualit\u00e9 alimentaire<\/strong>:Fabriqu\u00e9 en verre de bouteille d&#039;huile de haute qualit\u00e9, cela permet aux clients de voir la couleur riche, la croyance de construction et le d\u00e9sir de votre huile d&#039;olive.<\/li><li><strong>Col \u00e0 vis s\u00e9curis\u00e9<\/strong>: Compatible avec diverses options de couvercle, y compris en m\u00e9tal ou en plastique, garantit un r\u00e9cipient d&#039;huile d&#039;olive \u00e9tanche pour une insertion facile.<\/li><li><strong>Plusieurs options de capacit\u00e9<\/strong>:Pour les grands formats de 1000 ml pour une utilisation en vrac \u00e0 partir de petits flacons de 60 ml pour les \u00e9chantillons, nous offrons une flexibilit\u00e9 pour r\u00e9pondre \u00e0 diverses exigences.<\/li><\/ul>\t\t\t\t\t\t\t\t<\/div>\n\t\t\t\t<\/div>\n\t\t\t\t<div class=\"elementor-element elementor-element-920ae84 elementor-widget elementor-widget-text-editor\" data-id=\"920ae84\" data-element_type=\"widget\" data-e-type=\"widget\" data-widget_type=\"text-editor.default\">\n\t\t\t\t<div class=\"elementor-widget-container\">\n\t\t\t\t\t\t\t\t\t<h2>Sp\u00e9cifications cl\u00e9s\u00a0:<\/h2><table border=\"0\" width=\"100%\" cellspacing=\"0\" cellpadding=\"0\"><tbody><tr><td class=\"et2\" style=\"text-align: center;\" colspan=\"4\" width=\"100%\" height=\"18\"><strong>Bouteille d&#039;huile d&#039;olive carr\u00e9e en verre transparent avec col \u00e0 vis<\/strong><\/td><\/tr><tr><td class=\"et2\" style=\"text-align: left;\" height=\"24\"><strong>Mod\u00e8le<\/strong><\/td><td class=\"et2\" style=\"text-align: left;\"><strong>Capacit\u00e9\/ml<\/strong><\/td><td class=\"et2\" style=\"text-align: left;\"><strong>taille\/cm<\/strong><\/td><td class=\"et2\" style=\"text-align: left;\"><strong>diam\u00e8tres int\u00e9rieurs\/ext\u00e9rieurs\/mm<\/strong><\/td><\/tr><tr><td class=\"et2\" style=\"text-align: center;\" height=\"24\">11006001<\/td><td class=\"et2\">60<\/td><td class=\"et2\">3.5*3.5*12.4<\/td><td class=\"et2\">9.5*18<\/td><\/tr><tr><td class=\"et2\" style=\"text-align: center;\" height=\"18\">11010002<\/td><td class=\"et2\">100<\/td><td class=\"et2\">4.1*4.1*14.0<\/td><td class=\"et2\">13.5*24<\/td><\/tr><tr><td class=\"et2\" style=\"text-align: center;\" height=\"18\">11010003<\/td><td class=\"et2\">100<\/td><td class=\"et2\">4.3*4.3*14.0<\/td><td class=\"et2\">13.5*24<\/td><\/tr><tr><td class=\"et2\" style=\"text-align: center;\" height=\"20\">11015004<\/td><td class=\"et2\">150<\/td><td class=\"et2\">4.9*4.9*15.6<\/td><td class=\"et2\">19*30<\/td><\/tr><tr><td class=\"et2\" style=\"text-align: center;\" height=\"20\">11025005<\/td><td class=\"et2\">250<\/td><td class=\"et2\">4.7*4.7*21.0<\/td><td class=\"et2\">19*30<\/td><\/tr><tr><td class=\"et2\" style=\"text-align: center;\" height=\"20\">11050006<\/td><td class=\"et2\">500<\/td><td class=\"et2\">5.8*5.8*26.4<\/td><td class=\"et2\">19*30<\/td><\/tr><tr><td class=\"et2\" style=\"text-align: center;\" height=\"20\">11075007<\/td><td class=\"et2\">750<\/td><td class=\"et2\">6.5*6.5*30.2<\/td><td class=\"et2\">19*30<\/td><\/tr><tr><td class=\"et2\" style=\"text-align: center;\" height=\"20\">11100008<\/td><td class=\"et2\">1000<\/td><td class=\"et2\">7.4*7.4*30<\/td><td class=\"et2\">19*30<\/td><\/tr><\/tbody><\/table><p>Options d&#039;accessoires\u00a0: Chaque bouteille est \u00e9quip\u00e9e d&#039;un goulot \u00e0 vis compatible avec diff\u00e9rents types de couvercles (m\u00e9tal ou plastique), de joints int\u00e9rieurs, de becs verseurs (pour huileur) et de films ext\u00e9rieurs. Les options de personnalisation incluent des variations de couleur pour les couvercles et l&#039;\u00e9tiquetage.<\/p><h2>\u00c9tude de cas :<\/h2><p>L&#039;un de nos clients, une marque d&#039;huile haut de gamme, a constat\u00e9 une augmentation de 30 % de ses ventes en ligne apr\u00e8s avoir adopt\u00e9 nos bouteilles d&#039;huile d&#039;olive personnalis\u00e9es. Il a command\u00e9 en grandes quantit\u00e9s la bouteille carr\u00e9e en verre de 500 ml pour huile d&#039;olive, avec un couvercle personnalis\u00e9 et un bec verseur. L&#039;emballage en verre transparent a mis en valeur la qualit\u00e9 de son produit, et la fiabilit\u00e9 de notre service d&#039;exp\u00e9dition a assur\u00e9 une livraison ponctuelle pour sa campagne de fin d&#039;ann\u00e9e.<\/p><h2>Conseils de personnalisation<\/h2><p>Pour les marques qui souhaitent se d\u00e9marquer, nous recommandons de personnaliser la couleur du couvercle pour l&#039;harmoniser avec votre marque ou d&#039;ajouter un distributeur d&#039;huile d\u00e9di\u00e9 pour un versement contr\u00f4l\u00e9. Les commandes group\u00e9es b\u00e9n\u00e9ficient de remises de gros et nous proposons un programme d&#039;\u00e9chantillons gratuits pour tester la bouteille d&#039;huile en verre avec couvercle avant de commander. Nos services de personnalisation incluent l&#039;impression de logos et la modification des dimensions\u00a0; contactez-nous simplement pour nous faire part de vos besoins.<\/p><p><strong>Informations de commande<\/strong>Commandez d\u00e8s aujourd&#039;hui pour une livraison rapide. Ces bouteilles d&#039;huile d&#039;olive en verre sont disponibles en finition transparente, parfaites pour toutes vos applications.<\/p>\t\t\t\t\t\t\t\t<\/div>\n\t\t\t\t<\/div>\n\t\t\t\t\t<\/div>\n\t\t\t\t<\/div>\n\t\t\t\t<\/div>","protected":false},"excerpt":{"rendered":"<p>D\u00e9couvrez des bouteilles d&#039;huile d&#039;olive et des bouteilles d&#039;huile en verre haut de gamme, personnalisables et avec bouchon, pour votre marque. Tarifs de gros, commandes en grande quantit\u00e9 et \u00e9chantillons gratuits disponibles.<\/p>","protected":false},"featured_media":21837,"template":"","meta":[],"product_brand":[],"product_cat":[122,123],"product_tag":[],"class_list":{"0":"post-21833","1":"product","2":"type-product","3":"status-publish","4":"has-post-thumbnail","6":"product_cat-custom-glass-packaging","7":"product_cat-custom-glass-bottles","9":"first","10":"instock","11":"shipping-taxable","12":"product-type-simple"},"jetpack_sharing_enabled":true,"_links":{"self":[{"href":"https:\/\/yebodaglass.com\/fr\/wp-json\/wp\/v2\/product\/21833","targetHints":{"allow":["GET"]}}],"collection":[{"href":"https:\/\/yebodaglass.com\/fr\/wp-json\/wp\/v2\/product"}],"about":[{"href":"https:\/\/yebodaglass.com\/fr\/wp-json\/wp\/v2\/types\/product"}],"version-history":[{"count":5,"href":"https:\/\/yebodaglass.com\/fr\/wp-json\/wp\/v2\/product\/21833\/revisions"}],"predecessor-version":[{"id":21848,"href":"https:\/\/yebodaglass.com\/fr\/wp-json\/wp\/v2\/product\/21833\/revisions\/21848"}],"wp:featuredmedia":[{"embeddable":true,"href":"https:\/\/yebodaglass.com\/fr\/wp-json\/wp\/v2\/media\/21837"}],"wp:attachment":[{"href":"https:\/\/yebodaglass.com\/fr\/wp-json\/wp\/v2\/media?parent=21833"}],"wp:term":[{"taxonomy":"product_brand","embeddable":true,"href":"https:\/\/yebodaglass.com\/fr\/wp-json\/wp\/v2\/product_brand?post=21833"},{"taxonomy":"product_cat","embeddable":true,"href":"https:\/\/yebodaglass.com\/fr\/wp-json\/wp\/v2\/product_cat?post=21833"},{"taxonomy":"product_tag","embeddable":true,"href":"https:\/\/yebodaglass.com\/fr\/wp-json\/wp\/v2\/product_tag?post=21833"}],"curies":[{"name":"wp","href":"https:\/\/api.w.org\/{rel}","templated":true}]}}