{"id":17341,"date":"2025-07-18T12:13:20","date_gmt":"2025-07-18T04:13:20","guid":{"rendered":"https:\/\/yebodaglass.com\/?post_type=product&#038;p=17341"},"modified":"2026-03-25T13:47:20","modified_gmt":"2026-03-25T05:47:20","slug":"wholesale-32-oz-clear-glass-swing-top-bottles","status":"publish","type":"product","link":"https:\/\/yebodaglass.com\/fr\/wholesale-32-oz-clear-glass-swing-top-bottles\/","title":{"rendered":"Bouteilles en verre transparent \u00e0 bouchon basculant de 32 oz en gros"},"content":{"rendered":"<p>Notre gamme de bouteilles en verre transparent de 950 ml (32 oz) avec bouchon \u00e0 bascule est dot\u00e9e d&#039;un bouchon \u00e0 vis robuste assurant une fermeture herm\u00e9tique et anti-fuite. Ces bouteilles en verre pr\u00e9servent la fra\u00eecheur et la qualit\u00e9 de vos liquides. Que vous soyez amateur ou professionnel, nos bouteilles \u00e0 vis constituent une solution \u00e9l\u00e9gante et pratique pour conserver et pr\u00e9senter une grande vari\u00e9t\u00e9 de liquides.<\/p>\n<h2>Pr\u00e9sentateurs<\/h2>\n<ul>\n<li style=\"text-align: left;\"><strong>Fermeture \u00e0 vis :<\/strong> Le bouchon en caoutchouc est solidement fix\u00e9 par un treillis m\u00e9tallique pour former un joint durable et r\u00e9utilisable.<\/li>\n<li style=\"text-align: left;\"><strong>Verre haute clart\u00e9\u00a0:<\/strong> \u00c0 travers le verre, vous pouvez clairement voir la couleur et le degr\u00e9 de carbonatation de votre boisson.<\/li>\n<li style=\"text-align: left;\"><strong>Accessoires m\u00e9talliques durables\u00a0:<\/strong> Le bouchon en c\u00e9ramique\/plastique et le treillis m\u00e9tallique sont robustes et peuvent \u00eatre utilis\u00e9s \u00e0 maintes reprises sur une longue p\u00e9riode.<\/li>\n<\/ul>\n<h2 style=\"text-align: left;\">Sp\u00e9cifications cl\u00e9s<\/h2>\n<table class=\"aligncenter\" style=\"border-collapse: collapse; width: 565.52pt;\" border=\"0\" width=\"754\" cellspacing=\"0\" cellpadding=\"0\">\n<tbody>\n<tr style=\"height: 13.50pt;\">\n<td style=\"height: 13.50pt; width: 121.50pt;\" width=\"162\" height=\"18\">Sp\u00e9cification<\/td>\n<td style=\"width: 444.00pt;\" width=\"592\">D\u00e9tails<\/td>\n<\/tr>\n<tr style=\"height: 13.50pt;\">\n<td style=\"height: 13.50pt;\" height=\"18\">Capacit\u00e9<\/td>\n<td>32 oz\/1000ml<\/td>\n<\/tr>\n<tr style=\"height: 13.50pt;\">\n<td style=\"height: 13.50pt;\" height=\"18\">Taille de l&#039;emballage<\/td>\n<td>7,3 po \u00d7 7,3 po \u00d7 12,4 po (L \u00d7 l \u00d7 H) \/ 4 pi\u00e8ces par bo\u00eete<\/td>\n<\/tr>\n<tr style=\"height: 13.50pt;\">\n<td style=\"height: 13.50pt;\" height=\"18\">Mat\u00e9riel<\/td>\n<td>Verre sans plomb<\/td>\n<\/tr>\n<tr style=\"height: 13.50pt;\">\n<td style=\"height: 13.50pt;\" height=\"18\">Type de couvercle<\/td>\n<td>Bouchon \u00e0 charni\u00e8re avec opercule blanc, joint en caoutchouc rouge et pince m\u00e9tallique<\/td>\n<\/tr>\n<tr style=\"height: 13.50pt;\">\n<td style=\"height: 13.50pt;\" height=\"18\">Utilisations recommand\u00e9es<\/td>\n<td>Id\u00e9al pour conserver les boissons maison, les huiles, le vinaigre, les sauces et les articles de loisirs cr\u00e9atifs<\/td>\n<\/tr>\n<\/tbody>\n<\/table>\n<h2>Histoire \u00e0 succ\u00e8s<\/h2>\n<p>Notre bouteille en verre de 946 ml (32 oz) avec bouchon m\u00e9canique, \u00e9tiquettes Art d\u00e9co s\u00e9rigraphi\u00e9es sur mesure et joints en caoutchouc vert, a \u00e9t\u00e9 choisie par une entreprise artisanale de boissons gazeuses du Midwest. La carbonatation est assur\u00e9e par un syst\u00e8me de fermeture \u00e0 clip qui scelle parfaitement le bouchon, garantissant une \u00e9tanch\u00e9it\u00e9 \u00e0 99,8 %. Ce bouchon est fabriqu\u00e9 dans un verre vert sp\u00e9cial, ce qui repr\u00e9sente un surco\u00fbt d&#039;un dollar par bouteille pour l&#039;embouteilleur. Fort de ce succ\u00e8s, l&#039;entreprise a ensuite command\u00e9 150\u00a0000 bouteilles de sa nouvelle gamme de shakers \u00e0 cocktails et de vinaigres \u00e0 boire artisanaux.<\/p>\n<h2>Bouteilles en verre sur mesure \u00e0 bouchon m\u00e9canique<\/h2>\n<ul>\n<li>Mat\u00e9riaux des clips et des fils : Les composants m\u00e9talliques sont disponibles en acier galvanis\u00e9, noir, cuivre ou laiton.<\/li>\n<li>Couleurs des bouchons et joints d&#039;embouteillage\u00a0: Bouchons de bouteille (en c\u00e9ramique ou en plastique) et joints de la couleur de n&#039;importe quelle marque.<\/li>\n<li>Gamme de tailles\u00a0: Les bouteilles seront disponibles en 4 tailles\u00a0: 8 oz, 16 oz, 25 oz et 32 \u200b\u200boz.<\/li>\n<\/ul>","protected":false},"excerpt":{"rendered":"<p>Bouteilles en verre \u00e0 bouchon m\u00e9canique, herm\u00e9tiques et r\u00e9sistantes. Id\u00e9ales pour les boissons gazeuses et les jus de fruits. \u00c9chantillons gratuits disponibles pour tester la qualit\u00e9.<\/p>","protected":false},"featured_media":17359,"template":"","meta":[],"product_brand":[],"product_cat":[81,80,20],"product_tag":[],"class_list":{"0":"post-17341","1":"product","2":"type-product","3":"status-publish","4":"has-post-thumbnail","6":"product_cat-flip-top-bottles","7":"product_cat-glass-bottles","8":"product_cat-glass-containers","10":"first","11":"instock","12":"shipping-taxable","13":"product-type-grouped"},"jetpack_sharing_enabled":true,"_links":{"self":[{"href":"https:\/\/yebodaglass.com\/fr\/wp-json\/wp\/v2\/product\/17341","targetHints":{"allow":["GET"]}}],"collection":[{"href":"https:\/\/yebodaglass.com\/fr\/wp-json\/wp\/v2\/product"}],"about":[{"href":"https:\/\/yebodaglass.com\/fr\/wp-json\/wp\/v2\/types\/product"}],"version-history":[{"count":5,"href":"https:\/\/yebodaglass.com\/fr\/wp-json\/wp\/v2\/product\/17341\/revisions"}],"predecessor-version":[{"id":25600,"href":"https:\/\/yebodaglass.com\/fr\/wp-json\/wp\/v2\/product\/17341\/revisions\/25600"}],"wp:featuredmedia":[{"embeddable":true,"href":"https:\/\/yebodaglass.com\/fr\/wp-json\/wp\/v2\/media\/17359"}],"wp:attachment":[{"href":"https:\/\/yebodaglass.com\/fr\/wp-json\/wp\/v2\/media?parent=17341"}],"wp:term":[{"taxonomy":"product_brand","embeddable":true,"href":"https:\/\/yebodaglass.com\/fr\/wp-json\/wp\/v2\/product_brand?post=17341"},{"taxonomy":"product_cat","embeddable":true,"href":"https:\/\/yebodaglass.com\/fr\/wp-json\/wp\/v2\/product_cat?post=17341"},{"taxonomy":"product_tag","embeddable":true,"href":"https:\/\/yebodaglass.com\/fr\/wp-json\/wp\/v2\/product_tag?post=17341"}],"curies":[{"name":"wp","href":"https:\/\/api.w.org\/{rel}","templated":true}]}}