{"id":17310,"date":"2025-07-18T10:36:56","date_gmt":"2025-07-18T02:36:56","guid":{"rendered":"https:\/\/yebodaglass.com\/?post_type=product&#038;p=17310"},"modified":"2025-09-15T11:20:29","modified_gmt":"2025-09-15T03:20:29","slug":"clear-16-oz-flip-top-bottles-in-bulk","status":"publish","type":"product","link":"https:\/\/yebodaglass.com\/fr\/clear-16-oz-flip-top-bottles-in-bulk\/","title":{"rendered":"Bouteilles transparentes \u00e0 couvercle rabattable de 16 oz en vrac"},"content":{"rendered":"<div data-elementor-type=\"wp-post\" data-elementor-id=\"17310\" class=\"elementor elementor-17310\" data-elementor-settings=\"{&quot;ha_cmc_init_switcher&quot;:&quot;no&quot;}\" data-elementor-post-type=\"product\">\n\t\t\t\t<div class=\"elementor-element elementor-element-bb0d695 e-flex e-con-boxed e-con e-parent\" data-id=\"bb0d695\" data-element_type=\"container\" data-e-type=\"container\" data-settings=\"{&quot;_ha_eqh_enable&quot;:false}\">\n\t\t\t\t\t<div class=\"e-con-inner\">\n\t\t\t\t<div class=\"elementor-element elementor-element-732f179 elementor-widget elementor-widget-text-editor\" data-id=\"732f179\" data-element_type=\"widget\" data-e-type=\"widget\" data-widget_type=\"text-editor.default\">\n\t\t\t\t<div class=\"elementor-widget-container\">\n\t\t\t\t\t\t\t\t\t<p>Nos bouteilles \u00e0 bouchon m\u00e9canique de 473 ml (16 oz) sont con\u00e7ues pour une fermeture herm\u00e9tique et durable. Fabriqu\u00e9es en verre transparent de haute qualit\u00e9, elles permettent de voir clairement leur contenu. Le bouchon \u00e0 pression en acier inoxydable, dot\u00e9 d&#039;un joint en caoutchouc rouge, assure une fermeture s\u00e9curis\u00e9e et une \u00e9tanch\u00e9it\u00e9 optimale, m\u00eame avec les boissons gazeuses.<\/p>\t\t\t\t\t\t\t\t<\/div>\n\t\t\t\t<\/div>\n\t\t\t\t<div class=\"elementor-element elementor-element-54c8d6c elementor-widget elementor-widget-heading\" data-id=\"54c8d6c\" data-element_type=\"widget\" data-e-type=\"widget\" data-widget_type=\"heading.default\">\n\t\t\t\t<div class=\"elementor-widget-container\">\n\t\t\t\t\t<h2 class=\"elementor-heading-title elementor-size-default\">Sp\u00e9cifications cl\u00e9s<\/h2>\t\t\t\t<\/div>\n\t\t\t\t<\/div>\n\t\t\t\t<div class=\"elementor-element elementor-element-14509d8 elementor-widget elementor-widget-text-editor\" data-id=\"14509d8\" data-element_type=\"widget\" data-e-type=\"widget\" data-widget_type=\"text-editor.default\">\n\t\t\t\t<div class=\"elementor-widget-container\">\n\t\t\t\t\t\t\t\t\t<table class=\"aligncenter\" style=\"border-collapse: collapse; width: 485.27pt;\" border=\"0\" width=\"647\" cellspacing=\"0\" cellpadding=\"0\"><tbody><tr style=\"height: 13.50pt;\"><td class=\"et2\" style=\"height: 13.50pt; width: 107.25pt;\" width=\"143\" height=\"18\">Sp\u00e9cification<\/td><td class=\"et2\" style=\"width: 378.00pt;\" width=\"504\">D\u00e9tails<\/td><\/tr><tr style=\"height: 13.50pt;\"><td class=\"et2\" style=\"height: 13.50pt; width: 107.25pt;\" width=\"143\" height=\"18\">Capacit\u00e9<\/td><td class=\"et2\" style=\"width: 378.00pt;\" width=\"504\">16 oz\/500 ml<\/td><\/tr><tr style=\"height: 13.50pt;\"><td class=\"et2\" style=\"height: 13.50pt; width: 107.25pt;\" width=\"143\" height=\"18\">Taille de l&#039;emballage<\/td><td class=\"et2\" style=\"width: 378.00pt;\" width=\"504\">9,3 \u00d7 6,3 \u00d7 10,6 po \/ 6 pi\u00e8ces par bo\u00eete<\/td><\/tr><tr style=\"height: 13.50pt;\"><td class=\"et2\" style=\"height: 13.50pt; width: 107.25pt;\" width=\"143\" height=\"18\">Mat\u00e9riel<\/td><td class=\"et2\" style=\"width: 378.00pt;\" width=\"504\">Verre sans plomb<\/td><\/tr><tr style=\"height: 27.00pt;\"><td class=\"et2\" style=\"height: 27.00pt; width: 107.25pt;\" width=\"143\" height=\"36\">Description de la bouteille<\/td><td class=\"et2\" style=\"width: 378.00pt;\" width=\"504\">Bouteille en verre transparent avec un col \u00e9troit, des \u00e9paules fusel\u00e9es et un corps cylindrique<\/td><\/tr><tr style=\"height: 27.00pt;\"><td class=\"et2\" style=\"height: 27.00pt; width: 107.25pt;\" width=\"143\" height=\"36\">Performances d&#039;\u00e9tanch\u00e9it\u00e9<\/td><td class=\"et2\" style=\"width: 378.00pt;\" width=\"504\">Fermeture s\u00e9curis\u00e9e et herm\u00e9tique pour pr\u00e9server la fra\u00eecheur<\/td><\/tr><\/tbody><\/table>\t\t\t\t\t\t\t\t<\/div>\n\t\t\t\t<\/div>\n\t\t\t\t\t<\/div>\n\t\t\t\t<\/div>\n\t\t<div class=\"elementor-element elementor-element-55e31eb e-flex e-con-boxed e-con e-parent\" data-id=\"55e31eb\" data-element_type=\"container\" data-e-type=\"container\" data-settings=\"{&quot;_ha_eqh_enable&quot;:false}\">\n\t\t\t\t\t<div class=\"e-con-inner\">\n\t\t\t\t<div class=\"elementor-element elementor-element-fc0900e elementor-widget elementor-widget-heading\" data-id=\"fc0900e\" data-element_type=\"widget\" data-e-type=\"widget\" data-widget_type=\"heading.default\">\n\t\t\t\t<div class=\"elementor-widget-container\">\n\t\t\t\t\t<h2 class=\"elementor-heading-title elementor-size-default\">Pr\u00e9sentateurs<\/h2>\t\t\t\t<\/div>\n\t\t\t\t<\/div>\n\t\t\t\t\t<\/div>\n\t\t\t\t<\/div>\n\t\t<div class=\"elementor-element elementor-element-723cd80 e-flex e-con-boxed e-con e-parent\" data-id=\"723cd80\" data-element_type=\"container\" data-e-type=\"container\" data-settings=\"{&quot;_ha_eqh_enable&quot;:false}\">\n\t\t\t\t\t<div class=\"e-con-inner\">\n\t\t<div class=\"elementor-element elementor-element-bf4cb81 e-con-full e-flex e-con e-child\" data-id=\"bf4cb81\" data-element_type=\"container\" data-e-type=\"container\" data-settings=\"{&quot;_ha_eqh_enable&quot;:false}\">\n\t\t\t\t<div class=\"elementor-element elementor-element-202a3f6 elementor-widget elementor-widget-image\" data-id=\"202a3f6\" data-element_type=\"widget\" data-e-type=\"widget\" data-widget_type=\"image.default\">\n\t\t\t\t<div class=\"elementor-widget-container\">\n\t\t\t\t\t\t\t\t\t\t\t\t\t\t\t<img decoding=\"async\" src=\"https:\/\/yebodaglass.com\/wp-content\/uploads\/elementor\/thumbs\/500ml-\u573a\u666f\u56fe-\u62f7\u8d1d_\u526f\u672c-\u62f7\u8d1d-12-r8x8o0auzi7sairwp89eg4jh2d1pxp211p30q4t0gw.webp\" title=\"Bouteilles YEBODA 16 oz \u00e0 bouchon \u00e0 clapet en gros\" alt=\"Bouteilles YEBODA 16 oz \u00e0 bouchon \u00e0 clapet en gros\" loading=\"lazy\" \/>\t\t\t\t\t\t\t\t\t\t\t\t\t\t\t<\/div>\n\t\t\t\t<\/div>\n\t\t\t\t<div class=\"elementor-element elementor-element-fc1fd2d elementor-widget elementor-widget-text-editor\" data-id=\"fc1fd2d\" data-element_type=\"widget\" data-e-type=\"widget\" data-widget_type=\"text-editor.default\">\n\t\t\t\t<div class=\"elementor-widget-container\">\n\t\t\t\t\t\t\t\t\t<p>Fermeture herm\u00e9tique \u00e0 clapet : Dot\u00e9 d&#039;un bouchon \u00e0 clapet stable assurant une \u00e9tanch\u00e9it\u00e9 parfaite, id\u00e9al pour contenir des liquides.<\/p>\t\t\t\t\t\t\t\t<\/div>\n\t\t\t\t<\/div>\n\t\t\t\t<\/div>\n\t\t<div class=\"elementor-element elementor-element-73418b7 e-con-full e-flex e-con e-child\" data-id=\"73418b7\" data-element_type=\"container\" data-e-type=\"container\" data-settings=\"{&quot;_ha_eqh_enable&quot;:false}\">\n\t\t\t\t<div class=\"elementor-element elementor-element-490e976 elementor-widget elementor-widget-image\" data-id=\"490e976\" data-element_type=\"widget\" data-e-type=\"widget\" data-widget_type=\"image.default\">\n\t\t\t\t<div class=\"elementor-widget-container\">\n\t\t\t\t\t\t\t\t\t\t\t\t\t\t\t<img decoding=\"async\" src=\"https:\/\/yebodaglass.com\/wp-content\/uploads\/elementor\/thumbs\/89-\u62f7\u8d1d-r8x8nzd0so6hywt9upurvms0gz6cpzyapkfj8uuen4.webp\" title=\"Bouteilles YEBODA 16 oz \u00e0 bouchon \u00e0 clapet en gros\" alt=\"Bouteilles YEBODA 16 oz \u00e0 bouchon \u00e0 clapet en gros\" loading=\"lazy\" \/>\t\t\t\t\t\t\t\t\t\t\t\t\t\t\t<\/div>\n\t\t\t\t<\/div>\n\t\t\t\t<div class=\"elementor-element elementor-element-28d6163 elementor-widget elementor-widget-text-editor\" data-id=\"28d6163\" data-element_type=\"widget\" data-e-type=\"widget\" data-widget_type=\"text-editor.default\">\n\t\t\t\t<div class=\"elementor-widget-container\">\n\t\t\t\t\t\t\t\t\t<p>Design profil\u00e9 \u00e0 col \u00e9troit\u00a0: le col \u00e9lanc\u00e9 et la forme conique facilitent et ais\u00e9es le versement, tout en conf\u00e9rant \u00e0 la bouteille une allure \u00e9l\u00e9gante.<\/p>\t\t\t\t\t\t\t\t<\/div>\n\t\t\t\t<\/div>\n\t\t\t\t<\/div>\n\t\t\t\t\t<\/div>\n\t\t\t\t<\/div>\n\t\t<div class=\"elementor-element elementor-element-523cc7f e-flex e-con-boxed e-con e-parent\" data-id=\"523cc7f\" data-element_type=\"container\" data-e-type=\"container\" data-settings=\"{&quot;_ha_eqh_enable&quot;:false}\">\n\t\t\t\t\t<div class=\"e-con-inner\">\n\t\t<div class=\"elementor-element elementor-element-744006f e-con-full e-flex e-con e-child\" data-id=\"744006f\" data-element_type=\"container\" data-e-type=\"container\" data-settings=\"{&quot;_ha_eqh_enable&quot;:false}\">\n\t\t\t\t<div class=\"elementor-element elementor-element-9ce8179 elementor-widget elementor-widget-image\" data-id=\"9ce8179\" data-element_type=\"widget\" data-e-type=\"widget\" data-widget_type=\"image.default\">\n\t\t\t\t<div class=\"elementor-widget-container\">\n\t\t\t\t\t\t\t\t\t\t\t\t\t\t\t<img decoding=\"async\" src=\"https:\/\/yebodaglass.com\/wp-content\/uploads\/elementor\/thumbs\/36-r8x8nyf6lu57naun07g5b50jvlaziaukdfs1rkvstc.jpg\" title=\"Bouteilles YEBODA 16 oz \u00e0 bouchon \u00e0 clapet en gros\" alt=\"Bouteilles YEBODA 16 oz \u00e0 bouchon \u00e0 clapet en gros\" loading=\"lazy\" \/>\t\t\t\t\t\t\t\t\t\t\t\t\t\t\t<\/div>\n\t\t\t\t<\/div>\n\t\t\t\t<div class=\"elementor-element elementor-element-78c6605 elementor-widget elementor-widget-text-editor\" data-id=\"78c6605\" data-element_type=\"widget\" data-e-type=\"widget\" data-widget_type=\"text-editor.default\">\n\t\t\t\t<div class=\"elementor-widget-container\">\n\t\t\t\t\t\t\t\t\t<p>Verre transparent durable : Fabriqu\u00e9 en verre \u00e9pais et transparent, \u00e0 la fois robuste et permettant une visualisation claire du contenu.<\/p>\t\t\t\t\t\t\t\t<\/div>\n\t\t\t\t<\/div>\n\t\t\t\t<\/div>\n\t\t<div class=\"elementor-element elementor-element-8519877 e-con-full e-flex e-con e-child\" data-id=\"8519877\" data-element_type=\"container\" data-e-type=\"container\" data-settings=\"{&quot;_ha_eqh_enable&quot;:false}\">\n\t\t\t\t<div class=\"elementor-element elementor-element-7d08a07 elementor-widget elementor-widget-image\" data-id=\"7d08a07\" data-element_type=\"widget\" data-e-type=\"widget\" data-widget_type=\"image.default\">\n\t\t\t\t<div class=\"elementor-widget-container\">\n\t\t\t\t\t\t\t\t\t\t\t\t\t\t\t<img decoding=\"async\" src=\"https:\/\/yebodaglass.com\/wp-content\/uploads\/elementor\/thumbs\/897-r8x8o26jd6acxqp6e92nl42e94sgd39hpydzooq84g.jpg\" title=\"Bouteilles YEBODA 16 oz \u00e0 bouchon \u00e0 clapet en gros\" alt=\"Bouteilles YEBODA 16 oz \u00e0 bouchon \u00e0 clapet en gros\" loading=\"lazy\" \/>\t\t\t\t\t\t\t\t\t\t\t\t\t\t\t<\/div>\n\t\t\t\t<\/div>\n\t\t\t\t<div class=\"elementor-element elementor-element-dca6cea elementor-widget elementor-widget-text-editor\" data-id=\"dca6cea\" data-element_type=\"widget\" data-e-type=\"widget\" data-widget_type=\"text-editor.default\">\n\t\t\t\t<div class=\"elementor-widget-container\">\n\t\t\t\t\t\t\t\t\t<p>Polyvalent et r\u00e9utilisable : id\u00e9al pour conserver les liquides, sauces ou huiles faits maison, et r\u00e9utilisable pour un usage quotidien durable.<\/p>\t\t\t\t\t\t\t\t<\/div>\n\t\t\t\t<\/div>\n\t\t\t\t<\/div>\n\t\t\t\t\t<\/div>\n\t\t\t\t<\/div>\n\t\t<div class=\"elementor-element elementor-element-88b472e e-con-full e-flex e-con e-parent\" data-id=\"88b472e\" data-element_type=\"container\" data-e-type=\"container\" data-settings=\"{&quot;_ha_eqh_enable&quot;:false}\">\n\t\t\t\t<div class=\"elementor-element elementor-element-3582c55 elementor-widget elementor-widget-text-editor\" data-id=\"3582c55\" data-element_type=\"widget\" data-e-type=\"widget\" data-widget_type=\"text-editor.default\">\n\t\t\t\t<div class=\"elementor-widget-container\">\n\t\t\t\t\t\t\t\t\t<p>\u00a0 \u00a0 \u00a0 \u00a0 \u00a0 \u00a0 \u00a0 \u00a0 \u00a0 \u00a0 \u00a0 \u00a0 <img fetchpriority=\"high\" decoding=\"async\" class=\"alignnone wp-image-16229\" src=\"https:\/\/yebodaglass.com\/wp-content\/uploads\/2025\/07\/d1ad5ea8ed4fd82e283a3a35878dd5c.png\" alt=\"\" width=\"240\" height=\"240\" srcset=\"https:\/\/yebodaglass.com\/wp-content\/uploads\/2025\/07\/d1ad5ea8ed4fd82e283a3a35878dd5c.png 220w, https:\/\/yebodaglass.com\/wp-content\/uploads\/2025\/07\/d1ad5ea8ed4fd82e283a3a35878dd5c-100x100.png 100w, https:\/\/yebodaglass.com\/wp-content\/uploads\/2025\/07\/d1ad5ea8ed4fd82e283a3a35878dd5c-150x150.png 150w, https:\/\/yebodaglass.com\/wp-content\/uploads\/2025\/07\/d1ad5ea8ed4fd82e283a3a35878dd5c-12x12.png 12w\" sizes=\"(max-width: 240px) 100vw, 240px\" \/>\u00a0 \u00a0 \u00a0 \u00a0 \u00a0<img decoding=\"async\" class=\"alignnone wp-image-16228\" src=\"https:\/\/yebodaglass.com\/wp-content\/uploads\/2025\/07\/4679f61166f64c6045dbc74c130db9a.png\" alt=\"\" width=\"240\" height=\"240\" srcset=\"https:\/\/yebodaglass.com\/wp-content\/uploads\/2025\/07\/4679f61166f64c6045dbc74c130db9a.png 220w, https:\/\/yebodaglass.com\/wp-content\/uploads\/2025\/07\/4679f61166f64c6045dbc74c130db9a-100x100.png 100w, https:\/\/yebodaglass.com\/wp-content\/uploads\/2025\/07\/4679f61166f64c6045dbc74c130db9a-150x150.png 150w, https:\/\/yebodaglass.com\/wp-content\/uploads\/2025\/07\/4679f61166f64c6045dbc74c130db9a-12x12.png 12w\" sizes=\"(max-width: 240px) 100vw, 240px\" \/>\u00a0 \u00a0 \u00a0 \u00a0 \u00a0 <img decoding=\"async\" class=\"alignnone wp-image-16230\" src=\"https:\/\/yebodaglass.com\/wp-content\/uploads\/2025\/07\/e59283ab6cb2ed3c93ba4f8a33db2ff.png\" alt=\"\" width=\"240\" height=\"240\" srcset=\"https:\/\/yebodaglass.com\/wp-content\/uploads\/2025\/07\/e59283ab6cb2ed3c93ba4f8a33db2ff.png 220w, https:\/\/yebodaglass.com\/wp-content\/uploads\/2025\/07\/e59283ab6cb2ed3c93ba4f8a33db2ff-100x100.png 100w, https:\/\/yebodaglass.com\/wp-content\/uploads\/2025\/07\/e59283ab6cb2ed3c93ba4f8a33db2ff-150x150.png 150w, https:\/\/yebodaglass.com\/wp-content\/uploads\/2025\/07\/e59283ab6cb2ed3c93ba4f8a33db2ff-12x12.png 12w\" sizes=\"(max-width: 240px) 100vw, 240px\" \/>\u00a0 \u00a0 \u00a0 <img loading=\"lazy\" decoding=\"async\" class=\"alignnone wp-image-16227\" src=\"https:\/\/yebodaglass.com\/wp-content\/uploads\/2025\/07\/8b499cc8b9c63806f1b8b3d5aa03275.png\" alt=\"\" width=\"240\" height=\"240\" srcset=\"https:\/\/yebodaglass.com\/wp-content\/uploads\/2025\/07\/8b499cc8b9c63806f1b8b3d5aa03275.png 220w, https:\/\/yebodaglass.com\/wp-content\/uploads\/2025\/07\/8b499cc8b9c63806f1b8b3d5aa03275-100x100.png 100w, https:\/\/yebodaglass.com\/wp-content\/uploads\/2025\/07\/8b499cc8b9c63806f1b8b3d5aa03275-150x150.png 150w, https:\/\/yebodaglass.com\/wp-content\/uploads\/2025\/07\/8b499cc8b9c63806f1b8b3d5aa03275-12x12.png 12w\" sizes=\"(max-width: 240px) 100vw, 240px\" \/><\/p>\t\t\t\t\t\t\t\t<\/div>\n\t\t\t\t<\/div>\n\t\t\t\t<\/div>\n\t\t<div class=\"elementor-element elementor-element-792eb8c e-flex e-con-boxed e-con e-parent\" data-id=\"792eb8c\" data-element_type=\"container\" data-e-type=\"container\" data-settings=\"{&quot;_ha_eqh_enable&quot;:false}\">\n\t\t\t\t\t<div class=\"e-con-inner\">\n\t\t\t\t<div class=\"elementor-element elementor-element-ceb50a8 elementor-widget elementor-widget-image\" data-id=\"ceb50a8\" data-element_type=\"widget\" data-e-type=\"widget\" data-widget_type=\"image.default\">\n\t\t\t\t<div class=\"elementor-widget-container\">\n\t\t\t\t\t\t\t\t\t\t\t\t\t\t\t<img decoding=\"async\" src=\"https:\/\/yebodaglass.com\/wp-content\/uploads\/elementor\/thumbs\/flip-top-glass-bottles-2-r8e0rx6jsox8qb5sfklaelf6ftu44jofu43yfg9vhc.webp\" title=\"Vous cherchez des bouteilles de qualit\u00e9 avec bouchon \u00e0 clapet pour vos pr\u00e9parations maison\u00a0? Cette bouteille de 120\u00a0ml (4\u00a0oz) est fabriqu\u00e9e en verre transparent et r\u00e9sistant et poss\u00e8de un bouchon \u00e0 clapet s\u00e9curis\u00e9 avec joint en caoutchouc et attache m\u00e9tallique. Son col \u00e9troit et sa forme arrondie facilitent un versement pr\u00e9cis, tandis que sa transparence permet de voir clairement le contenu. Id\u00e9ale pour conserver vos boissons maison, huiles de cuisson, vins, vinaigres, sauces et bien plus encore.\" alt=\"Vous cherchez des bouteilles de qualit\u00e9 avec bouchon \u00e0 clapet pour vos pr\u00e9parations maison\u00a0? Cette bouteille de 120\u00a0ml (4\u00a0oz) est fabriqu\u00e9e en verre transparent et r\u00e9sistant et poss\u00e8de un bouchon \u00e0 clapet s\u00e9curis\u00e9 avec joint en caoutchouc et attache m\u00e9tallique. Son col \u00e9troit et sa forme arrondie facilitent un versement pr\u00e9cis, tandis que sa transparence permet de voir clairement le contenu. Id\u00e9ale pour conserver vos boissons maison, huiles de cuisson, vins, vinaigres, sauces et bien plus encore.\" loading=\"lazy\" \/>\t\t\t\t\t\t\t\t\t\t\t\t\t\t\t<\/div>\n\t\t\t\t<\/div>\n\t\t\t\t<div class=\"elementor-element elementor-element-b2907c6 elementor-widget elementor-widget-text-editor\" data-id=\"b2907c6\" data-element_type=\"widget\" data-e-type=\"widget\" data-widget_type=\"text-editor.default\">\n\t\t\t\t<div class=\"elementor-widget-container\">\n\t\t\t\t\t\t\t\t\t<h2>Usages personnels :<\/h2><p>Id\u00e9ales pour brasser votre propre bi\u00e8re, embouteiller du kombucha ou conserver vos jus de fruits frais et eaux gazeuses. Ces bouteilles en verre \u00e0 bouchon m\u00e9canique, robustes et bien con\u00e7ues, pr\u00e9servent la fra\u00eecheur de vos boissons.<\/p><h2>Utilisations commerciales\u00a0:<\/h2><p>Ces bouteilles \u00e0 bouchon m\u00e9canique sont un format id\u00e9al pour les brasseries artisanales, les marques de kombucha, les caf\u00e9s et les fabricants de boissons.<\/p>\t\t\t\t\t\t\t\t<\/div>\n\t\t\t\t<\/div>\n\t\t\t\t\t<\/div>\n\t\t\t\t<\/div>\n\t\t\t\t<\/div>","protected":false},"excerpt":{"rendered":"<p data-start=\"133\" data-end=\"310\">Bouteilles transparentes de 473 ml (16 oz) \u00e0 bouchon m\u00e9canique, en gros. Bouteille en verre durable avec bouchon m\u00e9canique et fermeture herm\u00e9tique\u00a0\u2014 id\u00e9ale pour le kombucha, la bi\u00e8re, les jus et le brassage maison.<\/p>","protected":false},"featured_media":17326,"template":"","meta":[],"product_brand":[],"product_cat":[80,81,20],"product_tag":[],"class_list":{"0":"post-17310","1":"product","2":"type-product","3":"status-publish","4":"has-post-thumbnail","6":"product_cat-glass-bottles","7":"product_cat-flip-top-bottles","8":"product_cat-glass-containers","10":"first","11":"instock","12":"shipping-taxable","13":"product-type-grouped"},"jetpack_sharing_enabled":true,"_links":{"self":[{"href":"https:\/\/yebodaglass.com\/fr\/wp-json\/wp\/v2\/product\/17310","targetHints":{"allow":["GET"]}}],"collection":[{"href":"https:\/\/yebodaglass.com\/fr\/wp-json\/wp\/v2\/product"}],"about":[{"href":"https:\/\/yebodaglass.com\/fr\/wp-json\/wp\/v2\/types\/product"}],"version-history":[{"count":5,"href":"https:\/\/yebodaglass.com\/fr\/wp-json\/wp\/v2\/product\/17310\/revisions"}],"predecessor-version":[{"id":20953,"href":"https:\/\/yebodaglass.com\/fr\/wp-json\/wp\/v2\/product\/17310\/revisions\/20953"}],"wp:featuredmedia":[{"embeddable":true,"href":"https:\/\/yebodaglass.com\/fr\/wp-json\/wp\/v2\/media\/17326"}],"wp:attachment":[{"href":"https:\/\/yebodaglass.com\/fr\/wp-json\/wp\/v2\/media?parent=17310"}],"wp:term":[{"taxonomy":"product_brand","embeddable":true,"href":"https:\/\/yebodaglass.com\/fr\/wp-json\/wp\/v2\/product_brand?post=17310"},{"taxonomy":"product_cat","embeddable":true,"href":"https:\/\/yebodaglass.com\/fr\/wp-json\/wp\/v2\/product_cat?post=17310"},{"taxonomy":"product_tag","embeddable":true,"href":"https:\/\/yebodaglass.com\/fr\/wp-json\/wp\/v2\/product_tag?post=17310"}],"curies":[{"name":"wp","href":"https:\/\/api.w.org\/{rel}","templated":true}]}}