{"id":17170,"date":"2025-07-15T15:21:45","date_gmt":"2025-07-15T07:21:45","guid":{"rendered":"https:\/\/yebodaglass.com\/?post_type=product&#038;p=17170"},"modified":"2026-03-05T13:19:39","modified_gmt":"2026-03-05T05:19:39","slug":"yeboda-32oz-amber-glass-swing-top-beer-bottles-wholesale","status":"publish","type":"product","link":"https:\/\/yebodaglass.com\/fr\/produit\/yeboda-32oz-amber-glass-swing-top-beer-bottles-wholesale\/","title":{"rendered":"Bouteilles de bi\u00e8re YEBODA en verre ambr\u00e9 de 1000 ml (32 oz) avec bouchon m\u00e9canique, vente en gros"},"content":{"rendered":"<p>Cette bouteille en verre ambr\u00e9 pr\u00e9sente une forme haute et traditionnelle, avec des \u00e9paules arrondies et un corps cylindrique allong\u00e9, et une contenance de 1000 ml (32 oz). Son bouchon \u00e0 bascule robuste est compos\u00e9 d'un fil d'acier inoxydable, d'un joint en caoutchouc\/silicone \u00e9tanche et d'un bouchon en c\u00e9ramique qui se clipse pour une fermeture herm\u00e9tique. Fabriqu\u00e9e en verre ambr\u00e9, la bouteille prot\u00e8ge la boisson de l'oxydation gr\u00e2ce \u00e0 sa capacit\u00e9 \u00e0 la pr\u00e9server des rayons UV, et conserve ainsi sa fra\u00eecheur. Ces bouteilles \u00e0 bouchon \u00e0 bascule sont tr\u00e8s appr\u00e9ci\u00e9es pour le brassage amateur, la production de kombucha, de sodas, de boissons sp\u00e9ciales, de vinaigre et de vin, ainsi que pour le conditionnement de boissons artisanales. R\u00e9utilisables, elles peuvent \u00eatre ouvertes et ferm\u00e9es plusieurs fois sans perte de gaz, ce qui les rend pratiques aussi bien pour un usage commercial que domestique.<\/p>\n<h2>Sp\u00e9cifications cl\u00e9s<\/h2>\n<table style=\"border-collapse: collapse; width: 80%; margin-left: auto; margin-right: auto;\" border=\"0\" width=\"80%\" cellspacing=\"0\" cellpadding=\"0\">\n<tbody>\n<tr style=\"height: 13.50pt;\">\n<td style=\"height: 13.50pt; width: 144.75pt;\" width=\"193\" height=\"18\"><strong>Sp\u00e9cification<\/strong><\/td>\n<td style=\"width: 546.75pt;\" width=\"729\"><strong>D\u00e9tails<\/strong><\/td>\n<\/tr>\n<tr style=\"height: 13.50pt;\">\n<td style=\"height: 13.50pt;\" height=\"18\">Capacit\u00e9<\/td>\n<td>32 oz\/1000ml<\/td>\n<\/tr>\n<tr style=\"height: 13.50pt;\">\n<td style=\"height: 13.50pt;\" height=\"18\">Taille de l&#039;emballage<\/td>\n<td>7,3 \u00d7 7,3 \u00d7 12 pouces<\/td>\n<\/tr>\n<tr style=\"height: 13.50pt;\">\n<td style=\"height: 13.50pt;\" height=\"18\">Mat\u00e9riel<\/td>\n<td>Verre sodocalcique sans plomb, couvercle \u00e0 charni\u00e8re en acier inoxydable, joint en silicone<\/td>\n<\/tr>\n<tr style=\"height: 13.50pt;\">\n<td style=\"height: 13.50pt;\" height=\"18\">Conditionnement<\/td>\n<td>4 bouteilles par paquet<\/td>\n<\/tr>\n<tr style=\"height: 13.50pt;\">\n<td style=\"height: 13.50pt;\" height=\"18\">Couleur<\/td>\n<td>Ambre (protection UV)<\/td>\n<\/tr>\n<tr style=\"height: 13.50pt;\">\n<td style=\"height: 13.50pt;\" height=\"18\">Fermeture<\/td>\n<td>Couvercle m\u00e9canique \u00e0 charni\u00e8re avec joint d&#039;\u00e9tanch\u00e9it\u00e9<\/td>\n<\/tr>\n<tr style=\"height: 13.50pt;\">\n<td style=\"height: 13.50pt;\" height=\"18\">R\u00e9utilisabilit\u00e9<\/td>\n<td>Enti\u00e8rement r\u00e9utilisable<\/td>\n<\/tr>\n<tr style=\"height: 13.50pt;\">\n<td style=\"height: 13.50pt;\" height=\"18\">Fabricant<\/td>\n<td>Fabricant et fournisseur OEM de bouteilles en verre<\/td>\n<\/tr>\n<tr style=\"height: 13.50pt;\">\n<td style=\"height: 13.50pt;\" height=\"18\">Personnalisation<\/td>\n<td>options de logo, d&#039;emballage et de fermeture personnalis\u00e9e<\/td>\n<\/tr>\n<\/tbody>\n<\/table>\n<h2>Principales caract\u00e9ristiques du produit<\/h2>\n<ul>\n<li><strong>Joint de carbonatation solide<\/strong>Le syst\u00e8me de bouchon EZ Cap en acier inoxydable comprend un joint en caoutchouc ajust\u00e9 pour assurer une \u00e9tanch\u00e9it\u00e9 parfaite, contribuant ainsi \u00e0 pr\u00e9server la carbonatation de la boisson.<\/li>\n<li><strong>Verre ambr\u00e9 anti-UV<\/strong>Les bouteilles en verre ambr\u00e9 filtrent les rayons UV, contrairement aux bouteilles en verre transparent ou aux contenants transparents, et pr\u00e9servent la stabilit\u00e9 aromatique de la bi\u00e8re, du kombucha et des sodas.<\/li>\n<li><strong>Pratique et r\u00e9utilisable gr\u00e2ce \u00e0 son couvercle \u00e0 charni\u00e8re<\/strong>La conception de ces bouteilles est pens\u00e9e pour \u00eatre tr\u00e8s pratique, permettant une ouverture et une fermeture faciles sans retirer le couvercle, ce qui en fait des bouteilles \u00e0 bouchon r\u00e9utilisables et durables, utilisables pendant de longs cycles d&#039;infusion.<\/li>\n<\/ul>\n<h2>\u00c9tude de cas client r\u00e9ussie<\/h2>\n<p>L'un des propri\u00e9taires d'une marque de boissons artisanales allemande, utilisant des bouteilles traditionnelles de type Grolsch, a fait appel \u00e0 notre entreprise de fabrication de bouteilles en verre pour l'achat de 10\u00a0000 bouteilles de 100 cl (32 oz) \u00e0 bouchon m\u00e9canique. Le client souhaitait un emballage sur mesure, des cartons personnalis\u00e9s et des joints en silicone renforc\u00e9s pour une meilleure \u00e9tanch\u00e9it\u00e9 \u00e0 la carbonatation de sa production artisanale de kombucha. Le produit \u00e9tait distribu\u00e9 dans des boutiques sp\u00e9cialis\u00e9es et en ligne. L'emballage ambr\u00e9 \u00e0 bouchon m\u00e9canique a permis de positionner la boisson comme un produit haut de gamme et artisanal en seulement six mois. La marque a constat\u00e9 une augmentation de 35\u00a0% des commandes r\u00e9currentes et le client a pass\u00e9 une seconde commande de 35\u00a0000 bouteilles suppl\u00e9mentaires, ainsi qu'un kit de nettoyage.<\/p>\n<h2>Recommandations personnalis\u00e9es aux acheteurs B2B<\/h2>\n<ol>\n<li><strong>Identit\u00e9 visuelle et d\u00e9coration de bouteilles<\/strong>: L&#039;impression, le gaufrage ou l&#039;\u00e9tiquetage personnalis\u00e9s d&#039;un logo sur le dessus de la bouteille en verre peuvent \u00eatre r\u00e9alis\u00e9s pour renforcer l&#039;identit\u00e9 de marque des emballages de kombucha, de soda ou de bi\u00e8re artisanale.<\/li>\n<li><strong>Choix de fermeture et de joint<\/strong>Am\u00e9liorer l&#039;ad\u00e9quation du bouchon, du joint en caoutchouc ou en silicone aux besoins en boissons, comme la bi\u00e8re \u00e0 forte carbonatation ou les boissons \u00e0 carbonatation ferment\u00e9e.<\/li>\n<li><strong>Solutions d&#039;emballage pour le commerce de d\u00e9tail<\/strong>Concevoir des emballages de marque (cartons de 4 ou 6 bouteilles) destin\u00e9s \u00e0 la vente au d\u00e9tail. Cette strat\u00e9gie est courante pour les bouteilles de Grolsch, la production de vin et la distribution de boissons artisanales.<\/li>\n<\/ol>","protected":false},"excerpt":{"rendered":"<p>Bouteilles de bi\u00e8re de 946 ml (32 oz) \u00e0 bouchon m\u00e9canique, en verre ambr\u00e9 anti-UV avec joint d&#039;\u00e9tanch\u00e9it\u00e9. Id\u00e9ales pour les marques de bi\u00e8re, de kombucha et de sodas. Fabricant OEM.<\/p>","protected":false},"featured_media":17180,"template":"","meta":[],"product_brand":[],"product_cat":[81,80,20],"product_tag":[],"class_list":{"0":"post-17170","1":"product","2":"type-product","3":"status-publish","4":"has-post-thumbnail","6":"product_cat-flip-top-bottles","7":"product_cat-glass-bottles","8":"product_cat-glass-containers","10":"first","11":"instock","12":"shipping-taxable","13":"product-type-grouped"},"jetpack_sharing_enabled":true,"_links":{"self":[{"href":"https:\/\/yebodaglass.com\/fr\/wp-json\/wp\/v2\/product\/17170","targetHints":{"allow":["GET"]}}],"collection":[{"href":"https:\/\/yebodaglass.com\/fr\/wp-json\/wp\/v2\/product"}],"about":[{"href":"https:\/\/yebodaglass.com\/fr\/wp-json\/wp\/v2\/types\/product"}],"version-history":[{"count":6,"href":"https:\/\/yebodaglass.com\/fr\/wp-json\/wp\/v2\/product\/17170\/revisions"}],"predecessor-version":[{"id":25272,"href":"https:\/\/yebodaglass.com\/fr\/wp-json\/wp\/v2\/product\/17170\/revisions\/25272"}],"wp:featuredmedia":[{"embeddable":true,"href":"https:\/\/yebodaglass.com\/fr\/wp-json\/wp\/v2\/media\/17180"}],"wp:attachment":[{"href":"https:\/\/yebodaglass.com\/fr\/wp-json\/wp\/v2\/media?parent=17170"}],"wp:term":[{"taxonomy":"product_brand","embeddable":true,"href":"https:\/\/yebodaglass.com\/fr\/wp-json\/wp\/v2\/product_brand?post=17170"},{"taxonomy":"product_cat","embeddable":true,"href":"https:\/\/yebodaglass.com\/fr\/wp-json\/wp\/v2\/product_cat?post=17170"},{"taxonomy":"product_tag","embeddable":true,"href":"https:\/\/yebodaglass.com\/fr\/wp-json\/wp\/v2\/product_tag?post=17170"}],"curies":[{"name":"wp","href":"https:\/\/api.w.org\/{rel}","templated":true}]}}