{"id":17123,"date":"2025-07-15T13:31:40","date_gmt":"2025-07-15T05:31:40","guid":{"rendered":"https:\/\/yebodaglass.com\/?post_type=product&#038;p=17123"},"modified":"2026-03-12T10:54:35","modified_gmt":"2026-03-12T02:54:35","slug":"vintage-milk-bottles-custom-32-oz-clear-glass-bottles","status":"publish","type":"product","link":"https:\/\/yebodaglass.com\/fr\/produit\/vintage-milk-bottles-custom-32-oz-clear-glass-bottles\/","title":{"rendered":"Bouteilles de lait vintage \u2013 Bouteilles en verre transparent personnalis\u00e9es de 1000 ml (32 oz)"},"content":{"rendered":"<p>This 930 ml (32 oz\/quart\/2 pint) clear glass milk bottle features a classic straight-shoulder silhouette inspired by vintage milk bottles, providing a timeless look for modern dairy and beverage packaging. Made from transparent and lead-free soda-lime clear glass, this is a reusable glass milk bottle that can be used with milk, juice, yogurt drinks, and plant-based beverages other than liquid beverages. The tamper-evident security ring screw cap used in the bottle top provides the proper bottle top safe bottling and transportation, thus it can be used by dairy farms, beverage brands, wholesalers, and even the suppliers of the own labels who seek the durable and recycling glass bottle top packaging.<\/p>\n<h2>Sp\u00e9cifications cl\u00e9s<\/h2>\n<table style=\"border-collapse: collapse; width: 80%; margin-left: auto; margin-right: auto;\" border=\"0\" width=\"80%\" cellspacing=\"0\" cellpadding=\"0\">\n<tbody>\n<tr style=\"height: 13.50pt;\">\n<td style=\"height: 13.50pt; width: 144.75pt;\" width=\"193\" height=\"18\">Nom du produit<\/td>\n<td style=\"width: 373.50pt;\" width=\"498\">\u00a0Bouteille de lait en verre transparent de 946 ml (32 oz)<\/td>\n<\/tr>\n<tr style=\"height: 13.50pt;\">\n<td style=\"height: 13.50pt;\" height=\"18\">Capacit\u00e9<\/td>\n<td>32 oz \/ 930ml \/ 1 quart \/ 2 pints<\/td>\n<\/tr>\n<tr style=\"height: 13.50pt;\">\n<td style=\"height: 13.50pt;\" height=\"18\">Fermeture<\/td>\n<td>Verre sodocalcique clair sans plomb<\/td>\n<\/tr>\n<tr style=\"height: 13.50pt;\">\n<td style=\"height: 13.50pt;\" height=\"18\">Sp\u00e9cifications d&#039;emballage<\/td>\n<td>Bouchon \u00e0 vis + anneau de s\u00e9curit\u00e9<\/td>\n<\/tr>\n<tr style=\"height: 13.50pt;\">\n<td style=\"height: 13.50pt;\" height=\"18\">Couleur du couvercle<\/td>\n<td>Couvercle en plastique blanc ou noir<\/td>\n<\/tr>\n<tr style=\"height: 13.50pt;\">\n<td style=\"height: 13.50pt;\" height=\"18\">Conditionnement<\/td>\n<td>\u00a04 bouteilles avec bouchons par carton<\/td>\n<\/tr>\n<tr style=\"height: 13.50pt;\">\n<td style=\"height: 13.50pt;\" height=\"18\">Fonctionnalit\u00e9<\/td>\n<td>Sans BPA, recyclable, r\u00e9utilisable<\/td>\n<\/tr>\n<tr style=\"height: 13.50pt;\">\n<td style=\"height: 13.50pt;\" height=\"18\">Sp\u00e9cifications d&#039;emballage<\/td>\n<td>Bouchon \u00e0 vis + anneau de s\u00e9curit\u00e9<\/td>\n<\/tr>\n<tr style=\"height: 13.50pt;\">\n<td style=\"height: 13.50pt;\" height=\"18\">Application<\/td>\n<td>Lait, jus, boissons lact\u00e9es, embouteillage en vrac<\/td>\n<\/tr>\n<\/tbody>\n<\/table>\n<figure id=\"attachment_25284\" aria-describedby=\"caption-attachment-25284\" style=\"width: 500px\" class=\"wp-caption aligncenter\"><img fetchpriority=\"high\" decoding=\"async\" class=\"wp-image-25284\" src=\"https:\/\/yebodaglass.com\/wp-content\/uploads\/2025\/07\/vintage-milk-bottles-details.webp\" alt=\"Bouteilles de lait vintage - d\u00e9tails\" width=\"500\" height=\"500\" srcset=\"https:\/\/yebodaglass.com\/wp-content\/uploads\/2025\/07\/vintage-milk-bottles-details.webp 1620w, https:\/\/yebodaglass.com\/wp-content\/uploads\/2025\/07\/vintage-milk-bottles-details-768x768.webp 768w, https:\/\/yebodaglass.com\/wp-content\/uploads\/2025\/07\/vintage-milk-bottles-details-1536x1536.webp 1536w, https:\/\/yebodaglass.com\/wp-content\/uploads\/2025\/07\/vintage-milk-bottles-details-12x12.webp 12w, https:\/\/yebodaglass.com\/wp-content\/uploads\/2025\/07\/vintage-milk-bottles-details-700x700.webp 700w, https:\/\/yebodaglass.com\/wp-content\/uploads\/2025\/07\/vintage-milk-bottles-details-100x100.webp 100w\" sizes=\"(max-width: 500px) 100vw, 500px\" \/><figcaption id=\"caption-attachment-25284\" class=\"wp-caption-text\">Bouteilles de lait vintage \u2013 d\u00e9tails<\/figcaption><\/figure>\n<h2>Caract\u00e9ristiques du produit<\/h2>\n<h3>Un aspect rustique vintage et des performances de haute qualit\u00e9<\/h3>\n<p>Il s&#039;agit d&#039;une bouteille de lait en verre transparent, inspir\u00e9e des contenants traditionnels en verre opalin, qui allie un design nostalgique \u00e0 des normes d&#039;emballage modernes et fiables.<\/p>\n<h3>S\u00e9curit\u00e9 inviolable<\/h3>\n<p>Le bouchon \u00e0 vis muni d&#039;une bague de s\u00e9curit\u00e9 offre un avantage suppl\u00e9mentaire lors de la mise en bouteille et de la distribution, garantissant ainsi la fra\u00eecheur et la s\u00e9curit\u00e9 du produit.<\/p>\n<h3>Emballage recyclable et respectueux de l&#039;environnement<\/h3>\n<p>Compos\u00e9e de verres transparents recyclables et d&#039;un bouchon en plastique sans BPA, cette bouteille de lait en verre r\u00e9utilisable contribuera \u00e0 promouvoir d&#039;autres marques soucieuses de l&#039;environnement qui privil\u00e9gient la r\u00e9utilisation et l&#039;approvisionnement durable.<\/p>\n<h2>\u00c9tude de cas r\u00e9ussie<\/h2>\n<p>Une marque australienne de boissons laiti\u00e8res a sign\u00e9 un contrat \u00e0 long terme avec nous pour la fourniture et la fabrication de bouteilles en verre. Ce client poss\u00e8de une exploitation laiti\u00e8re dans la r\u00e9gion et vend du lait frais et des jus de fruits \u00e0 des cha\u00eenes de supermarch\u00e9s bio.<\/p>\n<ul>\n<li><strong>Premier ordre<\/strong>: 20 000 unit\u00e9s (commande en gros)<\/li>\n<li><strong>Personnalisation<\/strong>Impression du logo personnalis\u00e9, bouchon noir avec nom de marque en relief et \u00e9tiquetage par code-barres.<\/li>\n<li><strong>Application<\/strong>: Mise en bouteille de lait de qualit\u00e9 sup\u00e9rieure et de jus press\u00e9s \u00e0 froid.<\/li>\n<li><strong>R\u00e9sultat<\/strong>Suite au remplacement des contenants en plastique par des pots \u00e0 lait en verre r\u00e9utilisables, la marque a vu son attrait en rayon augmenter de 28 % et les consommateurs ont mieux compris la qualit\u00e9 du lait frais.<\/li>\n<li><strong>R\u00e9organiser<\/strong>Plus de 30\u00a0000 bouteilles sont command\u00e9es chaque trimestre gr\u00e2ce \u00e0 de bonnes performances en magasin.<\/li>\n<\/ul>\n<p>La bouteille, de type pichet r\u00e9utilisable, a \u00e9galement contribu\u00e9 \u00e0 positionner le client comme une source de produits laitiers haut de gamme, ce qui a permis de mieux faire conna\u00eetre la marque et d&#039;accro\u00eetre la r\u00e9utilisation des bouteilles.<\/p>\n<h2>Recommandations de personnalisation aux acheteurs B2B<\/h2>\n<p>Aux propri\u00e9taires de marques, aux distributeurs ainsi qu&#039;aux fournisseurs de boissons en vrac, nous sugg\u00e9rons\u00a0:<\/p>\n<ul>\n<li><strong>Impression ou gaufrage de logo personnalis\u00e9<\/strong>Am\u00e9liorer l&#039;image de marque en imprimant ou en gaufrant des logos sur le corps de la bouteille ou du pot en verre.<\/li>\n<li><strong>Bouchons et couvercles de bouteilles de marque priv\u00e9e<\/strong>: Fournir des bouchons de bouteille personnalis\u00e9s blancs ou noirs, munis d&#039;un anneau de s\u00e9curit\u00e9 inviolable, ou concevoir des couvercles de marque pour diff\u00e9rencier l&#039;emballage.<\/li>\n<li><strong>Emballage en vrac pr\u00eat \u00e0 la vente<\/strong>: Remplacer les emballages en carton actuels par des cartons de marque pr\u00eats \u00e0 la vente au d\u00e9tail, destin\u00e9s aux circuits de distribution et de vente en gros.<\/li>\n<\/ul>\n<p>En tant que fabricant et grossiste exp\u00e9riment\u00e9 d&#039;emballages en verre, nous accompagnons les entreprises laiti\u00e8res et de boissons en leur assurant un volume de production stable et des solutions personnalis\u00e9es.<\/p>","protected":false},"excerpt":{"rendered":"<p>Bouteilles de lait vintage de 946 ml (32 oz) en verre transparent avec bouchon de s\u00e9curit\u00e9. Bouteilles de lait r\u00e9utilisables en verre transparent sans BPA, id\u00e9ales pour le conditionnement en gros de produits laitiers et de boissons.<\/p>","protected":false},"featured_media":25283,"template":"","meta":[],"product_brand":[],"product_cat":[82,80,20],"product_tag":[],"class_list":{"0":"post-17123","1":"product","2":"type-product","3":"status-publish","4":"has-post-thumbnail","6":"product_cat-milk-bottles","7":"product_cat-glass-bottles","8":"product_cat-glass-containers","10":"first","11":"instock","12":"shipping-taxable","13":"product-type-grouped"},"jetpack_sharing_enabled":true,"_links":{"self":[{"href":"https:\/\/yebodaglass.com\/fr\/wp-json\/wp\/v2\/product\/17123","targetHints":{"allow":["GET"]}}],"collection":[{"href":"https:\/\/yebodaglass.com\/fr\/wp-json\/wp\/v2\/product"}],"about":[{"href":"https:\/\/yebodaglass.com\/fr\/wp-json\/wp\/v2\/types\/product"}],"version-history":[{"count":5,"href":"https:\/\/yebodaglass.com\/fr\/wp-json\/wp\/v2\/product\/17123\/revisions"}],"predecessor-version":[{"id":25385,"href":"https:\/\/yebodaglass.com\/fr\/wp-json\/wp\/v2\/product\/17123\/revisions\/25385"}],"wp:featuredmedia":[{"embeddable":true,"href":"https:\/\/yebodaglass.com\/fr\/wp-json\/wp\/v2\/media\/25283"}],"wp:attachment":[{"href":"https:\/\/yebodaglass.com\/fr\/wp-json\/wp\/v2\/media?parent=17123"}],"wp:term":[{"taxonomy":"product_brand","embeddable":true,"href":"https:\/\/yebodaglass.com\/fr\/wp-json\/wp\/v2\/product_brand?post=17123"},{"taxonomy":"product_cat","embeddable":true,"href":"https:\/\/yebodaglass.com\/fr\/wp-json\/wp\/v2\/product_cat?post=17123"},{"taxonomy":"product_tag","embeddable":true,"href":"https:\/\/yebodaglass.com\/fr\/wp-json\/wp\/v2\/product_tag?post=17123"}],"curies":[{"name":"wp","href":"https:\/\/api.w.org\/{rel}","templated":true}]}}