{"id":17101,"date":"2025-07-15T11:16:30","date_gmt":"2025-07-15T03:16:30","guid":{"rendered":"https:\/\/yebodaglass.com\/?post_type=product&#038;p=17101"},"modified":"2026-03-10T13:16:58","modified_gmt":"2026-03-10T05:16:58","slug":"square-swing-top-airtight-storage-jars-with-glass-lid","status":"publish","type":"product","link":"https:\/\/yebodaglass.com\/fr\/produit\/square-swing-top-airtight-storage-jars-with-glass-lid\/","title":{"rendered":"Bocaux de conservation carr\u00e9s \u00e0 couvercle basculant et herm\u00e9tiques en verre, 500-1500 ml"},"content":{"rendered":"<p>Cette gamme de bocaux herm\u00e9tiques se compose d&#039;un corps carr\u00e9 en verre compact et d&#039;un couvercle rond, con\u00e7us pour optimiser le rangement dans les cuisines modernes. Fabriqu\u00e9s en verre transparent de haute qualit\u00e9, ces bocaux permettent de visualiser facilement leur contenu tout en conservant une apparence \u00e9l\u00e9gante, id\u00e9ale pour les rayons des commerces et les cuisines modernes. Le syst\u00e8me de fermeture \u00e0 clip, associ\u00e9 \u00e0 un couvercle \u00e0 pince en acier inoxydable et un joint en silicone, garantit une \u00e9tanch\u00e9it\u00e9 parfaite, ce qui les rend parfaits pour la conservation des aliments, produits secs, p\u00e2tes, c\u00e9r\u00e9ales, biscuits, sauces ou conserves.<\/p>\n<p>Compar\u00e9s aux contenants en plastique, ces bocaux en verre herm\u00e9tiques offrent une solution de conservation plus durable et r\u00e9utilisable pour les aliments en verre, aussi bien \u00e0 la maison que dans les cuisines professionnelles. Gr\u00e2ce \u00e0 leur large ouverture de type Mason, ils peuvent \u00e9galement servir de bocaux \u00e0 conserve, de bo\u00eetes \u00e0 biscuits ou de r\u00e9cipients de rangement.<\/p>\n<h2>Sp\u00e9cifications cl\u00e9s<\/h2>\n<table style=\"border-collapse: collapse; width: 80%; margin-left: auto; margin-right: auto;\" border=\"0\" width=\"80%\" cellspacing=\"0\" cellpadding=\"0\">\n<tbody>\n<tr style=\"height: 13.50pt;\">\n<td style=\"height: 13.50pt; width: 123.00pt;\" width=\"164\" height=\"18\">Sp\u00e9cification<\/td>\n<td style=\"width: 543.00pt;\" width=\"724\">D\u00e9tails<\/td>\n<\/tr>\n<tr style=\"height: 13.50pt;\">\n<td style=\"height: 13.50pt;\" height=\"18\">Type de produit<\/td>\n<td>Bocaux de conservation herm\u00e9tiques \u00e0 couvercle basculant<\/td>\n<\/tr>\n<tr style=\"height: 13.50pt;\">\n<td style=\"height: 13.50pt;\" height=\"18\">Mat\u00e9riel<\/td>\n<td>Verre sodocalcique transparent sans plomb + clip de suspension en acier inoxydable + joint en silicone<\/td>\n<\/tr>\n<tr style=\"height: 13.50pt;\">\n<td style=\"height: 13.50pt;\" height=\"18\">Type de couvercle<\/td>\n<td>Couvercle en verre avec fermeture \u00e0 clip m\u00e9tallique (couvercles \u00e0 pince)<\/td>\n<\/tr>\n<tr style=\"height: 13.50pt;\">\n<td style=\"height: 13.50pt;\" height=\"18\">Forme<\/td>\n<td>Bocal carr\u00e9 en verre avec couvercle rond<\/td>\n<\/tr>\n<tr style=\"height: 13.50pt;\">\n<td style=\"height: 13.50pt;\" height=\"18\">Diam\u00e8tre de la bouche<\/td>\n<td>95 mm de large d&#039;ouverture<\/td>\n<\/tr>\n<tr style=\"height: 54.00pt;\">\n<td style=\"height: 54.00pt;\" height=\"72\">Options de capacit\u00e9<\/td>\n<td class=\"et2\" style=\"width: 543.00pt;\" width=\"724\">16 oz \/ 500 ml (6 paquets)<br \/>\n24 oz \/ 750 ml (4 paquets)<br \/>\n32 oz \/ 1000 ml (3 paquets)<br \/>\n48 oz \/ 1500 ml (2 paquets)<\/td>\n<\/tr>\n<tr style=\"height: 13.50pt;\">\n<td style=\"height: 13.50pt;\" height=\"18\">Syst\u00e8me d&#039;\u00e9tanch\u00e9it\u00e9<\/td>\n<td>Couvercles herm\u00e9tiques avec joint en silicone<\/td>\n<\/tr>\n<tr style=\"height: 13.50pt;\">\n<td style=\"height: 13.50pt;\" height=\"18\">Application<\/td>\n<td>Contenants alimentaires, bocaux de conserve, bocaux de rangement pour le garde-manger, contenants pour sauces et aliments secs<\/td>\n<\/tr>\n<tr style=\"height: 13.50pt;\">\n<td style=\"height: 13.50pt;\" height=\"18\">Conditionnement<\/td>\n<td>Disponible en vrac, en gros et en conditionnements de bocaux<\/td>\n<\/tr>\n<tr style=\"height: 13.50pt;\">\n<td style=\"height: 13.50pt;\" height=\"18\">Fabrication<\/td>\n<td>Approvisionnement direct du fabricant avec livraison rapide et assistance \u00e0 l&#039;approvisionnement personnalis\u00e9<\/td>\n<\/tr>\n<\/tbody>\n<\/table>\n<h2>Caract\u00e9ristiques principales<\/h2>\n<h3>Fermeture herm\u00e9tique pour une fra\u00eecheur longue dur\u00e9e<\/h3>\n<p>Les bocaux en verre avec couvercle herm\u00e9tique utilisent un joint en silicone et un clip de fermeture \u00e0 bascule en acier inoxydable pour cr\u00e9er un environnement de conservation herm\u00e9tique des aliments qui pr\u00e9serve leur fra\u00eecheur et emp\u00eache l&#039;humidit\u00e9 ou l&#039;exposition \u00e0 l&#039;air.<\/p>\n<h3>Conception carr\u00e9e peu encombrante<\/h3>\n<p>D&#039;une part, une forme carr\u00e9e permet un rangement plus compact et des solutions de stockage plus efficaces dans les \u00e9tag\u00e8res des garde-manger et les emballages de vente au d\u00e9tail, contrairement aux bocaux de rangement ronds en verre.<\/p>\n<h3>Large ouverture pour un remplissage et un nettoyage faciles<\/h3>\n<p>La large ouverture Mason (95 mm) rend ces r\u00e9cipients de conservation des aliments en verre faciles \u00e0 remplir, \u00e0 vider et \u00e0 nettoyer, id\u00e9aux pour les sauces, les p\u00e2tes, les c\u00e9r\u00e9ales et les collations.<\/p>\n<h2>Cas B2B r\u00e9ussi<\/h2>\n<p>Une marque allemande de produits alimentaires sp\u00e9cialis\u00e9s, productrice de sauces pour p\u00e2tes biologiques, recherchait des bocaux de conservation herm\u00e9tiques pour sa gamme haut de gamme. L&#039;entreprise, de taille moyenne, est un fabricant et distributeur de produits alimentaires qui approvisionne les supermarch\u00e9s et les plateformes de vente en ligne.<\/p>\n<p>Ils ont command\u00e9 en gros des bocaux en verre \u00e0 couvercle basculant de 32 et 48 oz, en demandant plusieurs options personnalis\u00e9es, notamment\u00a0:<\/p>\n<ul>\n<li>Impression du logo de marque priv\u00e9e sur le r\u00e9cipient en verre<\/li>\n<li>Rev\u00eatement de couleur personnalis\u00e9 sur la fixation du clip m\u00e9tallique<\/li>\n<li>Ensemble de bo\u00eetes de conservation alimentaire pr\u00eates \u00e0 la vente<\/li>\n<\/ul>\n<p>Le positionnement haut de gamme de la marque et la visibilit\u00e9 des produits en rayon ont \u00e9t\u00e9 am\u00e9lior\u00e9s apr\u00e8s le lancement gr\u00e2ce aux bocaux en verre avec couvercle. Leur gamme de sauces a enregistr\u00e9 une hausse de 35 % de ses ventes en six mois, et leur client a pass\u00e9 deux commandes en gros suppl\u00e9mentaires, avec une production croissante de bocaux incluant des l\u00e9gumes marin\u00e9s et des p\u00e2tes, principalement vendues s\u00e8ches.<\/p>\n<h2>Suggestions de personnalisation pour les applications B2B<\/h2>\n<ol>\n<li><strong>Marques priv\u00e9es<\/strong>Ajoutez l&#039;impression de logo, le gaufrage ou l&#039;\u00e9tiquetage pour cr\u00e9er des bocaux en verre personnalis\u00e9s avec couvercle pour les marques vendant des aliments emball\u00e9s ou des contenants de rangement en verre pour le garde-manger.<\/li>\n<li><strong>Ensembles d&#039;emballage de vente au d\u00e9tail<\/strong>Concevoir des ensembles de bo\u00eetes ou de bocaux de conservation alimentaire pour les marques de commerce \u00e9lectronique vendant les meilleurs contenants de conservation pour l&#039;organisation de la cuisine.<\/li>\n<li><strong>Personnalisation fonctionnelle du couvercle<\/strong>: Ajustez la couleur du joint, la finition des couvercles \u00e0 pince ou des clips m\u00e9talliques pour diff\u00e9rencier vos bocaux en verre \u00e0 couvercle en verre sur les march\u00e9s de d\u00e9tail et les march\u00e9s alimentaires sp\u00e9cialis\u00e9s.<\/li>\n<\/ol>","protected":false},"excerpt":{"rendered":"<p>Bulk airtight storage jars from a reliable manufacturer. Durable swing top glass jars with airtight lids for food storage, wholesale sourcing, and custom branding.<\/p>","protected":false},"featured_media":25330,"template":"","meta":[],"product_brand":[],"product_cat":[87,134,124,122,20,83],"product_tag":[],"class_list":{"0":"post-17101","1":"product","2":"type-product","3":"status-publish","4":"has-post-thumbnail","6":"product_cat-food-storage-jars","7":"product_cat-airtight-jars","8":"product_cat-custom-glass-jars","9":"product_cat-custom-glass-packaging","10":"product_cat-glass-containers","11":"product_cat-glass-jars","13":"first","14":"instock","15":"shipping-taxable","16":"product-type-grouped"},"jetpack_sharing_enabled":true,"_links":{"self":[{"href":"https:\/\/yebodaglass.com\/fr\/wp-json\/wp\/v2\/product\/17101","targetHints":{"allow":["GET"]}}],"collection":[{"href":"https:\/\/yebodaglass.com\/fr\/wp-json\/wp\/v2\/product"}],"about":[{"href":"https:\/\/yebodaglass.com\/fr\/wp-json\/wp\/v2\/types\/product"}],"version-history":[{"count":5,"href":"https:\/\/yebodaglass.com\/fr\/wp-json\/wp\/v2\/product\/17101\/revisions"}],"predecessor-version":[{"id":25321,"href":"https:\/\/yebodaglass.com\/fr\/wp-json\/wp\/v2\/product\/17101\/revisions\/25321"}],"wp:featuredmedia":[{"embeddable":true,"href":"https:\/\/yebodaglass.com\/fr\/wp-json\/wp\/v2\/media\/25330"}],"wp:attachment":[{"href":"https:\/\/yebodaglass.com\/fr\/wp-json\/wp\/v2\/media?parent=17101"}],"wp:term":[{"taxonomy":"product_brand","embeddable":true,"href":"https:\/\/yebodaglass.com\/fr\/wp-json\/wp\/v2\/product_brand?post=17101"},{"taxonomy":"product_cat","embeddable":true,"href":"https:\/\/yebodaglass.com\/fr\/wp-json\/wp\/v2\/product_cat?post=17101"},{"taxonomy":"product_tag","embeddable":true,"href":"https:\/\/yebodaglass.com\/fr\/wp-json\/wp\/v2\/product_tag?post=17101"}],"curies":[{"name":"wp","href":"https:\/\/api.w.org\/{rel}","templated":true}]}}