{"id":16945,"date":"2025-07-14T16:03:51","date_gmt":"2025-07-14T08:03:51","guid":{"rendered":"https:\/\/yebodaglass.com\/?post_type=product&#038;p=16945"},"modified":"2026-04-10T14:03:54","modified_gmt":"2026-04-10T06:03:54","slug":"wholesale-8-oz-wide-mouth-mason-jar-with-diamond-pattern","status":"publish","type":"product","link":"https:\/\/yebodaglass.com\/fr\/wholesale-8-oz-wide-mouth-mason-jar-with-diamond-pattern\/","title":{"rendered":"Pot Mason \u00e0 large ouverture de 227 ml avec motif diamant"},"content":{"rendered":"<p>Ce bocal Mason de 240 ml \u00e0 large ouverture pr\u00e9sente un design cylindrique traditionnel orn\u00e9 de motifs en losange. Fabriqu\u00e9 en verre alimentaire ultra-transparent, il est muni d&#039;un couvercle \u00e0 vis en m\u00e9tal argent\u00e9 assurant une fermeture herm\u00e9tique.<\/p>\n<h2>Caract\u00e9ristiques<\/h2>\n<ul>\n<li><strong>Forme classique de bocal Mason \u00e0 large ouverture\u00a0:<\/strong> Un cylindre en verre \u00e0 parois droites, dot\u00e9 d&#039;un filetage standard \u00e0 large ouverture, assure la compatibilit\u00e9 avec les couvercles universels pour un remplissage facile.<\/li>\n<li><strong>Motif matelass\u00e9 en losanges :<\/strong> Le verre pr\u00e9sente des motifs en losange profonds qui cr\u00e9ent un design attrayant et offrent aux utilisateurs une meilleure prise en main.<\/li>\n<li><strong>Conception de bouteille \u00e9paisse et robuste\u00a0:<\/strong> Les parois \u00e9paisses de la bouteille lui conf\u00e8rent une structure solide tandis que sa texture en relief permet une meilleure prise en main.<\/li>\n<\/ul>\n<h2>Sp\u00e9cifications cl\u00e9s<\/h2>\n<table style=\"border-collapse: collapse; width: 80%; margin-left: auto; margin-right: auto;\" border=\"0\" width=\"615\" cellspacing=\"0\" cellpadding=\"0\">\n<tbody>\n<tr style=\"height: 13.50pt;\">\n<td style=\"height: 13.5pt; width: 162.75pt; text-align: center;\" width=\"217\" height=\"18\">Sp\u00e9cification<\/td>\n<td style=\"width: 298.5pt; text-align: center;\" width=\"398\">D\u00e9tail<\/td>\n<\/tr>\n<tr style=\"height: 13.50pt;\">\n<td style=\"height: 13.5pt; text-align: center;\" height=\"18\">Capacit\u00e9<\/td>\n<td style=\"text-align: center;\">8 oz\/250 ml<\/td>\n<\/tr>\n<tr style=\"height: 13.50pt;\">\n<td style=\"height: 13.5pt; text-align: center;\" height=\"18\">Dimensions de l&#039;emballage<\/td>\n<td style=\"text-align: center;\">12,4 * 9,4 * 4,7 pouces<\/td>\n<\/tr>\n<tr style=\"height: 13.50pt;\">\n<td style=\"height: 13.5pt; text-align: center;\" height=\"18\">Mat\u00e9riel<\/td>\n<td style=\"text-align: center;\">Coste unitario:<\/td>\n<\/tr>\n<tr style=\"height: 13.50pt;\">\n<td style=\"height: 13.5pt; text-align: center;\" height=\"18\">Type de couvercle<\/td>\n<td style=\"text-align: center;\">Couvercle m\u00e9tallique \u00e0 vis<\/td>\n<\/tr>\n<tr style=\"height: 13.50pt;\">\n<td style=\"height: 13.5pt; text-align: center;\" height=\"18\">Sp\u00e9cifications d&#039;emballage<\/td>\n<td style=\"text-align: center;\">12 pots par carton<\/td>\n<\/tr>\n<tr style=\"height: 13.50pt;\">\n<td style=\"height: 13.5pt; text-align: center;\" height=\"18\">Forme<\/td>\n<td style=\"text-align: center;\">Cylindrique<\/td>\n<\/tr>\n<tr style=\"height: 13.50pt;\">\n<td style=\"height: 13.5pt; text-align: center;\" height=\"18\">Conception ext\u00e9rieure<\/td>\n<td style=\"text-align: center;\">Motif en losanges matelass\u00e9s grav\u00e9 sur la surface<\/td>\n<\/tr>\n<tr style=\"height: 13.50pt;\">\n<td style=\"height: 13.5pt; text-align: center;\" height=\"18\">Transparence<\/td>\n<td style=\"text-align: center;\">Verre clair permettant la visibilit\u00e9 int\u00e9rieure<\/td>\n<\/tr>\n<\/tbody>\n<\/table>\n<h2>T\u00e9moignage de r\u00e9ussite\u00a0: Une commande personnalis\u00e9e aupr\u00e8s d\u2019une marque de confiture haut de gamme<\/h2>\n<p>L&#039;entreprise de confitures de G\u00e9orgie a choisi nos bocaux Mason \u00e0 large ouverture de 240 ml (8 oz), qu&#039;elle a personnalis\u00e9s avec des couvercles en m\u00e9tal dor\u00e9 et une finition givr\u00e9e. Ces bocaux personnalis\u00e9s ont donn\u00e9 des r\u00e9sultats exceptionnels\u00a0: le motif en losanges et la finition givr\u00e9e ont permis d&#039;accro\u00eetre de 30\u00a0% la visibilit\u00e9 en rayon et de 65\u00a0% le taux de r\u00e9achat. L&#039;entreprise a par la suite command\u00e9 plus de 450\u00a0000 bocaux Mason pour sa nouvelle gamme de produits.<\/p>\n<h2>Suggestions de personnalisation pour les bocaux Mason \u00e0 large ouverture<\/h2>\n<ul>\n<li>Variantes de motifs\u00a0: Cr\u00e9ez diff\u00e9rents motifs en relief, notamment des motifs en nid d\u2019abeille, floraux, g\u00e9om\u00e9triques et des textures personnalis\u00e9es.<\/li>\n<li>Anneaux de couvercle de couleur assortie\u00a0: Le produit propose plusieurs options d\u2019anneaux m\u00e9talliques rev\u00eatus, notamment en cuivre, en or rose et en noir, pour s\u2019harmoniser avec les bocaux en verre et les \u00e9tiquettes.<\/li>\n<li>Graduations int\u00e9gr\u00e9es\u00a0: Le bocal en verre comporte des graduations en relief indiquant les onces et les millilitres pour les utilisateurs ayant besoin de mesures en cuisine, en p\u00e2tisserie et en loisirs cr\u00e9atifs.<\/li>\n<\/ul>","protected":false},"excerpt":{"rendered":"<p>Bocal Mason \u00e0 large ouverture avec couvercle en m\u00e9tal et motif diamant en relief. Bocaux Mason de 240 ml (8 oz) \u00e0 large ouverture, parfaits pour les cadeaux, le rangement et la d\u00e9coration. Personnalisation possible.<\/p>","protected":false},"featured_media":16959,"template":"","meta":[],"product_brand":[],"product_cat":[84,83,20],"product_tag":[],"class_list":{"0":"post-16945","1":"product","2":"type-product","3":"status-publish","4":"has-post-thumbnail","6":"product_cat-mason-jars","7":"product_cat-glass-jars","8":"product_cat-glass-containers","10":"first","11":"instock","12":"shipping-taxable","13":"product-type-grouped"},"jetpack_sharing_enabled":true,"_links":{"self":[{"href":"https:\/\/yebodaglass.com\/fr\/wp-json\/wp\/v2\/product\/16945","targetHints":{"allow":["GET"]}}],"collection":[{"href":"https:\/\/yebodaglass.com\/fr\/wp-json\/wp\/v2\/product"}],"about":[{"href":"https:\/\/yebodaglass.com\/fr\/wp-json\/wp\/v2\/types\/product"}],"version-history":[{"count":5,"href":"https:\/\/yebodaglass.com\/fr\/wp-json\/wp\/v2\/product\/16945\/revisions"}],"predecessor-version":[{"id":25736,"href":"https:\/\/yebodaglass.com\/fr\/wp-json\/wp\/v2\/product\/16945\/revisions\/25736"}],"wp:featuredmedia":[{"embeddable":true,"href":"https:\/\/yebodaglass.com\/fr\/wp-json\/wp\/v2\/media\/16959"}],"wp:attachment":[{"href":"https:\/\/yebodaglass.com\/fr\/wp-json\/wp\/v2\/media?parent=16945"}],"wp:term":[{"taxonomy":"product_brand","embeddable":true,"href":"https:\/\/yebodaglass.com\/fr\/wp-json\/wp\/v2\/product_brand?post=16945"},{"taxonomy":"product_cat","embeddable":true,"href":"https:\/\/yebodaglass.com\/fr\/wp-json\/wp\/v2\/product_cat?post=16945"},{"taxonomy":"product_tag","embeddable":true,"href":"https:\/\/yebodaglass.com\/fr\/wp-json\/wp\/v2\/product_tag?post=16945"}],"curies":[{"name":"wp","href":"https:\/\/api.w.org\/{rel}","templated":true}]}}