{"id":16923,"date":"2025-07-14T15:27:16","date_gmt":"2025-07-14T07:27:16","guid":{"rendered":"https:\/\/yebodaglass.com\/?post_type=product&#038;p=16923"},"modified":"2026-03-11T14:34:14","modified_gmt":"2026-03-11T06:34:14","slug":"wide-mouth-mason-jars-with-diamond-pattern-glass","status":"publish","type":"product","link":"https:\/\/yebodaglass.com\/fr\/produit\/wide-mouth-mason-jars-with-diamond-pattern-glass\/","title":{"rendered":"Bocaux Mason \u00e0 large ouverture en verre \u00e0 motif diamant, 120 ml \u00e0 620 ml"},"content":{"rendered":"<h2>Bocaux Mason \u00e0 large ouverture \u00e0 motif losange<\/h2>\n<p>Dot\u00e9s d&#039;une \u00e9l\u00e9gante texture taill\u00e9e en losange qui projette de jolis reflets lumineux, ces bocaux Mason \u00e0 large ouverture arborent la forme ronde traditionnelle des bocaux en verre. Chaque bocal est fabriqu\u00e9 en verre sodocalcique sans BPA et est muni d&#039;un couvercle en aluminium \u00e0 visser qui garantit une fermeture herm\u00e9tique pour la conservation des aliments.<\/p>\n<p>Le large goulot des bocaux Mason facilite le remplissage, le versement et le nettoyage par rapport aux bocaux Mason \u00e0 ouverture standard. Cette caract\u00e9ristique est id\u00e9ale pour une grande vari\u00e9t\u00e9 de produits tels que les boissons, les fruits, les confitures, les cornichons, les sauces, les sirops, les desserts, les c\u00e9r\u00e9ales et les \u00e9pices. De plus, ces bocaux sont parfaits pour la confection de bougeoirs ou l&#039;emballage de projets de bricolage. En tant que fabricant et fournisseur, nous proposons des solutions en vrac, en gros et sur mesure pour les marques et les distributeurs \u00e0 la recherche d&#039;emballages classiques en bocaux de conserve.<\/p>\n<h2>Sp\u00e9cifications cl\u00e9s<\/h2>\n<table style=\"border-collapse: collapse; width: 80%; margin-left: auto; margin-right: auto;\" border=\"0\" width=\"80%\" cellspacing=\"0\" cellpadding=\"0\">\n<tbody>\n<tr style=\"height: 13.50pt;\">\n<td style=\"height: 13.50pt; width: 113.25pt;\" width=\"151\" height=\"18\"><strong>Cat\u00e9gorie de produits<\/strong><\/td>\n<td style=\"width: 431.25pt;\" width=\"575\"><strong>Bocaux Mason \u00e0 large ouverture<\/strong><\/td>\n<\/tr>\n<tr style=\"height: 27.00pt;\">\n<td style=\"height: 27.00pt;\" height=\"36\">Options de capacit\u00e9<\/td>\n<td class=\"et2\" style=\"width: 431.25pt;\" width=\"575\">120 ml, 200 ml, 250 ml, 350 ml (ouverture de 59 mm \/ 69 mm)<br \/>\n270 ml, 430 ml, 620 ml (ouverture de 74 mm \/ 85 mm)<\/td>\n<\/tr>\n<tr style=\"height: 13.50pt;\">\n<td style=\"height: 13.50pt;\" height=\"18\">Mat\u00e9riel<\/td>\n<td>Verre sodocalcique sans BPA<\/td>\n<\/tr>\n<tr style=\"height: 13.50pt;\">\n<td style=\"height: 13.50pt;\" height=\"18\">Forme<\/td>\n<td>bocal Mason rond classique<\/td>\n<\/tr>\n<tr style=\"height: 13.50pt;\">\n<td style=\"height: 13.50pt;\" height=\"18\">Finition de surface<\/td>\n<td>Motif textur\u00e9 en losanges, compatible avec les \u00e9tiquettes<\/td>\n<\/tr>\n<tr style=\"height: 13.50pt;\">\n<td style=\"height: 13.50pt;\" height=\"18\">Type de couvercle<\/td>\n<td>Couvercles \u00e0 vis en aluminium pour bocaux<\/td>\n<\/tr>\n<tr style=\"height: 13.50pt;\">\n<td style=\"height: 13.50pt;\" height=\"18\">3 options de couvercle<\/td>\n<td>Couvercle standard en aluminium avec rev\u00eatement d&#039;\u00e9tanch\u00e9it\u00e9 \/ Couvercle en aluminium divis\u00e9 avec joint en silicone \/ Couvercle en aluminium avec trou pour paille<\/td>\n<\/tr>\n<tr style=\"height: 13.50pt;\">\n<td style=\"height: 13.50pt;\" height=\"18\">Couleurs des couvercles<\/td>\n<td>Or, argent, noir<\/td>\n<\/tr>\n<tr style=\"height: 13.50pt;\">\n<td style=\"height: 13.50pt;\" height=\"18\">Couleur du verre<\/td>\n<td>Verre clair ou couleurs personnalis\u00e9es<\/td>\n<\/tr>\n<tr style=\"height: 13.50pt;\">\n<td style=\"height: 13.50pt;\" height=\"18\">Emballage<\/td>\n<td>12 pi\u00e8ces par carton<\/td>\n<\/tr>\n<tr style=\"height: 13.50pt;\">\n<td style=\"height: 13.50pt;\" height=\"18\">Application<\/td>\n<td>Boissons, fruits, confitures, cornichons, sauces, sirops, desserts, c\u00e9r\u00e9ales, \u00e9pices<\/td>\n<\/tr>\n<tr style=\"height: 13.50pt;\">\n<td style=\"height: 13.50pt;\" height=\"18\">Fournir<\/td>\n<td>Vente en gros, vente en vrac, personnalisation OEM\/ODM<\/td>\n<\/tr>\n<tr style=\"height: 13.50pt;\">\n<td style=\"height: 13.50pt;\" height=\"18\">Livraison<\/td>\n<td>Stock stable et livraison mondiale depuis l&#039;usine<\/td>\n<\/tr>\n<\/tbody>\n<\/table>\n<h2>Caract\u00e9ristiques principales<\/h2>\n<h3>Large ouverture pour un remplissage facile<\/h3>\n<p>La large ouverture du bocal Mason permet de le remplir facilement de fruits, de couches de dessert et de c\u00e9r\u00e9ales, et simplifie le nettoyage par rapport aux r\u00e9cipients Mason \u00e0 ouverture classique.<\/p>\n<h3>Texture d\u00e9corative en diamant<\/h3>\n<p>Le motif g\u00e9om\u00e9trique am\u00e9liore la prise en main tout en transformant le bocal en verre en un emballage d\u00e9coratif adapt\u00e9 aux marques de boissons ou de desserts haut de gamme.<\/p>\n<h3>Couvercle \u00e0 fermeture fiable<\/h3>\n<p>Le couvercle en aluminium avec rev\u00eatement \u00e9tanche assure une fermeture fiable pour la mise en conserve des bocaux et le stockage commercial des aliments.<\/p>\n<h2>Exemple de r\u00e9ussite client<\/h2>\n<p>Un fabricant de boissons canadien s&#039;est procur\u00e9 ces bocaux Mason \u00e0 large ouverture pour sa gamme de desserts aux fruits pr\u00eats \u00e0 boire. Pour sa premi\u00e8re commande, il a achet\u00e9 30\u00a0000 bocaux en gros aupr\u00e8s de notre usine.<\/p>\n<p>Ils ont demand\u00e9 des couvercles dor\u00e9s personnalis\u00e9s, des \u00e9tiquettes \u00e0 leur marque et une teinte de verre sur mesure afin de diff\u00e9rencier leurs emballages en magasin. Les pots \u00e9taient destin\u00e9s \u00e0 des desserts aux fruits et au yaourt \u00e0 \u00e9tages ainsi qu&#039;\u00e0 des boissons au sirop de saison.<\/p>\n<p>Apr\u00e8s le lancement du produit, l&#039;emballage est rapidement devenu un de leurs best-sellers gr\u00e2ce \u00e0 son aspect d\u00e9coratif de bocal Mason et \u00e0 sa large ouverture pratique. En six mois, le client a pass\u00e9 deux nouvelles commandes en gros, pour un total de plus de 90\u00a0000 unit\u00e9s.<\/p>\n<h2>Suggestions de personnalisation pour les acheteurs B2B<\/h2>\n<ol>\n<li><strong>Solutions de couvercles sur mesure<\/strong>Les marques peuvent d\u00e9velopper des couvercles de bocaux personnalis\u00e9s, tels que des couvercles avec trou pour paille pour les boissons, des couvercles \u00e0 joint en silicone pour la conservation ou des couvercles \u00e0 double ouverture pour une utilisation traditionnelle en bocaux de conserve.<\/li>\n<li><strong>Marques priv\u00e9es et finitions d\u00e9coratives<\/strong>Si vous vendez des boissons ou des desserts, vous pouvez envisager de donner \u00e0 vos emballages en bocaux Mason une identit\u00e9 unique gr\u00e2ce \u00e0 un \u00e9tiquetage personnalis\u00e9, un gaufrage ou un rev\u00eatement color\u00e9 du verre.<\/li>\n<li><strong>Projets d&#039;emballage polyvalents<\/strong>Les marques alimentaires, les entreprises de cadeaux et les marques de bougies peuvent adapter ce bocal en verre pour l&#039;emballage de cornichons, de sauces, de sirops, de desserts ou de bougies dans le cadre de leurs lancements de projets saisonniers.<\/li>\n<\/ol>","protected":false},"excerpt":{"rendered":"<p data-start=\"35\" data-end=\"218\">Bocaux Mason \u00e0 large ouverture en verre textur\u00e9 diamant avec couvercle en aluminium, disponibles en gros. Bocal en verre r\u00e9sistant pour boissons, confitures, desserts et conditionnements en vrac.<\/p>","protected":false},"featured_media":25369,"template":"","meta":[],"product_brand":[],"product_cat":[125,124,20,83,84],"product_tag":[],"class_list":{"0":"post-16923","1":"product","2":"type-product","3":"status-publish","4":"has-post-thumbnail","6":"product_cat-mason-glass-jars","7":"product_cat-custom-glass-jars","8":"product_cat-glass-containers","9":"product_cat-glass-jars","10":"product_cat-mason-jars","12":"first","13":"instock","14":"shipping-taxable","15":"product-type-grouped"},"jetpack_sharing_enabled":true,"_links":{"self":[{"href":"https:\/\/yebodaglass.com\/fr\/wp-json\/wp\/v2\/product\/16923","targetHints":{"allow":["GET"]}}],"collection":[{"href":"https:\/\/yebodaglass.com\/fr\/wp-json\/wp\/v2\/product"}],"about":[{"href":"https:\/\/yebodaglass.com\/fr\/wp-json\/wp\/v2\/types\/product"}],"version-history":[{"count":5,"href":"https:\/\/yebodaglass.com\/fr\/wp-json\/wp\/v2\/product\/16923\/revisions"}],"predecessor-version":[{"id":25370,"href":"https:\/\/yebodaglass.com\/fr\/wp-json\/wp\/v2\/product\/16923\/revisions\/25370"}],"wp:featuredmedia":[{"embeddable":true,"href":"https:\/\/yebodaglass.com\/fr\/wp-json\/wp\/v2\/media\/25369"}],"wp:attachment":[{"href":"https:\/\/yebodaglass.com\/fr\/wp-json\/wp\/v2\/media?parent=16923"}],"wp:term":[{"taxonomy":"product_brand","embeddable":true,"href":"https:\/\/yebodaglass.com\/fr\/wp-json\/wp\/v2\/product_brand?post=16923"},{"taxonomy":"product_cat","embeddable":true,"href":"https:\/\/yebodaglass.com\/fr\/wp-json\/wp\/v2\/product_cat?post=16923"},{"taxonomy":"product_tag","embeddable":true,"href":"https:\/\/yebodaglass.com\/fr\/wp-json\/wp\/v2\/product_tag?post=16923"}],"curies":[{"name":"wp","href":"https:\/\/api.w.org\/{rel}","templated":true}]}}