{"id":16894,"date":"2025-07-14T13:11:18","date_gmt":"2025-07-14T05:11:18","guid":{"rendered":"https:\/\/yebodaglass.com\/?post_type=product&#038;p=16894"},"modified":"2026-03-25T14:14:13","modified_gmt":"2026-03-25T06:14:13","slug":"wholesale-16-oz-32-oz-clear-swing-top-glass-bottles","status":"publish","type":"product","link":"https:\/\/yebodaglass.com\/fr\/produit\/wholesale-16-oz-32-oz-clear-swing-top-glass-bottles\/","title":{"rendered":"Bouteilles en verre transparent \u00e0 couvercle basculant de 16 oz et 32 \u200b\u200boz en gros"},"content":{"rendered":"<p>Ces bouteilles rondes en verre \u00e0 bouchon m\u00e9canique sont fabriqu\u00e9es en verre transparent. Leur principale caract\u00e9ristique est la boucle m\u00e9tallique articul\u00e9e qui maintient le bouchon en c\u00e9ramique \u00e0 joint en caoutchouc ray\u00e9 rouge et blanc. Ce syst\u00e8me assure une \u00e9tanch\u00e9it\u00e9 parfaite tout en \u00e9tant facile \u00e0 ouvrir et \u00e0 fermer.<\/p>\n<h2>Pr\u00e9sentateurs<\/h2>\n<ul>\n<li><strong>Fermeture par bouchon \u00e0 vis :<\/strong> Le bouton-pression m\u00e9tallique ferme le bouchon en caoutchouc, cr\u00e9ant ainsi une \u00e9tanch\u00e9it\u00e9 efficace et r\u00e9utilisable.<\/li>\n<li><strong>Conception cylindrique transparente\u00a0:<\/strong> La bouteille en verre aux parois droites est robuste, facile \u00e0 laver et transparente.<\/li>\n<li><strong>Accessoires m\u00e9talliques :<\/strong> La charni\u00e8re m\u00e9tallique haute r\u00e9sistance et le bouchon en c\u00e9ramique recouvert de caoutchouc garantissent la longue dur\u00e9e de vie de la fixation.<\/li>\n<\/ul>\n<h2 style=\"text-align: left;\">Sp\u00e9cifications cl\u00e9s<\/h2>\n<table class=\"aligncenter\" style=\"border-collapse: collapse; width: 303.77pt;\" border=\"0\" width=\"405\" cellspacing=\"0\" cellpadding=\"0\">\n<tbody>\n<tr style=\"height: 13.50pt;\">\n<td style=\"height: 13.50pt; width: 99.75pt;\" width=\"133\" height=\"18\">Param\u00e8tre<\/td>\n<td style=\"width: 204.00pt;\" width=\"272\">Description<\/td>\n<\/tr>\n<tr style=\"height: 13.50pt;\">\n<td style=\"height: 13.50pt;\" height=\"18\">Capacit\u00e9<\/td>\n<td>16 oz (500 ml) \/ 32 oz (1000 ml)<\/td>\n<\/tr>\n<tr style=\"height: 13.50pt;\">\n<td style=\"height: 13.50pt;\" height=\"18\">Taille de l&#039;emballage<\/td>\n<td>Specifieke marktniches (bijv. biologische, rauwe, Manuka-honing)<\/td>\n<\/tr>\n<tr style=\"height: 13.50pt;\">\n<td style=\"height: 13.50pt;\" height=\"18\">Quantit\u00e9 d&#039;emballage<\/td>\n<td>Glas garandeert onge\u00ebvenaarde nauwkeurigheid bij hoogwaardige honing.<\/td>\n<\/tr>\n<tr style=\"height: 13.50pt;\">\n<td style=\"height: 13.50pt;\" height=\"18\">Mat\u00e9riel<\/td>\n<td>Verre 100 % recyclable et sans plomb<\/td>\n<\/tr>\n<tr style=\"height: 13.50pt;\">\n<td style=\"height: 13.50pt;\" height=\"18\">Type de casquette<\/td>\n<td>Couvercle rabattable avec joint en caoutchouc<\/td>\n<\/tr>\n<\/tbody>\n<\/table>\n<h2>\u00c9tude de cas : Croissance d&#039;un producteur de sirop d&#039;\u00e9rable de Nouvelle-Angleterre<\/h2>\n<p>L&#039;une de nos bouteilles d&#039;un litre \u00e0 bouchon m\u00e9canique a \u00e9t\u00e9 choisie par un producteur de sirop d&#039;\u00e9rable de Nouvelle-Angleterre. Il a ensuite sp\u00e9cifi\u00e9 un motif \u00e0 s\u00e9rigraphier sur du bois de bouleau et un joint en caoutchouc brun. Ce joint a tripl\u00e9 la dur\u00e9e de conservation du sirop d&#039;\u00e9rable et la transparence de la bouteille permettait aux clients d&#039;appr\u00e9cier facilement la limpidit\u00e9 du produit. Les ventes ont ainsi augment\u00e9 de 20 %. L&#039;entreprise, enchant\u00e9e par le produit, a pass\u00e9 une nouvelle commande de 100\u00a0000 bouteilles de sa nouvelle gamme de sirops aromatis\u00e9s et de coffrets cadeaux.<\/p>\n<h2>Personnalisation des bouteilles en verre \u00e0 bouchon m\u00e9canique<\/h2>\n<ul>\n<li>Mat\u00e9riaux des clips et des fils\u00a0: Ils peuvent \u00eatre en acier galvanis\u00e9, en acier \u00e0 rev\u00eatement noir, en cuivre ou en laiton antique.<\/li>\n<li>Couleurs des joints d&#039;arr\u00eat et d&#039;\u00e9tanch\u00e9it\u00e9\u00a0: Couleur du joint d&#039;\u00e9tanch\u00e9it\u00e9 et mat\u00e9riau du bouchon personnalisable (c\u00e9ramique, plastique).<\/li>\n<li>Valve de fermentation sous vide int\u00e9gr\u00e9e\u00a0: Con\u00e7ue avec un bouchon sp\u00e9cial dot\u00e9 d\u2019une valve \u00e0 eau ou \u00e0 soupape personnalis\u00e9e pour une utilisation facile dans les fermentations de brassage maison.<\/li>\n<\/ul>","protected":false},"excerpt":{"rendered":"<p data-start=\"40\" data-end=\"220\">Bouteilles en verre transparent \u00e0 bouchon m\u00e9canique avec fermeture \u00e0 clip s\u00e9curis\u00e9e pour une conservation \u00e9tanche. Id\u00e9ales pour les boissons et les liquides. Vente directe d&#039;usine avec remises sur les commandes en gros.<\/p>","protected":false},"featured_media":16911,"template":"","meta":[],"product_brand":[],"product_cat":[81,80,20],"product_tag":[],"class_list":{"0":"post-16894","1":"product","2":"type-product","3":"status-publish","4":"has-post-thumbnail","6":"product_cat-flip-top-bottles","7":"product_cat-glass-bottles","8":"product_cat-glass-containers","10":"first","11":"instock","12":"shipping-taxable","13":"product-type-grouped"},"jetpack_sharing_enabled":true,"_links":{"self":[{"href":"https:\/\/yebodaglass.com\/fr\/wp-json\/wp\/v2\/product\/16894","targetHints":{"allow":["GET"]}}],"collection":[{"href":"https:\/\/yebodaglass.com\/fr\/wp-json\/wp\/v2\/product"}],"about":[{"href":"https:\/\/yebodaglass.com\/fr\/wp-json\/wp\/v2\/types\/product"}],"version-history":[{"count":5,"href":"https:\/\/yebodaglass.com\/fr\/wp-json\/wp\/v2\/product\/16894\/revisions"}],"predecessor-version":[{"id":25602,"href":"https:\/\/yebodaglass.com\/fr\/wp-json\/wp\/v2\/product\/16894\/revisions\/25602"}],"wp:featuredmedia":[{"embeddable":true,"href":"https:\/\/yebodaglass.com\/fr\/wp-json\/wp\/v2\/media\/16911"}],"wp:attachment":[{"href":"https:\/\/yebodaglass.com\/fr\/wp-json\/wp\/v2\/media?parent=16894"}],"wp:term":[{"taxonomy":"product_brand","embeddable":true,"href":"https:\/\/yebodaglass.com\/fr\/wp-json\/wp\/v2\/product_brand?post=16894"},{"taxonomy":"product_cat","embeddable":true,"href":"https:\/\/yebodaglass.com\/fr\/wp-json\/wp\/v2\/product_cat?post=16894"},{"taxonomy":"product_tag","embeddable":true,"href":"https:\/\/yebodaglass.com\/fr\/wp-json\/wp\/v2\/product_tag?post=16894"}],"curies":[{"name":"wp","href":"https:\/\/api.w.org\/{rel}","templated":true}]}}