{"id":16805,"date":"2025-07-11T10:47:25","date_gmt":"2025-07-11T02:47:25","guid":{"rendered":"https:\/\/yebodaglass.com\/?post_type=product&#038;p=16805"},"modified":"2026-03-11T15:06:00","modified_gmt":"2026-03-11T07:06:00","slug":"clear-glass-jam-jars-with-metal-lids-wholesale","status":"publish","type":"product","link":"https:\/\/yebodaglass.com\/fr\/produit\/clear-glass-jam-jars-with-metal-lids-wholesale\/","title":{"rendered":"Pots \u00e0 confiture en verre transparent de 473 ml (16 oz) avec couvercles en m\u00e9tal - Vente en gros"},"content":{"rendered":"<div data-elementor-type=\"wp-post\" data-elementor-id=\"16805\" class=\"elementor elementor-16805\" data-elementor-settings=\"{&quot;ha_cmc_init_switcher&quot;:&quot;no&quot;}\" data-elementor-post-type=\"product\">\n\t\t\t\t<div class=\"elementor-element elementor-element-bb0d695 e-flex e-con-boxed e-con e-parent\" data-id=\"bb0d695\" data-element_type=\"container\" data-e-type=\"container\" data-settings=\"{&quot;_ha_eqh_enable&quot;:false}\">\n\t\t\t\t\t<div class=\"e-con-inner\">\n\t\t\t\t<div class=\"elementor-element elementor-element-732f179 elementor-widget elementor-widget-text-editor\" data-id=\"732f179\" data-element_type=\"widget\" data-e-type=\"widget\" data-widget_type=\"text-editor.default\">\n\t\t\t\t<div class=\"elementor-widget-container\">\n\t\t\t\t\t\t\t\t\t<p>Nos pots \u00e0 confiture en verre de 473 ml (16 oz) pr\u00e9sentent une forme ronde l\u00e9g\u00e8rement bomb\u00e9e et un couvercle m\u00e9tallique robuste \u00e0 visser. Id\u00e9aux pour conserver confitures, gel\u00e9es, sauces et autres pr\u00e9parations maison, ces pots en verre offrent un rendu naturel et \u00e9l\u00e9gant. Leur transparence met en valeur la qualit\u00e9 du mat\u00e9riau et allie fonctionnalit\u00e9 et style classique, parfait pour la cuisine ou la vente au d\u00e9tail.<\/p>\t\t\t\t\t\t\t\t<\/div>\n\t\t\t\t<\/div>\n\t\t\t\t<div class=\"elementor-element elementor-element-54c8d6c elementor-widget elementor-widget-heading\" data-id=\"54c8d6c\" data-element_type=\"widget\" data-e-type=\"widget\" data-widget_type=\"heading.default\">\n\t\t\t\t<div class=\"elementor-widget-container\">\n\t\t\t\t\t<h2 class=\"elementor-heading-title elementor-size-default\">Sp\u00e9cifications cl\u00e9s<\/h2>\t\t\t\t<\/div>\n\t\t\t\t<\/div>\n\t\t\t\t<div class=\"elementor-element elementor-element-14509d8 elementor-widget elementor-widget-text-editor\" data-id=\"14509d8\" data-element_type=\"widget\" data-e-type=\"widget\" data-widget_type=\"text-editor.default\">\n\t\t\t\t<div class=\"elementor-widget-container\">\n\t\t\t\t\t\t\t\t\t<table style=\"border-collapse: collapse; margin-left: auto; margin-right: auto; width: 80%;\" border=\"0\" width=\"468\" cellspacing=\"0\" cellpadding=\"0\"><tbody><tr style=\"height: 13.50pt;\"><td style=\"height: 13.50pt; width: 120.00pt;\" width=\"160\" height=\"18\">Param\u00e8tre<\/td><td style=\"width: 231.00pt;\" width=\"308\">Description<\/td><\/tr><tr style=\"height: 13.50pt;\"><td style=\"height: 13.50pt;\" height=\"18\">Capacit\u00e9<\/td><td>500 ml \/ 16 oz<\/td><\/tr><tr style=\"height: 13.50pt;\"><td style=\"height: 13.50pt;\" height=\"18\">Quantit\u00e9 par paquet<\/td><td>12 pi\u00e8ces par bo\u00eete<\/td><\/tr><tr style=\"height: 13.50pt;\"><td style=\"height: 13.50pt;\" height=\"18\">Mat\u00e9riel<\/td><td>Verre sans plomb<\/td><\/tr><tr style=\"height: 13.50pt;\"><td style=\"height: 13.50pt;\" height=\"18\">Diam\u00e8tre de la bouche<\/td><td>6,9 cm \/ 2,72 pouces<\/td><\/tr><tr style=\"height: 13.50pt;\"><td style=\"height: 13.50pt;\" height=\"18\">Diam\u00e8tre du corps<\/td><td>8,5 cm \/ 3,35 pouces<\/td><\/tr><tr style=\"height: 13.50pt;\"><td style=\"height: 13.50pt;\" height=\"18\">Hauteur<\/td><td>12,8 cm \/ 5,04 pouces<\/td><\/tr><tr style=\"height: 13.50pt;\"><td style=\"height: 13.50pt;\" height=\"18\">Type de joint<\/td><td>Couvercle m\u00e9tallique \u00e0 visser<\/td><\/tr><\/tbody><\/table>\t\t\t\t\t\t\t\t<\/div>\n\t\t\t\t<\/div>\n\t\t\t\t\t<\/div>\n\t\t\t\t<\/div>\n\t\t<div class=\"elementor-element elementor-element-55e31eb e-flex e-con-boxed e-con e-parent\" data-id=\"55e31eb\" data-element_type=\"container\" data-e-type=\"container\" data-settings=\"{&quot;_ha_eqh_enable&quot;:false}\">\n\t\t\t\t\t<div class=\"e-con-inner\">\n\t\t\t\t<div class=\"elementor-element elementor-element-fc0900e elementor-widget elementor-widget-heading\" data-id=\"fc0900e\" data-element_type=\"widget\" data-e-type=\"widget\" data-widget_type=\"heading.default\">\n\t\t\t\t<div class=\"elementor-widget-container\">\n\t\t\t\t\t<h2 class=\"elementor-heading-title elementor-size-default\">Pr\u00e9sentateurs<\/h2>\t\t\t\t<\/div>\n\t\t\t\t<\/div>\n\t\t\t\t\t<\/div>\n\t\t\t\t<\/div>\n\t\t<div class=\"elementor-element elementor-element-723cd80 e-flex e-con-boxed e-con e-parent\" data-id=\"723cd80\" data-element_type=\"container\" data-e-type=\"container\" data-settings=\"{&quot;_ha_eqh_enable&quot;:false}\">\n\t\t\t\t\t<div class=\"e-con-inner\">\n\t\t<div class=\"elementor-element elementor-element-bf4cb81 e-con-full e-flex e-con e-child\" data-id=\"bf4cb81\" data-element_type=\"container\" data-e-type=\"container\" data-settings=\"{&quot;_ha_eqh_enable&quot;:false}\">\n\t\t\t\t<div class=\"elementor-element elementor-element-202a3f6 elementor-widget elementor-widget-image\" data-id=\"202a3f6\" data-element_type=\"widget\" data-e-type=\"widget\" data-widget_type=\"image.default\">\n\t\t\t\t<div class=\"elementor-widget-container\">\n\t\t\t\t\t\t\t\t\t\t\t\t\t\t\t<img decoding=\"async\" src=\"https:\/\/yebodaglass.com\/wp-content\/uploads\/elementor\/thumbs\/5-4-r8kz92p28wq5ax8qlaapz5bm4tfpep5gwvmnr6g90g.webp\" title=\"Bocaux Mason de 946 ml (32 oz) \u00e0 motif cylindrique, en gros\" alt=\"Bocaux Mason de 946 ml (32 oz) \u00e0 motif cylindrique, en gros\" loading=\"lazy\" \/>\t\t\t\t\t\t\t\t\t\t\t\t\t\t\t<\/div>\n\t\t\t\t<\/div>\n\t\t\t\t<div class=\"elementor-element elementor-element-fc1fd2d elementor-widget elementor-widget-text-editor\" data-id=\"fc1fd2d\" data-element_type=\"widget\" data-e-type=\"widget\" data-widget_type=\"text-editor.default\">\n\t\t\t\t<div class=\"elementor-widget-container\">\n\t\t\t\t\t\t\t\t\t<p>Bocaux \u00e0 confiture en verre de haute qualit\u00e9\u00a0: fabriqu\u00e9s en verre de premi\u00e8re qualit\u00e9, ils sont extr\u00eamement transparents et robustes, r\u00e9sistants aux variations de temp\u00e9rature et difficiles \u00e0 fissurer, et offrent une satisfaction de haute qualit\u00e9.<\/p>\t\t\t\t\t\t\t\t<\/div>\n\t\t\t\t<\/div>\n\t\t\t\t<\/div>\n\t\t<div class=\"elementor-element elementor-element-73418b7 e-con-full e-flex e-con e-child\" data-id=\"73418b7\" data-element_type=\"container\" data-e-type=\"container\" data-settings=\"{&quot;_ha_eqh_enable&quot;:false}\">\n\t\t\t\t<div class=\"elementor-element elementor-element-490e976 elementor-widget elementor-widget-image\" data-id=\"490e976\" data-element_type=\"widget\" data-e-type=\"widget\" data-widget_type=\"image.default\">\n\t\t\t\t<div class=\"elementor-widget-container\">\n\t\t\t\t\t\t\t\t\t\t\t\t\t\t\t<img decoding=\"async\" src=\"https:\/\/yebodaglass.com\/wp-content\/uploads\/elementor\/thumbs\/6-5-r8jh0iidgbtfzlg26a43gvb6w9cxxfmd4lm18tj6ao.webp\" title=\"Bocaux Mason de 946 ml (32 oz) \u00e0 motif cylindrique, en gros\" alt=\"Bocaux Mason de 946 ml (32 oz) \u00e0 motif cylindrique, en gros\" loading=\"lazy\" \/>\t\t\t\t\t\t\t\t\t\t\t\t\t\t\t<\/div>\n\t\t\t\t<\/div>\n\t\t\t\t<div class=\"elementor-element elementor-element-28d6163 elementor-widget elementor-widget-text-editor\" data-id=\"28d6163\" data-element_type=\"widget\" data-e-type=\"widget\" data-widget_type=\"text-editor.default\">\n\t\t\t\t<div class=\"elementor-widget-container\">\n\t\t\t\t\t\t\t\t\t<p>Paroi int\u00e9rieure facile \u00e0 lisser\u00a0: La paroi int\u00e9rieure de la bouteille est propre et sans bavures, et les traces d\u2019eau peuvent \u00eatre \u00e9limin\u00e9es en un seul rin\u00e7age, ce qui rend le nettoyage incroyablement facile.<\/p>\t\t\t\t\t\t\t\t<\/div>\n\t\t\t\t<\/div>\n\t\t\t\t<\/div>\n\t\t\t\t\t<\/div>\n\t\t\t\t<\/div>\n\t\t<div class=\"elementor-element elementor-element-fc04ebb e-flex e-con-boxed e-con e-parent\" data-id=\"fc04ebb\" data-element_type=\"container\" data-e-type=\"container\" data-settings=\"{&quot;_ha_eqh_enable&quot;:false}\">\n\t\t\t\t\t<div class=\"e-con-inner\">\n\t\t<div class=\"elementor-element elementor-element-34afca3 e-con-full e-flex e-con e-child\" data-id=\"34afca3\" data-element_type=\"container\" data-e-type=\"container\" data-settings=\"{&quot;_ha_eqh_enable&quot;:false}\">\n\t\t\t\t<div class=\"elementor-element elementor-element-db07882 elementor-widget elementor-widget-image\" data-id=\"db07882\" data-element_type=\"widget\" data-e-type=\"widget\" data-widget_type=\"image.default\">\n\t\t\t\t<div class=\"elementor-widget-container\">\n\t\t\t\t\t\t\t\t\t\t\t\t\t\t\t<img decoding=\"async\" src=\"https:\/\/yebodaglass.com\/wp-content\/uploads\/elementor\/thumbs\/8-1-1-r8qmcumz53zvomh9ycam8joec0mee5e9ut6gv37hk0.webp\" title=\"Bocaux Mason de 946 ml (32 oz) \u00e0 motif cylindrique, en gros\" alt=\"Bocaux Mason de 946 ml (32 oz) \u00e0 motif cylindrique, en gros\" loading=\"lazy\" \/>\t\t\t\t\t\t\t\t\t\t\t\t\t\t\t<\/div>\n\t\t\t\t<\/div>\n\t\t\t\t<div class=\"elementor-element elementor-element-fe38982 elementor-widget elementor-widget-text-editor\" data-id=\"fe38982\" data-element_type=\"widget\" data-e-type=\"widget\" data-widget_type=\"text-editor.default\">\n\t\t\t\t<div class=\"elementor-widget-container\">\n\t\t\t\t\t\t\t\t\t<p>\u00c9tanche et herm\u00e9tique : le bouchon s&#039;adapte parfaitement au goulot de la bouteille et ne fuit plus, m\u00eame apr\u00e8s avoir \u00e9t\u00e9 retourn\u00e9e et secou\u00e9e plusieurs fois. Vous pouvez donc la conserver en toute tranquillit\u00e9.<\/p>\t\t\t\t\t\t\t\t<\/div>\n\t\t\t\t<\/div>\n\t\t\t\t<\/div>\n\t\t<div class=\"elementor-element elementor-element-6d52589 e-con-full e-flex e-con e-child\" data-id=\"6d52589\" data-element_type=\"container\" data-e-type=\"container\" data-settings=\"{&quot;_ha_eqh_enable&quot;:false}\">\n\t\t\t\t<div class=\"elementor-element elementor-element-da95f29 elementor-widget elementor-widget-image\" data-id=\"da95f29\" data-element_type=\"widget\" data-e-type=\"widget\" data-widget_type=\"image.default\">\n\t\t\t\t<div class=\"elementor-widget-container\">\n\t\t\t\t\t\t\t\t\t\t\t\t\t\t\t<img decoding=\"async\" src=\"https:\/\/yebodaglass.com\/wp-content\/uploads\/elementor\/thumbs\/96-2-r8qmdfbfbgs6s1n8ll8eregjehsh3hod9nj5f6ctr4.webp\" title=\"Bocaux Mason de 946 ml (32 oz) \u00e0 motif cylindrique, en gros\" alt=\"Bocaux Mason de 946 ml (32 oz) \u00e0 motif cylindrique, en gros\" loading=\"lazy\" \/>\t\t\t\t\t\t\t\t\t\t\t\t\t\t\t<\/div>\n\t\t\t\t<\/div>\n\t\t\t\t<div class=\"elementor-element elementor-element-67a25ba elementor-widget elementor-widget-text-editor\" data-id=\"67a25ba\" data-element_type=\"widget\" data-e-type=\"widget\" data-widget_type=\"text-editor.default\">\n\t\t\t\t<div class=\"elementor-widget-container\">\n\t\t\t\t\t\t\t\t\t<p>Partenaire universel\u00a0: cette bouteille simple est tr\u00e8s polyvalente. Elle peut contenir des aliments secs ou des liquides. Elle est \u00e0 la fois esth\u00e9tique et pratique dans la cuisine ou le salon.<\/p>\t\t\t\t\t\t\t\t<\/div>\n\t\t\t\t<\/div>\n\t\t\t\t<\/div>\n\t\t\t\t\t<\/div>\n\t\t\t\t<\/div>\n\t\t<div class=\"elementor-element elementor-element-284aded e-flex e-con-boxed e-con e-parent\" data-id=\"284aded\" data-element_type=\"container\" data-e-type=\"container\" data-settings=\"{&quot;_ha_eqh_enable&quot;:false}\">\n\t\t\t\t\t<div class=\"e-con-inner\">\n\t\t\t\t<div class=\"elementor-element elementor-element-992f613 elementor-widget elementor-widget-heading\" data-id=\"992f613\" data-element_type=\"widget\" data-e-type=\"widget\" data-widget_type=\"heading.default\">\n\t\t\t\t<div class=\"elementor-widget-container\">\n\t\t\t\t\t<h2 class=\"elementor-heading-title elementor-size-default\">Cas de r\u00e9ussite<\/h2>\t\t\t\t<\/div>\n\t\t\t\t<\/div>\n\t\t\t\t\t<\/div>\n\t\t\t\t<\/div>\n\t\t<div class=\"elementor-element elementor-element-8c06220 e-flex e-con-boxed e-con e-parent\" data-id=\"8c06220\" data-element_type=\"container\" data-e-type=\"container\" data-settings=\"{&quot;_ha_eqh_enable&quot;:false}\">\n\t\t\t\t\t<div class=\"e-con-inner\">\n\t\t\t\t<div class=\"elementor-element elementor-element-d2d7bab elementor-widget elementor-widget-text-editor\" data-id=\"d2d7bab\" data-element_type=\"widget\" data-e-type=\"widget\" data-widget_type=\"text-editor.default\">\n\t\t\t\t<div class=\"elementor-widget-container\">\n\t\t\t\t\t\t\t\t\t<p>Une marque locale de cornichons, une entreprise familiale, a choisi nos bocaux Mason en verre transparent de 473 ml (16 oz) comme emballage principal pour sa nouvelle gamme de cornichons. Afin de pr\u00e9server la fra\u00eecheur et d&#039;\u00e9viter les fuites pendant le transport, les bocaux sont munis de couvercles \u00e0 vis de qualit\u00e9 alimentaire et de joints d&#039;\u00e9tanch\u00e9it\u00e9 renforc\u00e9s. Ils sont \u00e9galement orn\u00e9s de marquages \u200b\u200bet du logo de la marque en relief, ce qui met en valeur leur surface lisse et permet d&#039;admirer facilement la couleur orange vif des cornichons \u00e0 travers le verre transparent.<\/p><p>Les ventes de ce nouveau produit de cornichons ont augment\u00e9 de 36 % suite \u00e0 l&#039;introduction des bocaux Mason personnalis\u00e9s, et plusieurs d\u00e9taillants r\u00e9gionaux ont pass\u00e9 de nouvelles commandes. Par cons\u00e9quent, l&#039;entreprise a enregistr\u00e9 plusieurs commandes, ce qui a permis d&#039;acc\u00e9l\u00e9rer sa production.<\/p>\t\t\t\t\t\t\t\t<\/div>\n\t\t\t\t<\/div>\n\t\t\t\t<div class=\"elementor-element elementor-element-3bce01b elementor-widget elementor-widget-heading\" data-id=\"3bce01b\" data-element_type=\"widget\" data-e-type=\"widget\" data-widget_type=\"heading.default\">\n\t\t\t\t<div class=\"elementor-widget-container\">\n\t\t\t\t\t<h2 class=\"elementor-heading-title elementor-size-default\">Conseils de personnalisation<\/h2>\t\t\t\t<\/div>\n\t\t\t\t<\/div>\n\t\t\t\t<div class=\"elementor-element elementor-element-e620c8c elementor-widget elementor-widget-text-editor\" data-id=\"e620c8c\" data-element_type=\"widget\" data-e-type=\"widget\" data-widget_type=\"text-editor.default\">\n\t\t\t\t<div class=\"elementor-widget-container\">\n\t\t\t\t\t\t\t\t\t<ol><li><strong>Mat\u00e9riau et finition du couvercle\u00a0:<\/strong> Choisissez parmi diff\u00e9rentes finitions pour le couvercle \u00e0 vis m\u00e9tallique, notamment noir mat, or ou couvercles en fer-blanc \u00e0 motifs, afin de les adapter aux designs d&#039;emballage de la marque.<\/li><li><strong>Conception du couvercle \u00e0 joint sous vide :<\/strong> Proposez des couvercles en 2 parties avec joints en silicone pour am\u00e9liorer l&#039;\u00e9tanch\u00e9it\u00e9 du produit dans les conserves de l\u00e9gumes marin\u00e9s et les aliments en conserve.<\/li><li><strong>Logo en relief sur verre :<\/strong> Personnalisez votre bocal avec un logo en relief ou un motif de marque grav\u00e9 de fa\u00e7on permanente sur le corps du bocal, \u00e9liminant ainsi le besoin d&#039;\u00e9tiqueter le bocal.<\/li><\/ol>\t\t\t\t\t\t\t\t<\/div>\n\t\t\t\t<\/div>\n\t\t\t\t\t<\/div>\n\t\t\t\t<\/div>\n\t\t\t\t<\/div>","protected":false},"excerpt":{"rendered":"<p>Lot de bocaux \u00e0 confiture en verre transparent de 16 oz avec couvercles en m\u00e9tal. Parfaits pour les confitures, les conserves et les sauces gr\u00e2ce \u00e0 leur fermeture herm\u00e9tique et leur design classique.<\/p>","protected":false},"featured_media":17280,"template":"","meta":[],"product_brand":[],"product_cat":[83,20,84],"product_tag":[],"class_list":{"0":"post-16805","1":"product","2":"type-product","3":"status-publish","4":"has-post-thumbnail","6":"product_cat-glass-jars","7":"product_cat-glass-containers","8":"product_cat-mason-jars","10":"first","11":"instock","12":"shipping-taxable","13":"product-type-grouped"},"jetpack_sharing_enabled":true,"_links":{"self":[{"href":"https:\/\/yebodaglass.com\/fr\/wp-json\/wp\/v2\/product\/16805","targetHints":{"allow":["GET"]}}],"collection":[{"href":"https:\/\/yebodaglass.com\/fr\/wp-json\/wp\/v2\/product"}],"about":[{"href":"https:\/\/yebodaglass.com\/fr\/wp-json\/wp\/v2\/types\/product"}],"version-history":[{"count":5,"href":"https:\/\/yebodaglass.com\/fr\/wp-json\/wp\/v2\/product\/16805\/revisions"}],"predecessor-version":[{"id":25376,"href":"https:\/\/yebodaglass.com\/fr\/wp-json\/wp\/v2\/product\/16805\/revisions\/25376"}],"wp:featuredmedia":[{"embeddable":true,"href":"https:\/\/yebodaglass.com\/fr\/wp-json\/wp\/v2\/media\/17280"}],"wp:attachment":[{"href":"https:\/\/yebodaglass.com\/fr\/wp-json\/wp\/v2\/media?parent=16805"}],"wp:term":[{"taxonomy":"product_brand","embeddable":true,"href":"https:\/\/yebodaglass.com\/fr\/wp-json\/wp\/v2\/product_brand?post=16805"},{"taxonomy":"product_cat","embeddable":true,"href":"https:\/\/yebodaglass.com\/fr\/wp-json\/wp\/v2\/product_cat?post=16805"},{"taxonomy":"product_tag","embeddable":true,"href":"https:\/\/yebodaglass.com\/fr\/wp-json\/wp\/v2\/product_tag?post=16805"}],"curies":[{"name":"wp","href":"https:\/\/api.w.org\/{rel}","templated":true}]}}