{"id":16779,"date":"2025-07-11T10:01:34","date_gmt":"2025-07-11T02:01:34","guid":{"rendered":"https:\/\/yebodaglass.com\/?post_type=product&#038;p=16779"},"modified":"2026-03-26T13:21:31","modified_gmt":"2026-03-26T05:21:31","slug":"amber-glass-swing-top-glass-beer-bottles-bulk","status":"publish","type":"product","link":"https:\/\/yebodaglass.com\/fr\/produit\/amber-glass-swing-top-glass-beer-bottles-bulk\/","title":{"rendered":"Bouteilles de bi\u00e8re en verre ambr\u00e9 de 473 ml (16 oz) avec bouchon m\u00e9canique, en vrac"},"content":{"rendered":"<p>Ces bouteilles de bi\u00e8re en verre \u00e0 bouchon m\u00e9canique sont compactes, pratiques et classiques. Leur forme minimaliste, cylindrique et \u00e0 fond plat est r\u00e9alis\u00e9e en verre transparent de haute qualit\u00e9, mettant parfaitement en valeur la boisson qu&#039;elles contiennent, qu&#039;il s&#039;agisse d&#039;eau ou de sirop maison.<\/p>\n<h2>Pr\u00e9sentateurs<\/h2>\n<ul>\n<li><strong>Couvercle herm\u00e9tique \u00e0 charni\u00e8re :<\/strong> L&#039;anneau m\u00e9tallique et le bouchon de fermeture assurent une fermeture herm\u00e9tique et r\u00e9utilisable, id\u00e9ale pour les boissons gazeuses ou pour pr\u00e9server le contenu du r\u00e9cipient.<\/li>\n<li><strong>Conception cylindrique compacte\u00a0:<\/strong> La petite bouteille cylindrique en verre est compacte, facile \u00e0 laver et \u00e0 transporter.<\/li>\n<li><strong>Verre transparent haute visibilit\u00e9\u00a0:<\/strong> La bouteille transparente vous permettra d&#039;observer facilement son contenu et de contr\u00f4ler le niveau de liquide.<\/li>\n<\/ul>\n<h2 style=\"text-align: left;\">Sp\u00e9cifications cl\u00e9s<\/h2>\n<table class=\"aligncenter\" style=\"border-collapse: collapse; width: 369.02pt;\" border=\"0\" width=\"492\" cellspacing=\"0\" cellpadding=\"0\">\n<tbody>\n<tr style=\"height: 13.50pt;\">\n<td style=\"height: 13.50pt; width: 162.75pt;\" width=\"217\" height=\"18\">Sp\u00e9cification<\/td>\n<td style=\"width: 206.25pt;\" width=\"275\">D\u00e9tails<\/td>\n<\/tr>\n<tr style=\"height: 13.50pt;\">\n<td style=\"height: 13.50pt;\" height=\"18\">Capacit\u00e9<\/td>\n<td>16 oz\/500 ml<\/td>\n<\/tr>\n<tr style=\"height: 13.50pt;\">\n<td style=\"height: 13.50pt;\" height=\"18\">Dimensions de l&#039;emballage<\/td>\n<td>9,3 * 6,3 * 10,6 pouces<\/td>\n<\/tr>\n<tr style=\"height: 13.50pt;\">\n<td style=\"height: 13.50pt;\" height=\"18\">Mat\u00e9riel<\/td>\n<td>Verre sans plomb<\/td>\n<\/tr>\n<tr style=\"height: 13.50pt;\">\n<td style=\"height: 13.50pt;\" height=\"18\">Quantit\u00e9 d&#039;emballage<\/td>\n<td>6 bouteilles par caisse<\/td>\n<\/tr>\n<tr style=\"height: 13.50pt;\">\n<td style=\"height: 13.50pt;\" height=\"18\">Couleur\/Apparence<\/td>\n<td>Ambre \u00e0 la forme \u00e9l\u00e9gante et \u00e9lanc\u00e9e<\/td>\n<\/tr>\n<\/tbody>\n<\/table>\n<h2>Histoire \u00e0 succ\u00e8s<\/h2>\n<p>Nos bouteilles de bi\u00e8re en verre de 250 ml \u00e0 bouchon m\u00e9canique ont \u00e9t\u00e9 choisies par un torr\u00e9facteur danois de caf\u00e9 de sp\u00e9cialit\u00e9, qui les a ensuite grav\u00e9es au laser d&#039;un motif de caf\u00e9ier. Leur espresso infus\u00e9 \u00e0 froid est con\u00e7u pour \u00eatre utilis\u00e9 dans cette bouteille personnalis\u00e9e\u00a0: le joint herm\u00e9tique permet d&#039;allonger de 40\u00a0% la dur\u00e9e de conservation du produit dans les vitrines r\u00e9frig\u00e9r\u00e9es des commerces. La transparence du verre refl\u00e8te la couleur du concentr\u00e9, ce qui, selon eux, a entra\u00een\u00e9 une augmentation de 25\u00a0% des achats impulsifs. Forts de ce succ\u00e8s, ils ont command\u00e9 480\u00a0000 bouteilles suppl\u00e9mentaires pour lancer une nouvelle gamme de sirops de caf\u00e9 et de th\u00e9s pr\u00eats \u00e0 boire.<\/p>\n<h2>Personnalisation des bouteilles \u00e0 bouchon m\u00e9canique<\/h2>\n<ul>\n<li>Choix de couleurs pour les crochets et les bouchons\u00a0: Nous proposons une gamme de finitions m\u00e9talliques pour les crochets (cuivre, laiton, noir mat) ainsi qu\u2019une gamme de couleurs pour les bouchons afin de cr\u00e9er le style adapt\u00e9 \u00e0 votre marque.<\/li>\n<li>Design carr\u00e9\u00a0: Des bouteilles carr\u00e9es \u00e0 bouchon \u00e0 vis au design contemporain et peu encombrant, qui augmentent la stabilit\u00e9 des \u00e9tag\u00e8res et conf\u00e8rent aux articles une apparence distinctive.<\/li>\n<li>Graduations int\u00e9gr\u00e9es\u00a0: Incorporer des graduations imprim\u00e9es permanentes \u00e0 utiliser lorsqu\u2019une meilleure mesure du concentr\u00e9 ou de l\u2019ingr\u00e9dient est n\u00e9cessaire (par exemple, caf\u00e9, cocktails).<\/li>\n<\/ul>","protected":false},"excerpt":{"rendered":"<p data-start=\"70\" data-end=\"242\">Bouteilles de bi\u00e8re en verre ambr\u00e9 \u00e0 bouchon m\u00e9canique, con\u00e7ues pour prot\u00e9ger de la lumi\u00e8re et pr\u00e9server la fra\u00eecheur. Fermeture herm\u00e9tique pour une carbonatation optimale. Approvisionnement direct d&#039;usine pour des prix comp\u00e9titifs.<\/p>","protected":false},"featured_media":17392,"template":"","meta":[],"product_brand":[],"product_cat":[81,80,20],"product_tag":[],"class_list":{"0":"post-16779","1":"product","2":"type-product","3":"status-publish","4":"has-post-thumbnail","6":"product_cat-flip-top-bottles","7":"product_cat-glass-bottles","8":"product_cat-glass-containers","10":"first","11":"instock","12":"shipping-taxable","13":"product-type-grouped"},"jetpack_sharing_enabled":true,"_links":{"self":[{"href":"https:\/\/yebodaglass.com\/fr\/wp-json\/wp\/v2\/product\/16779","targetHints":{"allow":["GET"]}}],"collection":[{"href":"https:\/\/yebodaglass.com\/fr\/wp-json\/wp\/v2\/product"}],"about":[{"href":"https:\/\/yebodaglass.com\/fr\/wp-json\/wp\/v2\/types\/product"}],"version-history":[{"count":5,"href":"https:\/\/yebodaglass.com\/fr\/wp-json\/wp\/v2\/product\/16779\/revisions"}],"predecessor-version":[{"id":25622,"href":"https:\/\/yebodaglass.com\/fr\/wp-json\/wp\/v2\/product\/16779\/revisions\/25622"}],"wp:featuredmedia":[{"embeddable":true,"href":"https:\/\/yebodaglass.com\/fr\/wp-json\/wp\/v2\/media\/17392"}],"wp:attachment":[{"href":"https:\/\/yebodaglass.com\/fr\/wp-json\/wp\/v2\/media?parent=16779"}],"wp:term":[{"taxonomy":"product_brand","embeddable":true,"href":"https:\/\/yebodaglass.com\/fr\/wp-json\/wp\/v2\/product_brand?post=16779"},{"taxonomy":"product_cat","embeddable":true,"href":"https:\/\/yebodaglass.com\/fr\/wp-json\/wp\/v2\/product_cat?post=16779"},{"taxonomy":"product_tag","embeddable":true,"href":"https:\/\/yebodaglass.com\/fr\/wp-json\/wp\/v2\/product_tag?post=16779"}],"curies":[{"name":"wp","href":"https:\/\/api.w.org\/{rel}","templated":true}]}}