{"id":16755,"date":"2025-07-10T17:05:59","date_gmt":"2025-07-10T09:05:59","guid":{"rendered":"https:\/\/yebodaglass.com\/?post_type=product&#038;p=16755"},"modified":"2026-04-09T15:56:47","modified_gmt":"2026-04-09T07:56:47","slug":"wholesale-12-oz-premium-clear-flip-top-bottles-for-kombucha","status":"publish","type":"product","link":"https:\/\/yebodaglass.com\/fr\/wholesale-12-oz-premium-clear-flip-top-bottles-for-kombucha\/","title":{"rendered":"Bouteilles transparentes \u00e0 bouchon \u00e0 clapet de 355 ml (12 oz) en gros pour kombucha"},"content":{"rendered":"<p>Les bouteilles \u00e0 bouchon m\u00e9canique pour kombucha arborent une forme traditionnelle en goutte d&#039;eau associ\u00e9e \u00e0 une structure conique moderne. Fabriqu\u00e9es en verre alimentaire ultra-transparent, elles sont munies d&#039;un bouchon \u00e0 vis en acier inoxydable avec joint en silicone rouge pour une \u00e9tanch\u00e9it\u00e9 parfaite.<\/p>\n<h2>Pr\u00e9sentateurs<\/h2>\n<ul>\n<li><strong>Taille fusel\u00e9e en forme de goutte d&#039;eau :<\/strong> Sa forme en goutte d&#039;eau \u00e0 taille effil\u00e9e est \u00e9l\u00e9gante et offre une prise en main et un versement faciles.<\/li>\n<li><strong>Conception \u00e0 fermeture par pression :<\/strong> Conception \u00e0 enclenchement avec bouchon d&#039;\u00e9tanch\u00e9it\u00e9 en silicone\u00a0: un bouchon d&#039;\u00e9tanch\u00e9it\u00e9 en silicone a \u00e9t\u00e9 ajout\u00e9 \u00e0 une conception m\u00e9tallique \u00e0 enclenchement pour faciliter l&#039;ouverture et la fermeture, ainsi que pour assurer une \u00e9tanch\u00e9it\u00e9 optimale.<\/li>\n<li><strong>Verre haute transparence de qualit\u00e9 alimentaire\u00a0:<\/strong> Cette bouteille est fabriqu\u00e9e en verre de qualit\u00e9 alimentaire \u00e0 haute transparence ; elle est claire, propre, s\u00fbre, inodore et r\u00e9sistante \u00e0 la corrosion par les acides et les alcalis.<\/li>\n<\/ul>\n<h2 style=\"text-align: left;\">Sp\u00e9cifications cl\u00e9s<\/h2>\n<table class=\"aligncenter\" style=\"border-collapse: collapse; width: 529.52pt;\" border=\"0\" width=\"706\" cellspacing=\"0\" cellpadding=\"0\">\n<tbody>\n<tr style=\"height: 13.50pt;\">\n<td style=\"height: 13.50pt; width: 117.75pt;\" width=\"157\" height=\"18\">Sp\u00e9cification<\/td>\n<td style=\"width: 411.75pt;\" width=\"549\">D\u00e9tails<\/td>\n<\/tr>\n<tr style=\"height: 13.50pt;\">\n<td style=\"height: 13.50pt;\" height=\"18\">Capacit\u00e9<\/td>\n<td>Luz UV (para vidro colorido), prevenindo a degrada\u00e7\u00e3o.<\/td>\n<\/tr>\n<tr style=\"height: 13.50pt;\">\n<td style=\"height: 13.50pt;\" height=\"18\">Dimensions de l&#039;emballage<\/td>\n<td>9,4*8,6*6,1 pouces<\/td>\n<\/tr>\n<tr style=\"height: 13.50pt;\">\n<td style=\"height: 13.50pt;\" height=\"18\">Mat\u00e9riel<\/td>\n<td>Verre sans plomb<\/td>\n<\/tr>\n<tr style=\"height: 13.50pt;\">\n<td style=\"height: 13.50pt;\" height=\"18\">Quantit\u00e9 d&#039;emballage<\/td>\n<td>6 bouteilles par caisse<\/td>\n<\/tr>\n<tr style=\"height: 13.50pt;\">\n<td style=\"height: 13.50pt;\" height=\"18\">Apparence<\/td>\n<td>Corps de bouteille transparent, mince et incurv\u00e9<\/td>\n<\/tr>\n<tr style=\"height: 13.50pt;\">\n<td style=\"height: 13.50pt;\" height=\"18\">M\u00e9canisme d&#039;\u00e9tanch\u00e9it\u00e9<\/td>\n<td style=\"text-align: left;\">Bouchon en verre transparent \u00e0 charni\u00e8re avec un joint d&#039;\u00e9tanch\u00e9it\u00e9 rouge \u00e0 la base<\/td>\n<\/tr>\n<\/tbody>\n<\/table>\n<h2>T\u00e9moignage de r\u00e9ussite\u00a0: Commande personnalis\u00e9e aupr\u00e8s d\u2019une marque de vinaigre artisanal canadienne<\/h2>\n<p>Une entreprise artisanale de vinaigre de Colombie-Britannique a choisi notre bouteille d&#039;eau en verre de 500 ml \u00e0 bouchon \u00e0 clapet, dot\u00e9e d&#039;une poign\u00e9e personnalis\u00e9e en laiton plaqu\u00e9. Cette bouteille sur mesure a rencontr\u00e9 un franc succ\u00e8s\u00a0: son \u00e9tanch\u00e9it\u00e9 optimale a permis de r\u00e9duire les pertes par \u00e9vaporation de 20\u00a0% durant le long processus de vieillissement. L&#039;\u00e9l\u00e9gance de son design a entra\u00een\u00e9 une augmentation de prix de 50\u00a0%. Ce succ\u00e8s initial a engendr\u00e9 une commande suppl\u00e9mentaire de 650\u00a0000 bouteilles, n\u00e9cessaires au lancement de leur gamme de vinaigres aromatis\u00e9s aux herbes.<\/p>\n<h2>Les bouteilles \u00e0 bouchon m\u00e9canique pour kombucha sont personnalis\u00e9es<\/h2>\n<ul>\n<li>Manchon de protection en silicone\u00a0: Ce manchon de protection amovible en silicone inerte est antid\u00e9rapant, offre une meilleure prise en main de la bouteille et assure une isolation thermique, tout en prot\u00e9geant la bouteille des chocs.<\/li>\n<li>Crochet et loquet : Disponible en acier galvanis\u00e9, noir, cuivre ou laiton.<\/li>\n<li>Goulot et couleur du joint d&#039;\u00e9tanch\u00e9it\u00e9\u00a0: Bouchon et couleur du joint d&#039;\u00e9tanch\u00e9it\u00e9 personnalis\u00e9s, de couleur marque.<\/li>\n<\/ul>","protected":false},"excerpt":{"rendered":"<p>Bouteilles \u00e0 bouchon m\u00e9canique de haute qualit\u00e9 pour kombucha, avec une fermeture m\u00e9tallique robuste. Id\u00e9ales pour le brassage et le conditionnement \u00e0 domicile. Remises pour les grossistes et vente directe d&#039;usine.<\/p>","protected":false},"featured_media":17254,"template":"","meta":[],"product_brand":[],"product_cat":[81,80,20],"product_tag":[],"class_list":{"0":"post-16755","1":"product","2":"type-product","3":"status-publish","4":"has-post-thumbnail","6":"product_cat-flip-top-bottles","7":"product_cat-glass-bottles","8":"product_cat-glass-containers","10":"first","11":"instock","12":"shipping-taxable","13":"product-type-grouped"},"jetpack_sharing_enabled":true,"_links":{"self":[{"href":"https:\/\/yebodaglass.com\/fr\/wp-json\/wp\/v2\/product\/16755","targetHints":{"allow":["GET"]}}],"collection":[{"href":"https:\/\/yebodaglass.com\/fr\/wp-json\/wp\/v2\/product"}],"about":[{"href":"https:\/\/yebodaglass.com\/fr\/wp-json\/wp\/v2\/types\/product"}],"version-history":[{"count":5,"href":"https:\/\/yebodaglass.com\/fr\/wp-json\/wp\/v2\/product\/16755\/revisions"}],"predecessor-version":[{"id":25702,"href":"https:\/\/yebodaglass.com\/fr\/wp-json\/wp\/v2\/product\/16755\/revisions\/25702"}],"wp:featuredmedia":[{"embeddable":true,"href":"https:\/\/yebodaglass.com\/fr\/wp-json\/wp\/v2\/media\/17254"}],"wp:attachment":[{"href":"https:\/\/yebodaglass.com\/fr\/wp-json\/wp\/v2\/media?parent=16755"}],"wp:term":[{"taxonomy":"product_brand","embeddable":true,"href":"https:\/\/yebodaglass.com\/fr\/wp-json\/wp\/v2\/product_brand?post=16755"},{"taxonomy":"product_cat","embeddable":true,"href":"https:\/\/yebodaglass.com\/fr\/wp-json\/wp\/v2\/product_cat?post=16755"},{"taxonomy":"product_tag","embeddable":true,"href":"https:\/\/yebodaglass.com\/fr\/wp-json\/wp\/v2\/product_tag?post=16755"}],"curies":[{"name":"wp","href":"https:\/\/api.w.org\/{rel}","templated":true}]}}