{"id":16710,"date":"2025-07-10T16:27:07","date_gmt":"2025-07-10T08:27:07","guid":{"rendered":"https:\/\/yebodaglass.com\/?post_type=product&#038;p=16710"},"modified":"2026-03-25T16:22:33","modified_gmt":"2026-03-25T08:22:33","slug":"wholesale-12-oz-amber-flip-top-beer-bottles","status":"publish","type":"product","link":"https:\/\/yebodaglass.com\/fr\/wholesale-12-oz-amber-flip-top-beer-bottles\/","title":{"rendered":"Bouteilles de bi\u00e8re ambr\u00e9es \u00e0 bouchon rabattable de 12 oz en gros"},"content":{"rendered":"<p>Ces bouteilles de bi\u00e8re \u00e0 bouchon m\u00e9canique ont un corps cylindrique en verre ambr\u00e9 \u00e0 parois droites, qui bloque efficacement les rayons UV nocifs et pr\u00e9vient ainsi le d\u00e9veloppement d&#039;un go\u00fbt d\u00e9sagr\u00e9able. Le bouchon est muni d&#039;une bague de fermeture \u00e0 charni\u00e8re et d&#039;un syst\u00e8me de vissage assurant une \u00e9tanch\u00e9it\u00e9 parfaite, particuli\u00e8rement adapt\u00e9e aux bi\u00e8res en seconde fermentation en bouteille.<\/p>\n<h2>Pr\u00e9sentateurs<\/h2>\n<ul>\n<li><strong>Verre ambr\u00e9 protecteur contre les UV\u00a0:<\/strong> Le verre ambr\u00e9 brun fonc\u00e9 est efficace pour bloquer la lumi\u00e8re du soleil et emp\u00eacher la bi\u00e8re d&#039;\u00eatre expos\u00e9e \u00e0 la lumi\u00e8re, pr\u00e9servant ainsi sa saveur originale.<\/li>\n<li><strong>Joint \u00e0 vis \u00e9tanche \u00e0 l&#039;air :<\/strong> Le couvercle \u00e0 anneau m\u00e9tallique et le bouchon \u00e0 joint forment une fermeture \u00e9tanche, fiable et r\u00e9utilisable qui garantit la carbonatation et la fra\u00eecheur de la bi\u00e8re.<\/li>\n<li><strong>Construction durable et r\u00e9utilisable\u00a0:<\/strong> Le verre \u00e9pais et les ferrures robustes sont con\u00e7us pour r\u00e9sister au nettoyage industriel et \u00e0 une r\u00e9utilisation r\u00e9p\u00e9t\u00e9e.<\/li>\n<\/ul>\n<h2 style=\"text-align: left;\">Sp\u00e9cifications cl\u00e9s<\/h2>\n<table class=\"aligncenter\" style=\"border-collapse: collapse; width: 497.27pt;\" border=\"0\" width=\"663\" cellspacing=\"0\" cellpadding=\"0\">\n<tbody>\n<tr style=\"height: 13.50pt;\">\n<td style=\"height: 13.50pt; width: 144.00pt;\" width=\"192\" height=\"18\">Sp\u00e9cification<\/td>\n<td style=\"width: 353.25pt;\" width=\"471\">D\u00e9tails<\/td>\n<\/tr>\n<tr style=\"height: 13.50pt;\">\n<td style=\"height: 13.50pt;\" height=\"18\">Capacit\u00e9<\/td>\n<td>12 oz\/330 ml<\/td>\n<\/tr>\n<tr style=\"height: 13.50pt;\">\n<td style=\"height: 13.50pt;\" height=\"18\">Dimensions de l&#039;emballage<\/td>\n<td>7,7 * 7,7 * 9,3 pouces<\/td>\n<\/tr>\n<tr style=\"height: 13.50pt;\">\n<td style=\"height: 13.50pt;\" height=\"18\">Mat\u00e9riau en verre<\/td>\n<td>Verre sans plomb<\/td>\n<\/tr>\n<tr style=\"height: 13.50pt;\">\n<td style=\"height: 13.50pt;\" height=\"18\">Quantit\u00e9 d&#039;emballage<\/td>\n<td>9 bouteilles par caisse<\/td>\n<\/tr>\n<tr style=\"height: 13.50pt;\">\n<td style=\"height: 13.50pt;\" height=\"18\">Couleur<\/td>\n<td>Ambre<\/td>\n<\/tr>\n<tr style=\"height: 13.50pt;\">\n<td style=\"height: 13.50pt;\" height=\"18\">Forme de bouteille<\/td>\n<td>Corps cylindrique lisse<\/td>\n<\/tr>\n<tr style=\"height: 13.50pt;\">\n<td style=\"height: 13.50pt;\" height=\"18\">Finition de surface<\/td>\n<td>Lisse et brillant<\/td>\n<\/tr>\n<tr style=\"height: 13.50pt;\">\n<td style=\"height: 13.50pt;\" height=\"18\">Bouchon de bouteille<\/td>\n<td>couvercle rabattable noir<\/td>\n<\/tr>\n<tr style=\"height: 13.50pt;\">\n<td style=\"height: 13.50pt;\" height=\"18\">Bouchon de bouteille<\/td>\n<td>Bouchon en c\u00e9ramique blanche<\/td>\n<\/tr>\n<tr style=\"height: 13.50pt;\">\n<td style=\"height: 13.50pt;\" height=\"18\">M\u00e9canisme de fixation<\/td>\n<td>Fix\u00e9 par une pince m\u00e9tallique<\/td>\n<\/tr>\n<\/tbody>\n<\/table>\n<h2>Histoire \u00e0 succ\u00e8s<\/h2>\n<p>Une brasserie artisanale du Michigan a choisi nos bouteilles de bi\u00e8re ambr\u00e9es de 500 ml \u00e0 bouchon m\u00e9canique et les a personnalis\u00e9es avec un motif de c\u00f4nes de houblon imprim\u00e9 sur c\u00e9ramique et des anses en m\u00e9tal cuivr\u00e9. La personnalisation des bouteilles pr\u00e9sente des avantages consid\u00e9rables\u00a0: les bouchons r\u00e9utilisables permettent de r\u00e9aliser des \u00e9conomies sur les co\u00fbts et les d\u00e9chets, estim\u00e9es \u00e0 0,05\u00a0$ par bouteille\u00a0; la robustesse des bouteilles, compatible avec les machines \u00e0 laver industrielles, garantit un taux de casse inf\u00e9rieur \u00e0 2\u00a0% par lavage. Fort de ce succ\u00e8s, la brasserie a command\u00e9 plus de 450\u00a0000 bouteilles pour lancer une nouvelle gamme de bi\u00e8res acidul\u00e9es vieillies en f\u00fbt et a nou\u00e9 un partenariat avec une cha\u00eene de restaurants haut de gamme.<\/p>\n<h2>Personnalisation des bouteilles de bi\u00e8re \u00e0 bouchon m\u00e9canique<\/h2>\n<ul>\n<li>Impression s\u00e9rigraphique personnalis\u00e9e sur c\u00e9ramique\u00a0: des \u00e9tiquettes, logos ou motifs permanents et cuits peuvent \u00eatre imprim\u00e9s directement sur des bouteilles en verre ambr\u00e9 pour donner un aspect traditionnel et de haute qualit\u00e9 aux bouteilles de bi\u00e8re.<\/li>\n<li>Options de couleur des poign\u00e9es et du li\u00e8ge\u00a0: Les poign\u00e9es sont disponibles en diff\u00e9rentes finitions (noir, laiton, zinc), et la couleur du li\u00e8ge peut \u00eatre adapt\u00e9e \u00e0 la marque de la brasserie.<\/li>\n<li>Marquage en relief de la capacit\u00e9\/du logo\u00a0: Apposez un petit logo de brasserie en creux ou une indication de capacit\u00e9 (par exemple 500\u00a0ml) sur la bouteille en verre, ce qui conf\u00e8re de fa\u00e7on permanente \u00e0 l\u2019image de marque un aspect haut de gamme.<\/li>\n<\/ul>","protected":false},"excerpt":{"rendered":"<p data-start=\"26\" data-end=\"202\">Bouteilles de bi\u00e8re ambr\u00e9es de 355 ml (12 oz) \u00e0 bouchon m\u00e9canique, en gros. Durables, r\u00e9utilisables et r\u00e9sistantes aux UV\u00a0: id\u00e9ales pour le brassage amateur, la bi\u00e8re artisanale ou les brasseries commerciales. \u00c9chantillons gratuits.<\/p>","protected":false},"featured_media":17395,"template":"","meta":[],"product_brand":[],"product_cat":[81,80,20],"product_tag":[],"class_list":{"0":"post-16710","1":"product","2":"type-product","3":"status-publish","4":"has-post-thumbnail","6":"product_cat-flip-top-bottles","7":"product_cat-glass-bottles","8":"product_cat-glass-containers","10":"first","11":"instock","12":"shipping-taxable","13":"product-type-grouped"},"jetpack_sharing_enabled":true,"_links":{"self":[{"href":"https:\/\/yebodaglass.com\/fr\/wp-json\/wp\/v2\/product\/16710","targetHints":{"allow":["GET"]}}],"collection":[{"href":"https:\/\/yebodaglass.com\/fr\/wp-json\/wp\/v2\/product"}],"about":[{"href":"https:\/\/yebodaglass.com\/fr\/wp-json\/wp\/v2\/types\/product"}],"version-history":[{"count":5,"href":"https:\/\/yebodaglass.com\/fr\/wp-json\/wp\/v2\/product\/16710\/revisions"}],"predecessor-version":[{"id":25607,"href":"https:\/\/yebodaglass.com\/fr\/wp-json\/wp\/v2\/product\/16710\/revisions\/25607"}],"wp:featuredmedia":[{"embeddable":true,"href":"https:\/\/yebodaglass.com\/fr\/wp-json\/wp\/v2\/media\/17395"}],"wp:attachment":[{"href":"https:\/\/yebodaglass.com\/fr\/wp-json\/wp\/v2\/media?parent=16710"}],"wp:term":[{"taxonomy":"product_brand","embeddable":true,"href":"https:\/\/yebodaglass.com\/fr\/wp-json\/wp\/v2\/product_brand?post=16710"},{"taxonomy":"product_cat","embeddable":true,"href":"https:\/\/yebodaglass.com\/fr\/wp-json\/wp\/v2\/product_cat?post=16710"},{"taxonomy":"product_tag","embeddable":true,"href":"https:\/\/yebodaglass.com\/fr\/wp-json\/wp\/v2\/product_tag?post=16710"}],"curies":[{"name":"wp","href":"https:\/\/api.w.org\/{rel}","templated":true}]}}