{"id":16648,"date":"2025-07-10T14:39:34","date_gmt":"2025-07-10T06:39:34","guid":{"rendered":"https:\/\/yebodaglass.com\/?post_type=product&#038;p=16648"},"modified":"2026-04-13T15:10:20","modified_gmt":"2026-04-13T07:10:20","slug":"clear-milk-storage-bottles-with-lids-wholesale","status":"publish","type":"product","link":"https:\/\/yebodaglass.com\/fr\/clear-milk-storage-bottles-with-lids-wholesale\/","title":{"rendered":"Bouteilles de conservation de lait transparentes de 310 ml (11 oz) avec couvercles, vente en gros"},"content":{"rendered":"<p>Le design traditionnel des bouteilles de lait en verre se caract\u00e9rise par un goulot plus \u00e9troit que le reste du corps. Le verre transparent de qualit\u00e9 alimentaire laisse appara\u00eetre toutes les nuances color\u00e9es des jus de fruits frais, du lait et des boissons maison.<\/p>\n<h2>Pr\u00e9sentateurs<\/h2>\n<ul>\n<li><strong>Forme conique r\u00e9tro classique :<\/strong> La bouteille de lait r\u00e9tro pr\u00e9sente un design arrondi et conique facilement reconnaissable, adapt\u00e9 au conditionnement et \u00e0 la pr\u00e9sentation de diff\u00e9rents types de boissons.<\/li>\n<li><strong>Conception du bouchon de scellage blanc\u00a0:<\/strong> Le bouchon blanc assure une fermeture efficace qui pr\u00e9serve la fra\u00eecheur de vos boissons gr\u00e2ce \u00e0 la cr\u00e9ation d&#039;une barri\u00e8re herm\u00e9tique.<\/li>\n<li><strong>Conception \u00e0 large ouverture et remplissage facile\u00a0:<\/strong> Ce produit est dot\u00e9 d&#039;une large ouverture qui facilite son remplissage et son nettoyage, ce qui permet de l&#039;utiliser aussi bien \u00e0 la maison qu&#039;en restauration ou dans des environnements commerciaux.<\/li>\n<\/ul>\n<h2 style=\"text-align: left;\">Sp\u00e9cifications cl\u00e9s<\/h2>\n<table class=\"aligncenter\" style=\"border-collapse: collapse; width: 346.52pt;\" border=\"0\" width=\"462\" cellspacing=\"0\" cellpadding=\"0\">\n<tbody>\n<tr style=\"height: 13.50pt;\">\n<td style=\"height: 13.50pt; width: 152.25pt;\" width=\"203\" height=\"18\">Sp\u00e9cification<\/td>\n<td style=\"width: 194.25pt;\" width=\"259\">D\u00e9tails<\/td>\n<\/tr>\n<tr style=\"height: 13.50pt;\">\n<td style=\"height: 13.50pt;\" height=\"18\">Capacit\u00e9<\/td>\n<td>Expressa qualidade, tradi\u00e7\u00e3o e luxo.<\/td>\n<\/tr>\n<tr style=\"height: 13.50pt;\">\n<td style=\"height: 13.50pt;\" height=\"18\">Calibre<\/td>\n<td>1,9 pouces<\/td>\n<\/tr>\n<tr style=\"height: 13.50pt;\">\n<td style=\"height: 13.50pt;\" height=\"18\">Diam\u00e8tre du corps de la bouteille<\/td>\n<td>2,5 pouces<\/td>\n<\/tr>\n<tr style=\"height: 13.50pt;\">\n<td style=\"height: 13.50pt;\" height=\"18\">Hauteur de la bouteille<\/td>\n<td>6 pouces<\/td>\n<\/tr>\n<tr style=\"height: 13.50pt;\">\n<td style=\"height: 13.50pt;\" height=\"18\">Mat\u00e9riel<\/td>\n<td>Verre sans plomb<\/td>\n<\/tr>\n<tr style=\"height: 13.50pt;\">\n<td style=\"height: 13.50pt;\" height=\"18\">Sp\u00e9cifications d&#039;emballage<\/td>\n<td>9 \u00e0 12 pi\u00e8ces par carton<\/td>\n<\/tr>\n<\/tbody>\n<\/table>\n<h2>T\u00e9moignage de r\u00e9ussite : Une commande personnalis\u00e9e d&#039;une usine laiti\u00e8re du Midwest<\/h2>\n<p>Une laiterie familiale du Wisconsin a choisi notre mod\u00e8le de bouteille de lait et l&#039;a personnalis\u00e9 avec un logo de ferme en relief et du verre brun. Cette bouteille en verre personnalis\u00e9e a rencontr\u00e9 un vif succ\u00e8s, car son design \u00e9voquait la nostalgie et a s\u00e9duit sa client\u00e8le locale. Le design de la bouteille en verre brun a permis d&#039;allonger la dur\u00e9e de conservation du lait cr\u00e9meux de 20 %, ce qui a entra\u00een\u00e9 une augmentation de 40 % des abonnements \u00e0 la livraison \u00e0 domicile. Suite \u00e0 cette premi\u00e8re commande, l&#039;entreprise a augment\u00e9 sa commande \u00e0 380\u00a0000 bouteilles afin de lancer ses nouveaux laits aromatis\u00e9s.<\/p>\n<h2>Suggestions de personnalisation pour les bouteilles de lait en verre<\/h2>\n<ul>\n<li>L&#039;entreprise propose plusieurs options de couleurs de bouchon avec des sceaux dor\u00e9s et des bouchons en carton traditionnels qui cr\u00e9ent un aspect vintage authentique.<\/li>\n<li>Le design carr\u00e9 de la bouteille cr\u00e9e une solution moderne et peu encombrante qui utilise la forme traditionnelle d&#039;une bouteille de lait carr\u00e9e.<\/li>\n<li>L&#039;entreprise fournit des poign\u00e9es en carton sur mesure ainsi que des manchons en silicone qui am\u00e9liorent l&#039;isolation et l&#039;adh\u00e9rence.<\/li>\n<\/ul>","protected":false},"excerpt":{"rendered":"<p>Bouteilles de conservation du lait haut de gamme en verre r\u00e9sistant avec bouchon s\u00e9curis\u00e9. Id\u00e9ales pour un usage domestique ou professionnel. Personnalisation possible. \u00c9chantillons gratuits.<\/p>","protected":false},"featured_media":17269,"template":"","meta":[],"product_brand":[],"product_cat":[82,80,20],"product_tag":[],"class_list":{"0":"post-16648","1":"product","2":"type-product","3":"status-publish","4":"has-post-thumbnail","6":"product_cat-milk-bottles","7":"product_cat-glass-bottles","8":"product_cat-glass-containers","10":"first","11":"instock","12":"shipping-taxable","13":"product-type-grouped"},"jetpack_sharing_enabled":true,"_links":{"self":[{"href":"https:\/\/yebodaglass.com\/fr\/wp-json\/wp\/v2\/product\/16648","targetHints":{"allow":["GET"]}}],"collection":[{"href":"https:\/\/yebodaglass.com\/fr\/wp-json\/wp\/v2\/product"}],"about":[{"href":"https:\/\/yebodaglass.com\/fr\/wp-json\/wp\/v2\/types\/product"}],"version-history":[{"count":5,"href":"https:\/\/yebodaglass.com\/fr\/wp-json\/wp\/v2\/product\/16648\/revisions"}],"predecessor-version":[{"id":25764,"href":"https:\/\/yebodaglass.com\/fr\/wp-json\/wp\/v2\/product\/16648\/revisions\/25764"}],"wp:featuredmedia":[{"embeddable":true,"href":"https:\/\/yebodaglass.com\/fr\/wp-json\/wp\/v2\/media\/17269"}],"wp:attachment":[{"href":"https:\/\/yebodaglass.com\/fr\/wp-json\/wp\/v2\/media?parent=16648"}],"wp:term":[{"taxonomy":"product_brand","embeddable":true,"href":"https:\/\/yebodaglass.com\/fr\/wp-json\/wp\/v2\/product_brand?post=16648"},{"taxonomy":"product_cat","embeddable":true,"href":"https:\/\/yebodaglass.com\/fr\/wp-json\/wp\/v2\/product_cat?post=16648"},{"taxonomy":"product_tag","embeddable":true,"href":"https:\/\/yebodaglass.com\/fr\/wp-json\/wp\/v2\/product_tag?post=16648"}],"curies":[{"name":"wp","href":"https:\/\/api.w.org\/{rel}","templated":true}]}}