{"id":16530,"date":"2025-07-09T16:29:56","date_gmt":"2025-07-09T08:29:56","guid":{"rendered":"https:\/\/yebodaglass.com\/?post_type=product&#038;p=16530"},"modified":"2025-09-15T10:16:14","modified_gmt":"2025-09-15T02:16:14","slug":"wholesale-clear-8-5-oz-leak-proof-flip-top-water-bottle","status":"publish","type":"product","link":"https:\/\/yebodaglass.com\/fr\/wholesale-clear-8-5-oz-leak-proof-flip-top-water-bottle\/","title":{"rendered":"Bouteille d'eau transparente de 250 ml (8 oz) avec bouchon \u00e0 clapet \u00e9tanche, en gros"},"content":{"rendered":"<div data-elementor-type=\"wp-post\" data-elementor-id=\"16530\" class=\"elementor elementor-16530\" data-elementor-settings=\"{&quot;ha_cmc_init_switcher&quot;:&quot;no&quot;}\" data-elementor-post-type=\"product\">\n\t\t\t\t<div class=\"elementor-element elementor-element-bb0d695 e-flex e-con-boxed e-con e-parent\" data-id=\"bb0d695\" data-element_type=\"container\" data-e-type=\"container\" data-settings=\"{&quot;_ha_eqh_enable&quot;:false}\">\n\t\t\t\t\t<div class=\"e-con-inner\">\n\t\t\t\t<div class=\"elementor-element elementor-element-732f179 elementor-widget elementor-widget-text-editor\" data-id=\"732f179\" data-element_type=\"widget\" data-e-type=\"widget\" data-widget_type=\"text-editor.default\">\n\t\t\t\t<div class=\"elementor-widget-container\">\n\t\t\t\t\t\t\t\t\t<p>Percepcja rynku:<\/p>\t\t\t\t\t\t\t\t<\/div>\n\t\t\t\t<\/div>\n\t\t\t\t<div class=\"elementor-element elementor-element-54c8d6c elementor-widget elementor-widget-heading\" data-id=\"54c8d6c\" data-element_type=\"widget\" data-e-type=\"widget\" data-widget_type=\"heading.default\">\n\t\t\t\t<div class=\"elementor-widget-container\">\n\t\t\t\t\t<h2 class=\"elementor-heading-title elementor-size-default\">Sp\u00e9cifications cl\u00e9s<\/h2>\t\t\t\t<\/div>\n\t\t\t\t<\/div>\n\t\t\t\t<div class=\"elementor-element elementor-element-14509d8 elementor-widget elementor-widget-text-editor\" data-id=\"14509d8\" data-element_type=\"widget\" data-e-type=\"widget\" data-widget_type=\"text-editor.default\">\n\t\t\t\t<div class=\"elementor-widget-container\">\n\t\t\t\t\t\t\t\t\t<table class=\"aligncenter\" style=\"border-collapse: collapse; width: 369.77pt;\" border=\"0\" width=\"493\" cellspacing=\"0\" cellpadding=\"0\"><tbody><tr style=\"height: 13.50pt;\"><td style=\"height: 13.50pt; width: 206.25pt;\" width=\"275\" height=\"18\">Article de sp\u00e9cification<\/td><td style=\"width: 163.50pt;\" width=\"218\">D\u00e9tails<\/td><\/tr><tr style=\"height: 13.50pt;\"><td style=\"height: 13.50pt;\" height=\"18\">Capacit\u00e9<\/td><td>8oz\/250ml<\/td><\/tr><tr style=\"height: 13.50pt;\"><td style=\"height: 13.50pt;\" height=\"18\">Dimensions de l&#039;emballage<\/td><td>8,5 x 7,9 x 7,9 pouces<\/td><\/tr><tr style=\"height: 13.50pt;\"><td style=\"height: 13.50pt;\" height=\"18\">Mat\u00e9riel<\/td><td>Verre sans plomb<\/td><\/tr><tr style=\"height: 13.50pt;\"><td style=\"height: 13.50pt;\" height=\"18\">Wsp\u00f3\u0142praca interesariuszy:<\/td><td>9 pi\u00e8ces par bo\u00eete<\/td><\/tr><tr style=\"height: 13.50pt;\"><td style=\"height: 13.50pt;\" height=\"18\">Type de casquette<\/td><td>Couvercle rabattable avec joint en caoutchouc<\/td><\/tr><\/tbody><\/table>\t\t\t\t\t\t\t\t<\/div>\n\t\t\t\t<\/div>\n\t\t\t\t\t<\/div>\n\t\t\t\t<\/div>\n\t\t<div class=\"elementor-element elementor-element-55e31eb e-flex e-con-boxed e-con e-parent\" data-id=\"55e31eb\" data-element_type=\"container\" data-e-type=\"container\" data-settings=\"{&quot;_ha_eqh_enable&quot;:false}\">\n\t\t\t\t\t<div class=\"e-con-inner\">\n\t\t\t\t<div class=\"elementor-element elementor-element-fc0900e elementor-widget elementor-widget-heading\" data-id=\"fc0900e\" data-element_type=\"widget\" data-e-type=\"widget\" data-widget_type=\"heading.default\">\n\t\t\t\t<div class=\"elementor-widget-container\">\n\t\t\t\t\t<h2 class=\"elementor-heading-title elementor-size-default\">Pr\u00e9sentateurs<\/h2>\t\t\t\t<\/div>\n\t\t\t\t<\/div>\n\t\t\t\t\t<\/div>\n\t\t\t\t<\/div>\n\t\t<div class=\"elementor-element elementor-element-723cd80 e-flex e-con-boxed e-con e-parent\" data-id=\"723cd80\" data-element_type=\"container\" data-e-type=\"container\" data-settings=\"{&quot;_ha_eqh_enable&quot;:false}\">\n\t\t\t\t\t<div class=\"e-con-inner\">\n\t\t<div class=\"elementor-element elementor-element-bf4cb81 e-con-full e-flex e-con e-child\" data-id=\"bf4cb81\" data-element_type=\"container\" data-e-type=\"container\" data-settings=\"{&quot;_ha_eqh_enable&quot;:false}\">\n\t\t\t\t<div class=\"elementor-element elementor-element-202a3f6 elementor-widget elementor-widget-image\" data-id=\"202a3f6\" data-element_type=\"widget\" data-e-type=\"widget\" data-widget_type=\"image.default\">\n\t\t\t\t<div class=\"elementor-widget-container\">\n\t\t\t\t\t\t\t\t\t\t\t\t\t\t\t<img decoding=\"async\" src=\"https:\/\/yebodaglass.com\/wp-content\/uploads\/elementor\/thumbs\/flip-top-water-bottle-4-r9k84i60y2f6vvblsyy94lpb7ncabibkx2b7273stc.webp\" title=\"Bouteille d&#039;eau transparente de 250 ml (8,5 oz) avec bouchon \u00e0 clapet anti-fuite, en gros\" alt=\"Bouteille d&#039;eau transparente de 250 ml (8,5 oz) avec bouchon \u00e0 clapet anti-fuite, en gros\" loading=\"lazy\" \/>\t\t\t\t\t\t\t\t\t\t\t\t\t\t\t<\/div>\n\t\t\t\t<\/div>\n\t\t\t\t<div class=\"elementor-element elementor-element-fc1fd2d elementor-widget elementor-widget-text-editor\" data-id=\"fc1fd2d\" data-element_type=\"widget\" data-e-type=\"widget\" data-widget_type=\"text-editor.default\">\n\t\t\t\t<div class=\"elementor-widget-container\">\n\t\t\t\t\t\t\t\t\t<p>Design transparent : Le corps en verre transparent permet de voir facilement la quantit\u00e9 et la couleur du liquide \u00e0 l&#039;int\u00e9rieur, ajoutant un attrait visuel.<\/p>\t\t\t\t\t\t\t\t<\/div>\n\t\t\t\t<\/div>\n\t\t\t\t<\/div>\n\t\t<div class=\"elementor-element elementor-element-73418b7 e-con-full e-flex e-con e-child\" data-id=\"73418b7\" data-element_type=\"container\" data-e-type=\"container\" data-settings=\"{&quot;_ha_eqh_enable&quot;:false}\">\n\t\t\t\t<div class=\"elementor-element elementor-element-490e976 elementor-widget elementor-widget-image\" data-id=\"490e976\" data-element_type=\"widget\" data-e-type=\"widget\" data-widget_type=\"image.default\">\n\t\t\t\t<div class=\"elementor-widget-container\">\n\t\t\t\t\t\t\t\t\t\t\t\t\t\t\t<img decoding=\"async\" src=\"https:\/\/yebodaglass.com\/wp-content\/uploads\/elementor\/thumbs\/flip-top-water-bottle1-r9k8xn5wt6b6sozvnkdwf8zq5npwxq00xad2mzwfxc.webp\" title=\"Bouteille d&#039;eau transparente de 250 ml (8,5 oz) avec bouchon \u00e0 clapet anti-fuite, en gros\" alt=\"Bouteille d&#039;eau transparente de 250 ml (8,5 oz) avec bouchon \u00e0 clapet anti-fuite, en gros\" loading=\"lazy\" \/>\t\t\t\t\t\t\t\t\t\t\t\t\t\t\t<\/div>\n\t\t\t\t<\/div>\n\t\t\t\t<div class=\"elementor-element elementor-element-28d6163 elementor-widget elementor-widget-text-editor\" data-id=\"28d6163\" data-element_type=\"widget\" data-e-type=\"widget\" data-widget_type=\"text-editor.default\">\n\t\t\t\t<div class=\"elementor-widget-container\">\n\t\t\t\t\t\t\t\t\t<p>Verre de qualit\u00e9 sup\u00e9rieure : Verre \u00e9pais s\u00e9lectionn\u00e9, sans odeur et r\u00e9sistant \u00e0 l&#039;usure, vous pouvez \u00eatre assur\u00e9 que vous pouvez y mettre n&#039;importe quoi sans qu&#039;il ne se casse pendant longtemps.<\/p>\t\t\t\t\t\t\t\t<\/div>\n\t\t\t\t<\/div>\n\t\t\t\t<\/div>\n\t\t\t\t\t<\/div>\n\t\t\t\t<\/div>\n\t\t<div class=\"elementor-element elementor-element-523cc7f e-flex e-con-boxed e-con e-parent\" data-id=\"523cc7f\" data-element_type=\"container\" data-e-type=\"container\" data-settings=\"{&quot;_ha_eqh_enable&quot;:false}\">\n\t\t\t\t\t<div class=\"e-con-inner\">\n\t\t<div class=\"elementor-element elementor-element-744006f e-con-full e-flex e-con e-child\" data-id=\"744006f\" data-element_type=\"container\" data-e-type=\"container\" data-settings=\"{&quot;_ha_eqh_enable&quot;:false}\">\n\t\t\t\t<div class=\"elementor-element elementor-element-9ce8179 elementor-widget elementor-widget-image\" data-id=\"9ce8179\" data-element_type=\"widget\" data-e-type=\"widget\" data-widget_type=\"image.default\">\n\t\t\t\t<div class=\"elementor-widget-container\">\n\t\t\t\t\t\t\t\t\t\t\t\t\t\t\t<img decoding=\"async\" src=\"https:\/\/yebodaglass.com\/wp-content\/uploads\/elementor\/thumbs\/flip-top-water-bottle-2-r9k84eeo6qa1lfh2exbqumngu3utgpwnkjp9539di8.webp\" title=\"Bouteille d&#039;eau transparente de 250 ml (8,5 oz) avec bouchon \u00e0 clapet anti-fuite, en gros\" alt=\"Bouteille d&#039;eau transparente de 250 ml (8,5 oz) avec bouchon \u00e0 clapet anti-fuite, en gros\" loading=\"lazy\" \/>\t\t\t\t\t\t\t\t\t\t\t\t\t\t\t<\/div>\n\t\t\t\t<\/div>\n\t\t\t\t<div class=\"elementor-element elementor-element-78c6605 elementor-widget elementor-widget-text-editor\" data-id=\"78c6605\" data-element_type=\"widget\" data-e-type=\"widget\" data-widget_type=\"text-editor.default\">\n\t\t\t\t<div class=\"elementor-widget-container\">\n\t\t\t\t\t\t\t\t\t<p>Fermeture s\u00e9curis\u00e9e \u00e0 clip \u2013 Style : Gr\u00e2ce \u00e0 un couvercle \u00e0 clip m\u00e9tallique, les bouteilles assurent une \u00e9tanch\u00e9it\u00e9 parfaite, emp\u00eachant les fuites de liquide et pr\u00e9servant la puret\u00e9 du contenu.<\/p>\t\t\t\t\t\t\t\t<\/div>\n\t\t\t\t<\/div>\n\t\t\t\t<\/div>\n\t\t<div class=\"elementor-element elementor-element-8519877 e-con-full e-flex e-con e-child\" data-id=\"8519877\" data-element_type=\"container\" data-e-type=\"container\" data-settings=\"{&quot;_ha_eqh_enable&quot;:false}\">\n\t\t\t\t<div class=\"elementor-element elementor-element-7d08a07 elementor-widget elementor-widget-image\" data-id=\"7d08a07\" data-element_type=\"widget\" data-e-type=\"widget\" data-widget_type=\"image.default\">\n\t\t\t\t<div class=\"elementor-widget-container\">\n\t\t\t\t\t\t\t\t\t\t\t\t\t\t\t<img decoding=\"async\" src=\"https:\/\/yebodaglass.com\/wp-content\/uploads\/elementor\/thumbs\/flip-top-water-bottle-3-r9k84gackecm8nec3y4zzm6e0vljw4448t083n6l5s.webp\" title=\"Bouteille d&#039;eau transparente de 250 ml (8,5 oz) avec bouchon \u00e0 clapet anti-fuite, en gros\" alt=\"Bouteille d&#039;eau transparente de 250 ml (8,5 oz) avec bouchon \u00e0 clapet anti-fuite, en gros\" loading=\"lazy\" \/>\t\t\t\t\t\t\t\t\t\t\t\t\t\t\t<\/div>\n\t\t\t\t<\/div>\n\t\t\t\t<div class=\"elementor-element elementor-element-dca6cea elementor-widget elementor-widget-text-editor\" data-id=\"dca6cea\" data-element_type=\"widget\" data-e-type=\"widget\" data-widget_type=\"text-editor.default\">\n\t\t\t\t<div class=\"elementor-widget-container\">\n\t\t\t\t\t\t\t\t\t<p>Utilisation polyvalente\u00a0: Ces bouteilles \u00e0 bouchon m\u00e9canique peuvent contenir diff\u00e9rents types de boissons, notamment des boissons, des sirops ou des infusions maison, r\u00e9pondant ainsi \u00e0 divers besoins.<\/p>\t\t\t\t\t\t\t\t<\/div>\n\t\t\t\t<\/div>\n\t\t\t\t<\/div>\n\t\t\t\t\t<\/div>\n\t\t\t\t<\/div>\n\t\t<div class=\"elementor-element elementor-element-88b472e e-con-full e-flex e-con e-parent\" data-id=\"88b472e\" data-element_type=\"container\" data-e-type=\"container\" data-settings=\"{&quot;_ha_eqh_enable&quot;:false}\">\n\t\t\t\t<div class=\"elementor-element elementor-element-3582c55 elementor-widget elementor-widget-text-editor\" data-id=\"3582c55\" data-element_type=\"widget\" data-e-type=\"widget\" data-widget_type=\"text-editor.default\">\n\t\t\t\t<div class=\"elementor-widget-container\">\n\t\t\t\t\t\t\t\t\t<p>\u00a0 \u00a0 \u00a0 \u00a0 \u00a0 \u00a0 \u00a0 \u00a0 \u00a0 \u00a0 \u00a0 \u00a0 <img fetchpriority=\"high\" decoding=\"async\" class=\"alignnone wp-image-16229\" src=\"https:\/\/yebodaglass.com\/wp-content\/uploads\/2025\/07\/d1ad5ea8ed4fd82e283a3a35878dd5c.png\" alt=\"\" width=\"240\" height=\"240\" srcset=\"https:\/\/yebodaglass.com\/wp-content\/uploads\/2025\/07\/d1ad5ea8ed4fd82e283a3a35878dd5c.png 220w, https:\/\/yebodaglass.com\/wp-content\/uploads\/2025\/07\/d1ad5ea8ed4fd82e283a3a35878dd5c-100x100.png 100w, https:\/\/yebodaglass.com\/wp-content\/uploads\/2025\/07\/d1ad5ea8ed4fd82e283a3a35878dd5c-150x150.png 150w, https:\/\/yebodaglass.com\/wp-content\/uploads\/2025\/07\/d1ad5ea8ed4fd82e283a3a35878dd5c-12x12.png 12w\" sizes=\"(max-width: 240px) 100vw, 240px\" \/>\u00a0 \u00a0 \u00a0 \u00a0 \u00a0<img decoding=\"async\" class=\"alignnone wp-image-16228\" src=\"https:\/\/yebodaglass.com\/wp-content\/uploads\/2025\/07\/4679f61166f64c6045dbc74c130db9a.png\" alt=\"\" width=\"240\" height=\"240\" srcset=\"https:\/\/yebodaglass.com\/wp-content\/uploads\/2025\/07\/4679f61166f64c6045dbc74c130db9a.png 220w, https:\/\/yebodaglass.com\/wp-content\/uploads\/2025\/07\/4679f61166f64c6045dbc74c130db9a-100x100.png 100w, https:\/\/yebodaglass.com\/wp-content\/uploads\/2025\/07\/4679f61166f64c6045dbc74c130db9a-150x150.png 150w, https:\/\/yebodaglass.com\/wp-content\/uploads\/2025\/07\/4679f61166f64c6045dbc74c130db9a-12x12.png 12w\" sizes=\"(max-width: 240px) 100vw, 240px\" \/>\u00a0 \u00a0 \u00a0 \u00a0 \u00a0 <img decoding=\"async\" class=\"alignnone wp-image-16230\" src=\"https:\/\/yebodaglass.com\/wp-content\/uploads\/2025\/07\/e59283ab6cb2ed3c93ba4f8a33db2ff.png\" alt=\"\" width=\"240\" height=\"240\" srcset=\"https:\/\/yebodaglass.com\/wp-content\/uploads\/2025\/07\/e59283ab6cb2ed3c93ba4f8a33db2ff.png 220w, https:\/\/yebodaglass.com\/wp-content\/uploads\/2025\/07\/e59283ab6cb2ed3c93ba4f8a33db2ff-100x100.png 100w, https:\/\/yebodaglass.com\/wp-content\/uploads\/2025\/07\/e59283ab6cb2ed3c93ba4f8a33db2ff-150x150.png 150w, https:\/\/yebodaglass.com\/wp-content\/uploads\/2025\/07\/e59283ab6cb2ed3c93ba4f8a33db2ff-12x12.png 12w\" sizes=\"(max-width: 240px) 100vw, 240px\" \/>\u00a0 \u00a0 \u00a0 <img loading=\"lazy\" decoding=\"async\" class=\"alignnone wp-image-16227\" src=\"https:\/\/yebodaglass.com\/wp-content\/uploads\/2025\/07\/8b499cc8b9c63806f1b8b3d5aa03275.png\" alt=\"\" width=\"240\" height=\"240\" srcset=\"https:\/\/yebodaglass.com\/wp-content\/uploads\/2025\/07\/8b499cc8b9c63806f1b8b3d5aa03275.png 220w, https:\/\/yebodaglass.com\/wp-content\/uploads\/2025\/07\/8b499cc8b9c63806f1b8b3d5aa03275-100x100.png 100w, https:\/\/yebodaglass.com\/wp-content\/uploads\/2025\/07\/8b499cc8b9c63806f1b8b3d5aa03275-150x150.png 150w, https:\/\/yebodaglass.com\/wp-content\/uploads\/2025\/07\/8b499cc8b9c63806f1b8b3d5aa03275-12x12.png 12w\" sizes=\"(max-width: 240px) 100vw, 240px\" \/><\/p>\t\t\t\t\t\t\t\t<\/div>\n\t\t\t\t<\/div>\n\t\t\t\t<\/div>\n\t\t<div class=\"elementor-element elementor-element-792eb8c e-flex e-con-boxed e-con e-parent\" data-id=\"792eb8c\" data-element_type=\"container\" data-e-type=\"container\" data-settings=\"{&quot;_ha_eqh_enable&quot;:false}\">\n\t\t\t\t\t<div class=\"e-con-inner\">\n\t\t\t\t<div class=\"elementor-element elementor-element-ceb50a8 elementor-widget elementor-widget-image\" data-id=\"ceb50a8\" data-element_type=\"widget\" data-e-type=\"widget\" data-widget_type=\"image.default\">\n\t\t\t\t<div class=\"elementor-widget-container\">\n\t\t\t\t\t\t\t\t\t\t\t\t\t\t\t<img decoding=\"async\" src=\"https:\/\/yebodaglass.com\/wp-content\/uploads\/elementor\/thumbs\/flip-top-glass-bottles-2-r8e0rx6jsox8qb5sfklaelf6ftu44jofu43yfg9vhc.webp\" title=\"Vous cherchez des bouteilles de qualit\u00e9 avec bouchon \u00e0 clapet pour vos pr\u00e9parations maison\u00a0? Cette bouteille de 120\u00a0ml (4\u00a0oz) est fabriqu\u00e9e en verre transparent et r\u00e9sistant et poss\u00e8de un bouchon \u00e0 clapet s\u00e9curis\u00e9 avec joint en caoutchouc et attache m\u00e9tallique. Son col \u00e9troit et sa forme arrondie facilitent un versement pr\u00e9cis, tandis que sa transparence permet de voir clairement le contenu. Id\u00e9ale pour conserver vos boissons maison, huiles de cuisson, vins, vinaigres, sauces et bien plus encore.\" alt=\"Vous cherchez des bouteilles de qualit\u00e9 avec bouchon \u00e0 clapet pour vos pr\u00e9parations maison\u00a0? Cette bouteille de 120\u00a0ml (4\u00a0oz) est fabriqu\u00e9e en verre transparent et r\u00e9sistant et poss\u00e8de un bouchon \u00e0 clapet s\u00e9curis\u00e9 avec joint en caoutchouc et attache m\u00e9tallique. Son col \u00e9troit et sa forme arrondie facilitent un versement pr\u00e9cis, tandis que sa transparence permet de voir clairement le contenu. Id\u00e9ale pour conserver vos boissons maison, huiles de cuisson, vins, vinaigres, sauces et bien plus encore.\" loading=\"lazy\" \/>\t\t\t\t\t\t\t\t\t\t\t\t\t\t\t<\/div>\n\t\t\t\t<\/div>\n\t\t\t\t<div class=\"elementor-element elementor-element-b2907c6 elementor-widget elementor-widget-text-editor\" data-id=\"b2907c6\" data-element_type=\"widget\" data-e-type=\"widget\" data-widget_type=\"text-editor.default\">\n\t\t\t\t<div class=\"elementor-widget-container\">\n\t\t\t\t\t\t\t\t\t<h2>Usages personnels :<\/h2><p>Cette bouteille isotherme \u00e0 bouchon \u00e0 clapet est id\u00e9ale pour l&#039;eau, les jus de fruits, le th\u00e9 glac\u00e9 ou les boissons maison. Elle permet de conserver la fra\u00eecheur de votre boisson et est compacte et facile \u00e0 transporter pour la salle de sport, le bureau ou les voyages.<\/p><p>Utilisations professionnelles\u00a0:<\/p><p>Id\u00e9al pour les caf\u00e9s, restaurants, marques de bien-\u00eatre ou coffrets cadeaux. Un emballage durable et \u00e9l\u00e9gant qui met en valeur le produit et la satisfaction client.<\/p>\t\t\t\t\t\t\t\t<\/div>\n\t\t\t\t<\/div>\n\t\t\t\t\t<\/div>\n\t\t\t\t<\/div>\n\t\t\t\t<\/div>","protected":false},"excerpt":{"rendered":"<p>Bouteilles d&#039;eau transparentes de 240 ml avec bouchon \u00e0 clapet, vendues en gros. \u00c9tanches, r\u00e9sistantes et r\u00e9utilisables, elles sont id\u00e9ales pour les boissons \u00e0 la maison, en ext\u00e9rieur ou au bureau.<\/p>","protected":false},"featured_media":17285,"template":"","meta":[],"product_brand":[],"product_cat":[80,81,20],"product_tag":[],"class_list":{"0":"post-16530","1":"product","2":"type-product","3":"status-publish","4":"has-post-thumbnail","6":"product_cat-glass-bottles","7":"product_cat-flip-top-bottles","8":"product_cat-glass-containers","10":"first","11":"instock","12":"shipping-taxable","13":"product-type-grouped"},"jetpack_sharing_enabled":true,"_links":{"self":[{"href":"https:\/\/yebodaglass.com\/fr\/wp-json\/wp\/v2\/product\/16530","targetHints":{"allow":["GET"]}}],"collection":[{"href":"https:\/\/yebodaglass.com\/fr\/wp-json\/wp\/v2\/product"}],"about":[{"href":"https:\/\/yebodaglass.com\/fr\/wp-json\/wp\/v2\/types\/product"}],"version-history":[{"count":5,"href":"https:\/\/yebodaglass.com\/fr\/wp-json\/wp\/v2\/product\/16530\/revisions"}],"predecessor-version":[{"id":20921,"href":"https:\/\/yebodaglass.com\/fr\/wp-json\/wp\/v2\/product\/16530\/revisions\/20921"}],"wp:featuredmedia":[{"embeddable":true,"href":"https:\/\/yebodaglass.com\/fr\/wp-json\/wp\/v2\/media\/17285"}],"wp:attachment":[{"href":"https:\/\/yebodaglass.com\/fr\/wp-json\/wp\/v2\/media?parent=16530"}],"wp:term":[{"taxonomy":"product_brand","embeddable":true,"href":"https:\/\/yebodaglass.com\/fr\/wp-json\/wp\/v2\/product_brand?post=16530"},{"taxonomy":"product_cat","embeddable":true,"href":"https:\/\/yebodaglass.com\/fr\/wp-json\/wp\/v2\/product_cat?post=16530"},{"taxonomy":"product_tag","embeddable":true,"href":"https:\/\/yebodaglass.com\/fr\/wp-json\/wp\/v2\/product_tag?post=16530"}],"curies":[{"name":"wp","href":"https:\/\/api.w.org\/{rel}","templated":true}]}}