{"id":19576,"date":"2025-08-22T14:45:03","date_gmt":"2025-08-22T06:45:03","guid":{"rendered":"https:\/\/yebodaglass.com\/?page_id=19576"},"modified":"2025-08-29T18:01:01","modified_gmt":"2025-08-29T10:01:01","slug":"request-free-samples","status":"publish","type":"page","link":"https:\/\/yebodaglass.com\/fr\/request-free-samples\/","title":{"rendered":"Demande d'\u00e9chantillons gratuits"},"content":{"rendered":"<div data-elementor-type=\"wp-page\" data-elementor-id=\"19576\" class=\"elementor elementor-19576\" data-elementor-settings=\"{&quot;ha_cmc_init_switcher&quot;:&quot;no&quot;}\" data-elementor-post-type=\"page\">\n\t\t\t\t<div class=\"elementor-element elementor-element-2d4a8d5 e-flex e-con-boxed e-con e-parent\" data-id=\"2d4a8d5\" data-element_type=\"container\" data-e-type=\"container\" data-settings=\"{&quot;_ha_eqh_enable&quot;:false}\">\n\t\t\t\t\t<div class=\"e-con-inner\">\n\t\t\t\t<div class=\"elementor-element elementor-element-88309fe elementor-widget elementor-widget-breadcrumbs\" data-id=\"88309fe\" data-element_type=\"widget\" data-e-type=\"widget\" data-widget_type=\"breadcrumbs.default\">\n\t\t\t\t<div class=\"elementor-widget-container\">\n\t\t\t\t\t<nav aria-label=\"chapelure\" class=\"rank-math-breadcrumb\"><p><span class=\"last\">Maison<\/span><\/p><\/nav>\t\t\t\t<\/div>\n\t\t\t\t<\/div>\n\t\t\t\t\t<\/div>\n\t\t\t\t<\/div>\n\t\t<div class=\"elementor-element elementor-element-41def54 e-flex e-con-boxed e-con e-parent\" data-id=\"41def54\" data-element_type=\"container\" data-e-type=\"container\" data-settings=\"{&quot;_ha_eqh_enable&quot;:false}\">\n\t\t\t\t\t<div class=\"e-con-inner\">\n\t\t\t\t<div class=\"elementor-element elementor-element-4e340a9 elementor-widget elementor-widget-heading\" data-id=\"4e340a9\" data-element_type=\"widget\" data-e-type=\"widget\" data-widget_type=\"heading.default\">\n\t\t\t\t<div class=\"elementor-widget-container\">\n\t\t\t\t\t<h1 class=\"elementor-heading-title elementor-size-default\">Demande d'\u00e9chantillons gratuits<\/h1>\t\t\t\t<\/div>\n\t\t\t\t<\/div>\n\t\t\t\t<div class=\"elementor-element elementor-element-2c09140 elementor-widget elementor-widget-text-editor\" data-id=\"2c09140\" data-element_type=\"widget\" data-e-type=\"widget\" data-widget_type=\"text-editor.default\">\n\t\t\t\t<div class=\"elementor-widget-container\">\n\t\t\t\t\t\t\t\t\t<p>Yeboda offre des options d'\u00e9chantillons gratuits* \u00e0 ses clients apr\u00e8s l'engagement complet de la commande. Il s'agit d'un processus optionnel qui permet au client d'\u00eatre plus s\u00fbr de son r\u00e9sultat. Parlez-nous maintenant de votre projet. Un de nos sp\u00e9cialistes produits vous contactera dans un d\u00e9lai d'un jour ouvrable.<\/p><p><strong>Les \u00e9chantillons sont disponibles en 3 types :<\/strong><\/p><ul><li>Rendu num\u00e9rique en 3D (\u0153uvres d'art et style de conteneurs en verre en 3D interactive, par exemple)<\/li><li>\u00c9chantillons existants (r\u00e9cipients en verre que nous avons d\u00e9j\u00e0 fabriqu\u00e9s)<\/li><li>\u00c9chantillons personnalis\u00e9s** (\u00e9chantillons enti\u00e8rement personnalis\u00e9s selon vos sp\u00e9cifications)<\/li><\/ul><p><strong>Note:<\/strong><\/p><ul><li>Sous r\u00e9serve de certaines conditions et cat\u00e9gories de produits. Les frais d'exp\u00e9dition ne sont pas inclus.<\/li><li>Les frais d'\u00e9chantillonnage personnalis\u00e9 seront rembours\u00e9s une fois la commande de production compl\u00e8te pass\u00e9e.<\/li><li>Le remboursement ne s'applique qu'aux \u00e9chantillons d'\u0153uvres d'art qui sont finalis\u00e9s pour la production compl\u00e8te.<\/li><\/ul>\t\t\t\t\t\t\t\t<\/div>\n\t\t\t\t<\/div>\n\t\t\t\t\t<\/div>\n\t\t\t\t<\/div>\n\t\t<div class=\"elementor-element elementor-element-ea91219 e-flex e-con-boxed e-con e-parent\" data-id=\"ea91219\" data-element_type=\"container\" data-e-type=\"container\" data-settings=\"{&quot;_ha_eqh_enable&quot;:false}\">\n\t\t\t\t\t<div class=\"e-con-inner\">\n\t\t\t\t<div class=\"elementor-element elementor-element-7e7f6e4 elementor-widget elementor-widget-heading\" data-id=\"7e7f6e4\" data-element_type=\"widget\" data-e-type=\"widget\" data-widget_type=\"heading.default\">\n\t\t\t\t<div class=\"elementor-widget-container\">\n\t\t\t\t\t<p class=\"elementor-heading-title elementor-size-default\">Commencez votre emballage en verre<br> voyage avec Yeboda<\/p>\t\t\t\t<\/div>\n\t\t\t\t<\/div>\n\t\t\t\t<div class=\"elementor-element elementor-element-1ca6b54 elementor-widget elementor-widget-heading\" data-id=\"1ca6b54\" data-element_type=\"widget\" data-e-type=\"widget\" data-widget_type=\"heading.default\">\n\t\t\t\t<div class=\"elementor-widget-container\">\n\t\t\t\t\t<p class=\"elementor-heading-title elementor-size-default\">\nContactez d\u00e8s maintenant notre sp\u00e9cialiste produit.<\/p>\t\t\t\t<\/div>\n\t\t\t\t<\/div>\n\t\t\t\t<div class=\"elementor-element elementor-element-a48bb7c elementor-align-center elementor-widget elementor-widget-button\" data-id=\"a48bb7c\" data-element_type=\"widget\" data-e-type=\"widget\" data-widget_type=\"button.default\">\n\t\t\t\t<div class=\"elementor-widget-container\">\n\t\t\t\t\t\t\t\t\t<div class=\"elementor-button-wrapper\">\n\t\t\t\t\t<a class=\"elementor-button elementor-button-link elementor-size-sm\" href=\"https:\/\/yebodaglass.com\/fr\/contact\/\">\n\t\t\t\t\t\t<span class=\"elementor-button-content-wrapper\">\n\t\t\t\t\t\t\t\t\t<span class=\"elementor-button-text\">Commencer<\/span>\n\t\t\t\t\t<\/span>\n\t\t\t\t\t<\/a>\n\t\t\t\t<\/div>\n\t\t\t\t\t\t\t\t<\/div>\n\t\t\t\t<\/div>\n\t\t\t\t\t<\/div>\n\t\t\t\t<\/div>\n\t\t\t\t<\/div>","protected":false},"excerpt":{"rendered":"<p>Home Demande d'\u00e9chantillons gratuits Yeboda offre des options d'\u00e9chantillons gratuits* \u00e0 ses clients apr\u00e8s l'engagement complet de la commande. Il s'agit d'un processus optionnel qui permet au client d'\u00eatre plus s\u00fbr de son r\u00e9sultat. Parlez-nous maintenant de votre projet. Un de nos sp\u00e9cialistes produits vous contactera dans un d\u00e9lai d'un jour ouvrable. Les \u00e9chantillons sont disponibles [...]<\/p>","protected":false},"author":1,"featured_media":0,"parent":0,"menu_order":0,"comment_status":"closed","ping_status":"closed","template":"elementor_header_footer","meta":{"footnotes":""},"class_list":["post-19576","page","type-page","status-publish","hentry"],"blocksy_meta":[],"jetpack_sharing_enabled":true,"_links":{"self":[{"href":"https:\/\/yebodaglass.com\/fr\/wp-json\/wp\/v2\/pages\/19576","targetHints":{"allow":["GET"]}}],"collection":[{"href":"https:\/\/yebodaglass.com\/fr\/wp-json\/wp\/v2\/pages"}],"about":[{"href":"https:\/\/yebodaglass.com\/fr\/wp-json\/wp\/v2\/types\/page"}],"author":[{"embeddable":true,"href":"https:\/\/yebodaglass.com\/fr\/wp-json\/wp\/v2\/users\/1"}],"replies":[{"embeddable":true,"href":"https:\/\/yebodaglass.com\/fr\/wp-json\/wp\/v2\/comments?post=19576"}],"version-history":[{"count":6,"href":"https:\/\/yebodaglass.com\/fr\/wp-json\/wp\/v2\/pages\/19576\/revisions"}],"predecessor-version":[{"id":20206,"href":"https:\/\/yebodaglass.com\/fr\/wp-json\/wp\/v2\/pages\/19576\/revisions\/20206"}],"wp:attachment":[{"href":"https:\/\/yebodaglass.com\/fr\/wp-json\/wp\/v2\/media?parent=19576"}],"curies":[{"name":"wp","href":"https:\/\/api.w.org\/{rel}","templated":true}]}}