{"id":19567,"date":"2025-08-22T14:17:55","date_gmt":"2025-08-22T06:17:55","guid":{"rendered":"https:\/\/yebodaglass.com\/?page_id=19567"},"modified":"2025-08-29T18:02:25","modified_gmt":"2025-08-29T10:02:25","slug":"terms-of-services","status":"publish","type":"page","link":"https:\/\/yebodaglass.com\/fr\/terms-of-services\/","title":{"rendered":"Conditions g\u00e9n\u00e9rales d&#039;utilisation"},"content":{"rendered":"<div data-elementor-type=\"wp-page\" data-elementor-id=\"19567\" class=\"elementor elementor-19567\" data-elementor-settings=\"{&quot;ha_cmc_init_switcher&quot;:&quot;no&quot;}\" data-elementor-post-type=\"page\">\n\t\t\t\t<div class=\"elementor-element elementor-element-e2993ff e-flex e-con-boxed e-con e-parent\" data-id=\"e2993ff\" data-element_type=\"container\" data-e-type=\"container\" data-settings=\"{&quot;_ha_eqh_enable&quot;:false}\">\n\t\t\t\t\t<div class=\"e-con-inner\">\n\t\t\t\t<div class=\"elementor-element elementor-element-fef54fd elementor-widget elementor-widget-breadcrumbs\" data-id=\"fef54fd\" data-element_type=\"widget\" data-e-type=\"widget\" data-widget_type=\"breadcrumbs.default\">\n\t\t\t\t<div class=\"elementor-widget-container\">\n\t\t\t\t\t<nav aria-label=\"chapelure\" class=\"rank-math-breadcrumb\"><p><span class=\"last\">Maison<\/span><\/p><\/nav>\t\t\t\t<\/div>\n\t\t\t\t<\/div>\n\t\t\t\t\t<\/div>\n\t\t\t\t<\/div>\n\t\t<div class=\"elementor-element elementor-element-41def54 e-flex e-con-boxed e-con e-parent\" data-id=\"41def54\" data-element_type=\"container\" data-e-type=\"container\" data-settings=\"{&quot;_ha_eqh_enable&quot;:false}\">\n\t\t\t\t\t<div class=\"e-con-inner\">\n\t\t\t\t<div class=\"elementor-element elementor-element-4e340a9 elementor-widget elementor-widget-heading\" data-id=\"4e340a9\" data-element_type=\"widget\" data-e-type=\"widget\" data-widget_type=\"heading.default\">\n\t\t\t\t<div class=\"elementor-widget-container\">\n\t\t\t\t\t<h1 class=\"elementor-heading-title elementor-size-default\"> Conditions d&#039;utilisation <\/h1>\t\t\t\t<\/div>\n\t\t\t\t<\/div>\n\t\t\t\t<div class=\"elementor-element elementor-element-2c09140 elementor-widget elementor-widget-text-editor\" data-id=\"2c09140\" data-element_type=\"widget\" data-e-type=\"widget\" data-widget_type=\"text-editor.default\">\n\t\t\t\t<div class=\"elementor-widget-container\">\n\t\t\t\t\t\t\t\t\t<h2>Important<\/h2><p>Veuillez lire attentivement les pr\u00e9sentes Conditions g\u00e9n\u00e9rales. En acc\u00e9dant \u00e0 ce site web, vous acceptez d&#039;\u00eatre li\u00e9 par les conditions g\u00e9n\u00e9rales \u00e9nonc\u00e9es ci-dessous. Si vous n&#039;acceptez pas ces conditions g\u00e9n\u00e9rales, veuillez ne pas acc\u00e9der \u00e0 ce site web. YEBODA se r\u00e9serve le droit de modifier ces conditions g\u00e9n\u00e9rales sans pr\u00e9avis.<\/p><h2>Acceptation des conditions<\/h2><p>La soci\u00e9t\u00e9 Yeboda (\u00ab Yeboda \u00bb) vous fournit certains produits d&#039;emballage en verre et d&#039;autres services (les \u00ab Services \u00bb) par le biais de ce site web (\u00ab Site web \u00bb). L&#039;acc\u00e8s \u00e0 ce Site web et l&#039;utilisation des Services sont soumis \u00e0 votre acceptation et au respect des conditions g\u00e9n\u00e9rales suivantes (\u00ab Conditions \u00bb).<\/p><p>En utilisant ce site web ou en acceptant les pr\u00e9sentes conditions g\u00e9n\u00e9rales, vous reconnaissez avoir lu, accept\u00e9 et approuv\u00e9 ces conditions. Si vous n&#039;acceptez pas ces conditions g\u00e9n\u00e9rales, vous ne pouvez pas utiliser ce site web.<\/p><p>Yeboda se r\u00e9serve le droit de modifier les pr\u00e9sentes Conditions \u00e0 tout moment et sans pr\u00e9avis. En continuant d&#039;acc\u00e9der \u00e0 ce Site Web ou d&#039;utiliser les Services apr\u00e8s de telles modifications, vous acceptez les Conditions modifi\u00e9es. Il vous incombe de consulter r\u00e9guli\u00e8rement les pr\u00e9sentes Conditions. Derni\u00e8re mise \u00e0 jour\u00a0: 21\/08\/2020.<\/p><p>Si vous n&#039;acceptez pas une ou plusieurs de ces conditions, veuillez ne pas acc\u00e9der \u00e0 ce site Web ni utiliser les services.<\/p><h2>Inscription<\/h2><p>Vous pouvez utiliser certaines parties du site Web sans inscription, y compris la cr\u00e9ation d&#039;un compte (un \u00ab Compte \u00bb) ou d&#039;un mot de passe (collectivement, les \u00ab Identifiants \u00bb).<\/p>\t\t\t\t\t\t\t\t<\/div>\n\t\t\t\t<\/div>\n\t\t\t\t\t<\/div>\n\t\t\t\t<\/div>\n\t\t<div class=\"elementor-element elementor-element-ea91219 e-flex e-con-boxed e-con e-parent\" data-id=\"ea91219\" data-element_type=\"container\" data-e-type=\"container\" data-settings=\"{&quot;_ha_eqh_enable&quot;:false}\">\n\t\t\t\t\t<div class=\"e-con-inner\">\n\t\t\t\t<div class=\"elementor-element elementor-element-7e7f6e4 elementor-widget elementor-widget-heading\" data-id=\"7e7f6e4\" data-element_type=\"widget\" data-e-type=\"widget\" data-widget_type=\"heading.default\">\n\t\t\t\t<div class=\"elementor-widget-container\">\n\t\t\t\t\t<p class=\"elementor-heading-title elementor-size-default\">Commencez votre emballage en verre<br> voyage avec Yeboda<\/p>\t\t\t\t<\/div>\n\t\t\t\t<\/div>\n\t\t\t\t<div class=\"elementor-element elementor-element-1ca6b54 elementor-widget elementor-widget-heading\" data-id=\"1ca6b54\" data-element_type=\"widget\" data-e-type=\"widget\" data-widget_type=\"heading.default\">\n\t\t\t\t<div class=\"elementor-widget-container\">\n\t\t\t\t\t<p class=\"elementor-heading-title elementor-size-default\">\nContactez d\u00e8s maintenant notre sp\u00e9cialiste produit.<\/p>\t\t\t\t<\/div>\n\t\t\t\t<\/div>\n\t\t\t\t<div class=\"elementor-element elementor-element-a48bb7c elementor-align-center elementor-widget elementor-widget-button\" data-id=\"a48bb7c\" data-element_type=\"widget\" data-e-type=\"widget\" data-widget_type=\"button.default\">\n\t\t\t\t<div class=\"elementor-widget-container\">\n\t\t\t\t\t\t\t\t\t<div class=\"elementor-button-wrapper\">\n\t\t\t\t\t<a class=\"elementor-button elementor-button-link elementor-size-sm\" href=\"https:\/\/yebodaglass.com\/fr\/contact\/\">\n\t\t\t\t\t\t<span class=\"elementor-button-content-wrapper\">\n\t\t\t\t\t\t\t\t\t<span class=\"elementor-button-text\">Commencer<\/span>\n\t\t\t\t\t<\/span>\n\t\t\t\t\t<\/a>\n\t\t\t\t<\/div>\n\t\t\t\t\t\t\t\t<\/div>\n\t\t\t\t<\/div>\n\t\t\t\t\t<\/div>\n\t\t\t\t<\/div>\n\t\t\t\t<\/div>","protected":false},"excerpt":{"rendered":"<p>Accueil Conditions d'utilisation Important Veuillez lire attentivement les pr\u00e9sentes conditions d'utilisation. En acc\u00e9dant \u00e0 ce site web, vous acceptez d'\u00eatre li\u00e9 par les termes et conditions \u00e9nonc\u00e9s ci-dessous. Si vous n'acceptez pas les conditions g\u00e9n\u00e9rales \u00e9nonc\u00e9es ci-dessous, veuillez ne pas acc\u00e9der \u00e0 ce site web. YEBODA se r\u00e9serve le droit de changer, modifier ou amender [...]<\/p>","protected":false},"author":1,"featured_media":0,"parent":0,"menu_order":0,"comment_status":"closed","ping_status":"closed","template":"elementor_header_footer","meta":{"footnotes":""},"class_list":["post-19567","page","type-page","status-publish","hentry"],"blocksy_meta":[],"jetpack_sharing_enabled":true,"_links":{"self":[{"href":"https:\/\/yebodaglass.com\/fr\/wp-json\/wp\/v2\/pages\/19567","targetHints":{"allow":["GET"]}}],"collection":[{"href":"https:\/\/yebodaglass.com\/fr\/wp-json\/wp\/v2\/pages"}],"about":[{"href":"https:\/\/yebodaglass.com\/fr\/wp-json\/wp\/v2\/types\/page"}],"author":[{"embeddable":true,"href":"https:\/\/yebodaglass.com\/fr\/wp-json\/wp\/v2\/users\/1"}],"replies":[{"embeddable":true,"href":"https:\/\/yebodaglass.com\/fr\/wp-json\/wp\/v2\/comments?post=19567"}],"version-history":[{"count":5,"href":"https:\/\/yebodaglass.com\/fr\/wp-json\/wp\/v2\/pages\/19567\/revisions"}],"predecessor-version":[{"id":20031,"href":"https:\/\/yebodaglass.com\/fr\/wp-json\/wp\/v2\/pages\/19567\/revisions\/20031"}],"wp:attachment":[{"href":"https:\/\/yebodaglass.com\/fr\/wp-json\/wp\/v2\/media?parent=19567"}],"curies":[{"name":"wp","href":"https:\/\/api.w.org\/{rel}","templated":true}]}}