{"id":24603,"date":"2025-12-25T09:22:12","date_gmt":"2025-12-25T01:22:12","guid":{"rendered":"https:\/\/yebodaglass.com\/?post_type=product&#038;p=24603"},"modified":"2025-12-25T10:26:37","modified_gmt":"2025-12-25T02:26:37","slug":"unique-glass-jars-with-bamboo-lids-bulk","status":"publish","type":"product","link":"https:\/\/yebodaglass.com\/es\/unique-glass-jars-with-bamboo-lids-bulk\/","title":{"rendered":"Frascos de vidrio \u00fanicos con tapas de bamb\u00fa de 500 ml, 750 ml y 1100 ml a granel"},"content":{"rendered":"<p data-start=\"66\" data-end=\"288\">Estos frascos de vidrio \u00fanicos son suaves y redondeados, con un cuello delgado y un cuerpo redondeado. El cuerpo de cada frasco es de vidrio transparente, elegantemente curvado, y cuenta con una tapa de bamb\u00fa suave y ligera, lo que los hace \u00fanicos.<\/p>\n<h2>Caracter\u00edsticas del producto<\/h2>\n<ul>\n<li><strong>Forma redondeada y completa:<\/strong> El cuello delgado y el contorno del cuerpo completo brindan la mayor capacidad de almacenamiento y proporcionan una textura suave y tersa al efecto de visi\u00f3n.<\/li>\n<li><strong>Cuerpo completamente transparente:<\/strong> Uno es un vidrio de borosilicato alto, que permite ver el contenido del frasco sin abrir la tapa para que uno pueda identificar f\u00e1cilmente lo que hay dentro.<\/li>\n<li><strong>Tapa de bamb\u00fa simple:<\/strong> La tapa plana beige hecha de bamb\u00fa es ligera y combina con el estilo del frasco de vidrio y el material es un toque fresco y limpio.<\/li>\n<\/ul>\n<h2 style=\"text-align: left;\">Especificaciones clave<\/h2>\n<table class=\"aligncenter\" style=\"border-collapse: collapse; width: 364.52pt;\" border=\"0\" width=\"486\" cellspacing=\"0\" cellpadding=\"0\">\n<tbody>\n<tr style=\"height: 13.50pt;\">\n<td style=\"height: 13.50pt; width: 105.00pt;\" width=\"140\" height=\"18\">Especificaci\u00f3n<\/td>\n<td style=\"width: 259.50pt;\" width=\"346\">Detalles<\/td>\n<\/tr>\n<tr style=\"height: 13.50pt;\">\n<td style=\"height: 13.50pt;\" height=\"18\">Dimensiones<\/td>\n<td>500 ml: 10 \u00d7 10,5 cm \/ 750 ml: 10,5 \u00d7 12 cm \/ 1100 ml: 11,5 \u00d7 16 cm<\/td>\n<\/tr>\n<tr style=\"height: 13.50pt;\">\n<td style=\"height: 13.50pt;\" height=\"18\">Material<\/td>\n<td>Vidrio de borosilicato alto, bamb\u00fa<\/td>\n<\/tr>\n<tr style=\"height: 13.50pt;\">\n<td style=\"height: 13.50pt;\" height=\"18\">Tipo de tapa<\/td>\n<td>Tapa plana de bamb\u00fa<\/td>\n<\/tr>\n<tr style=\"height: 13.50pt;\">\n<td style=\"height: 13.50pt;\" height=\"18\">Caracter\u00edstica del material<\/td>\n<td>Resistente al calor y a los qu\u00edmicos, alta claridad.<\/td>\n<\/tr>\n<tr style=\"height: 13.50pt;\">\n<td style=\"height: 13.50pt;\" height=\"18\">Ideal para<\/td>\n<td>Frascos de vidrio \u00fanicos, frascos de vidrio con tapa<\/td>\n<\/tr>\n<\/tbody>\n<\/table>\n<h2>Historia de \u00e9xito: La l\u00ednea de productos exclusiva de una tienda de comestibles de lujo<\/h2>\n<p>Esta tienda de comestibles de alta gama utiliz\u00f3 nuestro distintivo frasco de vidrio de 750 ml con tapa para su granola y cereales mixtos. \u00bfCu\u00e1l fue el resultado? Su elegante dise\u00f1o se convirti\u00f3 r\u00e1pidamente en un s\u00edmbolo; la l\u00ednea se conoci\u00f3 como &#034;Frascos Curvos&#034; y gener\u00f3 un aumento del 50 % en las ventas directas. Adem\u00e1s, el atractivo dise\u00f1o de los frascos gener\u00f3 un aumento del 200 % en el contenido generado por los usuarios en redes sociales. Tras su gran satisfacci\u00f3n con el producto, la tienda realiz\u00f3 otro pedido de 80\u00a0000 frascos con la intenci\u00f3n de expandir la l\u00ednea a nivel nacional.<\/p>\n<h2>Recomendaciones de personalizaci\u00f3n de frascos de vidrio \u00fanicos<\/h2>\n<ul>\n<li>Colores de vidrio: Tambi\u00e9n puede tener vidrio de color suave como \u00e1mbar, azul cobalto o verde adem\u00e1s del transparente.<\/li>\n<li>Grabado l\u00e1ser: los logotipos o patrones permanentes se graban de forma permanente directamente sobre la superficie del vidrio.<\/li>\n<li>Serigraf\u00eda: Imprima en serigraf\u00eda su logotipo colorido, tama\u00f1o o rayas decorativas sobre el vidrio utilizando pigmentos cer\u00e1micos lavables a m\u00e1quina que son duraderos y resistentes.<\/li>\n<li>Graduaciones elevadas permanentes: moldee graduaciones elevadas permanentes (ml\/oz) en el vidrio para aumentar la practicidad.<\/li>\n<\/ul>","protected":false},"excerpt":{"rendered":"<p dir=\"auto\">Realza tu decoraci\u00f3n con frascos de vidrio \u00fanicos. Nuestro frasco de vidrio con tapa est\u00e1 fabricado con vidrio de borosilicato de alto contenido y un acabado de bamb\u00fa natural. Disponible para entrega r\u00e1pida.<\/p>","protected":false},"featured_media":24604,"template":"","meta":[],"product_brand":[],"product_cat":[122,124,137],"product_tag":[],"class_list":{"0":"post-24603","1":"product","2":"type-product","3":"status-publish","4":"has-post-thumbnail","6":"product_cat-custom-glass-packaging","7":"product_cat-custom-glass-jars","8":"product_cat-glass-jars-with-lids","10":"first","11":"instock","12":"shipping-taxable","13":"product-type-simple"},"jetpack_sharing_enabled":true,"_links":{"self":[{"href":"https:\/\/yebodaglass.com\/es\/wp-json\/wp\/v2\/product\/24603","targetHints":{"allow":["GET"]}}],"collection":[{"href":"https:\/\/yebodaglass.com\/es\/wp-json\/wp\/v2\/product"}],"about":[{"href":"https:\/\/yebodaglass.com\/es\/wp-json\/wp\/v2\/types\/product"}],"version-history":[{"count":4,"href":"https:\/\/yebodaglass.com\/es\/wp-json\/wp\/v2\/product\/24603\/revisions"}],"predecessor-version":[{"id":24612,"href":"https:\/\/yebodaglass.com\/es\/wp-json\/wp\/v2\/product\/24603\/revisions\/24612"}],"wp:featuredmedia":[{"embeddable":true,"href":"https:\/\/yebodaglass.com\/es\/wp-json\/wp\/v2\/media\/24604"}],"wp:attachment":[{"href":"https:\/\/yebodaglass.com\/es\/wp-json\/wp\/v2\/media?parent=24603"}],"wp:term":[{"taxonomy":"product_brand","embeddable":true,"href":"https:\/\/yebodaglass.com\/es\/wp-json\/wp\/v2\/product_brand?post=24603"},{"taxonomy":"product_cat","embeddable":true,"href":"https:\/\/yebodaglass.com\/es\/wp-json\/wp\/v2\/product_cat?post=24603"},{"taxonomy":"product_tag","embeddable":true,"href":"https:\/\/yebodaglass.com\/es\/wp-json\/wp\/v2\/product_tag?post=24603"}],"curies":[{"name":"wp","href":"https:\/\/api.w.org\/{rel}","templated":true}]}}