{"id":24588,"date":"2025-12-24T14:14:57","date_gmt":"2025-12-24T06:14:57","guid":{"rendered":"https:\/\/yebodaglass.com\/?post_type=product&#038;p=24588"},"modified":"2025-12-25T10:18:26","modified_gmt":"2025-12-25T02:18:26","slug":"borosilicate-glass-jars-with-lids-and-spoons-bulk","status":"publish","type":"product","link":"https:\/\/yebodaglass.com\/es\/borosilicate-glass-jars-with-lids-and-spoons-bulk\/","title":{"rendered":"Frascos de vidrio de borosilicato de 300 ml, 350 ml y 450 ml con tapas y cucharas a granel"},"content":{"rendered":"<p data-start=\"66\" data-end=\"288\">Este frasco de vidrio con tapa y cuchara est\u00e1 hecho \u00edntegramente de vidrio de borosilicato. Su forma cil\u00edndrica incluye una tapa y una cuchara de bamb\u00fa beige claro, y es f\u00e1cil de usar.<\/p>\n<h2>Caracter\u00edsticas del producto<\/h2>\n<ul>\n<li><strong>Estructura combinada de tapa y cuchara:<\/strong> Esta ser\u00e1 una cuchara de bamb\u00fa unida en el centro de la tapa, y esta estructura permitir\u00e1 que los utensilios no se pierdan y har\u00e1 el proceso m\u00e1s sencillo.<\/li>\n<li><strong>Vidrio de borosilicato:<\/strong> El vidrio de borosilicato tiene una gran resistencia a la temperatura (-20 C - 150 C) y es irrompible, y puede reutilizarse.<\/li>\n<li><strong>Tapa de bamb\u00fa incre\u00edblemente herm\u00e9tica:<\/strong> El frasco de vidrio tiene una tapa de bamb\u00fa de color beige claro con un anillo de sellado incorporado y esto hace que el frasco de vidrio sea un lugar eficaz para guardar productos secos.<\/li>\n<\/ul>\n<h2 style=\"text-align: left;\">Especificaciones clave<\/h2>\n<table class=\"aligncenter\" style=\"border-collapse: collapse; width: 528.02pt;\" border=\"0\" width=\"704\" cellspacing=\"0\" cellpadding=\"0\">\n<tbody>\n<tr style=\"height: 13.50pt;\">\n<td style=\"height: 13.50pt; width: 135.00pt;\" width=\"180\" height=\"18\">Atributo<\/td>\n<td style=\"width: 393.00pt;\" width=\"524\">Detalles<\/td>\n<\/tr>\n<tr style=\"height: 13.50pt;\">\n<td style=\"height: 13.50pt;\" height=\"18\">Dimensiones<\/td>\n<td>300 ml: 6,5 \u00d7 10 cm; 350 ml: 6,5 \u00d7 12 cm; 450 ml: 6,5 \u00d7 15 cm<\/td>\n<\/tr>\n<tr style=\"height: 13.50pt;\">\n<td style=\"height: 13.50pt;\" height=\"18\">Material<\/td>\n<td>Vidrio de borosilicato alto, bamb\u00fa.<\/td>\n<\/tr>\n<tr style=\"height: 13.50pt;\">\n<td style=\"height: 13.50pt;\" height=\"18\">Forma de tarro<\/td>\n<td>Forma cil\u00edndrica recta, pared interior lisa, base circular plana.<\/td>\n<\/tr>\n<tr style=\"height: 13.50pt;\">\n<td style=\"height: 13.50pt;\" height=\"18\">Tipo de tapa<\/td>\n<td>Tapa plana de bamb\u00fa beige claro<\/td>\n<\/tr>\n<tr style=\"height: 13.50pt;\">\n<td style=\"height: 13.50pt;\" height=\"18\">Caracter\u00edsticas del material de borosilicato<\/td>\n<td>Alta transparencia, excelente resistencia a la temperatura.<\/td>\n<\/tr>\n<tr style=\"height: 13.50pt;\">\n<td style=\"height: 13.50pt;\" height=\"18\">Ideal para<\/td>\n<td>Frascos de vidrio con tapa y cucharas, frascos de vidrio con tapa<\/td>\n<\/tr>\n<\/tbody>\n<\/table>\n<h2>Historia de \u00e9xito: Crecimiento r\u00e1pido de los distribuidores<\/h2>\n<p>Uno de los proveedores regionales de utensilios de cocina y alimentos encarg\u00f3 inicialmente 4.000 frascos de vidrio con tapa y cucharas. La respuesta del mercado fue excepcional. En primer lugar, el vidrio de borosilicato de alta calidad aument\u00f3 la vida \u00fatil de los alimentos en un 43 %; en segundo lugar, la mayor hermeticidad redujo la tasa de rotura en un 39 %. Tras estos hallazgos, el distribuidor encarg\u00f3 otro env\u00edo de 320.000 frascos con tapa.<\/p>\n<h2>Sugerencias de personalizaci\u00f3n de frascos de vidrio con tapa<\/h2>\n<ul>\n<li>Mango de cuchara de marca: utilice el grabado l\u00e1ser para colocar el logotipo de su empresa en el mango de la cuchara de bamb\u00fa.<\/li>\n<li>Fondo texturizado: hay un patr\u00f3n de cuadr\u00edcula fina grabado en el fondo del frasco, lo que hace que el agarre sea mejor en la encimera lisa de la cocina.<\/li>\n<li>Opciones de tama\u00f1o de cuchara: Hay cucharas de diferentes tama\u00f1os (por ejemplo, mini cucharas de 300 ml) disponibles como accesorios opcionales.<\/li>\n<li>Recubrimiento resistente a las manchas: este recubrimiento transparente de calidad alimentaria en la pared interior del frasco inhibe la formaci\u00f3n de manchas en las especias o los alimentos oscuros.<\/li>\n<li>\u00c1rea de etiqueta esmerilada: es un \u00e1rea rectangular que est\u00e1 esmerilada, donde se etiqueta el producto.<\/li>\n<\/ul>","protected":false},"excerpt":{"rendered":"<p dir=\"auto\">Bulk glass jar with lid and spoon offering glass jars with lid in transparent borosilicate, minimalist bamboo elements, gradient sizes. Bulk order discounts.<\/p>","protected":false},"featured_media":24596,"template":"","meta":[],"product_brand":[],"product_cat":[122,124,137],"product_tag":[],"class_list":{"0":"post-24588","1":"product","2":"type-product","3":"status-publish","4":"has-post-thumbnail","6":"product_cat-custom-glass-packaging","7":"product_cat-custom-glass-jars","8":"product_cat-glass-jars-with-lids","10":"first","11":"instock","12":"shipping-taxable","13":"product-type-simple"},"jetpack_sharing_enabled":true,"_links":{"self":[{"href":"https:\/\/yebodaglass.com\/es\/wp-json\/wp\/v2\/product\/24588","targetHints":{"allow":["GET"]}}],"collection":[{"href":"https:\/\/yebodaglass.com\/es\/wp-json\/wp\/v2\/product"}],"about":[{"href":"https:\/\/yebodaglass.com\/es\/wp-json\/wp\/v2\/types\/product"}],"version-history":[{"count":4,"href":"https:\/\/yebodaglass.com\/es\/wp-json\/wp\/v2\/product\/24588\/revisions"}],"predecessor-version":[{"id":24610,"href":"https:\/\/yebodaglass.com\/es\/wp-json\/wp\/v2\/product\/24588\/revisions\/24610"}],"wp:featuredmedia":[{"embeddable":true,"href":"https:\/\/yebodaglass.com\/es\/wp-json\/wp\/v2\/media\/24596"}],"wp:attachment":[{"href":"https:\/\/yebodaglass.com\/es\/wp-json\/wp\/v2\/media?parent=24588"}],"wp:term":[{"taxonomy":"product_brand","embeddable":true,"href":"https:\/\/yebodaglass.com\/es\/wp-json\/wp\/v2\/product_brand?post=24588"},{"taxonomy":"product_cat","embeddable":true,"href":"https:\/\/yebodaglass.com\/es\/wp-json\/wp\/v2\/product_cat?post=24588"},{"taxonomy":"product_tag","embeddable":true,"href":"https:\/\/yebodaglass.com\/es\/wp-json\/wp\/v2\/product_tag?post=24588"}],"curies":[{"name":"wp","href":"https:\/\/api.w.org\/{rel}","templated":true}]}}