{"id":24586,"date":"2025-12-24T14:26:16","date_gmt":"2025-12-24T06:26:16","guid":{"rendered":"https:\/\/yebodaglass.com\/?post_type=product&#038;p=24586"},"modified":"2026-03-12T15:46:01","modified_gmt":"2026-03-12T07:46:01","slug":"custom-food-storage-glass-jars-for-packaging-bulk","status":"publish","type":"product","link":"https:\/\/yebodaglass.com\/es\/custom-food-storage-glass-jars-for-packaging-bulk\/","title":{"rendered":"Frascos de vidrio personalizados para almacenar alimentos de 175 ml a 500 ml para envasado a granel"},"content":{"rendered":"<p>Estos frascos de vidrio para almacenar alimentos tienen una forma cil\u00edndrica lisa y un vidrio transparente que permite ver claramente el contenido. Las tapas son de madera natural y cuentan con un anillo de sellado de silicona para mantener los alimentos frescos.<\/p>\n<h2>Caracter\u00edsticas del producto<\/h2>\n<ul>\n<li><strong>Resistencia a altas temperaturas: <\/strong>El vidrio de borosilicato de alta resistencia resiste los cambios de temperatura y, por lo tanto, puede utilizarse para almacenar alimentos tanto calientes como fr\u00edos. Adem\u00e1s, es menos propenso a romperse, lo que permite utilizar el frasco de diversas maneras.<\/li>\n<li><strong>Excelente tapa de silicona:<\/strong> La hermeticidad de la tapa est\u00e1 garantizada por la tapa de madera con anillo de silicona incorporado, y mantiene la frescura y evita derrames.<\/li>\n<li><strong>Varios tama\u00f1os:<\/strong> Viene en varios tama\u00f1os, como mini, peque\u00f1o y grande, que se adaptan a todos sus requisitos en t\u00e9rminos de almacenamiento de productos secos.<\/li>\n<\/ul>\n<h2>Especificaciones clave<\/h2>\n<table style=\"border-collapse: collapse; width: 80%; margin-left: auto; margin-right: auto;\" border=\"0\" width=\"360\" cellspacing=\"0\" cellpadding=\"0\">\n<tbody>\n<tr style=\"height: 13.50pt;\">\n<td style=\"height: 13.5pt; width: 54pt; text-align: center;\" width=\"72\" height=\"18\">Capacidad (ml)<\/td>\n<td style=\"width: 54pt; text-align: center;\" width=\"72\">Tama\u00f1o (cm)<\/td>\n<td style=\"width: 54pt; text-align: center;\" width=\"72\">Di\u00e1metro de la boca<\/td>\n<td style=\"width: 54pt; text-align: center;\" width=\"72\">Material<\/td>\n<td style=\"width: 54pt; text-align: center;\" width=\"72\">Color<\/td>\n<\/tr>\n<tr style=\"height: 13.50pt;\">\n<td style=\"height: 13.5pt; text-align: center;\" align=\"right\" height=\"18\">175<\/td>\n<td style=\"text-align: center;\">6,5 x 10,0<\/td>\n<td class=\"et2\" style=\"text-align: center;\" rowspan=\"5\">65 mm<\/td>\n<td class=\"et2\" style=\"text-align: center;\" rowspan=\"5\">Borosilicato<\/td>\n<td class=\"et2\" style=\"text-align: center;\" rowspan=\"5\">Borrar o personalizado<\/td>\n<\/tr>\n<tr style=\"height: 13.50pt;\">\n<td style=\"height: 13.5pt; text-align: center;\" align=\"right\" height=\"18\">250<\/td>\n<td style=\"text-align: center;\">6,5 x 10,0<\/td>\n<\/tr>\n<tr style=\"height: 13.50pt;\">\n<td style=\"height: 13.5pt; text-align: center;\" align=\"right\" height=\"18\">300<\/td>\n<td style=\"text-align: center;\">6,5 x 12,0<\/td>\n<\/tr>\n<tr style=\"height: 13.50pt;\">\n<td style=\"height: 13.5pt; text-align: center;\" align=\"right\" height=\"18\">380<\/td>\n<td style=\"text-align: center;\">6,5 x 15,0<\/td>\n<\/tr>\n<tr style=\"height: 13.50pt;\">\n<td style=\"height: 13.5pt; text-align: center;\" align=\"right\" height=\"18\">500<\/td>\n<td style=\"text-align: center;\">6,5 x 20,0<\/td>\n<\/tr>\n<\/tbody>\n<\/table>\n<h2>Historia de \u00e9xito<\/h2>\n<p>Una importante cadena canadiense de alimentos saludables decidi\u00f3 personalizar todos nuestros frascos de almacenamiento de cocina con tapas de madera tallada de marca y frascos de vidrio color \u00e1mbar. Estas caracter\u00edsticas de personalizaci\u00f3n resultaron muy beneficiosas: los frascos de vidrio color \u00e1mbar redujeron la degradaci\u00f3n de hierbas y t\u00e9s fotosensibles en un 25%, las etiquetas transparentes de tama\u00f1o y el cierre herm\u00e9tico redujeron el deterioro del producto en la tienda en un 18%. Con base en estos resultados, solicitaron otros doscientos mil frascos de almacenamiento para sus m\u00e1s de 500 tiendas.<\/p>\n<h2>Recomendaciones para la personalizaci\u00f3n de frascos de almacenamiento de cocina<\/h2>\n<ul>\n<li>Marca de tapa de madera personalizada: la marca de su producto puede cortarse con l\u00e1ser, marcarse o estamparse en la tapa de madera.<\/li>\n<li>Vidrio resistente a la luz: Est\u00e1 disponible en frascos de vidrio de color \u00e1mbar o verde para conservar productos sensibles a la luz, como especias, caf\u00e9 o algunas vitaminas.<\/li>\n<li>Espacio para etiquetas de pizarra: la etiqueta se puede cambiar f\u00e1cilmente mediante el uso del espacio para pintura de pizarra incorporado o pegatinas de pizarra.<\/li>\n<\/ul>","protected":false},"excerpt":{"rendered":"<p>Frascos de vidrio premium para almacenar alimentos con tapas de madera natural y sello de silicona. Frascos vers\u00e1tiles para la cocina, ideales para una despensa moderna. Disponibles en stock.<\/p>","protected":false},"featured_media":24592,"template":"","meta":[],"product_brand":[],"product_cat":[122,124,137],"product_tag":[],"class_list":{"0":"post-24586","1":"product","2":"type-product","3":"status-publish","4":"has-post-thumbnail","6":"product_cat-custom-glass-packaging","7":"product_cat-custom-glass-jars","8":"product_cat-glass-jars-with-lids","10":"first","11":"instock","12":"shipping-taxable","13":"product-type-simple"},"jetpack_sharing_enabled":true,"_links":{"self":[{"href":"https:\/\/yebodaglass.com\/es\/wp-json\/wp\/v2\/product\/24586","targetHints":{"allow":["GET"]}}],"collection":[{"href":"https:\/\/yebodaglass.com\/es\/wp-json\/wp\/v2\/product"}],"about":[{"href":"https:\/\/yebodaglass.com\/es\/wp-json\/wp\/v2\/types\/product"}],"version-history":[{"count":3,"href":"https:\/\/yebodaglass.com\/es\/wp-json\/wp\/v2\/product\/24586\/revisions"}],"predecessor-version":[{"id":25413,"href":"https:\/\/yebodaglass.com\/es\/wp-json\/wp\/v2\/product\/24586\/revisions\/25413"}],"wp:featuredmedia":[{"embeddable":true,"href":"https:\/\/yebodaglass.com\/es\/wp-json\/wp\/v2\/media\/24592"}],"wp:attachment":[{"href":"https:\/\/yebodaglass.com\/es\/wp-json\/wp\/v2\/media?parent=24586"}],"wp:term":[{"taxonomy":"product_brand","embeddable":true,"href":"https:\/\/yebodaglass.com\/es\/wp-json\/wp\/v2\/product_brand?post=24586"},{"taxonomy":"product_cat","embeddable":true,"href":"https:\/\/yebodaglass.com\/es\/wp-json\/wp\/v2\/product_cat?post=24586"},{"taxonomy":"product_tag","embeddable":true,"href":"https:\/\/yebodaglass.com\/es\/wp-json\/wp\/v2\/product_tag?post=24586"}],"curies":[{"name":"wp","href":"https:\/\/api.w.org\/{rel}","templated":true}]}}