{"id":24578,"date":"2025-12-24T11:51:36","date_gmt":"2025-12-24T03:51:36","guid":{"rendered":"https:\/\/yebodaglass.com\/?post_type=product&#038;p=24578"},"modified":"2025-12-24T13:14:13","modified_gmt":"2025-12-24T05:14:13","slug":"borosilicate-glass-jars-with-bamboo-lids-and-spoons-bulk","status":"publish","type":"product","link":"https:\/\/yebodaglass.com\/es\/borosilicate-glass-jars-with-bamboo-lids-and-spoons-bulk\/","title":{"rendered":"Frascos de vidrio de borosilicato de 500 ml, 850 ml y 1150 ml con tapas de bamb\u00fa y cucharas a granel"},"content":{"rendered":"<p data-start=\"66\" data-end=\"288\">Estos frascos de vidrio con tapas y cucharas de bamb\u00fa est\u00e1n hechos de vidrio de borosilicato transparente y tienen una silueta redondeada cl\u00e1sica que nunca pasa de moda. Los frascos se complementan con una tapa plana de bamb\u00fa de tonos claros y una cuchara de bamb\u00fa del mismo color que la tapa.<\/p>\n<h2>Caracter\u00edsticas del producto<\/h2>\n<ul>\n<li><strong>Dise\u00f1o redondeado cl\u00e1sico:<\/strong> El cuerpo ancho hace que el almacenamiento de art\u00edculos sea muy f\u00e1cil, ya que hay suficiente espacio para lo que desea colocar y puede acceder r\u00e1pidamente a los art\u00edculos.<\/li>\n<li><strong>Juego de tapa y cuchara de bamb\u00fa:<\/strong> El paquete incluye una tapa y una cuchara que tienen el mismo color y, por lo tanto, combinan perfectamente entre s\u00ed y est\u00e1n listas para que las uses de inmediato sin ning\u00fan problema.<\/li>\n<li><strong>Vidrio de borosilicato de primera calidad:<\/strong> El producto tiene la capacidad de resistir cambios r\u00e1pidos de temperatura y tambi\u00e9n permanece transparente durante mucho tiempo.<\/li>\n<\/ul>\n<h2 style=\"text-align: left;\">Especificaciones clave<\/h2>\n<table class=\"aligncenter\" style=\"border-collapse: collapse; width: 622.52pt;\" border=\"0\" width=\"830\" cellspacing=\"0\" cellpadding=\"0\">\n<tbody>\n<tr style=\"height: 13.50pt;\">\n<td style=\"height: 13.50pt; width: 186.75pt;\" width=\"249\" height=\"18\">Atributo<\/td>\n<td style=\"width: 435.75pt;\" width=\"581\">Detalles<\/td>\n<\/tr>\n<tr style=\"height: 13.50pt;\">\n<td style=\"height: 13.50pt;\" height=\"18\">Capacidad<\/td>\n<td>500 ml, 850 ml, 1150 ml<\/td>\n<\/tr>\n<tr style=\"height: 13.50pt;\">\n<td style=\"height: 13.50pt;\" height=\"18\">Dimensiones<\/td>\n<td>7\u00d710,5 cm \/ 7\u00d713 cm \/ 7,5\u00d714 cm<\/td>\n<\/tr>\n<tr style=\"height: 13.50pt;\">\n<td style=\"height: 13.50pt;\" height=\"18\">Material<\/td>\n<td>Vidrio de borosilicato transparente y bamb\u00fa (tapa y cuchara)<\/td>\n<\/tr>\n<tr style=\"height: 13.50pt;\">\n<td style=\"height: 13.50pt;\" height=\"18\">Tipo de tapa<\/td>\n<td>Tapa plana de bamb\u00fa beige claro (con anillo de sellado herm\u00e9tico en el interior)<\/td>\n<\/tr>\n<tr style=\"height: 13.50pt;\">\n<td style=\"height: 13.50pt;\" height=\"18\">Caracter\u00edsticas del material de borosilicato<\/td>\n<td>Alta transparencia, excelente resistencia a la temperatura, resistente a la corrosi\u00f3n.<\/td>\n<\/tr>\n<tr style=\"height: 13.50pt;\">\n<td style=\"height: 13.50pt;\" height=\"18\">Ideal para<\/td>\n<td>Frascos de vidrio a granel, frascos de vidrio con cucharas<\/td>\n<\/tr>\n<\/tbody>\n<\/table>\n<h2>Historia de \u00e9xito: Crecimiento r\u00e1pido de distribuidores<\/h2>\n<p>Un proveedor nacional de utensilios de cocina y alimentos realiz\u00f3 un pedido inicial de 15\u00a0000 unidades de nuestros frascos de vidrio con tapas de bamb\u00fa y cucharas incluidas. La cadena de supermercados anunci\u00f3 que la vida \u00fatil de los alimentos secos se prolong\u00f3 un 42\u00a0% gracias al sellado herm\u00e9tico de la tapa de bamb\u00fa, y que el espacio en el estante se redujo un 32\u00a0% gracias a su dise\u00f1o redondo y compacto. Por consiguiente, el distribuidor decidi\u00f3 ampliar el pedido de 380\u00a0000 frascos de vidrio a granel para satisfacer de inmediato la alta demanda del mercado.<\/p>\n<h2>Sugerencias de personalizaci\u00f3n de frascos de vidrio a granel<\/h2>\n<ul>\n<li>Anillos de sellado de silicona de colores: proporciona anillos de sellado internos de silicona de colores, de grado alimenticio, para las tapas que se pueden personalizar.<\/li>\n<li>Tintado de bamb\u00fa personalizado, indica el color exacto (natural, oscuro, etc.) de la tapa y cuchara de bamb\u00fa que deseas.<\/li>\n<li>\u00cdconos de prop\u00f3sito grabados: Coloque peque\u00f1os \u00edconos para especias, granos o miel en el hombro del frasco para ubicar f\u00e1cilmente el lugar de almacenamiento del producto ideal.<\/li>\n<li>Fondo texturizado: colocar un patr\u00f3n de cuadr\u00edcula muy sutil en el fondo del frasco puede ayudar mucho a sujetarlo a las encimeras de la cocina lisas.<\/li>\n<\/ul>","protected":false},"excerpt":{"rendered":"<p dir=\"auto\">Descubra nuestros frascos de vidrio con tapas de bamb\u00fa y cucharas para frascos de vidrio a granel: elegante forma bulbosa, vidrio transparente y clip para cuchara a juego. Dise\u00f1os personalizables.<\/p>","protected":false},"featured_media":24581,"template":"","meta":[],"product_brand":[],"product_cat":[122,124,137],"product_tag":[],"class_list":{"0":"post-24578","1":"product","2":"type-product","3":"status-publish","4":"has-post-thumbnail","6":"product_cat-custom-glass-packaging","7":"product_cat-custom-glass-jars","8":"product_cat-glass-jars-with-lids","10":"first","11":"instock","12":"shipping-taxable","13":"product-type-simple"},"jetpack_sharing_enabled":true,"_links":{"self":[{"href":"https:\/\/yebodaglass.com\/es\/wp-json\/wp\/v2\/product\/24578","targetHints":{"allow":["GET"]}}],"collection":[{"href":"https:\/\/yebodaglass.com\/es\/wp-json\/wp\/v2\/product"}],"about":[{"href":"https:\/\/yebodaglass.com\/es\/wp-json\/wp\/v2\/types\/product"}],"version-history":[{"count":3,"href":"https:\/\/yebodaglass.com\/es\/wp-json\/wp\/v2\/product\/24578\/revisions"}],"predecessor-version":[{"id":24585,"href":"https:\/\/yebodaglass.com\/es\/wp-json\/wp\/v2\/product\/24578\/revisions\/24585"}],"wp:featuredmedia":[{"embeddable":true,"href":"https:\/\/yebodaglass.com\/es\/wp-json\/wp\/v2\/media\/24581"}],"wp:attachment":[{"href":"https:\/\/yebodaglass.com\/es\/wp-json\/wp\/v2\/media?parent=24578"}],"wp:term":[{"taxonomy":"product_brand","embeddable":true,"href":"https:\/\/yebodaglass.com\/es\/wp-json\/wp\/v2\/product_brand?post=24578"},{"taxonomy":"product_cat","embeddable":true,"href":"https:\/\/yebodaglass.com\/es\/wp-json\/wp\/v2\/product_cat?post=24578"},{"taxonomy":"product_tag","embeddable":true,"href":"https:\/\/yebodaglass.com\/es\/wp-json\/wp\/v2\/product_tag?post=24578"}],"curies":[{"name":"wp","href":"https:\/\/api.w.org\/{rel}","templated":true}]}}