{"id":24570,"date":"2025-12-24T10:32:19","date_gmt":"2025-12-24T02:32:19","guid":{"rendered":"https:\/\/yebodaglass.com\/?post_type=product&#038;p=24570"},"modified":"2025-12-24T16:47:49","modified_gmt":"2025-12-24T08:47:49","slug":"custom-glass-jar-with-bamboo-lid-for-food-storage-bulk","status":"publish","type":"product","link":"https:\/\/yebodaglass.com\/es\/custom-glass-jar-with-bamboo-lid-for-food-storage-bulk\/","title":{"rendered":"Frasco de vidrio personalizado de 450 ml, 560 ml, 700 ml y 950 ml con tapa de bamb\u00fa para almacenar alimentos a granel."},"content":{"rendered":"<p>Olv\u00eddate de las tapas de pl\u00e1stico. Fabricamos frascos de vidrio con tapa de bamb\u00fa, pensados \u200b\u200bpara marcas que necesitan un almacenamiento realmente pr\u00e1ctico. Estos frascos convierten el inventario diario en un momento de marca. Los pedidos al por mayor cuentan con acabados personalizados que combinan con tu marca.<\/p>\n<h2>Caracter\u00edsticas del producto<\/h2>\n<p><strong>Sello de tapa de bamb\u00fa<\/strong><\/p>\n<p>Mantiene los granos de caf\u00e9 crujientes, sin humedad, sin olor y sin estr\u00e9s para los frascos de almacenamiento.<\/p>\n<p><strong>Vidrio resistente al calor<\/strong><\/p>\n<p>Maneja miel caliente y jarabe fr\u00edo, sin choque t\u00e9rmico nunca.<\/p>\n<p><strong>Claridad de lados rectos<\/strong><\/p>\n<p>Vea cada grano de gelatina de vidrio: sus frascos de almacenamiento muestran su producto.<\/p>\n<h2>Especificaciones clave<\/h2>\n<table style=\"border-collapse: collapse; width: 80%; margin-left: auto; margin-right: auto;\" border=\"0\" width=\"360\" cellspacing=\"0\" cellpadding=\"0\">\n<tbody>\n<tr style=\"height: 13.50pt;\">\n<td style=\"height: 13.5pt; width: 54pt; text-align: center;\" width=\"72\" height=\"18\">Capacidad (ml)<\/td>\n<td style=\"width: 54pt; text-align: center;\" width=\"72\">Tama\u00f1o (cm)<\/td>\n<td style=\"width: 54pt; text-align: center;\" width=\"72\">Di\u00e1metro de la boca<\/td>\n<td style=\"width: 54pt; text-align: center;\" width=\"72\">Material<\/td>\n<td style=\"width: 54pt; text-align: center;\" width=\"72\">Color<\/td>\n<\/tr>\n<tr style=\"height: 13.50pt;\">\n<td style=\"height: 13.5pt; text-align: center;\" align=\"right\" height=\"18\">450<\/td>\n<td style=\"text-align: center;\">8,5 x 10,0<\/td>\n<td class=\"et2\" style=\"text-align: center;\" rowspan=\"4\">85 mm<\/td>\n<td class=\"et2\" style=\"text-align: center;\" rowspan=\"4\">Borosilicato<\/td>\n<td class=\"et2\" style=\"text-align: center;\" rowspan=\"4\">Claro y personalizado<\/td>\n<\/tr>\n<tr style=\"height: 13.50pt;\">\n<td style=\"height: 13.5pt; text-align: center;\" align=\"right\" height=\"18\">560<\/td>\n<td style=\"text-align: center;\">8,5 x 12,0<\/td>\n<\/tr>\n<tr style=\"height: 13.50pt;\">\n<td style=\"height: 13.5pt; text-align: center;\" align=\"right\" height=\"18\">700<\/td>\n<td style=\"text-align: center;\">8,5 x 15,0<\/td>\n<\/tr>\n<tr style=\"height: 13.50pt;\">\n<td style=\"height: 13.5pt; text-align: center;\" align=\"right\" height=\"18\">950<\/td>\n<td style=\"text-align: center;\">8,5 x 20,0<\/td>\n<\/tr>\n<\/tbody>\n<\/table>\n<h2>Caso de \u00e9xito<\/h2>\n<p>Esta marca se preocupa mucho por ser respetuosa con el medio ambiente. Decidieron dejar de usar envases de pl\u00e1stico y empezar a usar frascos de vidrio con tapa de bamb\u00fa. La marca se centra en la sostenibilidad y la apariencia natural. Las tapas de bamb\u00fa encajan a la perfecci\u00f3n con la esencia de la marca. A quienes se preocupan por el medio ambiente y buscan productos de buena calidad les encantar\u00e1. La marca implement\u00f3 este cambio en sus productos. Quieren ser ecol\u00f3gicos. Esto es fundamental. Los frascos de vidrio y las tapas de bamb\u00fa son una forma de demostrar que la marca se preocupa por el medio ambiente y la calidad.<\/p>\n<p>Despu\u00e9s del lanzamiento del producto, las ventas de la marca aumentaron un 20% en tres meses y su l\u00ednea de snacks org\u00e1nicos fue la m\u00e1s popular entre los consumidores.<\/p>\n<h2>Tu manual de personalizaci\u00f3n<\/h2>\n<ol>\n<li><strong>Etiquetas personalizadas: <\/strong>Se pueden utilizar frascos de vidrio para almacenar productos en la marca simplemente agregando etiquetas personalizadas, logotipos o cualquier dise\u00f1o que facilite el reconocimiento de la marca y permita cambios de dise\u00f1o seg\u00fan las demandas del mercado.<\/li>\n<li><strong>Material de la tapa: <\/strong>Adem\u00e1s de las tapas de bamb\u00fa, tambi\u00e9n se pueden optar por otros materiales naturales o tapas met\u00e1licas para satisfacer las necesidades de la marca. Las tapas met\u00e1licas ofrecen un toque m\u00e1s moderno y lujoso, mientras que las de bamb\u00fa son m\u00e1s ecol\u00f3gicas.<\/li>\n<li><strong>Etiquetas de capacidad: <\/strong>Es posible tener varias etiquetas de capacidad o graduaciones personalizadas para diferentes prop\u00f3sitos, por ejemplo, para poder medir con precisi\u00f3n la cantidad o el peso de los art\u00edculos almacenados, haciendo as\u00ed la experiencia del usuario m\u00e1s amigable y conveniente.<\/li>\n<\/ol>","protected":false},"excerpt":{"rendered":"<p>Elegante frasco de vidrio con tapa de bamb\u00fa, perfecto para organizar y almacenar alimentos. Ideal para mantener frescos los alimentos secos. Disponibles pedidos al por mayor y muestras gratuitas.<\/p>","protected":false},"featured_media":24577,"template":"","meta":[],"product_brand":[],"product_cat":[122,124,137],"product_tag":[],"class_list":{"0":"post-24570","1":"product","2":"type-product","3":"status-publish","4":"has-post-thumbnail","6":"product_cat-custom-glass-packaging","7":"product_cat-custom-glass-jars","8":"product_cat-glass-jars-with-lids","10":"first","11":"instock","12":"shipping-taxable","13":"product-type-simple"},"jetpack_sharing_enabled":true,"_links":{"self":[{"href":"https:\/\/yebodaglass.com\/es\/wp-json\/wp\/v2\/product\/24570","targetHints":{"allow":["GET"]}}],"collection":[{"href":"https:\/\/yebodaglass.com\/es\/wp-json\/wp\/v2\/product"}],"about":[{"href":"https:\/\/yebodaglass.com\/es\/wp-json\/wp\/v2\/types\/product"}],"version-history":[{"count":4,"href":"https:\/\/yebodaglass.com\/es\/wp-json\/wp\/v2\/product\/24570\/revisions"}],"predecessor-version":[{"id":24602,"href":"https:\/\/yebodaglass.com\/es\/wp-json\/wp\/v2\/product\/24570\/revisions\/24602"}],"wp:featuredmedia":[{"embeddable":true,"href":"https:\/\/yebodaglass.com\/es\/wp-json\/wp\/v2\/media\/24577"}],"wp:attachment":[{"href":"https:\/\/yebodaglass.com\/es\/wp-json\/wp\/v2\/media?parent=24570"}],"wp:term":[{"taxonomy":"product_brand","embeddable":true,"href":"https:\/\/yebodaglass.com\/es\/wp-json\/wp\/v2\/product_brand?post=24570"},{"taxonomy":"product_cat","embeddable":true,"href":"https:\/\/yebodaglass.com\/es\/wp-json\/wp\/v2\/product_cat?post=24570"},{"taxonomy":"product_tag","embeddable":true,"href":"https:\/\/yebodaglass.com\/es\/wp-json\/wp\/v2\/product_tag?post=24570"}],"curies":[{"name":"wp","href":"https:\/\/api.w.org\/{rel}","templated":true}]}}