{"id":24552,"date":"2025-12-23T15:56:39","date_gmt":"2025-12-23T07:56:39","guid":{"rendered":"https:\/\/yebodaglass.com\/?post_type=product&#038;p=24552"},"modified":"2025-12-24T09:18:02","modified_gmt":"2025-12-24T01:18:02","slug":"empty-unique-glass-jars-with-lids-wholesale","status":"publish","type":"product","link":"https:\/\/yebodaglass.com\/es\/empty-unique-glass-jars-with-lids-wholesale\/","title":{"rendered":"Frascos de vidrio vac\u00edos \u00fanicos de 350 ml a 950 ml con tapa, venta al por mayor"},"content":{"rendered":"<p data-start=\"66\" data-end=\"288\">Estos frascos de vidrio inusuales tienen tapas propias: son de un tipo trapezoidal inusual, estrechos en la parte superior, m\u00e1s anchos en la inferior y con \u00e1ngulos agudos. El contenido es f\u00e1cilmente visible gracias a sus tapas ligeras de bamb\u00fa natural.<\/p>\n<h2>Caracter\u00edsticas del producto<\/h2>\n<ul>\n<li><strong>Forma trapezoidal multifac\u00e9tica:<\/strong> La forma trapezoidal, m\u00e1s delgada en la parte superior y m\u00e1s ancha en la parte inferior y con \u00e1ngulos agudos, no solo es m\u00e1s estable en comparaci\u00f3n con los frascos cil\u00edndricos, sino que tambi\u00e9n proporciona profundidad visual.<\/li>\n<li><strong>Cuerpo transparente:<\/strong> Este cuerpo del frasco est\u00e1 hecho de vidrio completamente transparente que permite ver claramente el contenido sin abrir la tapa.<\/li>\n<li><strong>Tapa de bamb\u00fa:<\/strong> La tapa de bamb\u00fa es una tapa liviana con una capa de sellado en el interior, un dise\u00f1o sencillo y un excelente sellado.<\/li>\n<\/ul>\n<h2 style=\"text-align: left;\">Especificaciones clave<\/h2>\n<table class=\"aligncenter\" style=\"border-collapse: collapse; width: 459.02pt;\" border=\"0\" width=\"612\" cellspacing=\"0\" cellpadding=\"0\">\n<tbody>\n<tr style=\"height: 13.50pt;\">\n<td style=\"height: 13.50pt; width: 100.50pt;\" width=\"134\" height=\"18\">Especificaci\u00f3n<\/td>\n<td style=\"width: 358.50pt;\" width=\"478\">Detalles<\/td>\n<\/tr>\n<tr style=\"height: 13.50pt;\">\n<td style=\"height: 13.50pt;\" height=\"18\">Capacidad<\/td>\n<td>350 ml \/ 500 ml \/ 750 ml \/ 950 ml<\/td>\n<\/tr>\n<tr style=\"height: 13.50pt;\">\n<td style=\"height: 13.50pt;\" height=\"18\">Dimensiones<\/td>\n<td>10\u00d710,2 cm \/ 11,5\u00d712 cm \/ 12,5\u00d713,7 cm \/ 14\u00d715,2 cm<\/td>\n<\/tr>\n<tr style=\"height: 13.50pt;\">\n<td style=\"height: 13.50pt;\" height=\"18\">Material<\/td>\n<td>Vidrio de borosilicato alto<\/td>\n<\/tr>\n<tr style=\"height: 13.50pt;\">\n<td style=\"height: 13.50pt;\" height=\"18\">Forma de tarro<\/td>\n<td>Pir\u00e1mide truncada multifac\u00e9tica (base ensanchada)<\/td>\n<\/tr>\n<tr style=\"height: 13.50pt;\">\n<td style=\"height: 13.50pt;\" height=\"18\">Tipo de tapa<\/td>\n<td>Tapa plana de bamb\u00fa ligero con sello de borde<\/td>\n<\/tr>\n<tr style=\"height: 13.50pt;\">\n<td style=\"height: 13.50pt;\" height=\"18\">Caracter\u00edstica del material<\/td>\n<td>Resistente al calor y a los qu\u00edmicos, alta claridad.<\/td>\n<\/tr>\n<tr style=\"height: 13.50pt;\">\n<td style=\"height: 13.50pt;\" height=\"18\">Ideal para<\/td>\n<td>Frascos de vidrio con tapa al por mayor, Frascos de vidrio con tapa de madera<\/td>\n<\/tr>\n<\/tbody>\n<\/table>\n<h2>Historia de \u00e9xito<\/h2>\n<p>Una empresa de t\u00e9 de alta gama estaba interesada en un envase que sirviera para exhibir y presentar al mismo tiempo. Eligieron nuestros exclusivos frascos de vidrio de 500 ml con tapa para su nueva l\u00ednea de t\u00e9 de origen \u00fanico. Este dise\u00f1o de vidrio de borosilicato no solo es duradero (con una tasa de rotura de tan solo el 0,2 % durante el transporte), sino que su dise\u00f1o multifac\u00e9tico presenta de forma excelente el color y la textura del t\u00e9, lo que impuls\u00f3 un aumento del 70 % en el n\u00famero de productos compartidos en redes sociales. Tras este \u00e9xito rotundo, la empresa encarg\u00f3 200\u00a0000 frascos de vidrio m\u00e1s para promocionarlos a nivel mundial.<\/p>\n<h2>Opciones de Personalizaci\u00f3n de Frascos y Tapas de Vidrio al por Mayor<\/h2>\n<ul>\n<li>Tapas de tarro de bamb\u00fa promocionales: ahora puede cambiar a una tapa de tarro de bamb\u00fa que est\u00e1 hecha de una sola pieza de bamb\u00fa con logotipos grabados con l\u00e1ser.<\/li>\n<li>Escarcha, decide poner un acabado esmerilado en las facetas alternas del cuerpo del frasco para crear sorprendentes juegos de luces y sombras.<\/li>\n<li>Patrones geom\u00e9tricos serigrafiados: patrones que repiten los \u00e1ngulos del cuerpo del frasco en una o dos superficies.<\/li>\n<li>Acentos de vidrieras: se pueden usar en ciertas facetas (por ejemplo, el frente) con vidrio de color para que contrasten.<\/li>\n<\/ul>","protected":false},"excerpt":{"rendered":"<p dir=\"auto\">Descubra frascos y tapas de vidrio al por mayor, con exclusivos frascos de vidrio con tapas de dise\u00f1o trapezoidal facetado, de borosilicato de alto contenido y tapas de bamb\u00fa. Env\u00edo r\u00e1pido.<\/p>","protected":false},"featured_media":24554,"template":"","meta":[],"product_brand":[],"product_cat":[122,124,137],"product_tag":[],"class_list":{"0":"post-24552","1":"product","2":"type-product","3":"status-publish","4":"has-post-thumbnail","6":"product_cat-custom-glass-packaging","7":"product_cat-custom-glass-jars","8":"product_cat-glass-jars-with-lids","10":"first","11":"instock","12":"shipping-taxable","13":"product-type-simple"},"jetpack_sharing_enabled":true,"_links":{"self":[{"href":"https:\/\/yebodaglass.com\/es\/wp-json\/wp\/v2\/product\/24552","targetHints":{"allow":["GET"]}}],"collection":[{"href":"https:\/\/yebodaglass.com\/es\/wp-json\/wp\/v2\/product"}],"about":[{"href":"https:\/\/yebodaglass.com\/es\/wp-json\/wp\/v2\/types\/product"}],"version-history":[{"count":3,"href":"https:\/\/yebodaglass.com\/es\/wp-json\/wp\/v2\/product\/24552\/revisions"}],"predecessor-version":[{"id":24568,"href":"https:\/\/yebodaglass.com\/es\/wp-json\/wp\/v2\/product\/24552\/revisions\/24568"}],"wp:featuredmedia":[{"embeddable":true,"href":"https:\/\/yebodaglass.com\/es\/wp-json\/wp\/v2\/media\/24554"}],"wp:attachment":[{"href":"https:\/\/yebodaglass.com\/es\/wp-json\/wp\/v2\/media?parent=24552"}],"wp:term":[{"taxonomy":"product_brand","embeddable":true,"href":"https:\/\/yebodaglass.com\/es\/wp-json\/wp\/v2\/product_brand?post=24552"},{"taxonomy":"product_cat","embeddable":true,"href":"https:\/\/yebodaglass.com\/es\/wp-json\/wp\/v2\/product_cat?post=24552"},{"taxonomy":"product_tag","embeddable":true,"href":"https:\/\/yebodaglass.com\/es\/wp-json\/wp\/v2\/product_tag?post=24552"}],"curies":[{"name":"wp","href":"https:\/\/api.w.org\/{rel}","templated":true}]}}