{"id":24543,"date":"2025-12-23T15:34:26","date_gmt":"2025-12-23T07:34:26","guid":{"rendered":"https:\/\/yebodaglass.com\/?post_type=product&#038;p=24543"},"modified":"2026-04-10T16:06:08","modified_gmt":"2026-04-10T08:06:08","slug":"wide-mouth-glass-jars-with-stainless-steel-lids-bulk","status":"publish","type":"product","link":"https:\/\/yebodaglass.com\/es\/wide-mouth-glass-jars-with-stainless-steel-lids-bulk\/","title":{"rendered":"Tarros de vidrio de boca ancha de 600 ml, 1000 ml y 1200 ml con tapas de acero inoxidable (venta al por mayor)"},"content":{"rendered":"<p>Estos tarros de cristal de boca ancha exhiben un aspecto moderno gracias a su forma cil\u00edndrica, fabricada con vidrio de borosilicato ultratransparente. El recipiente crea un cierre herm\u00e9tico y a prueba de humedad gracias a su tapa de acero inoxidable y su junta de silicona apta para uso alimentario.<\/p>\n<h2>Caracter\u00edsticas del producto<\/h2>\n<ul>\n<li><strong>Vidrio de borosilicato cristalino:<\/strong> El vidrio de borosilicato mantiene su apariencia transparente, mientras que sus propiedades duraderas y su facilidad de limpieza lo protegen de los cambios bruscos de temperatura.<\/li>\n<li><strong>Tapa sellada de acero inoxidable:<\/strong> La tapa sellada de acero inoxidable crea una barrera herm\u00e9tica apta para alimentos gracias a su tap\u00f3n de rosca de acero inoxidable y su junta de silicona integrada.<\/li>\n<li><strong>Dise\u00f1o cil\u00edndrico de paredes rectas:<\/strong> El dise\u00f1o cil\u00edndrico sencillo de paredes rectas permite a los usuarios apilar art\u00edculos de forma segura, ya que proporciona la m\u00e1xima capacidad de almacenamiento.<\/li>\n<\/ul>\n<h2>Especificaciones clave<\/h2>\n<table style=\"border-collapse: collapse; width: 80%; margin-left: auto; margin-right: auto;\" border=\"0\" width=\"360\" cellspacing=\"0\" cellpadding=\"0\">\n<tbody>\n<tr style=\"height: 13.50pt;\">\n<td style=\"height: 13.5pt; width: 54pt; text-align: center;\" width=\"72\" height=\"18\">Capacidad (ml)<\/td>\n<td style=\"width: 54pt; text-align: center;\" width=\"72\">Tama\u00f1o (cm)<\/td>\n<td style=\"width: 54pt; text-align: center;\" width=\"72\">Di\u00e1metro de la boca<\/td>\n<td style=\"width: 54pt; text-align: center;\" width=\"72\">Material<\/td>\n<td style=\"width: 54pt; text-align: center;\" width=\"72\">Forma<\/td>\n<\/tr>\n<tr style=\"height: 13.50pt;\">\n<td style=\"height: 13.5pt; text-align: center;\" align=\"right\" height=\"18\">600<\/td>\n<td style=\"text-align: center;\">9.5&#215;10.0<\/td>\n<td class=\"et2\" style=\"text-align: center;\" rowspan=\"3\">95 mm<\/td>\n<td class=\"et2\" style=\"text-align: center;\" rowspan=\"3\">Borosilicato<\/td>\n<td class=\"et2\" style=\"text-align: center;\" rowspan=\"3\">Redondo recto \u2013 lado<\/td>\n<\/tr>\n<tr style=\"height: 13.50pt;\">\n<td style=\"height: 13.5pt; text-align: center;\" align=\"right\" height=\"18\">1000<\/td>\n<td style=\"text-align: center;\">9.5&#215;15.0<\/td>\n<\/tr>\n<tr style=\"height: 13.50pt;\">\n<td style=\"height: 13.5pt; text-align: center;\" align=\"right\" height=\"18\">1200<\/td>\n<td style=\"text-align: center;\">9.5&#215;20.0<\/td>\n<\/tr>\n<\/tbody>\n<\/table>\n<h2>Caso de \u00e9xito<\/h2>\n<p>Una cadena de supermercados estadounidense seleccion\u00f3 nuestros frascos de almacenamiento de alimentos de 946 ml (32 onzas) y personaliz\u00f3 las marcas de capacidad y las tapas de diferentes colores para diferenciar las categor\u00edas de productos. El excelente cierre herm\u00e9tico mantuvo los productos frescos, reduciendo el deterioro en un 45 %, y el vidrio transparente y las marcas aumentaron las ventas de productos a granel en un 28 %. El sistema de venta a granel de la cadena de supermercados tuvo tanto \u00e9xito que posteriormente realizaron un pedido adicional de 380 000 frascos de vidrio para su nueva l\u00ednea de productos b\u00e1sicos de despensa preenvasados \u200b\u200by sus cajas de suscripci\u00f3n en l\u00ednea.<\/p>\n<h2>Los frascos de vidrio de boca ancha ofrecen m\u00faltiples opciones de personalizaci\u00f3n.<\/h2>\n<ul>\n<li>Acabados de la tapa: Las opciones disponibles incluyen acero inoxidable, negro, cobre y varios acabados de esmalte de colores.<\/li>\n<li>Serigraf\u00eda: La superficie de vidrio permite a los usuarios imprimir l\u00edneas de escala, gu\u00edas de contenido y patrones decorativos.<\/li>\n<li>Accesorios: Los accesorios incluyen una combinaci\u00f3n de cucharas, etiquetas y tapas de madera personalizadas para crear diversas opciones de dise\u00f1o.<\/li>\n<\/ul>","protected":false},"excerpt":{"rendered":"<p>Venta directa de f\u00e1brica de frascos de vidrio de boca ancha con tapa de acero inoxidable, ideales para almacenar frutas, cereales, etc. Estos frascos para almacenar alimentos se pueden personalizar.<\/p>","protected":false},"featured_media":24550,"template":"","meta":[],"product_brand":[],"product_cat":[137,124,122],"product_tag":[],"class_list":{"0":"post-24543","1":"product","2":"type-product","3":"status-publish","4":"has-post-thumbnail","6":"product_cat-glass-jars-with-lids","7":"product_cat-custom-glass-jars","8":"product_cat-custom-glass-packaging","10":"first","11":"instock","12":"shipping-taxable","13":"product-type-simple"},"jetpack_sharing_enabled":true,"_links":{"self":[{"href":"https:\/\/yebodaglass.com\/es\/wp-json\/wp\/v2\/product\/24543","targetHints":{"allow":["GET"]}}],"collection":[{"href":"https:\/\/yebodaglass.com\/es\/wp-json\/wp\/v2\/product"}],"about":[{"href":"https:\/\/yebodaglass.com\/es\/wp-json\/wp\/v2\/types\/product"}],"version-history":[{"count":5,"href":"https:\/\/yebodaglass.com\/es\/wp-json\/wp\/v2\/product\/24543\/revisions"}],"predecessor-version":[{"id":25747,"href":"https:\/\/yebodaglass.com\/es\/wp-json\/wp\/v2\/product\/24543\/revisions\/25747"}],"wp:featuredmedia":[{"embeddable":true,"href":"https:\/\/yebodaglass.com\/es\/wp-json\/wp\/v2\/media\/24550"}],"wp:attachment":[{"href":"https:\/\/yebodaglass.com\/es\/wp-json\/wp\/v2\/media?parent=24543"}],"wp:term":[{"taxonomy":"product_brand","embeddable":true,"href":"https:\/\/yebodaglass.com\/es\/wp-json\/wp\/v2\/product_brand?post=24543"},{"taxonomy":"product_cat","embeddable":true,"href":"https:\/\/yebodaglass.com\/es\/wp-json\/wp\/v2\/product_cat?post=24543"},{"taxonomy":"product_tag","embeddable":true,"href":"https:\/\/yebodaglass.com\/es\/wp-json\/wp\/v2\/product_tag?post=24543"}],"curies":[{"name":"wp","href":"https:\/\/api.w.org\/{rel}","templated":true}]}}