{"id":24526,"date":"2025-12-23T10:20:01","date_gmt":"2025-12-23T02:20:01","guid":{"rendered":"https:\/\/yebodaglass.com\/?post_type=product&#038;p=24526"},"modified":"2025-12-23T14:09:46","modified_gmt":"2025-12-23T06:09:46","slug":"custom-98mm-diameter-glass-jars-with-lids-wholesale","status":"publish","type":"product","link":"https:\/\/yebodaglass.com\/es\/custom-98mm-diameter-glass-jars-with-lids-wholesale\/","title":{"rendered":"Frascos de vidrio personalizados de 98 mm de di\u00e1metro con tapas de 600 ml, 1000 ml y 1350 ml, venta al por mayor"},"content":{"rendered":"<p>Olv\u00eddate de las tapas peque\u00f1as. Fabricamos frascos de vidrio con tapa al por mayor, dise\u00f1ados para marcas que necesitan un almacenamiento realmente pr\u00e1ctico. Estos frascos de vidrio al por mayor convierten el inventario diario en un momento de marca. Las compras al por mayor reciben acabados personalizados que combinan con tu marca.<\/p>\n<h2>Caracter\u00edsticas del producto<\/h2>\n<p><strong>Boca ancha y acceso<\/strong><\/p>\n<p>Saca la miel o la gelatina de vidrio con cuidado. La frase aqu\u00ed es &#034;NO LO ENSUCIAS&#034;.<\/p>\n<p><strong>Fuerte rendimiento de sellado<\/strong><\/p>\n<p>Al incorporar un tap\u00f3n de sellado, el producto consigue mantener los alimentos frescos durante m\u00e1s tiempo, protegerlos de la humedad y la oxidaci\u00f3n y, as\u00ed, aumentar su vida \u00fatil.<\/p>\n<p><strong>Resistente al calor y durabilidad<\/strong><\/p>\n<p>El vidrio de borosilicato puede adaptarse a la tendencia del jarabe caliente, la miel fr\u00eda o el almacenamiento en congelador sin ning\u00fan choque t\u00e9rmico.<\/p>\n<h2>Especificaciones clave<\/h2>\n<table style=\"border-collapse: collapse; width: 80%; margin-left: auto; margin-right: auto;\" border=\"0\" width=\"360\" cellspacing=\"0\" cellpadding=\"0\">\n<tbody>\n<tr style=\"height: 13.50pt;\">\n<td style=\"height: 13.5pt; width: 54pt; text-align: center;\" width=\"72\" height=\"18\">Capacidad (ml)<\/td>\n<td style=\"width: 54pt; text-align: center;\" width=\"72\">Tama\u00f1o (cm)<\/td>\n<td style=\"width: 54pt; text-align: center;\" width=\"72\">Di\u00e1metro de la boca<\/td>\n<td style=\"width: 54pt; text-align: center;\" width=\"72\">Material<\/td>\n<td style=\"width: 54pt; text-align: center;\" width=\"72\">Forma<\/td>\n<\/tr>\n<tr style=\"height: 13.50pt;\">\n<td style=\"height: 13.5pt; text-align: center;\" align=\"right\" height=\"18\">600<\/td>\n<td style=\"text-align: center;\">9,8 x 10,0<\/td>\n<td class=\"et2\" style=\"text-align: center;\" rowspan=\"3\">98 mm<\/td>\n<td class=\"et2\" style=\"text-align: center;\" rowspan=\"3\">vidrio de borosilicato<\/td>\n<td class=\"et2\" style=\"text-align: center;\" rowspan=\"3\">Redondo recto \u2013 lado<\/td>\n<\/tr>\n<tr style=\"height: 13.50pt;\">\n<td style=\"height: 13.5pt; text-align: center;\" align=\"right\" height=\"18\">1000<\/td>\n<td style=\"text-align: center;\">9,8 x 15,0<\/td>\n<\/tr>\n<tr style=\"height: 13.50pt;\">\n<td style=\"height: 13.5pt; text-align: center;\" align=\"right\" height=\"18\">1350<\/td>\n<td style=\"text-align: center;\">9,8 x 20,0<\/td>\n<\/tr>\n<\/tbody>\n<\/table>\n<h2>Historia de \u00e9xito<\/h2>\n<p>Una marca de alimentos saludables opt\u00f3 por estos frascos de vidrio de borosilicato para almacenar y exhibir sus diversas frutas y frutos secos. Los frascos tienen una abertura amplia que facilita la extracci\u00f3n de la fruta seca, y el vidrio transparente es un atractivo visual que incita a los clientes a comprar sus productos.<\/p>\n<p>En aproximadamente 3 meses, las ventas de frutos secos de la marca aumentaron un 20%.<\/p>\n<h2>Tu manual de personalizaci\u00f3n<\/h2>\n<ol>\n<li><strong>Selecci\u00f3n:<\/strong> Dependiendo de los requisitos de almacenamiento, se pueden elegir diferentes m\u00e9todos de sellado, como tapas con clips de metal o anillos de sellado de silicona para proporcionar un mejor rendimiento de sellado, lo cual es apropiado para el almacenamiento de alimentos en mal estado o reci\u00e9n conservados.<\/li>\n<li><strong>Colores de la tapa:<\/strong> Cambie el color de las tapas para que coincida con los colores de la marca o las caracter\u00edsticas del producto y sea m\u00e1s personalizado y \u00fanico. Por ejemplo, las tapas doradas o plateadas transmiten una sensaci\u00f3n de lujo, mientras que las tapas de madera natural sugieren una tendencia ecol\u00f3gica y natural.<\/li>\n<li><strong>Accesorios:<\/strong> Se pueden agregar accesorios al contenedor de almacenamiento, como etiquetas, pegatinas, cucharas para frascos de vidrio, etc., para deleitar al usuario y aumentar a\u00fan m\u00e1s la funcionalidad y el atractivo del producto.<\/li>\n<\/ol>","protected":false},"excerpt":{"rendered":"<p>Venta directa de f\u00e1brica de frascos de vidrio de borosilicato de alta pureza con tapa al por mayor, ideales para almacenar productos secos, especias y t\u00e9. Personalizaci\u00f3n disponible.<\/p>","protected":false},"featured_media":24540,"template":"","meta":[],"product_brand":[],"product_cat":[122,124,137],"product_tag":[],"class_list":{"0":"post-24526","1":"product","2":"type-product","3":"status-publish","4":"has-post-thumbnail","6":"product_cat-custom-glass-packaging","7":"product_cat-custom-glass-jars","8":"product_cat-glass-jars-with-lids","10":"first","11":"instock","12":"shipping-taxable","13":"product-type-simple"},"jetpack_sharing_enabled":true,"_links":{"self":[{"href":"https:\/\/yebodaglass.com\/es\/wp-json\/wp\/v2\/product\/24526","targetHints":{"allow":["GET"]}}],"collection":[{"href":"https:\/\/yebodaglass.com\/es\/wp-json\/wp\/v2\/product"}],"about":[{"href":"https:\/\/yebodaglass.com\/es\/wp-json\/wp\/v2\/types\/product"}],"version-history":[{"count":5,"href":"https:\/\/yebodaglass.com\/es\/wp-json\/wp\/v2\/product\/24526\/revisions"}],"predecessor-version":[{"id":24542,"href":"https:\/\/yebodaglass.com\/es\/wp-json\/wp\/v2\/product\/24526\/revisions\/24542"}],"wp:featuredmedia":[{"embeddable":true,"href":"https:\/\/yebodaglass.com\/es\/wp-json\/wp\/v2\/media\/24540"}],"wp:attachment":[{"href":"https:\/\/yebodaglass.com\/es\/wp-json\/wp\/v2\/media?parent=24526"}],"wp:term":[{"taxonomy":"product_brand","embeddable":true,"href":"https:\/\/yebodaglass.com\/es\/wp-json\/wp\/v2\/product_brand?post=24526"},{"taxonomy":"product_cat","embeddable":true,"href":"https:\/\/yebodaglass.com\/es\/wp-json\/wp\/v2\/product_cat?post=24526"},{"taxonomy":"product_tag","embeddable":true,"href":"https:\/\/yebodaglass.com\/es\/wp-json\/wp\/v2\/product_tag?post=24526"}],"curies":[{"name":"wp","href":"https:\/\/api.w.org\/{rel}","templated":true}]}}