{"id":24517,"date":"2025-12-22T16:14:46","date_gmt":"2025-12-22T08:14:46","guid":{"rendered":"https:\/\/yebodaglass.com\/?post_type=product&#038;p=24517"},"modified":"2026-03-12T15:13:26","modified_gmt":"2026-03-12T07:13:26","slug":"high-borosilicate-glass-storage-jars-with-lids-bulk","status":"publish","type":"product","link":"https:\/\/yebodaglass.com\/es\/high-borosilicate-glass-storage-jars-with-lids-bulk\/","title":{"rendered":"Frascos de vidrio de borosilicato de alta capacidad con tapas (550 ml - 1950 ml)"},"content":{"rendered":"<p>Estos frascos de vidrio con tapa tienen forma cil\u00edndrica, son lisos, transparentes y cuentan con una tapa de bamb\u00fa natural con cierres met\u00e1licos plateados resistentes. Su boca ancha los hace pr\u00e1cticos para guardar refrigerios, utensilios de cocina y alimentos secos.<\/p>\n<h2>Caracter\u00edsticas del producto<\/h2>\n<ul>\n<li><strong>Dise\u00f1o cil\u00edndrico cl\u00e1sico:<\/strong> El fondo plano y las paredes rectas proporcionan estabilidad, f\u00e1cil limpieza y apilado eficiente.<\/li>\n<li><strong>Dise\u00f1o de boca ancha completamente abierta:<\/strong> Tiene una amplia apertura, lo que hace f\u00e1cil llenar el contenido, sacarlo y limpiarlo.<\/li>\n<li><strong>Sellado de madera natural y metal:<\/strong> Las placas met\u00e1licas sobre la tapa de madera ofrecer\u00edan un envase cerrado y un toque de naturalidad al producto.<\/li>\n<\/ul>\n<h2>Especificaciones clave<\/h2>\n<table style=\"border-collapse: collapse; width: 80%; margin-left: auto; margin-right: auto;\" border=\"0\" width=\"288\" cellspacing=\"0\" cellpadding=\"0\">\n<tbody>\n<tr style=\"height: 13.50pt;\">\n<td style=\"height: 13.5pt; width: 54pt; text-align: center;\" width=\"72\" height=\"18\">Capacidad (ml)<\/td>\n<td style=\"width: 54pt; text-align: center;\" width=\"72\">Tama\u00f1o (cm)<\/td>\n<td style=\"width: 54pt; text-align: center;\" width=\"72\">Di\u00e1metro de la boca<\/td>\n<td style=\"width: 54pt; text-align: center;\" width=\"72\">Material<\/td>\n<\/tr>\n<tr style=\"height: 13.50pt;\">\n<td style=\"height: 13.5pt; text-align: center;\" align=\"right\" height=\"18\">550<\/td>\n<td style=\"text-align: center;\">10.0 x 10.0<\/td>\n<td class=\"et2\" style=\"text-align: center;\" rowspan=\"6\">100 mm<\/td>\n<td class=\"et2\" style=\"text-align: center;\" rowspan=\"6\">Borosilicato<\/td>\n<\/tr>\n<tr style=\"height: 13.50pt;\">\n<td style=\"height: 13.5pt; text-align: center;\" align=\"right\" height=\"18\">660<\/td>\n<td style=\"text-align: center;\">10,0 x 12,0<\/td>\n<\/tr>\n<tr style=\"height: 13.50pt;\">\n<td style=\"height: 13.5pt; text-align: center;\" align=\"right\" height=\"18\">900<\/td>\n<td style=\"text-align: center;\">10,0 x 15,0<\/td>\n<\/tr>\n<tr style=\"height: 13.50pt;\">\n<td style=\"height: 13.5pt; text-align: center;\" align=\"right\" height=\"18\">1250<\/td>\n<td style=\"text-align: center;\">10,0 x 20,0<\/td>\n<\/tr>\n<tr style=\"height: 13.50pt;\">\n<td style=\"height: 13.5pt; text-align: center;\" align=\"right\" height=\"18\">1500<\/td>\n<td style=\"text-align: center;\">10.0 x 23.0<\/td>\n<\/tr>\n<tr style=\"height: 13.50pt;\">\n<td style=\"height: 13.5pt; text-align: center;\" align=\"right\" height=\"18\">1950<\/td>\n<td style=\"text-align: center;\">10,0 x 28,0<\/td>\n<\/tr>\n<\/tbody>\n<\/table>\n<h2>Caso de \u00e9xito: Pedido personalizado de una empresa de reparto de comida de California<\/h2>\n<p>Nuestros frascos de boca ancha y tapas de bamb\u00fa personalizadas fueron adquiridos por una empresa de entrega directa de alimentos al consumidor con sede en California. Su sellado mejorado aument\u00f3 la vida \u00fatil de sus granos y legumbres secas en una cuarta parte, lo que redujo el desperdicio. El cuerpo de vidrio transparente permiti\u00f3 la observaci\u00f3n de sus centros de distribuci\u00f3n, lo que redujo los errores de selecci\u00f3n en un 15 %. Gracias a este \u00e9xito, recientemente han pedido otros 500\u00a0000 frascos para expandir su negocio de envasado de productos secos.<\/p>\n<h2>Ideas de personalizaci\u00f3n de frascos de vidrio con tapa<\/h2>\n<ul>\n<li>Materiales de tapa a medida: Existen tapas de madera, pero tambi\u00e9n tapas de otros materiales respetuosos con el medio ambiente como corcho o pl\u00e1stico reciclado, o incluso cer\u00e1mica.<\/li>\n<li>Marcas de medici\u00f3n: Se pueden agregar marcas (tazas, gramos, onzas) de forma permanente mediante relieve o utilizando una impresi\u00f3n para marcar el costado del frasco para que puedan usarse como recetas.<\/li>\n<li>Dise\u00f1o de frascos cuadrados: Dise\u00f1e frascos cuadrados o rectangulares de boca ancha con un dise\u00f1o que maximice el espacio en la caja y en los estantes.<\/li>\n<\/ul>","protected":false},"excerpt":{"rendered":"<p>Frascos de vidrio resistentes con tapas de madera y abrazaderas met\u00e1licas. Pr\u00e1cticos frascos de boca ancha, ideales para granos, snacks y alimentos secos. Muestras gratis.<\/p>","protected":false},"featured_media":24525,"template":"","meta":[],"product_brand":[],"product_cat":[122,124,137],"product_tag":[],"class_list":{"0":"post-24517","1":"product","2":"type-product","3":"status-publish","4":"has-post-thumbnail","6":"product_cat-custom-glass-packaging","7":"product_cat-custom-glass-jars","8":"product_cat-glass-jars-with-lids","10":"first","11":"instock","12":"shipping-taxable","13":"product-type-simple"},"jetpack_sharing_enabled":true,"_links":{"self":[{"href":"https:\/\/yebodaglass.com\/es\/wp-json\/wp\/v2\/product\/24517","targetHints":{"allow":["GET"]}}],"collection":[{"href":"https:\/\/yebodaglass.com\/es\/wp-json\/wp\/v2\/product"}],"about":[{"href":"https:\/\/yebodaglass.com\/es\/wp-json\/wp\/v2\/types\/product"}],"version-history":[{"count":5,"href":"https:\/\/yebodaglass.com\/es\/wp-json\/wp\/v2\/product\/24517\/revisions"}],"predecessor-version":[{"id":25411,"href":"https:\/\/yebodaglass.com\/es\/wp-json\/wp\/v2\/product\/24517\/revisions\/25411"}],"wp:featuredmedia":[{"embeddable":true,"href":"https:\/\/yebodaglass.com\/es\/wp-json\/wp\/v2\/media\/24525"}],"wp:attachment":[{"href":"https:\/\/yebodaglass.com\/es\/wp-json\/wp\/v2\/media?parent=24517"}],"wp:term":[{"taxonomy":"product_brand","embeddable":true,"href":"https:\/\/yebodaglass.com\/es\/wp-json\/wp\/v2\/product_brand?post=24517"},{"taxonomy":"product_cat","embeddable":true,"href":"https:\/\/yebodaglass.com\/es\/wp-json\/wp\/v2\/product_cat?post=24517"},{"taxonomy":"product_tag","embeddable":true,"href":"https:\/\/yebodaglass.com\/es\/wp-json\/wp\/v2\/product_tag?post=24517"}],"curies":[{"name":"wp","href":"https:\/\/api.w.org\/{rel}","templated":true}]}}